{"id":9548,"date":"2018-12-27T12:53:26","date_gmt":"2018-12-27T12:53:26","guid":{"rendered":"http:\/\/www.claude-arnaud.com\/fr\/?page_id=9548"},"modified":"2019-01-06T11:49:24","modified_gmt":"2019-01-06T11:49:24","slug":"dans-les-grands-groupes-editoriaux-francais","status":"publish","type":"page","link":"https:\/\/www.claude-arnaud.com\/fr\/claude-arnaud\/dans-les-grands-groupes-editoriaux-francais","title":{"rendered":"Dans les grands groupes \u00e9ditoriaux fran\u00e7ais&#8230;"},"content":{"rendered":"<p><a href=\"http:\/\/www.claude-arnaud.com\/fr\/wp-content\/uploads\/2018\/12\/logo_desktop_01.png\"><img loading=\"lazy\" decoding=\"async\" class=\"alignleft size-full wp-image-9550\" title=\"logo_desktop_0\" src=\"http:\/\/www.claude-arnaud.com\/fr\/wp-content\/uploads\/2018\/12\/logo_desktop_01.png\" alt=\"\" width=\"305\" height=\"55\" srcset=\"https:\/\/www.claude-arnaud.com\/fr\/wp-content\/uploads\/2018\/12\/logo_desktop_01.png 305w, https:\/\/www.claude-arnaud.com\/fr\/wp-content\/uploads\/2018\/12\/logo_desktop_01-300x54.png 300w\" sizes=\"auto, (max-width: 305px) 100vw, 305px\" \/><\/a>Les livres de <span style=\"color: #008000;\"><strong>CLAUDE ARNAUD<\/strong><\/span> ont \u00e9t\u00e9 principalement publi\u00e9s par les \u00e9ditions <a title=\"hachette\" href=\"https:\/\/www.hachette.fr\/auteur\/claude-arnaud\" target=\"_blank\">du groupe HACHETTE<\/a>&#8230;<\/p>\n<p style=\"text-align: center;\"><strong>par le groupe<\/strong> <a title=\"gallimard\" href=\"http:\/\/www.gallimard.fr\/Contributeurs\/Claude-Arnaud-1955\" target=\"_blank\">GALLIMARD\/MADRIGAL<\/a>&#8230;<a href=\"http:\/\/www.claude-arnaud.com\/fr\/wp-content\/uploads\/2018\/12\/229508-france.jpg\"><img loading=\"lazy\" decoding=\"async\" class=\"aligncenter  wp-image-9553\" title=\"229508-france\" src=\"http:\/\/www.claude-arnaud.com\/fr\/wp-content\/uploads\/2018\/12\/229508-france.jpg\" alt=\"\" width=\"140\" height=\"92\" srcset=\"https:\/\/www.claude-arnaud.com\/fr\/wp-content\/uploads\/2018\/12\/229508-france.jpg 975w, https:\/\/www.claude-arnaud.com\/fr\/wp-content\/uploads\/2018\/12\/229508-france-300x199.jpg 300w\" sizes=\"auto, (max-width: 140px) 100vw, 140px\" \/><\/a><strong>par le groupe<\/strong> <a title=\"lisez\" href=\"https:\/\/www.lisez.com\/auteur\/claude-arnaud\/1767\" target=\"_blank\">ROBERT LAFFONT<\/a>&#8230;<a href=\"http:\/\/www.claude-arnaud.com\/fr\/wp-content\/uploads\/2018\/12\/logo-robert-laffont.png\"><img loading=\"lazy\" decoding=\"async\" class=\"alignright  wp-image-9556\" title=\"logo-robert-laffont\" src=\"http:\/\/www.claude-arnaud.com\/fr\/wp-content\/uploads\/2018\/12\/logo-robert-laffont.png\" alt=\"\" width=\"180\" height=\"114\" \/><\/a><\/p>\n","protected":false},"excerpt":{"rendered":"<p>Les livres de CLAUDE ARNAUD ont \u00e9t\u00e9 principalement publi\u00e9s par les \u00e9ditions du groupe HACHETTE&#8230; par le groupe GALLIMARD\/MADRIGAL&#8230;par le groupe ROBERT LAFFONT&#8230;<\/p>\n","protected":false},"author":2,"featured_media":0,"parent":5,"menu_order":7,"comment_status":"open","ping_status":"open","template":"","meta":{"footnotes":""},"class_list":["post-9548","page","type-page","status-publish","hentry","count-0","even alt","author-claude-arnaud","last"],"post_mailing_queue_ids":[],"_links":{"self":[{"href":"https:\/\/www.claude-arnaud.com\/fr\/wp-json\/wp\/v2\/pages\/9548","targetHints":{"allow":["GET"]}}],"collection":[{"href":"https:\/\/www.claude-arnaud.com\/fr\/wp-json\/wp\/v2\/pages"}],"about":[{"href":"https:\/\/www.claude-arnaud.com\/fr\/wp-json\/wp\/v2\/types\/page"}],"author":[{"embeddable":true,"href":"https:\/\/www.claude-arnaud.com\/fr\/wp-json\/wp\/v2\/users\/2"}],"replies":[{"embeddable":true,"href":"https:\/\/www.claude-arnaud.com\/fr\/wp-json\/wp\/v2\/comments?post=9548"}],"version-history":[{"count":5,"href":"https:\/\/www.claude-arnaud.com\/fr\/wp-json\/wp\/v2\/pages\/9548\/revisions"}],"predecessor-version":[{"id":9554,"href":"https:\/\/www.claude-arnaud.com\/fr\/wp-json\/wp\/v2\/pages\/9548\/revisions\/9554"}],"up":[{"embeddable":true,"href":"https:\/\/www.claude-arnaud.com\/fr\/wp-json\/wp\/v2\/pages\/5"}],"wp:attachment":[{"href":"https:\/\/www.claude-arnaud.com\/fr\/wp-json\/wp\/v2\/media?parent=9548"}],"curies":[{"name":"wp","href":"https:\/\/api.w.org\/{rel}","templated":true}]}}