{"id":95,"date":"2009-05-26T20:30:48","date_gmt":"2009-05-26T18:30:48","guid":{"rendered":"http:\/\/www.claude-arnaud.com\/fr\/?page_id=95"},"modified":"2026-04-06T18:37:28","modified_gmt":"2026-04-06T17:37:28","slug":"ecrits-sur-le-cinema","status":"publish","type":"page","link":"https:\/\/www.claude-arnaud.com\/fr\/cinema-et-theatre\/ecrits-sur-le-cinema","title":{"rendered":"Sur le cin\u00e9ma"},"content":{"rendered":"<h2><span style=\"color: #008000;\"><strong>CLAUDE ARNAUD <\/strong><\/span><strong>c<\/strong><strong>ollabore, d\u00e8s la fin des ann\u00e9es 70<\/strong>, <strong><span style=\"color: #008000;\">aux revues <\/span>Cin\u00e9matographe<\/strong>,<span style=\"color: #008000;\"><strong> L\u2019Avant-Sc\u00e8ne Cin\u00e9ma<\/strong><\/span>, <strong>Vertigo<\/strong>&#8230;<\/h2>\n<h6><strong><strong><span style=\"color: #008000;\"><img loading=\"lazy\" decoding=\"async\" class=\"alignleft  wp-image-10904\" src=\"http:\/\/www.claude-arnaud.com\/fr\/wp-content\/uploads\/2021\/01\/s-l300.jpg\" alt=\"\" width=\"176\" height=\"227\" \/>*Pour voir la liste des articles qu\u2019il a publi\u00e9, de 1977 \u00e0 1980, <\/span><strong><strong><strong>sous <strong><a title=\"lien articles Claude Arnulf\" href=\"http:\/\/calindex.eu\/auteur.php?op=listart&amp;num=3366\" target=\"_blank\" rel=\"noopener\">le pseudonyme de Claude ARNULF<\/a> dans Cin\u00e9matographe&#8230;<\/strong><\/strong><\/strong><\/strong><\/strong><\/strong><\/h6>\n<h6><strong><strong>et sous son nom, de 1981 \u00e0 1984, dans <a title=\"lien articles Cin\u00e9matographe\" href=\"http:\/\/calindex.eu\/auteur.php?op=listart&amp;num=3443\" target=\"_blank\" rel=\"noopener\"><strong>la m\u00eame revue, comme dans l&rsquo;Avant-Sc\u00e8ne<\/strong>\u2026 <\/a><\/strong><\/strong><\/h6>\n<h6>Pour en savoir plus sur la <a href=\"https:\/\/fr.wikipedia.org\/wiki\/Cin%C3%A9matographe_(revue)\" target=\"_blank\" rel=\"noopener\">revue <em>Cin\u00e9matographe<\/em><\/a>, que dirigeait <span style=\"color: #008000;\"><strong>Jacques FIESCHI<\/strong><\/span>&#8230;<\/h6>\n<h6>*Il donne en juillet 1995 \u00e0 une interview \u00e0 <span style=\"color: #008000;\">Caroline BENJO<\/span> et \u00e0 la revue \u00ab\u00a0In\u00e9dits\u00a0\u00bb, n\u00b03, publi\u00e9e par la soci\u00e9t\u00e9 de production \u00ab\u00a0<span style=\"color: #008000;\">Haut et Court<\/span>\u00ab\u00a0, au sujet de <span style=\"color: #008000;\">sa relation au cin\u00e9ma<\/span>: <a href=\"http:\/\/www.claude-arnaud.com\/fr\/wp-content\/uploads\/2021\/02\/Ine\u0301dits-1.pdf\">page 1<\/a>, <a href=\"http:\/\/www.claude-arnaud.com\/fr\/wp-content\/uploads\/2021\/02\/Ine\u0301dits-2.pdf\">page 2<\/a><\/h6>\n<h6>*Il donne \u00e0 la revue<span style=\"color: #008000;\"><strong> Vertigo (n\u00b014, 1996, \u00e9ditions Jean-Michel Place)<\/strong><\/span> un<a href=\"http:\/\/www.claude-arnaud.com\/fr\/wp-content\/uploads\/2009\/05\/515DS7PNXBL._SL500_AA300_.jpg\"><img loading=\"lazy\" decoding=\"async\" class=\"alignright  wp-image-3523\" title=\"515DS7PNXBL._SL500_AA300_\" src=\"http:\/\/www.claude-arnaud.com\/fr\/wp-content\/uploads\/2009\/05\/515DS7PNXBL._SL500_AA300_-150x150.jpg\" alt=\"\" width=\"191\" height=\"191\" srcset=\"https:\/\/www.claude-arnaud.com\/fr\/wp-content\/uploads\/2009\/05\/515DS7PNXBL._SL500_AA300_-150x150.jpg 150w, https:\/\/www.claude-arnaud.com\/fr\/wp-content\/uploads\/2009\/05\/515DS7PNXBL._SL500_AA300_-48x48.jpg 48w, https:\/\/www.claude-arnaud.com\/fr\/wp-content\/uploads\/2009\/05\/515DS7PNXBL._SL500_AA300_.jpg 300w\" sizes=\"auto, (max-width: 191px) 100vw, 191px\" \/><\/a> texte sur <strong>Ed WOOD<\/strong>, le cin\u00e9aste plus qu&rsquo;ambigu des ann\u00e9es 50. <a title=\"amazon\" href=\"https:\/\/fr.shopping.rakuten.com\/offer\/buy\/2584471863\/vertigo-14.html\" target=\"_blank\" rel=\"noopener\">Pour trouver ce num\u00e9ro de Vertigo&#8230;<\/a><\/h6>\n<h6><strong><strong><strong>\u2026et consacre en 2008 un texte dans <em>Le Point<\/em> aux excellents entretiens que <span style=\"color: #008000;\">Woody ALLEN<\/span> a accord\u00e9 \u00e0 E. Lax. <a href=\"http:\/\/www.claude-arnaud.com\/fr\/cinema-et-theatre\/ecrits-sur-le-cinema\/allen-1-jpeg\" rel=\"attachment wp-att-12112\">Page 1<\/a>, <a href=\"http:\/\/www.claude-arnaud.com\/fr\/cinema-et-theatre\/ecrits-sur-le-cinema\/allen-2-jpeg\" rel=\"attachment wp-att-12114\">page 2 <\/a><br \/><\/strong><\/strong><\/strong><\/h6>\n<h6><strong><strong><strong>*Enfin, il a analys\u00e9 sa d\u00e9couverte, via les films d&rsquo;\u00a0<\/strong><\/strong><span style=\"color: #008000;\">HITCHCOCK<\/span><strong><strong>, de la <span style=\"color: #008000;\">mise en sc\u00e8ne cin\u00e9matographique<\/span>, sous le titre \u00ab\u00a0Ce grand oeil froid et visqueux\u00a0\u00bb, dans la revue TRANSFUGE (n\u00b048, 2011)&#8230;<br \/><\/strong><\/strong><\/strong><\/h6>\n<h6><strong><strong><strong>*Il a par ailleurs cr\u00e9\u00e9 avec <span style=\"color: #008000;\">Dominique Pa\u00efni <\/span><\/strong><\/strong><\/strong><span style=\"color: #3366ff;\">le prix Philippe Arnaud<\/span><strong><strong><strong>, en souvenir de son<img loading=\"lazy\" decoding=\"async\" class=\"alignright  wp-image-12438\" src=\"http:\/\/www.claude-arnaud.com\/fr\/wp-content\/uploads\/2021\/02\/Philippe-.jpeg\" alt=\"\" width=\"129\" height=\"176\" \/> fr\u00e8re <span style=\"color: #008000;\">PHILIPPE ARNAUD<\/span><\/strong>, auteur d\u2019un <a href=\"https:\/\/www.amazon.fr\/Robert-Bresson-Philippe-Arnaud\/dp\/2866423526\" target=\"_blank\" rel=\"noopener\"><strong>Robert Bresson<\/strong><\/a> aux \u00e9ditions des Cahiers du Cin\u00e9ma, d\u2019un ouvrage collectif sur <\/strong><a href=\"http:\/\/www.rue-des-livres.com\/livre\/287340096X\/sacha_guitry_cineaste.html\" target=\"_blank\" rel=\"noopener\"><span style=\"color: #3366ff;\">Sacha Guitry cin\u00e9aste<\/span><\/a><\/strong><strong><strong> (\u00e9ditions Yellow now, 1993), de <span style=\"color: #008000;\"><span style=\"color: #008000;\"><a href=\"https:\/\/www.yellownow.be\/post\/____1-11\" target=\"_blank\" rel=\"noopener\"><strong>Son aile indubitable en moi<\/strong><\/a>\u2026<\/span> <span style=\"color: #000000;\">(Yellow Now, 1996) <\/span><\/span><\/strong><\/strong><span style=\"color: #008000;\"><span style=\"color: #000000;\">et d&rsquo;un ouvrage posthume, recueillant certains de ses textes critiques sur le cin\u00e9ma rassembl\u00e9s par <span style=\"color: #008000;\"><strong>Fabrice Revault d&rsquo;Alonnes<\/strong><\/span> et pr\u00e9fac\u00e9 par <strong>Alain Bergala<\/strong>,<\/span><\/span><a href=\"https:\/\/www.yellownow.be\/post\/____i-10\" target=\"_blank\" rel=\"noopener\"><strong><span style=\"color: #008000;\"><em> Les paupi\u00e8res du visible<\/em><\/span><\/strong><\/a><span style=\"color: #008000;\"><span style=\"color: #000000;\"> (<strong>Yellow Now, 2001<\/strong>)<\/span><\/span>. Le prix a r\u00e9compens\u00e9 chaque ann\u00e9e un essai sur le cin\u00e9ma, jusqu&rsquo;en 2005 . (Pour en savoir plus sur <a style=\"font-weight: bold;\" title=\"lien sc\u00e9narios Philippe Arnaud\" href=\"http:\/\/www.imdb.com\/name\/nm0036076\/maindetails\" target=\"_blank\" rel=\"noopener\"><strong>Philippe ARNAUD sc\u00e9nariste<\/strong><\/a>\u2026 Ajoutons que les Acacias ont reproduit, dans la brochure qu&rsquo;ils \u00e9dit\u00e8rent pour accompagner la r\u00e9trospective de onze films de GUITRY, en 2023,\u00a0 l&rsquo;interview que Jacqueline DELUBAC lui accorda, en 1993. Pour la <a href=\"https:\/\/www.claude-arnaud.com\/fr\/wp-content\/uploads\/2026\/04\/Livret-Guitry-WEB.pdf\">d\u00e9couvrir&#8230;<\/a><\/h6>\n<h6><img loading=\"lazy\" decoding=\"async\" class=\"alignleft  wp-image-12432\" src=\"http:\/\/www.claude-arnaud.com\/fr\/wp-content\/uploads\/2021\/02\/Cinemathe\u0300que-Philippe--256x300.jpeg\" alt=\"\" width=\"136\" height=\"159\" srcset=\"https:\/\/www.claude-arnaud.com\/fr\/wp-content\/uploads\/2021\/02\/Cinemathe\u0300que-Philippe--256x300.jpeg 256w, https:\/\/www.claude-arnaud.com\/fr\/wp-content\/uploads\/2021\/02\/Cinemathe\u0300que-Philippe-.jpeg 447w\" sizes=\"auto, (max-width: 136px) 100vw, 136px\" \/>Claude ARNAUD a enfin contribu\u00e9 avec <span style=\"color: #008000;\">Dominique PAINI<\/span>, Alain BERGALA, <span style=\"color: #008000;\"><strong>Olivier Renault d&rsquo;Allonnes, <span style=\"color: #000000;\">Carole DESBARRATS<\/span> et Jean-Paul CIVEYRAC<\/strong><\/span> au tir\u00e9-\u00e0-part publi\u00e9 par la revue <strong><span style=\"color: #008000;\"><em>Cin\u00e9math\u00e8que<\/em><\/span><\/strong><strong><strong> n\u00b014 (novembre 1998), <\/strong><\/strong>deux ans apr\u00e8s sa mort tragique dans le golfe de Porto, en Corse<strong><strong>. Pour lire ce texte&#8230;<\/strong><\/strong><\/h6>\n<h6><strong><strong><a href=\"http:\/\/www.claude-arnaud.com\/fr\/wp-content\/uploads\/2021\/02\/Cinemathe\u0300que-Philippe-page-1.pdf\">page 1<\/a>, <\/strong><\/strong><strong><a href=\"http:\/\/www.claude-arnaud.com\/fr\/wp-content\/uploads\/2021\/02\/Cinemathe\u0300que-Philippe-page-2.pdf\">page 2<\/a><\/strong><strong><strong>, <a href=\"http:\/\/www.claude-arnaud.com\/fr\/wp-content\/uploads\/2021\/02\/Cinemathe\u0300que-Philippe-page-3.pdf\">page 3<\/a>, <a href=\"http:\/\/www.claude-arnaud.com\/fr\/wp-content\/uploads\/2021\/02\/Cinemathe\u0300que-Philippe-page-4.pdf\">page 4<\/a>, <a href=\"http:\/\/www.claude-arnaud.com\/fr\/wp-content\/uploads\/2021\/02\/Cinemathe\u0300que-Philippe-page-5.pdf\">page 5<\/a><br \/><\/strong><\/strong><\/h6>\n<h6>\u00a0<\/h6>\n<h6><span style=\"color: #008000;\"><strong>*CLAUDE ARNAUD<\/strong><\/span> a aussi particip\u00e9 \u00e0 l\u2019ouvrage collectif :<span style=\"color: #3366ff;\"><strong><strong><strong> DEREK JARMAN, JEAN COCTEAU, ALCHIMIE<a href=\"http:\/\/www.claude-arnaud.com\/fr\/wp-content\/uploads\/2009\/05\/archives_11.jpg\"><img loading=\"lazy\" decoding=\"async\" class=\"alignright  wp-image-4443\" title=\"archives_1\" src=\"http:\/\/www.claude-arnaud.com\/fr\/wp-content\/uploads\/2009\/05\/archives_11.jpg\" alt=\"\" width=\"141\" height=\"227\" \/>, t<\/a><\/strong><\/strong><\/strong><\/span><strong>extes in\u00e9dits<\/strong> et filmographies, <strong>publi\u00e9s en mars 2008<\/strong> \u00e0 l\u2019occasion du <span style=\"color: #008000;\"><strong>19\u00e8me Festival Cin\u00e9ma de Bobigny<\/strong><\/span>, sous la direction de Dominique Bax.\u00a0Editeur Magic Cin\u00e9ma. <strong>Collection \u00ab\u00a0Th\u00e9\u00e2tres au cin\u00e9ma, <\/strong>n\u00b01. <a href=\"https:\/\/www.amazon.fr\/Derek-Jarman-Jean-Cocteau-Alchimie\/dp\/2912561183\" target=\"_blank\" rel=\"noopener\">Pour trouver ce catalogue&#8230;<\/a><\/h6>\n<h6><span style=\"color: #008000;\"><strong><img loading=\"lazy\" decoding=\"async\" class=\"alignleft size-medium wp-image-10919\" src=\"http:\/\/www.claude-arnaud.com\/fr\/wp-content\/uploads\/2021\/01\/51gzh2DM1BL._AC_SY445_-176x300.jpg\" alt=\"\" width=\"176\" height=\"300\" srcset=\"https:\/\/www.claude-arnaud.com\/fr\/wp-content\/uploads\/2021\/01\/51gzh2DM1BL._AC_SY445_-176x300.jpg 176w, https:\/\/www.claude-arnaud.com\/fr\/wp-content\/uploads\/2021\/01\/51gzh2DM1BL._AC_SY445_.jpg 261w\" sizes=\"auto, (max-width: 176px) 100vw, 176px\" \/>*CLAUDE ARNAUD<\/strong><\/span> a par ailleurs \u00e9voqu\u00e9 <strong>COCTEAU<\/strong> cin\u00e9aste dans un bonus de la r\u00e9\u00e9dition, par le StudioCanal, de\u00a0 <span style=\"color: #008000;\"><strong>La belle et la b\u00eate<\/strong><\/span>&#8230;<\/h6>\n<h6><a title=\"dvdclassik\" href=\"http:\/\/www.dvdclassik.com\/forum\/viewtopic.php?f=11&amp;t=19660\" target=\"_blank\" rel=\"noopener\">Pour en savoir plus&#8230;<\/a><\/h6>\n<h6><a href=\"https:\/\/www.fnac.com\/a2518640\/La-Belle-et-la-Bete-Jean-Marais-DVD-Zone-2?oref=df08180e-bf2a-125b-2ae6-d44843ea55dc\" target=\"_blank\" rel=\"noopener\">Pour acqu\u00e9rir ce CD.<\/a>..<\/h6>\n<h6>*Il est aussi au centre d&rsquo;<span style=\"color: #008000;\"><em>Une politique hallucinog\u00e8ne<\/em><\/span>, le documentaire de 30 minutes qu&rsquo;a r\u00e9alis\u00e9 <span style=\"color: #008000;\"><strong>Dominique<a href=\"https:\/\/www.claude-arnaud.com\/fr\/wp-content\/uploads\/2021\/06\/Le-Sang-d-un-poete-Blu-ray.jpg\"><img loading=\"lazy\" decoding=\"async\" class=\"alignright size-medium wp-image-13342\" src=\"https:\/\/www.claude-arnaud.com\/fr\/wp-content\/uploads\/2021\/06\/Le-Sang-d-un-poete-Blu-ray-300x300.jpg\" alt=\"\" width=\"300\" height=\"300\" srcset=\"https:\/\/www.claude-arnaud.com\/fr\/wp-content\/uploads\/2021\/06\/Le-Sang-d-un-poete-Blu-ray-300x300.jpg 300w, https:\/\/www.claude-arnaud.com\/fr\/wp-content\/uploads\/2021\/06\/Le-Sang-d-un-poete-Blu-ray-150x150.jpg 150w, https:\/\/www.claude-arnaud.com\/fr\/wp-content\/uploads\/2021\/06\/Le-Sang-d-un-poete-Blu-ray.jpg 340w\" sizes=\"auto, (max-width: 300px) 100vw, 300px\" \/><\/a> MAILLET<\/strong><\/span> en bonus de la r\u00e9\u00e9dition (automne 2020) en BlueRay du <span style=\"color: #008000;\"><em>Sang d&rsquo;un po\u00e8te<\/em><\/span> <a href=\"https:\/\/www.fnac.com\/a14949668\/Le-Sang-d-un-poete-Blu-ray-Miller-Blu-ray\" target=\"_blank\" rel=\"noopener\">de Cocteau par le StudioCanal<\/a>&#8230;<\/h6>\n<h6>\u00a8<span style=\"color: #008000;\">Claude ARNAUD<\/span> intervient encore dans <em>Le Dernier Pharaon<\/em>, le documentaire de 30 minutes r\u00e9alis\u00e9 aussi par<span style=\"color: #008000;\"> Dominique MAILLET<\/span> en bonus de la r\u00e9\u00e9dition, <a href=\"https:\/\/www.claude-arnaud.com\/fr\/wp-content\/uploads\/2021\/06\/Le-Testament-d-Orphee-Blu-ray.jpg\"><img loading=\"lazy\" decoding=\"async\" class=\"alignleft size-medium wp-image-13343\" src=\"https:\/\/www.claude-arnaud.com\/fr\/wp-content\/uploads\/2021\/06\/Le-Testament-d-Orphee-Blu-ray-300x300.jpg\" alt=\"\" width=\"300\" height=\"300\" srcset=\"https:\/\/www.claude-arnaud.com\/fr\/wp-content\/uploads\/2021\/06\/Le-Testament-d-Orphee-Blu-ray-300x300.jpg 300w, https:\/\/www.claude-arnaud.com\/fr\/wp-content\/uploads\/2021\/06\/Le-Testament-d-Orphee-Blu-ray-150x150.jpg 150w, https:\/\/www.claude-arnaud.com\/fr\/wp-content\/uploads\/2021\/06\/Le-Testament-d-Orphee-Blu-ray.jpg 340w\" sizes=\"auto, (max-width: 300px) 100vw, 300px\" \/><\/a>toujours en BlueRay, du <a href=\"https:\/\/www.fnac.com\/a14865761\/Le-Testament-d-Orphee-Blu-ray-Jean-Cocteau-Blu-ray\" target=\"_blank\" rel=\"noopener\"><em>Testament d&rsquo;Orph\u00e9e<\/em><\/a>&#8230;<\/h6>\n<h6><!--more--><\/h6>\n<h6>Gaumont vid\u00e9o a enfin \u00e9dit\u00e9 la version int\u00e9grale restaur\u00e9e du <strong>QUERELLE<\/strong> de <strong>WERNER FASSBINDER<\/strong>, avec un documentaire de 34 minutes, \u00ab\u00a0Le cr\u00e9puscule des corps, Fassbinder chercher Querelle\u00a0\u00bb, o\u00f9 <span style=\"color: #008000;\"><strong>CLAUDE ARNAUD<\/strong><\/span> \u00e9voque l\u2019extraordinaire travail d\u2019adaptation du roman de <strong>JEAN GENET<\/strong>. <a href=\"https:\/\/www.fnac.com\/a4164181\/Querelle-Blu-ray-Brad-Davis-Blu-ray#st=querelle&amp;ct=Rayons&amp;t=p\" target=\"_blank\" rel=\"noopener\">Pour trouver ce DVD<\/a>&#8230;,\u00a0 <a title=\"avoir \u00e0 lire\" href=\"http:\/\/www.avoir-alire.com\/querelle-la-critique-le-test-blu-ray\" target=\"_blank\" rel=\"noopener\">d\u00e9sormais disponible <img loading=\"lazy\" decoding=\"async\" class=\"alignright size-medium wp-image-10922\" src=\"http:\/\/www.claude-arnaud.com\/fr\/wp-content\/uploads\/2021\/01\/51taijfjull-187x300.jpg\" alt=\"\" width=\"187\" height=\"300\" srcset=\"https:\/\/www.claude-arnaud.com\/fr\/wp-content\/uploads\/2021\/01\/51taijfjull-187x300.jpg 187w, https:\/\/www.claude-arnaud.com\/fr\/wp-content\/uploads\/2021\/01\/51taijfjull.jpg 312w\" sizes=\"auto, (max-width: 187px) 100vw, 187px\" \/>en blu-ray&#8230;<\/a><\/h6>\n<h6><a title=\"cinedingue\" href=\"http:\/\/cinedingue.com\/2012\/07\/15\/critique-blu-ray-querelle\/\" target=\"_blank\" rel=\"noopener\">Pour en savoir plus&#8230;.<\/a><\/h6>\n<h6><span style=\"text-decoration: underline;\"><span style=\"color: #008000; text-decoration: underline;\"><strong>CLAUDE ARNAUD A AUSSI ECRIT <a title=\"cinema\" href=\"http:\/\/www.claude-arnaud.com\/fr\/cinema-et-theatre\">POUR LE CINEMA&#8230;<\/a><\/strong><\/span><\/span><\/h6>\n\n\n<p><\/p>\n","protected":false},"excerpt":{"rendered":"<p>CLAUDE ARNAUD collabore, d\u00e8s la fin des ann\u00e9es 70, aux revues Cin\u00e9matographe, L\u2019Avant-Sc\u00e8ne Cin\u00e9ma, Vertigo&#8230; *Pour voir la liste des articles qu\u2019il a publi\u00e9, de 1977 \u00e0 1980, sous le pseudonyme de Claude ARNULF dans Cin\u00e9matographe&#8230; et sous son nom, de 1981 \u00e0 1984, dans la m\u00eame revue, comme dans l&rsquo;Avant-Sc\u00e8ne\u2026 Pour en savoir plus [&hellip;]<\/p>\n","protected":false},"author":1,"featured_media":0,"parent":100,"menu_order":1,"comment_status":"open","ping_status":"open","template":"","meta":{"footnotes":""},"class_list":["post-95","page","type-page","status-publish","hentry","count-0","even alt","author-admin","last"],"post_mailing_queue_ids":[],"_links":{"self":[{"href":"https:\/\/www.claude-arnaud.com\/fr\/wp-json\/wp\/v2\/pages\/95","targetHints":{"allow":["GET"]}}],"collection":[{"href":"https:\/\/www.claude-arnaud.com\/fr\/wp-json\/wp\/v2\/pages"}],"about":[{"href":"https:\/\/www.claude-arnaud.com\/fr\/wp-json\/wp\/v2\/types\/page"}],"author":[{"embeddable":true,"href":"https:\/\/www.claude-arnaud.com\/fr\/wp-json\/wp\/v2\/users\/1"}],"replies":[{"embeddable":true,"href":"https:\/\/www.claude-arnaud.com\/fr\/wp-json\/wp\/v2\/comments?post=95"}],"version-history":[{"count":99,"href":"https:\/\/www.claude-arnaud.com\/fr\/wp-json\/wp\/v2\/pages\/95\/revisions"}],"predecessor-version":[{"id":17171,"href":"https:\/\/www.claude-arnaud.com\/fr\/wp-json\/wp\/v2\/pages\/95\/revisions\/17171"}],"up":[{"embeddable":true,"href":"https:\/\/www.claude-arnaud.com\/fr\/wp-json\/wp\/v2\/pages\/100"}],"wp:attachment":[{"href":"https:\/\/www.claude-arnaud.com\/fr\/wp-json\/wp\/v2\/media?parent=95"}],"curies":[{"name":"wp","href":"https:\/\/api.w.org\/{rel}","templated":true}]}}