{"id":89,"date":"2009-05-26T20:23:59","date_gmt":"2009-05-26T18:23:59","guid":{"rendered":"http:\/\/www.claude-arnaud.com\/fr\/?page_id=89"},"modified":"2021-03-02T16:50:42","modified_gmt":"2021-03-02T15:50:42","slug":"pour-lire-ses-articles-les-plus-recents","status":"publish","type":"page","link":"https:\/\/www.claude-arnaud.com\/fr\/publications\/pour-lire-ses-articles-les-plus-recents","title":{"rendered":"Pour lire quelques articles ant\u00e9rieurs \u00e0 l&rsquo;ouverture de ce site&#8230;"},"content":{"rendered":"<h2><span style=\"color: #008000;\">*DANS LE POINT<\/span><\/h2>\n<h6><strong>A propos de <em>La couleur de l&rsquo;\u00e9t\u00e9<\/em>, de <span style=\"color: #008000;\">Reinaldo Arenas<\/span> : <a href=\"http:\/\/www.claude-arnaud.com\/fr\/wp-content\/uploads\/2021\/02\/Arenas-page-1.pdf\">page 1<\/a>, <a href=\"http:\/\/www.claude-arnaud.com\/fr\/wp-content\/uploads\/2021\/02\/Arenas-page-2.pdf\">page 2<\/a><br \/><\/strong><\/h6>\n<h6><strong>du Journal du ghetto de Varsovie de<\/strong> <strong><span style=\"color: #008000;\">Hillel Seidman<\/span> et du roman l\u00e9gendaire de <span style=\"color: #008000;\">Zvi Kolitz<\/span>: <a href=\"http:\/\/www.claude-arnaud.com\/fr\/wp-content\/uploads\/2021\/02\/Seidman-page-1.pdf\">page 1<\/a>, <a href=\"http:\/\/www.claude-arnaud.com\/fr\/wp-content\/uploads\/2021\/02\/page-2.pdf\">page 2, <\/a><a href=\"http:\/\/www.claude-arnaud.com\/fr\/wp-content\/uploads\/2021\/02\/page-3.pdf\">page 3<\/a><br \/><\/strong><\/h6>\n<h6><strong>de la Corse et de son <a href=\"http:\/\/www.claude-arnaud.com\/fr\/wp-content\/uploads\/2021\/02\/Peigne\u0301-Giuly.pdf\">ultime vendetta<\/a><\/strong><strong>\u00a0 <br \/><\/strong><\/h6>\n<h6><img loading=\"lazy\" decoding=\"async\" class=\"alignleft  wp-image-12469\" src=\"http:\/\/www.claude-arnaud.com\/fr\/wp-content\/uploads\/2021\/02\/AVT_Leslie-Kaplan_903-150x150.jpeg\" alt=\"\" width=\"79\" height=\"79\" srcset=\"https:\/\/www.claude-arnaud.com\/fr\/wp-content\/uploads\/2021\/02\/AVT_Leslie-Kaplan_903-150x150.jpeg 150w, https:\/\/www.claude-arnaud.com\/fr\/wp-content\/uploads\/2021\/02\/AVT_Leslie-Kaplan_903-300x300.jpeg 300w, https:\/\/www.claude-arnaud.com\/fr\/wp-content\/uploads\/2021\/02\/AVT_Leslie-Kaplan_903.jpeg 500w\" sizes=\"auto, (max-width: 79px) 100vw, 79px\" \/>du <em>Psychanalyste<\/em> de <a href=\"http:\/\/www.claude-arnaud.com\/fr\/wp-content\/uploads\/2021\/02\/Kaplan-1.pdf\"><strong>Leslie Kaplan<\/strong> : page 1<\/a>&#8230; <a href=\"http:\/\/www.claude-arnaud.com\/fr\/wp-content\/uploads\/2021\/02\/Kaplan-2.pdf\">page 2<\/a><\/h6>\n<h6>de <strong>John Nash<\/strong>, <a href=\"http:\/\/www.claude-arnaud.com\/fr\/wp-content\/uploads\/2021\/02\/Nash-cerveau-dexception.jpeg.pdf\"><strong>cerveau d&rsquo;exception<\/strong><\/a>&#8230;<\/h6>\n<h6><strong>de l&rsquo;art du roman de Mario <a href=\"http:\/\/www.claude-arnaud.com\/fr\/wp-content\/uploads\/2021\/02\/Vargas-Llosa.jpeg.pdf\">Vargas Llosa<\/a><img loading=\"lazy\" decoding=\"async\" class=\"alignright  wp-image-12471\" src=\"http:\/\/www.claude-arnaud.com\/fr\/wp-content\/uploads\/2021\/02\/MarioVargasLlosa170110_0.gif\" alt=\"\" width=\"57\" height=\"82\" \/>&#8230;<\/strong><\/h6>\n<h6><strong>de <a href=\"http:\/\/www.claude-arnaud.com\/fr\/wp-content\/uploads\/2021\/02\/Li-Lisan.pdf\">Li Lisan<\/a>, rival malheureux de Mao&#8230;<\/strong><\/h6>\n<h6><strong>du <em>Pays de la litt\u00e9rature<\/em> de <\/strong><span style=\"color: #008000;\">Pierre Lepape<\/span><strong> (<a href=\"http:\/\/www.claude-arnaud.com\/fr\/wp-content\/uploads\/2021\/02\/Lepape-page-1.jpeg.pdf\">page 1<\/a>, <a href=\"http:\/\/www.claude-arnaud.com\/fr\/wp-content\/uploads\/2021\/02\/Lepape-page-2.jpeg.pdf\">page 2<\/a>, <a href=\"http:\/\/www.claude-arnaud.com\/fr\/wp-content\/uploads\/2021\/02\/Lepape-page-3.jpeg.pdf\">page 3<\/a>) et de sa biographie de <a href=\"http:\/\/www.claude-arnaud.com\/fr\/wp-content\/uploads\/2021\/02\/Voltaire.pdf\">Voltaire<\/a>&#8230;<\/strong><\/h6>\n<h6><strong><img loading=\"lazy\" decoding=\"async\" class=\"alignleft  wp-image-12412\" src=\"http:\/\/www.claude-arnaud.com\/fr\/wp-content\/uploads\/2021\/02\/image-1449919-20160227-ob_224e7d_dado-peintre-irene.jpg\" alt=\"\" width=\"77\" height=\"97\" \/>d&rsquo;<span style=\"color: #008000;\">Ir\u00e8ne Nemirovsky<\/span> et de la r\u00e9surrection de sa <em>Suite Fran\u00e7aise<\/em> (<a href=\"http:\/\/www.claude-arnaud.com\/fr\/wp-content\/uploads\/2021\/02\/Nemirovsky-Suite-franc\u0327aise.jpeg.pdf\">page 1<\/a>, <a href=\"http:\/\/www.claude-arnaud.com\/fr\/wp-content\/uploads\/2021\/02\/Nemirovsky-Suite-franc\u0327aise-2.jpeg.pdf\">page 2<\/a>)<\/strong><\/h6>\n<h6><strong>des \u00ab\u00a0dadas\u00a0\u00bb de <a href=\"http:\/\/www.claude-arnaud.com\/fr\/wp-content\/uploads\/2021\/02\/Donner-4.pdf\">Christophe Donner <\/a>&#8230;et de son<em> <a href=\"http:\/\/www.claude-arnaud.com\/fr\/wp-content\/uploads\/2021\/02\/Donner-3.pdf\">Jeune loup<\/a><\/em>&#8230;<img loading=\"lazy\" decoding=\"async\" class=\"alignright  wp-image-12247\" src=\"http:\/\/www.claude-arnaud.com\/fr\/wp-content\/uploads\/2021\/02\/donner_christophe1.jpg\" alt=\"\" width=\"97\" height=\"96\" \/><\/strong><\/h6>\n<h6><strong>des <em>Contrebandiers<\/em> <a href=\"http:\/\/www.claude-arnaud.com\/fr\/wp-content\/uploads\/2021\/01\/Gailliot.pdf\">de Jean-Hubert Gailliot<\/a>\u2026et de son <a href=\"http:\/\/www.claude-arnaud.com\/fr\/wp-content\/uploads\/2021\/02\/Gaillot.jpeg.pdf\"><em><img loading=\"lazy\" decoding=\"async\" class=\"alignleft  wp-image-12414\" src=\"http:\/\/www.claude-arnaud.com\/fr\/wp-content\/uploads\/2021\/02\/Jean_Hubert_Gailliot-729d9098-ad95-4ed3-aaf6-0cc7f8450872-300x267.png\" alt=\"\" width=\"94\" height=\"84\" srcset=\"https:\/\/www.claude-arnaud.com\/fr\/wp-content\/uploads\/2021\/02\/Jean_Hubert_Gailliot-729d9098-ad95-4ed3-aaf6-0cc7f8450872-300x267.png 300w, https:\/\/www.claude-arnaud.com\/fr\/wp-content\/uploads\/2021\/02\/Jean_Hubert_Gailliot-729d9098-ad95-4ed3-aaf6-0cc7f8450872.png 403w\" sizes=\"auto, (max-width: 94px) 100vw, 94px\" \/>Bambi Frankenstein<\/em><\/a><em>&#8230;<\/em><br \/><\/strong><\/h6>\n<h6>de l<strong>&lsquo;Erythr\u00e9e<\/strong> de <span style=\"color: #008000;\"><strong>Jean-Christophe Ruffin<\/strong><\/span>&#8230;<a href=\"http:\/\/www.claude-arnaud.com\/fr\/wp-content\/uploads\/2021\/02\/Rufin-p.-1.pdf\">p. 1<\/a>, <a href=\"http:\/\/www.claude-arnaud.com\/fr\/wp-content\/uploads\/2021\/02\/Rufin-p.-2.pdf\">p. 2<\/a><\/h6>\n<h6><strong>de <em>Chaos,<\/em> par <span style=\"color: #008000;\">Marc Weitzmann<\/span> (<a href=\"http:\/\/www.claude-arnaud.com\/fr\/wp-content\/uploads\/2021\/02\/Weitzmann-Chaos-page-1.pdf\">page 1<\/a>, <a href=\"http:\/\/www.claude-arnaud.com\/fr\/wp-content\/uploads\/2021\/02\/Weitzmann-Chaos-page-2.pdf\">page 2<\/a>, <a href=\"http:\/\/www.claude-arnaud.com\/fr\/wp-content\/uploads\/2021\/02\/Weitzmann-Chaos-page-3.pdf\">page 3<\/a>, <a href=\"http:\/\/www.claude-arnaud.com\/fr\/wp-content\/uploads\/2021\/02\/Weitzmann-Chaos-page-4.pdf\">page 4<\/a>), et <em>Fraternit\u00e9<\/em>, <a href=\"http:\/\/www.claude-arnaud.com\/fr\/wp-content\/uploads\/2021\/01\/Weitzmann-2.pdf\">du m\u00eame<\/a>\u2026<img loading=\"lazy\" decoding=\"async\" class=\"aligncenter  wp-image-11468\" src=\"http:\/\/www.claude-arnaud.com\/fr\/wp-content\/uploads\/2021\/01\/AVT_Marc-Weitzmann_9809.jpeg\" alt=\"\" width=\"115\" height=\"115\" srcset=\"https:\/\/www.claude-arnaud.com\/fr\/wp-content\/uploads\/2021\/01\/AVT_Marc-Weitzmann_9809.jpeg 221w, https:\/\/www.claude-arnaud.com\/fr\/wp-content\/uploads\/2021\/01\/AVT_Marc-Weitzmann_9809-150x150.jpeg 150w\" sizes=\"auto, (max-width: 115px) 100vw, 115px\" \/><\/strong><\/h6>\n<h6><strong><img loading=\"lazy\" decoding=\"async\" class=\"alignleft  wp-image-11469\" src=\"http:\/\/www.claude-arnaud.com\/fr\/wp-content\/uploads\/2021\/01\/AVT_Alain-Fleischer_6275.jpg\" alt=\"\" width=\"76\" height=\"101\" \/>et de<em> l&rsquo;Amant en culottes courtes<\/em> d&rsquo;Alain <a href=\"http:\/\/www.claude-arnaud.com\/fr\/wp-content\/uploads\/2021\/03\/Fleischer.pdf\">Fleischer<\/a>&#8230;<\/strong><\/h6>\n<h6><strong>Sur <a href=\"http:\/\/www.claude-arnaud.com\/fr\/wp-content\/uploads\/2021\/02\/des-fre\u0300res-Pontalis.jpeg.pdf\">les fre\u0300res Pontalis<\/a>, Jean-Fran\u00e7ois et Jean-Bertrand&#8230;<\/strong><\/h6>\n<h6><strong>Et la publication, aux \u00e9ditions GALLIMARD<\/strong>, de <span style=\"color: #008000;\"><em>MONTECHRISTI<\/em><\/span>,<strong> roman <strong><a href=\"http:\/\/www.claude-arnaud.com\/fr\/wp-content\/uploads\/2021\/01\/Pancrazi-3.pdf\">de Jean-No\u00ebl Pancrazi <\/a>&#8230;<\/strong><\/strong><\/h6>\n<h6><strong><strong><img loading=\"lazy\" decoding=\"async\" class=\"alignleft  wp-image-11471\" src=\"http:\/\/www.claude-arnaud.com\/fr\/wp-content\/uploads\/2021\/01\/images.jpg\" alt=\"\" width=\"75\" height=\"92\" \/>A l&rsquo;occasion de la sortie, aux <strong>\u00e9ditions du Seuil<\/strong>, de <\/strong><\/strong><em>EQUATORIA<\/em><strong><strong><strong>, <\/strong>le roman <strong><a href=\"http:\/\/www.claude-arnaud.com\/fr\/wp-content\/uploads\/2021\/01\/Deville.pdf\">de Patrick Deville<\/a>..<\/strong><\/strong><\/strong><\/h6>\n<h6><strong><strong><strong>A propos de la biographie que <\/strong><\/strong><\/strong><span style=\"color: #008000;\">Jean Delumeau<\/span><strong><strong><strong> a consacr\u00e9 au moine <strong><span style=\"color: #008000;\"> CAMPANELLA<\/span>, <\/strong>l&rsquo;auteur de la c\u00e9l\u00e8bre <strong><a href=\"http:\/\/www.claude-arnaud.com\/fr\/wp-content\/uploads\/2021\/01\/Delumeau.pdf\">CITE DU SOLEIL<\/a>&#8230;<\/strong><\/strong><\/strong><\/strong><\/h6>\n<h6><strong><strong><strong><strong>Au sujet de la r\u00e9\u00e9dition en Quarto des romans<\/strong> <strong><a href=\"http:\/\/www.claude-arnaud.com\/fr\/wp-content\/uploads\/2021\/01\/Le-Mag.-Lit.-Bowles.pdf\">de Paul Bowles<\/a>&#8230;<\/strong><\/strong><\/strong><\/strong><\/h6>\n<h6><strong><strong><strong><strong>et de la sortie du premier roman de Jacques Fieschi : <a href=\"http:\/\/www.claude-arnaud.com\/fr\/wp-content\/uploads\/2021\/02\/Fieschi-page-1.pdf\">page 1<\/a>, <a href=\"http:\/\/www.claude-arnaud.com\/fr\/wp-content\/uploads\/2021\/02\/Fieschi-page-2.pdf\">page 2<\/a><img loading=\"lazy\" decoding=\"async\" class=\"alignleft  wp-image-11479\" src=\"http:\/\/www.claude-arnaud.com\/fr\/wp-content\/uploads\/2021\/01\/41129094_2055157034516029_4441110825331064832_n.jpg\" alt=\"\" width=\"152\" height=\"152\" srcset=\"https:\/\/www.claude-arnaud.com\/fr\/wp-content\/uploads\/2021\/01\/41129094_2055157034516029_4441110825331064832_n.jpg 180w, https:\/\/www.claude-arnaud.com\/fr\/wp-content\/uploads\/2021\/01\/41129094_2055157034516029_4441110825331064832_n-150x150.jpg 150w\" sizes=\"auto, (max-width: 152px) 100vw, 152px\" \/><\/strong><\/strong><\/strong><\/strong><\/h6>\n<h6><strong><strong><strong><strong>A l&rsquo;occasion de la publication des lettres de Marguerite<img loading=\"lazy\" decoding=\"async\" class=\"alignright  wp-image-12604\" src=\"http:\/\/www.claude-arnaud.com\/fr\/wp-content\/uploads\/2021\/02\/marguerite_20yourcenarparLM-2.jpg\" alt=\"\" width=\"133\" height=\"142\" \/> Yourcenar \u00e0 ses amis : <a href=\"http:\/\/www.claude-arnaud.com\/fr\/wp-content\/uploads\/2021\/02\/Yourcenar-page-1.pdf\">page 1<\/a>, <a href=\"http:\/\/www.claude-arnaud.com\/fr\/wp-content\/uploads\/2021\/02\/Yourcenar-page-2.pdf\">page 2<\/a><br \/><\/strong><\/strong><\/strong><\/strong><\/h6>\n<h6><strong><strong><strong><strong>de la sortie, chez Belfond, du dernier roman de <strong><a href=\"http:\/\/www.claude-arnaud.com\/fr\/wp-content\/uploads\/2021\/01\/Murakami.pdf\">Haruki<\/a><a href=\"http:\/\/www.claude-arnaud.com\/fr\/wp-content\/uploads\/2021\/01\/Murakami.pdf\"><img loading=\"lazy\" decoding=\"async\" class=\"alignleft  wp-image-11480\" src=\"http:\/\/www.claude-arnaud.com\/fr\/wp-content\/uploads\/2021\/01\/b9f94c77652c9a76fc8a442748cd54bd-1403246938-300x169.jpg\" alt=\"\" width=\"98\" height=\"55\" srcset=\"https:\/\/www.claude-arnaud.com\/fr\/wp-content\/uploads\/2021\/01\/b9f94c77652c9a76fc8a442748cd54bd-1403246938-300x169.jpg 300w, https:\/\/www.claude-arnaud.com\/fr\/wp-content\/uploads\/2021\/01\/b9f94c77652c9a76fc8a442748cd54bd-1403246938-1024x576.jpg 1024w, https:\/\/www.claude-arnaud.com\/fr\/wp-content\/uploads\/2021\/01\/b9f94c77652c9a76fc8a442748cd54bd-1403246938-768x432.jpg 768w, https:\/\/www.claude-arnaud.com\/fr\/wp-content\/uploads\/2021\/01\/b9f94c77652c9a76fc8a442748cd54bd-1403246938.jpg 1248w\" sizes=\"auto, (max-width: 98px) 100vw, 98px\" \/><\/a><a href=\"http:\/\/www.claude-arnaud.com\/fr\/wp-content\/uploads\/2021\/01\/Murakami.pdf\"> Murakami<\/a>&#8230; <\/strong><\/strong><\/strong><\/strong><\/strong><\/h6>\n<h6><strong><strong><strong><strong><strong>Entretien avec<\/strong><\/strong><\/strong><\/strong><\/strong><strong><a href=\"http:\/\/www.claude-arnaud.com\/fr\/wp-content\/uploads\/2021\/01\/Cixous.pdf\"> H\u00e9l\u00e8ne Cixous<\/a><\/strong><strong><strong><strong><strong><strong><strong>, <\/strong>au sujet de la sortie<img loading=\"lazy\" decoding=\"async\" class=\"alignleft  wp-image-11481\" src=\"http:\/\/www.claude-arnaud.com\/fr\/wp-content\/uploads\/2021\/01\/cixous-helene-DR-213x300.jpg\" alt=\"\" width=\"120\" height=\"169\" srcset=\"https:\/\/www.claude-arnaud.com\/fr\/wp-content\/uploads\/2021\/01\/cixous-helene-DR-213x300.jpg 213w, https:\/\/www.claude-arnaud.com\/fr\/wp-content\/uploads\/2021\/01\/cixous-helene-DR.jpg 423w\" sizes=\"auto, (max-width: 120px) 100vw, 120px\" \/> aux \u00e9ditions Galil\u00e9e de son livre <em>CIGUES, VIEILLES FEMMES EN FLEUR<\/em><strong>&#8230;<\/strong><\/strong><\/strong><\/strong><\/strong><\/strong><\/h6>\n<h6><strong><strong><strong><strong><strong><strong>Au sujet de la biographie du <strong>jeune Staline<\/strong> sign\u00e9e <strong><a href=\"http:\/\/www.claude-arnaud.com\/fr\/wp-content\/uploads\/2021\/01\/Staline.pdf\">Simon Sebag Montefiore<\/a>\u2026<\/strong><\/strong><\/strong><\/strong><\/strong><\/strong><\/strong><\/h6>\n<h6><strong><strong><strong><strong><strong><strong>A propos de <strong>la rentr\u00e9e litt\u00e9raire <\/strong><\/strong><\/strong><\/strong><\/strong><\/strong><\/strong>2008<strong><strong><strong><strong><strong><strong> et du roman de <span style=\"color: #008000;\">Tristan <img loading=\"lazy\" decoding=\"async\" class=\"alignleft  wp-image-11482\" src=\"http:\/\/www.claude-arnaud.com\/fr\/wp-content\/uploads\/2021\/01\/tristan-garcia-semble-300x150.jpg\" alt=\"\" width=\"138\" height=\"69\" srcset=\"https:\/\/www.claude-arnaud.com\/fr\/wp-content\/uploads\/2021\/01\/tristan-garcia-semble-300x150.jpg 300w, https:\/\/www.claude-arnaud.com\/fr\/wp-content\/uploads\/2021\/01\/tristan-garcia-semble-768x384.jpg 768w, https:\/\/www.claude-arnaud.com\/fr\/wp-content\/uploads\/2021\/01\/tristan-garcia-semble.jpg 1000w\" sizes=\"auto, (max-width: 138px) 100vw, 138px\" \/>Garcia<\/span>, <a href=\"http:\/\/www.claude-arnaud.com\/fr\/publications\/pour-lire-ses-articles-les-plus-recents\/garcia-jpeg\" rel=\"attachment wp-att-12141\">page 1<\/a>\u2026<\/strong><\/strong><\/strong><\/strong><\/strong><\/strong><strong><a href=\"http:\/\/www.claude-arnaud.com\/fr\/publications\/pour-lire-ses-articles-les-plus-recents\/garcia-2-jpeg\" rel=\"attachment wp-att-12140\">page 2<\/a><\/strong><strong><strong><strong><strong><strong><strong>.<br \/><\/strong><\/strong><\/strong><\/strong><\/strong><\/strong><\/h6>\n<h6><strong><strong><strong><strong><strong><strong>Sur le <em><strong>Journal d\u2019adolescence<\/strong><\/em> de <strong><a href=\"http:\/\/www.claude-arnaud.com\/fr\/publications\/pour-lire-ses-articles-les-plus-recents\/woolf-jpeg\" rel=\"attachment wp-att-12137\">Virginia Woolf<\/a>\u2026<\/strong><\/strong><\/strong><\/strong><\/strong><\/strong><\/strong><\/h6>\n<h6>Sur le groupe de <strong>Bloomsbury (Woolf, Strachey&#8230;) : <a href=\"http:\/\/www.claude-arnaud.com\/fr\/wp-content\/uploads\/2021\/02\/Bloomsbury-page-1.pdf\">page 1<\/a>, <a href=\"http:\/\/www.claude-arnaud.com\/fr\/wp-content\/uploads\/2021\/02\/Bloomsbury-page-2.pdf\">page 2<\/a><br \/><\/strong><\/h6>\n<h6><strong><strong><strong><strong><strong><strong><strong><img loading=\"lazy\" decoding=\"async\" class=\"alignright  wp-image-11483\" src=\"http:\/\/www.claude-arnaud.com\/fr\/wp-content\/uploads\/2021\/01\/portrait-virginia-woolf-380x417-1-273x300.png\" alt=\"\" width=\"125\" height=\"137\" srcset=\"https:\/\/www.claude-arnaud.com\/fr\/wp-content\/uploads\/2021\/01\/portrait-virginia-woolf-380x417-1-273x300.png 273w, https:\/\/www.claude-arnaud.com\/fr\/wp-content\/uploads\/2021\/01\/portrait-virginia-woolf-380x417-1.png 380w\" sizes=\"auto, (max-width: 125px) 100vw, 125px\" \/><\/strong><\/strong><\/strong><\/strong><\/strong><\/strong><\/strong><\/h6>\n<h6><strong><strong><strong><strong><strong><strong>Sur la <strong>r\u00e9\u00e9dition<\/strong> de certaines oeuvres du grand <a href=\"http:\/\/www.claude-arnaud.com\/fr\/wp-content\/uploads\/2021\/01\/Gourmont.pdf\">Remy de Gourmont<\/a>, par <strong><span style=\"color: #008000;\">Charles Dantzig<\/span>\u2026<\/strong><\/strong><\/strong><\/strong><\/strong><\/strong><\/strong><\/h6>\n<h6><strong><strong><strong><strong><strong><strong><strong><strong>Sur les nouvelles de <a href=\"http:\/\/www.claude-arnaud.com\/fr\/wp-content\/uploads\/2021\/01\/Rios-1.pdf\">Julian Rios<\/a>\u2026<\/strong><\/strong><\/strong><\/strong><\/strong><\/strong><\/strong><\/strong><\/h6>\n<h6><strong><strong><strong><strong><strong><strong><strong><strong>Sur le dernier roman de <\/strong><\/strong><\/strong><\/strong><\/strong><\/strong><\/strong><\/strong><span style=\"color: #008000;\">Patrick Grainville<\/span><strong><strong><strong><strong><strong><strong><strong><strong>, <\/strong><\/strong><\/strong><\/strong><\/strong><\/strong><\/strong><\/strong><strong><a href=\"http:\/\/www.claude-arnaud.com\/fr\/publications\/pour-lire-ses-articles-les-plus-recents\/grainville-le-rat-jpeg\" rel=\"attachment wp-att-12123\"><em>Lumi\u00e8re du rat<\/em><\/a><\/strong><strong><strong><strong><strong><strong><strong><strong><strong><em>\u2026<\/em><br \/><\/strong><\/strong><\/strong><\/strong><\/strong><\/strong><\/strong><\/strong><\/h6>\n<h6><strong>Sur\u00a0<em>L&rsquo;homme mari\u00e9<\/em> d\u2019<a href=\"http:\/\/www.claude-arnaud.com\/fr\/wp-content\/uploads\/2021\/01\/White-3.pdf\">Edmund White<\/a>&#8230; <\/strong><\/h6>\n<h6><strong>Sur le roman de <span style=\"color: #008000;\">Gilles Leroy<\/span>, <em>Alabama Song<\/em>, <a href=\"http:\/\/www.claude-arnaud.com\/fr\/wp-content\/uploads\/2021\/01\/Leroy.pdf\">Prix Goncourt 2007<\/a>\u2026<\/strong><\/h6>\n<h6><strong>Sur Isaac Babel, <span style=\"color: #008000;\">Malraux<\/span>, Staline et <a href=\"http:\/\/www.claude-arnaud.com\/fr\/wp-content\/uploads\/2021\/01\/Charyn-Babel.pdf\">la litt\u00e9rature, vus par Jerome Charyn<\/a>\u2026<br \/><\/strong><\/h6>\n<h6><strong>Sur l\u2019\u00e9trange univers d\u2019<a href=\"http:\/\/www.claude-arnaud.com\/fr\/wp-content\/uploads\/2021\/01\/Volodine-2-.pdf\">Antoine Volodine <\/a>\u2026<\/strong><\/h6>\n<h6><strong><img loading=\"lazy\" decoding=\"async\" class=\"alignleft  wp-image-11488\" src=\"http:\/\/www.claude-arnaud.com\/fr\/wp-content\/uploads\/2021\/01\/AVT_Ornela-Vorpsi_6898-225x300.jpeg\" alt=\"\" width=\"99\" height=\"132\" srcset=\"https:\/\/www.claude-arnaud.com\/fr\/wp-content\/uploads\/2021\/01\/AVT_Ornela-Vorpsi_6898-225x300.jpeg 225w, https:\/\/www.claude-arnaud.com\/fr\/wp-content\/uploads\/2021\/01\/AVT_Ornela-Vorpsi_6898.jpeg 525w\" sizes=\"auto, (max-width: 99px) 100vw, 99px\" \/>Sur les nouvelles d\u2019<a href=\"http:\/\/www.claude-arnaud.com\/fr\/wp-content\/uploads\/2021\/01\/Vorpsi-2.pdf\">Ornella Vorpsi<\/a>\u2026<\/strong><\/h6>\n<h2><span style=\"color: #008000;\">*DANS LE MAGAZINE LITTERAIRE<\/span><\/h2>\n<h6><strong><strong><strong><strong><strong><strong><strong><span style=\"color: #008000;\"><strong>Sur la saturation sexuelle dans le roman contemporain<\/strong><\/span>, (\u201dDu plaisir \u00e0 l\u2019hypersexe\u201d, dans <em>le Magazine Litt\u00e9raire<\/em>, n\u00b0 470, d\u00e9c 2007). Pour lire ce texte, <\/strong><\/strong><\/strong><\/strong><\/strong><\/strong><\/strong><strong><a href=\"http:\/\/www.claude-arnaud.com\/fr\/publications\/pour-lire-ses-articles-les-plus-recents\/lhypersexe-jpeg\" rel=\"attachment wp-att-12132\">page 1<\/a><\/strong><strong><strong><strong><strong><strong><strong><strong>, <a href=\"http:\/\/www.claude-arnaud.com\/fr\/publications\/pour-lire-ses-articles-les-plus-recents\/lhypersexe-2-jpeg\" rel=\"attachment wp-att-12134\">page 2,<\/a> <a href=\"http:\/\/www.claude-arnaud.com\/fr\/publications\/pour-lire-ses-articles-les-plus-recents\/lhypersexe-3-jpeg\" rel=\"attachment wp-att-12135\">page 3<\/a>&#8230; <\/strong><\/strong><\/strong><\/strong><\/strong><\/strong><\/strong><\/h6>\n<h6><strong><strong><strong><strong><strong><strong><strong><a href=\"https:\/\/fr.shopping.rakuten.com\/offer\/buy\/1111963774\/le-magazine-litteraire-n470-les-enfers-du-sexe.html\" target=\"_blank\" rel=\"noopener\"><img loading=\"lazy\" decoding=\"async\" class=\"alignleft  wp-image-11486\" src=\"http:\/\/www.claude-arnaud.com\/fr\/wp-content\/uploads\/2021\/01\/m_5a0e90a877dee1.47517271-300x300.jpeg\" alt=\"\" width=\"169\" height=\"169\" srcset=\"https:\/\/www.claude-arnaud.com\/fr\/wp-content\/uploads\/2021\/01\/m_5a0e90a877dee1.47517271-300x300.jpeg 300w, https:\/\/www.claude-arnaud.com\/fr\/wp-content\/uploads\/2021\/01\/m_5a0e90a877dee1.47517271-150x150.jpeg 150w, https:\/\/www.claude-arnaud.com\/fr\/wp-content\/uploads\/2021\/01\/m_5a0e90a877dee1.47517271-768x768.jpeg 768w, https:\/\/www.claude-arnaud.com\/fr\/wp-content\/uploads\/2021\/01\/m_5a0e90a877dee1.47517271.jpeg 830w\" sizes=\"auto, (max-width: 169px) 100vw, 169px\" \/>\u00a0Pour trouver ce num\u00e9ro<\/a>\u2026<\/strong><\/strong><\/strong><\/strong><\/strong><\/strong><\/strong><\/h6>\n<h6><strong><strong><strong><strong><strong><strong><strong><strong><strong><a href=\"http:\/\/www.claude-arnaud.com\/fr\/wp-content\/uploads\/2021\/01\/Le-Mag.-Lit.-Auto-fict.pdf\">Sur l&rsquo;autofiction<\/a>, dans <\/strong><em>le Magazine Litt\u00e9raire<\/em><strong> (mars-avril 2007, hors-s\u00e9rie n\u00b0 11, <\/strong><em>Les Ecritures du Moi<\/em>)<strong>\u2026<\/strong><\/strong><\/strong><\/strong><\/strong><\/strong><\/strong><\/strong><\/strong><\/h6>\n<h2><span style=\"color: #008000;\">*DANS LA REVUE COMMENTAIRE<\/span><\/h2>\n<h6>Sur <span style=\"color: #008000;\">Pascal Quignard<\/span> (n\u00b071, aut. 1995) : <a href=\"http:\/\/www.claude-arnaud.com\/fr\/wp-content\/uploads\/2021\/02\/Quignard-page-1.pdf\">page 1<\/a>, <a href=\"http:\/\/www.claude-arnaud.com\/fr\/wp-content\/uploads\/2021\/02\/Quignard-page-2.pdf\">page 2<\/a><\/h6>\n<h6>\u00a0<\/h6>\n\n\n<p><\/p>\n","protected":false},"excerpt":{"rendered":"<p>*DANS LE POINT A propos de La couleur de l&rsquo;\u00e9t\u00e9, de Reinaldo Arenas : page 1, page 2 du Journal du ghetto de Varsovie de Hillel Seidman et du roman l\u00e9gendaire de Zvi Kolitz: page 1, page 2, page 3 de la Corse et de son ultime vendetta\u00a0 du Psychanalyste de Leslie Kaplan : page [&hellip;]<\/p>\n","protected":false},"author":1,"featured_media":0,"parent":87,"menu_order":0,"comment_status":"open","ping_status":"open","template":"","meta":{"footnotes":""},"class_list":["post-89","page","type-page","status-publish","hentry","count-0","even alt","author-admin","last"],"post_mailing_queue_ids":[],"_links":{"self":[{"href":"https:\/\/www.claude-arnaud.com\/fr\/wp-json\/wp\/v2\/pages\/89","targetHints":{"allow":["GET"]}}],"collection":[{"href":"https:\/\/www.claude-arnaud.com\/fr\/wp-json\/wp\/v2\/pages"}],"about":[{"href":"https:\/\/www.claude-arnaud.com\/fr\/wp-json\/wp\/v2\/types\/page"}],"author":[{"embeddable":true,"href":"https:\/\/www.claude-arnaud.com\/fr\/wp-json\/wp\/v2\/users\/1"}],"replies":[{"embeddable":true,"href":"https:\/\/www.claude-arnaud.com\/fr\/wp-json\/wp\/v2\/comments?post=89"}],"version-history":[{"count":71,"href":"https:\/\/www.claude-arnaud.com\/fr\/wp-json\/wp\/v2\/pages\/89\/revisions"}],"predecessor-version":[{"id":14115,"href":"https:\/\/www.claude-arnaud.com\/fr\/wp-json\/wp\/v2\/pages\/89\/revisions\/14115"}],"up":[{"embeddable":true,"href":"https:\/\/www.claude-arnaud.com\/fr\/wp-json\/wp\/v2\/pages\/87"}],"wp:attachment":[{"href":"https:\/\/www.claude-arnaud.com\/fr\/wp-json\/wp\/v2\/media?parent=89"}],"curies":[{"name":"wp","href":"https:\/\/api.w.org\/{rel}","templated":true}]}}