{"id":8861,"date":"2018-05-05T12:12:54","date_gmt":"2018-05-05T12:12:54","guid":{"rendered":"http:\/\/www.claude-arnaud.com\/fr\/?page_id=8861"},"modified":"2024-11-04T20:18:43","modified_gmt":"2024-11-04T19:18:43","slug":"chamfort-en-holland-en-neederland","status":"publish","type":"page","link":"https:\/\/www.claude-arnaud.com\/fr\/biographies\/chamfort\/chamfort-en-holland-en-neederland","title":{"rendered":"Chamfort : in Neederland\/ en Hollande"},"content":{"rendered":"<table border=\"0\" width=\"100%\">\n<tbody>\n<tr>\n<td colspan=\"2\">\n<h6><strong><span style=\"color: #008000;\"><em><a href=\"http:\/\/www.claude-arnaud.com\/fr\/wp-content\/uploads\/2018\/05\/images_3.jpg\"><img loading=\"lazy\" decoding=\"async\" class=\"alignleft size-full wp-image-8885\" title=\"\" src=\"http:\/\/www.claude-arnaud.com\/fr\/wp-content\/uploads\/2018\/05\/images_3.jpg\" alt=\"\" width=\"96\" height=\"64\" \/><\/a><\/em><\/span><\/strong><\/h6>\n<h6><strong>\u00a0<\/strong><\/h6>\n<h6><strong>(LA TRADUCTION FRAN\u00e7aise suit, dans la deuxi\u00e8me partie de cette<img loading=\"lazy\" decoding=\"async\" class=\"alignright  wp-image-10878\" src=\"http:\/\/www.claude-arnaud.com\/fr\/wp-content\/uploads\/2021\/01\/thumbnail.jpg\" alt=\"\" width=\"231\" height=\"335\" \/> page)<\/strong><\/h6>\n<h6><strong><span style=\"color: #008000;\"><em>*CHAMFORT<\/em><\/span> is vertaald in <span style=\"color: #008000;\">nederlands<\/span>, De Arbeiderspers, <span style=\"color: #008000;\">in HET JAAR 1999<\/span>, vertaalde door <span style=\"color: #008000;\">Edu Borger<\/span>, onder der titel : <span style=\"color: #008000;\"><em>Chamfort. Biografie, gevolgd door zeventig niet eerder gepubliceerde of nooit herdrukte maximes, anekdotes, uitspraken en dialogen<\/em><\/span> (Serie: Open Domein, deel 33; vertaling Edu Borger), Amsterdam: Arbeiderspers 1999 (ISBN: 90-295-0008-5\/NGU 321).<\/strong><\/h6>\n<h6><\/h6>\n<h6><strong><a href=\"http:\/\/www.claude-arnaud.com\/fr\/wp-content\/uploads\/2018\/05\/798px-Volkskrant.svg_.png\"><img loading=\"lazy\" decoding=\"async\" class=\"alignleft  wp-image-9097\" title=\"798px-Volkskrant.svg\" src=\"http:\/\/www.claude-arnaud.com\/fr\/wp-content\/uploads\/2018\/05\/798px-Volkskrant.svg_.png\" alt=\"\" width=\"286\" height=\"43\" srcset=\"https:\/\/www.claude-arnaud.com\/fr\/wp-content\/uploads\/2018\/05\/798px-Volkskrant.svg_.png 798w, https:\/\/www.claude-arnaud.com\/fr\/wp-content\/uploads\/2018\/05\/798px-Volkskrant.svg_-300x46.png 300w\" sizes=\"auto, (max-width: 286px) 100vw, 286px\" \/><\/a><\/strong><\/h6>\n<h6><strong>*\u00a0\u00bbMaar het wonderlijke is dat <span style=\"color: #008000;\">Arnauds Chamfort-biografie<\/span> ondanks die twee handicaps een monument van scherpzinnigheid en beoordelingsvermogen is. Dat komt doordat <span style=\"color: #008000;\">Arnaud<\/span> iets doet dat wij, in de <span style=\"color: #008000;\">prille Nederlandse biografische traditie van het bijna voltooide decennium<\/span>, hoegenaamd niet kennen: hij schrijft als een dichter en denker, hij schrijft als was hij een gesprekspartner van zijn onderwerp. <span style=\"color: #008000;\">Chamfort<\/span> is voor <span style=\"color: #008000;\">Arnaud<\/span> geen vreemde snuiter met een eigenaardig levensverhaal, die om redenen van excentriciteit of postume roem een biografie verdient, maar een vermoedelijke geestverwant, een mogelijke vriend en in ieder geval een gedoodverfde gesprekspartner. <span style=\"color: #008000;\">Arnaud heeft over de kloof van twee eeuwen heen <span style=\"color: #333300;\">een man herkend en hij heeft kennelijk besloten<\/span> het voor hem op te nemen.\u00a0\u00bbMicha\u00ebl Zeeman<span style=\"color: #333300;\">, <em>de Volksrant<\/em>,<\/span> 30 april 1999. LEeS HEt <a href=\"http:\/\/www.claude-arnaud.com\/fr\/wp-content\/uploads\/2018\/05\/Hollande-De-Volkskrant\u00a0\u00bb.pdf\">Hele artikel<\/a>&#8230;<\/span><\/strong><\/h6>\n<h6><strong><a href=\"http:\/\/www.claude-arnaud.com\/fr\/wp-content\/uploads\/2018\/05\/NRC-Handelsblad_large.png\"><img loading=\"lazy\" decoding=\"async\" class=\"alignleft  wp-image-9098\" title=\"NRC-Handelsblad_large\" src=\"http:\/\/www.claude-arnaud.com\/fr\/wp-content\/uploads\/2018\/05\/NRC-Handelsblad_large.png\" alt=\"\" width=\"250\" height=\"138\" \/><\/a>*\u00a0\u00bb <span style=\"color: #008000;\">Arnaud<\/span> is er duidelijk niet op uit om Chamfort te verketteren, evenmin heeft hij een `simpele morele rehabilitatie&rsquo; willen schrijven. <span style=\"color: #008000;\">Eerder laat hij de complexiteitvan dit leven, met zijn vele tegenstrijdighe den, zo volle dig mogelijk tot uiting komen. Dat maakt de lectuur van zijn boe<\/span>k, dat biografie en essay in\u00e9\u00e9n is, opwindend, zij &lsquo;t niet altijd even eenvoudig, aangezien <span style=\"color: #008000;\">Arnaud<\/span> met zijn bevlogen verteltrant zelden de moeite neemt alle histori scheins and outs voor de lezer uit te spellen. Je moet er het hoofd goed bijhouden, maar dan lees je ook een biografie <span style=\"color: #008000;\">die vanwege haarempathische betrokkenheid en haar psychologische, historische en literaire diepgang voor beeldig mag heten<\/span>\u00a0\u00bb Arnold Heumakers, <a title=\"nl wp\" href=\"http:\/\/www.arnoldheumakers.nl\/wp-content\/uploads\/2017\/03\/Chamfort.-Biografie.pdf\" target=\"_blank\" rel=\"noopener\">NRC Handelsblat, 28\/05\/1999<\/a>&#8230; <a title=\"arc\" href=\"https:\/\/www.nrc.nl\/nieuws\/1999\/05\/28\/het-dubbelzinnige-leven-van-een-bastaard-7448715-a186856\" target=\"_blank\" rel=\"noopener\">OFWEL<\/a>&#8230;<\/strong><\/h6>\n<h6><strong>*<a href=\"http:\/\/www.claude-arnaud.com\/fr\/wp-content\/uploads\/2018\/05\/512px-De_Standaard_logo.svg_.png\"><img loading=\"lazy\" decoding=\"async\" class=\"alignleft  wp-image-9108\" title=\"512px-De_Standaard_logo.svg\" src=\"http:\/\/www.claude-arnaud.com\/fr\/wp-content\/uploads\/2018\/05\/512px-De_Standaard_logo.svg_-300x164.png\" alt=\"\" width=\"210\" height=\"115\" srcset=\"https:\/\/www.claude-arnaud.com\/fr\/wp-content\/uploads\/2018\/05\/512px-De_Standaard_logo.svg_-300x164.png 300w, https:\/\/www.claude-arnaud.com\/fr\/wp-content\/uploads\/2018\/05\/512px-De_Standaard_logo.svg_.png 512w\" sizes=\"auto, (max-width: 210px) 100vw, 210px\" \/><\/a>\u00ab\u00a0<span style=\"color: #008000;\">Claude Arnauds<\/span> drievoudig bekroonde levensbeschrijving van <span style=\"color: #008000;\">Chamfort<\/span>: Daarin hoopt <span style=\"color: #008000;\">de Franse romancier en criticus Claude Arnaud<\/span> verandering te brengen metChamfort, de\u00a0biografie\u00a0van een <span style=\"color: #008000;\">misantropisch moralist<\/span>, die nu ook in&#8230;\u00a0\u00bb <a title=\"standaard\" href=\"https:\/\/WWW.STANDAARD.BE\/CNT\/DEXC23032000_006\" target=\"_blank\" rel=\"noopener\">lees het hele artikel<\/a>&#8230;<\/strong><\/h6>\n<h6><strong><span style=\"color: #008000;\"><a href=\"http:\/\/www.claude-arnaud.com\/fr\/wp-content\/uploads\/2018\/05\/800px-TrouwLogo.jpg\"><img loading=\"lazy\" decoding=\"async\" class=\"alignleft size-medium wp-image-9105\" title=\"800px-TrouwLogo\" src=\"http:\/\/www.claude-arnaud.com\/fr\/wp-content\/uploads\/2018\/05\/800px-TrouwLogo-300x90.jpg\" alt=\"\" width=\"300\" height=\"90\" srcset=\"https:\/\/www.claude-arnaud.com\/fr\/wp-content\/uploads\/2018\/05\/800px-TrouwLogo-300x90.jpg 300w, https:\/\/www.claude-arnaud.com\/fr\/wp-content\/uploads\/2018\/05\/800px-TrouwLogo.jpg 800w\" sizes=\"auto, (max-width: 300px) 100vw, 300px\" \/><\/a>*\u00a0\u00bbDe zoveelste paradox is dan dat de man <span style=\"color: #333300;\">die geen literator wilde zijn maar een revolutionair,<\/span> zijns ondanks toch als kunstenaar, als briljant duider van de menselijke zielenroerselen de geschiedenis is ingegaan. <\/span><\/strong><span style=\"color: #008000;\"><span style=\"color: #333300;\">Claude Arnaud<\/span><\/span><strong><span style=\"color: #008000;\"><span style=\"color: #333300;\"> geeft in zijn biografie een zeer uitgebreide,<\/span> voor een leek overigens bijzonder lastig te volgen analyse van Chamforts politieke activiteiten. <span style=\"color: #333300;\">Die namen op een gegeven moment indrukwekkende vormen aan, maar konden blijkbaar toch niet verhinderen dat Chamfort in geen enkel boek over de Franse Revolutie een serieuze plaats krijgt toegewezen.<\/span> Waarom? Was de ex-aristocraat te kameleontisch? Te individualistisch? Twijfelde hij te veel? Had hij meer moeten schrijven? Minder? Was hij te veel, te weinig misantroop?\u00a0\u00bb\u00a0<span style=\"color: #333300;\">JORIS VERMEULEN,<\/span><em>trouw,<\/em><time datetime=\"29 mei 1999\">29 mei 1999.<br \/>\n<\/time><\/span><\/strong><\/h6>\n<h6><strong><a href=\"http:\/\/www.claude-arnaud.com\/fr\/wp-content\/uploads\/2018\/05\/streven500px.png\"><img loading=\"lazy\" decoding=\"async\" class=\"alignleft size-medium wp-image-9113\" title=\"streven500px\" src=\"http:\/\/www.claude-arnaud.com\/fr\/wp-content\/uploads\/2018\/05\/streven500px-300x79.png\" alt=\"\" width=\"300\" height=\"79\" srcset=\"https:\/\/www.claude-arnaud.com\/fr\/wp-content\/uploads\/2018\/05\/streven500px-300x79.png 300w, https:\/\/www.claude-arnaud.com\/fr\/wp-content\/uploads\/2018\/05\/streven500px.png 500w\" sizes=\"auto, (max-width: 300px) 100vw, 300px\" \/><\/a>*\u00a0\u00bbEigenlijk was alles dubbelzinnig aan <span style=\"color: #008000;\">Chamfort<\/span>, de \u2018beroemde onbekende\u2019 achttiende-eeuwse Franse moralist die met zijn postuum verschenen <em><span style=\"color: #008000;\">Maximes et pens\u00e9es, caract\u00e8res et anecdotes<\/span><\/em> zoveel indruk zou maken op <span style=\"color: #008000;\">Schopenhauer<\/span> en <span style=\"color: #008000;\">Nietzsche<\/span>. En dubbelzinnige figuren intrigeren ons wel. Rechtlijnige consequentie verspreidt de geur van saaiheid. Geen wonder dat <span style=\"color: #008000;\">Claude Arnaud<\/span> met zijn biografie van <span style=\"color: #008000;\">Chamfort<\/span> maar liefst drie prijzen in de wacht sleepte, waaronder de <span style=\"color: #008000;\">prestigieuze Prix de l\u2019Essai de l\u2019Acad\u00e9mie Fran\u00e7aise,<\/span>ook al heeft hij dan tien jaar moeten wachten op een Nederlandse vertaling. Die is pas in 1998 uitgekomen, als nummer 33 in de bekende reeks Open Domein\u00a0\u00bb.\u00a0<span style=\"color: #008000;\">Guido Vanheeswijck, <em>streven<\/em>\u00a0<\/span>\u00ab\u00a0De souffleur van de Franse Revolutie\u00a0\u00bb.\u00a0<strong><a title=\"streven\" href=\"https:\/\/streventijdschrift.be\/de-souffleur-van-de-franse-revolutie\/\" target=\"_blank\" rel=\"noopener\">LEES HET HELE ARTIKE<\/a>l<\/strong>&#8230;<\/strong><\/h6>\n<h6><strong><span style=\"color: #008000;\">*VINDEN Dat BOEK<\/span> in NEEDERLAND :<a title=\"Antiquarian books\" href=\"http:\/\/www.antiqbook.com\/books\/speedsearch.php\" target=\"_blank\" rel=\"noopener\">www.antiqbook.com<\/a><\/strong><\/h6>\n<h6><strong>&#8230;In\u00a0Frankrijk :<a title=\"abebooks\" href=\"http:\/\/www.abebooks.fr\/servlet\/SearchResults?an=claude+arnaud&amp;bsi=30&amp;dj=on&amp;sortby=3&amp;prevpage=1\" target=\"_blank\" rel=\"noopener\"> www.abebooks.com<\/a><\/strong><\/h6>\n<h6><strong>*<a title=\"dieterwunderlich\" href=\"http:\/\/www.dieterwunderlich.de\/Nicolas-Chamfort.htm\" target=\"_blank\" rel=\"noopener\">\u00fcber chamfort<\/a>&#8230;<\/strong><\/h6>\n<h6><strong><a href=\"http:\/\/www.claude-arnaud.com\/fr\/wp-content\/uploads\/2016\/07\/255px-Flag_of_France.svg_.png\"><img loading=\"lazy\" decoding=\"async\" class=\"alignleft  wp-image-6826\" title=\"255px-Flag_of_France.svg\" src=\"http:\/\/www.claude-arnaud.com\/fr\/wp-content\/uploads\/2016\/07\/255px-Flag_of_France.svg_.png\" alt=\"\" width=\"92\" height=\"61\" \/><\/a>*Le <em>CHAMFORT<\/em> de <span style=\"color: #008000;\">CLAUDE ARNAUD<\/span> a \u00e9t\u00e9 traduit en Hollande, <span style=\"color: #008000;\">chez Arbeiderspers,<\/span> en 1999, dans une traduction de <span style=\"color: #008000;\">Edu Borger<\/span>, sous le titre: <em>Chamfort. Biografie, gevolgd door zeventig niet eerder gepubliceerde of nooit herdrukte maximes, anekdotes, uitspraken en dialogen<\/em> (Serie: Open Domein, deel 33; vertaling Edu Borger), Amsterdam: Arbeiderspers 1999 (ISBN: 90-295-0008-5\/NGU 321).<\/strong><\/h6>\n<h6><strong>*<a href=\"http:\/\/www.claude-arnaud.com\/fr\/wp-content\/uploads\/2018\/05\/798px-Volkskrant.svg_.png\"><img loading=\"lazy\" decoding=\"async\" class=\"alignleft size-medium wp-image-9097\" title=\"798px-Volkskrant.svg\" src=\"http:\/\/www.claude-arnaud.com\/fr\/wp-content\/uploads\/2018\/05\/798px-Volkskrant.svg_-300x46.png\" alt=\"\" width=\"300\" height=\"46\" srcset=\"https:\/\/www.claude-arnaud.com\/fr\/wp-content\/uploads\/2018\/05\/798px-Volkskrant.svg_-300x46.png 300w, https:\/\/www.claude-arnaud.com\/fr\/wp-content\/uploads\/2018\/05\/798px-Volkskrant.svg_.png 798w\" sizes=\"auto, (max-width: 300px) 100vw, 300px\" \/><\/a>\u00ab\u00a0le <span style=\"color: #008000;\">merveilleux<\/span> est que la biographie de Chamfort par <span style=\"color: #008000;\">Claude Arnaud<\/span>, malgr\u00e9 ces deux handicaps, <span style=\"color: #008000;\">est un monument d&rsquo;acuit\u00e9 et de perspicacit\u00e9.<\/span>\u00a0 Arnaud fait quelque chose que nous ne savons pas faire, dans la premi\u00e8re <span style=\"color: #008000;\">tradition biographique hollandaise<\/span> de la d\u00e9cennie presque achev\u00e9e: <span style=\"color: #008000;\">il \u00e9crit comme un po\u00e8te et un penseur, <span style=\"color: #333300;\">comme s&rsquo;il \u00e9tait en discussion avec son sujet<\/span>.<\/span> Pour Arnaud, Chamfort n&rsquo;est pas \u00e9tranger <span style=\"color: #008000;\">avec une vie singuli\u00e8re<\/span>, m\u00e9ritant une biographie pour des raisons d&rsquo;excentricit\u00e9 ou de c\u00e9l\u00e9brit\u00e9 posthume: <span style=\"color: #008000;\">il est l&rsquo;ombre d&rsquo;une \u00e2me s\u0153ur, un ami possible, en tout cas un audacieux partenaire de conversation.<\/span> Arnaud a reconnu un homme \u00e0 travers le foss\u00e9 de deux si\u00e8cles, <span style=\"color: #008000;\">et il a d\u00e9cid\u00e9 de le faire sien.\u00a0\u00bb<span style=\"color: #003300;\">Micha\u00ebl Zeeman<\/span>, <em>de Volksrant<\/em>, <span style=\"color: #003300;\">30 avril 1999. lire <strong><a href=\"http:\/\/www.claude-arnaud.com\/fr\/wp-content\/uploads\/2018\/05\/Hollande-De-Volkskrant\u00a0\u00bb.pdf\">cet article (en neerlandais)<\/a>&#8230;<\/strong><br \/>\n<\/span><\/span><\/strong><\/h6>\n<h6><strong>*<a href=\"http:\/\/www.claude-arnaud.com\/fr\/wp-content\/uploads\/2018\/05\/NRC-Handelsblad_large.png\"><img loading=\"lazy\" decoding=\"async\" class=\"alignleft size-full wp-image-9098\" title=\"NRC-Handelsblad_large\" src=\"http:\/\/www.claude-arnaud.com\/fr\/wp-content\/uploads\/2018\/05\/NRC-Handelsblad_large.png\" alt=\"\" width=\"300\" height=\"166\" \/><\/a>\u00ab\u00a0<span style=\"color: #008000;\">Arnaud<\/span> n&rsquo;a aucune h\u00e2te de sanctionner <span style=\"color: #008000;\">Chamfort<\/span>, ni m\u00eame d&rsquo;\u00e9crire une <span style=\"color: #008000;\">\u00absimple r\u00e9habilitation morale\u00bb.<\/span> Au contraire, il montre la <span style=\"color: #008000;\">complexit\u00e9<\/span> de cette vie, <span style=\"color: #008000;\">avec ses innombrables contradictions, aussi compl\u00e8tement que possible.<\/span> Cela rend passionnante la lecture de son livre,\u00a0<span style=\"color: #008000;\"> une biographie et un essai \u00e0 la fois,<\/span> mais pas toujours facile, <span style=\"color: #008000;\">Arnaud, <span style=\"color: #333300;\">tout \u00e0 son style de conteur enthousiaste<\/span>, prenant rarement la peine de <span style=\"color: #003300;\">pr\u00e9ciser<\/span> tous les tenants et <span style=\"color: #003300;\">aboutissants<\/span> historiques de cette histoire<\/span>. Vous devez le suivre attentivement, <span style=\"color: #008000;\">tout au long d&rsquo;une biographie que l&rsquo;on peut qualifier d&rsquo;exemplaire<\/span> en raison <span style=\"color: #008000;\">de son implication <span style=\"color: #003300;\">empathique<\/span> et de sa profondeur psychologique<\/span>, historique et litt\u00e9raire.\u00a0\u00bb<span style=\"color: #008000;\">Arnold Heumakers<\/span>, <a title=\"nl wp\" href=\"http:\/\/www.arnoldheumakers.nl\/wp-content\/uploads\/2017\/03\/Chamfort.-Biografie.pdf\" target=\"_blank\" rel=\"noopener\">NRC Handelsblat, 28\/05\/1999<\/a>&#8230;<\/strong><\/h6>\n<h6><strong>*<a href=\"http:\/\/www.claude-arnaud.com\/fr\/wp-content\/uploads\/2018\/05\/800px-TrouwLogo.jpg\"><img loading=\"lazy\" decoding=\"async\" class=\"alignleft size-medium wp-image-9105\" title=\"800px-TrouwLogo\" src=\"http:\/\/www.claude-arnaud.com\/fr\/wp-content\/uploads\/2018\/05\/800px-TrouwLogo-300x90.jpg\" alt=\"\" width=\"300\" height=\"90\" srcset=\"https:\/\/www.claude-arnaud.com\/fr\/wp-content\/uploads\/2018\/05\/800px-TrouwLogo-300x90.jpg 300w, https:\/\/www.claude-arnaud.com\/fr\/wp-content\/uploads\/2018\/05\/800px-TrouwLogo.jpg 800w\" sizes=\"auto, (max-width: 300px) 100vw, 300px\" \/><\/a>\u00ab\u00a0L&rsquo;\u00e9ni\u00e8me paradoxe est que cet homme <span style=\"color: #008000;\">qui ne voulait pas \u00eatre un \u00e9crivain mais un r\u00e9volutionnaire<\/span>, en d\u00e9pit de s&rsquo;imposer comme un artiste <span style=\"color: #008000;\">\u00e9clairant BRILLAmment les tr\u00e9fonds de l&rsquo;\u00e2me humaine<\/span>, est entr\u00e9 dans <span style=\"color: #008000;\">l&rsquo;histoire<\/span>. Dans sa biographie, <span style=\"color: #008000;\">Claude Arnaud<\/span> donne une analyse tr\u00e8s <span style=\"color: #008000;\">approfondie<\/span> de ses activit\u00e9s politiques, pas toujours faciles \u00e0 suivre pour un profane. \u00a0ELLEs ont pu prendre des formes impressionnantes, mais ont emp\u00each\u00e9 <span style=\"color: #008000;\">Chamfort d&rsquo;occuper une place s\u00e9rieuse dans aucun livre sur la R\u00e9volution fran\u00e7aise.<\/span> L&rsquo;ex-aristocrate \u00e9tait-il trop <span style=\"color: #008000;\">cam\u00e9l\u00e9on<\/span>? Trop individualiste? Avait-il trop dout\u00e9? <span style=\"color: #008000;\">Aurait-il d\u00fb \u00e9crire plus?<\/span> Moins? <span style=\"color: #008000;\">\u00c9tait-il trop, trop peu, misanthrope?<\/span>\u00a0\u00bb JORIS VERMEULEN, <em>trouw,<\/em>\u00a0<\/strong><time datetime=\"29 mei 1999\">29 mai 1999.<br \/>\n<\/time><\/h6>\n<h6><strong><a href=\"http:\/\/www.claude-arnaud.com\/fr\/wp-content\/uploads\/2018\/05\/streven500px.png\"><img loading=\"lazy\" decoding=\"async\" class=\"alignleft size-medium wp-image-9113\" title=\"streven500px\" src=\"http:\/\/www.claude-arnaud.com\/fr\/wp-content\/uploads\/2018\/05\/streven500px-300x79.png\" alt=\"\" width=\"300\" height=\"79\" srcset=\"https:\/\/www.claude-arnaud.com\/fr\/wp-content\/uploads\/2018\/05\/streven500px-300x79.png 300w, https:\/\/www.claude-arnaud.com\/fr\/wp-content\/uploads\/2018\/05\/streven500px.png 500w\" sizes=\"auto, (max-width: 300px) 100vw, 300px\" \/><\/a>*\u00a0\u00bbEn fait, tout \u00e9tait ambigu chez <span style=\"color: #008000;\">Chamfort<\/span>, le moraliste fran\u00e7ais du dix-huiti\u00e8me si\u00e8cle, <span style=\"color: #008000;\">\u00abce c\u00e9l\u00e8bre inconnu\u00bb qui,<\/span> avec ses maximes et pens\u00e9es, caract\u00e8res et anecdotes\u00a0<strong>POSTHUMES<\/strong>, fera une telle impression <span style=\"color: #008000;\">sur Schopenhauer et Nietzsche<\/span>. Et les figures ambigu\u00ebs nous intriguent&#8230; Rien d&rsquo;\u00e9tonnant \u00e0 ce que <span style=\"color: #008000;\">Claude Arnaud<\/span>, avec sa biographie de <span style=\"color: #008000;\">Chamfort<\/span>, ait remport\u00e9 pas moins de trois prix, <span style=\"color: #008000;\">dont le prestigieux Prix de l&rsquo;Essai de l&rsquo;Acad\u00e9mie Fran\u00e7aise,<\/span> m\u00eame s&rsquo;il a d\u00fb attendre dix ans pour une traduction en n\u00e9erlandais, qui n&rsquo;a \u00e9t\u00e9 publi\u00e9e qu&rsquo;en 1998, <span style=\"color: #008000;\">sous le num\u00e9ro 33<\/span>, dans la c\u00e9l\u00e8bre s\u00e9rie \u00ab\u00a0Open Domain\u00a0\u00bb.<span style=\"color: #008000;\">\u00a0Guido Vanheeswijck<\/span><\/strong>, <strong>\u00ab\u00a0le souffleur de la r\u00e9volution fran\u00e7aise\u00a0\u00bb,<\/strong>\u00a0<strong><em>streven.<\/em><\/strong><\/h6>\n<h6><strong>*Pour trouver ce livre <span style=\"color: #008000;\">en Hollande <\/span><\/strong>:<a href=\"https:\/\/www.damokles.nu\/call.php?action=myproduct&amp;productid=4055.1\" target=\"_blank\" rel=\"noopener\">www.damokles.nu<\/a><strong>&#8230;<\/strong><\/h6>\n<h6><strong><span style=\"color: #008000;\">ET en Europe<\/span><\/strong> : <a href=\"https:\/\/www.antiqbook.com\/books\/bookinfo.phtml?nr=1481002846&amp;l=en&amp;seller=-csmx\" target=\"_blank\" rel=\"noopener\">www.antiqbook.com<\/a><\/h6>\n<\/td>\n<\/tr>\n<\/tbody>\n<\/table>\n","protected":false},"excerpt":{"rendered":"<p>\u00a0 (LA TRADUCTION FRAN\u00e7aise suit, dans la deuxi\u00e8me partie de cette page) *CHAMFORT is vertaald in nederlands, De Arbeiderspers, in HET JAAR 1999, vertaalde door Edu Borger, onder der titel : Chamfort. Biografie, gevolgd door zeventig niet eerder gepubliceerde of nooit herdrukte maximes, anekdotes, uitspraken en dialogen (Serie: Open Domein, deel 33; vertaling Edu Borger), [&hellip;]<\/p>\n","protected":false},"author":2,"featured_media":0,"parent":20,"menu_order":7,"comment_status":"open","ping_status":"open","template":"","meta":{"footnotes":""},"class_list":["post-8861","page","type-page","status-publish","hentry","count-0","even alt","author-claude-arnaud","last"],"post_mailing_queue_ids":[],"_links":{"self":[{"href":"https:\/\/www.claude-arnaud.com\/fr\/wp-json\/wp\/v2\/pages\/8861","targetHints":{"allow":["GET"]}}],"collection":[{"href":"https:\/\/www.claude-arnaud.com\/fr\/wp-json\/wp\/v2\/pages"}],"about":[{"href":"https:\/\/www.claude-arnaud.com\/fr\/wp-json\/wp\/v2\/types\/page"}],"author":[{"embeddable":true,"href":"https:\/\/www.claude-arnaud.com\/fr\/wp-json\/wp\/v2\/users\/2"}],"replies":[{"embeddable":true,"href":"https:\/\/www.claude-arnaud.com\/fr\/wp-json\/wp\/v2\/comments?post=8861"}],"version-history":[{"count":43,"href":"https:\/\/www.claude-arnaud.com\/fr\/wp-json\/wp\/v2\/pages\/8861\/revisions"}],"predecessor-version":[{"id":16359,"href":"https:\/\/www.claude-arnaud.com\/fr\/wp-json\/wp\/v2\/pages\/8861\/revisions\/16359"}],"up":[{"embeddable":true,"href":"https:\/\/www.claude-arnaud.com\/fr\/wp-json\/wp\/v2\/pages\/20"}],"wp:attachment":[{"href":"https:\/\/www.claude-arnaud.com\/fr\/wp-json\/wp\/v2\/media?parent=8861"}],"curies":[{"name":"wp","href":"https:\/\/api.w.org\/{rel}","templated":true}]}}