{"id":85,"date":"2009-05-26T20:20:36","date_gmt":"2009-05-26T18:20:36","guid":{"rendered":"http:\/\/www.claude-arnaud.com\/fr\/?page_id=85"},"modified":"2021-01-18T22:49:21","modified_gmt":"2021-01-18T21:49:21","slug":"le-jeu-des-quatre-coins-a-letranger-abroad","status":"publish","type":"page","link":"https:\/\/www.claude-arnaud.com\/fr\/romans\/le-jeu-des-quatre-coins\/le-jeu-des-quatre-coins-a-letranger-abroad","title":{"rendered":"Le Jeu des quatre coins : abroad\/ \u00e0 l\u2019\u00e9tranger"},"content":{"rendered":"<h6><span style=\"color: #008000;\"><strong><a href=\"http:\/\/www.claude-arnaud.com\/fr\/romans\/9782246538813-t\" rel=\"attachment wp-att-10654\"><img loading=\"lazy\" decoding=\"async\" class=\"alignleft size-medium wp-image-10654\" src=\"http:\/\/www.claude-arnaud.com\/fr\/wp-content\/uploads\/2021\/01\/9782246538813-T-184x300.jpg\" alt=\"\" width=\"184\" height=\"300\" srcset=\"https:\/\/www.claude-arnaud.com\/fr\/wp-content\/uploads\/2021\/01\/9782246538813-T-184x300.jpg 184w, https:\/\/www.claude-arnaud.com\/fr\/wp-content\/uploads\/2021\/01\/9782246538813-T.jpg 600w\" sizes=\"auto, (max-width: 184px) 100vw, 184px\" \/><\/a>Foreign rights<\/strong><\/span> : <strong>Heidi Warneke<\/strong>, Grasset editor. <span style=\"color: #008000;\"><strong>Ph: 0033 144392212<\/strong><\/span><\/h6>\n<h6><strong>E-mail<\/strong> : <a href=\"mailto:hwarneke@grasset.fr\" target=\"_blank\" rel=\"noopener\">hwarneke@grasset.fr<\/a><\/h6>\n<h6><span style=\"color: #008000;\"><strong><a href=\"http:\/\/www.claude-arnaud.com\/fr\/wp-content\/uploads\/2016\/01\/latest.jpg\"><img loading=\"lazy\" decoding=\"async\" class=\"alignleft  wp-image-6383\" title=\"latest\" src=\"http:\/\/www.claude-arnaud.com\/fr\/wp-content\/uploads\/2016\/01\/latest.jpg\" alt=\"\" width=\"60\" height=\"40\" srcset=\"https:\/\/www.claude-arnaud.com\/fr\/wp-content\/uploads\/2016\/01\/latest.jpg 324w, https:\/\/www.claude-arnaud.com\/fr\/wp-content\/uploads\/2016\/01\/latest-300x200.jpg 300w\" sizes=\"auto, (max-width: 60px) 100vw, 60px\" \/><\/a>*Pour trouver<\/strong><\/span> ce livre <a title=\"payot ch\" href=\"https:\/\/www.payot.ch\/Detail\/le_jeu_des_quatre_coins-claude_arnaud_-9782246538813\" target=\"_blank\" rel=\"noopener\">en Suisse<\/a>&#8230; ET <a title=\"bertrand\" href=\"https:\/\/www.bertrand.pt\/livro\/le-jeu-des-quatre-coins-claude-arnaud\/7714067\" target=\"_blank\" rel=\"noopener\">AU PORTUGAL<\/a>&#8230;<a href=\"http:\/\/www.claude-arnaud.com\/fr\/wp-content\/uploads\/2013\/03\/drapeau-portugal.jpg\"><img loading=\"lazy\" decoding=\"async\" class=\"alignright  wp-image-4668\" title=\"drapeau-portugal\" src=\"http:\/\/www.claude-arnaud.com\/fr\/wp-content\/uploads\/2013\/03\/drapeau-portugal.jpg\" alt=\"\" width=\"66\" height=\"66\" srcset=\"https:\/\/www.claude-arnaud.com\/fr\/wp-content\/uploads\/2013\/03\/drapeau-portugal.jpg 200w, https:\/\/www.claude-arnaud.com\/fr\/wp-content\/uploads\/2013\/03\/drapeau-portugal-150x150.jpg 150w, https:\/\/www.claude-arnaud.com\/fr\/wp-content\/uploads\/2013\/03\/drapeau-portugal-48x48.jpg 48w\" sizes=\"auto, (max-width: 66px) 100vw, 66px\" \/><\/a><\/h6>\n<h6><\/h6>\n<h6><strong><a href=\"http:\/\/www.claude-arnaud.com\/fr\/wp-content\/uploads\/2010\/08\/images10.jpg\"><img loading=\"lazy\" decoding=\"async\" class=\"alignleft size-full wp-image-1919\" title=\"images\" src=\"http:\/\/www.claude-arnaud.com\/fr\/wp-content\/uploads\/2010\/08\/images10.jpg\" alt=\"\" width=\"91\" height=\"45\" \/><\/a>*Pour trouver <a title=\"lib pantoute\" href=\"http:\/\/pantoute.leslibraires.ca\/livres\/jeu-des-quatre-coins-claude-arnaud-9782246538813.html\" target=\"_blank\" rel=\"noopener\">ce livre au Canada<\/a>&#8230;<\/strong><\/h6>\n<h6>.<a title=\"gallimard canada\" href=\"http:\/\/www.gallimardmontreal.com\/catalogue\/livre\/jeu-des-quatre-coins-arnaud-claude-9782246538813\" target=\"_blank\" rel=\"noopener\">.. et encore.<\/a> Ou au <a title=\"amazon\" href=\"http:\/\/www.amazon.fr\/Le-jeu-quatre-coins-ebook\/dp\/B005PTZBFU\" target=\"_blank\" rel=\"noopener\">format \u00e9lectronique (kindle)&#8230;<\/a><\/h6>\n<h6><a href=\"http:\/\/www.claude-arnaud.com\/fr\/wp-content\/uploads\/2017\/09\/drapeau-tunisie.jpg\" rel=\"group-3group-3group-3\"><img loading=\"lazy\" decoding=\"async\" title=\"drapeau-tunisie\" src=\"http:\/\/www.claude-arnaud.com\/fr\/wp-content\/uploads\/2017\/09\/drapeau-tunisie-150x150.jpg\" alt=\"\" width=\"91\" height=\"91\" \/><\/a><strong>*\u2026ET en<\/strong> <span style=\"color: #008000;\"><strong>tunisie<\/strong>,<\/span> via la <a title=\"al kitab\" href=\"https:\/\/www.alkitab.tn\/listeliv.php?base=&amp;form_recherche_avancee=ok&amp;auteurs=Claude%20Arnaud\" target=\"_blank\" rel=\"noopener\">librairie Al kitab<\/a>\u2026<\/h6>\n<h6><strong><a href=\"http:\/\/www.claude-arnaud.com\/fr\/wp-content\/uploads\/2010\/08\/images14.jpg\"><img loading=\"lazy\" decoding=\"async\" class=\"alignleft size-full wp-image-2111\" title=\"images\" src=\"http:\/\/www.claude-arnaud.com\/fr\/wp-content\/uploads\/2010\/08\/images14.jpg\" alt=\"\" width=\"64\" height=\"64\" \/><\/a>TROVARE<a title=\"amazon it\" href=\"https:\/\/www.amazon.it\/quatre-coins-Litt\u00e9rature-Fran\u00e7aise-French-ebook\/dp\/B005PTZBFU\/ref=sr_1_1?s=books&amp;ie=UTF8&amp;qid=1526291491&amp;sr=8-1&amp;keywords=claude+arnaud+%2B+jeu+des+quatre+coins\" target=\"_blank\" rel=\"noopener\"> QUESTO ROMANZO IN ITALIA<\/a>\u00a0( e leggere l&rsquo;estratto)&#8230;<\/strong><\/h6>\n<p><a href=\"http:\/\/www.claude-arnaud.com\/fr\/wp-content\/uploads\/2010\/08\/allemagne_drapeau.gif\"><img loading=\"lazy\" decoding=\"async\" class=\"alignleft  wp-image-1951\" title=\"allemagne_drapeau\" src=\"http:\/\/www.claude-arnaud.com\/fr\/wp-content\/uploads\/2010\/08\/allemagne_drapeau.gif\" alt=\"\" width=\"91\" height=\"61\" \/><\/a><\/p>\n<h6><strong>Das Buch bestellen<\/strong> <a title=\"de book de\" href=\"https:\/\/itunes.apple.com\/de\/book\/le-jeu-des-quatre-coins\/id373347452?mt=11\" target=\"_blank\" rel=\"noopener\">in Deutschland<\/a>&#8230;<\/h6>\n<h6><strong><a href=\"http:\/\/www.claude-arnaud.com\/fr\/wp-content\/uploads\/2011\/04\/images2.jpg\"><img loading=\"lazy\" decoding=\"async\" class=\"alignleft  wp-image-2353\" title=\"images\" src=\"http:\/\/www.claude-arnaud.com\/fr\/wp-content\/uploads\/2011\/04\/images2.jpg\" alt=\"\" width=\"84\" height=\"69\" srcset=\"https:\/\/www.claude-arnaud.com\/fr\/wp-content\/uploads\/2011\/04\/images2.jpg 248w, https:\/\/www.claude-arnaud.com\/fr\/wp-content\/uploads\/2011\/04\/images2-150x122.jpg 150w\" sizes=\"auto, (max-width: 84px) 100vw, 84px\" \/><\/a>GET THAT NOVEL IN THE U.K<\/strong> (<span style=\"color: #008000;\"><strong>KINDLE AND PAPER<\/strong><\/span>) <strong><a title=\"amazon.UK\" href=\"http:\/\/www.amazon.co.uk\/jeu-quatre-coins-Claude-Arnaud\/dp\/2246538815\/ref=sr_1_14?s=books&amp;ie=UTF8&amp;qid=1387297455&amp;sr=1-14\" target=\"_blank\" rel=\"noopener\">AND READ ITS VERY FIRST PAGES<\/a>&#8230;<\/strong><\/h6>\n<blockquote>\n<h6><a href=\"http:\/\/www.claude-arnaud.com\/fr\/wp-content\/uploads\/2012\/06\/code-drapeau-americain-L-1.jpg\"><img loading=\"lazy\" decoding=\"async\" class=\"alignleft  wp-image-3098\" title=\"code-drapeau-americain-L-1\" src=\"http:\/\/www.claude-arnaud.com\/fr\/wp-content\/uploads\/2012\/06\/code-drapeau-americain-L-1-150x150.jpg\" alt=\"\" width=\"107\" height=\"107\" srcset=\"https:\/\/www.claude-arnaud.com\/fr\/wp-content\/uploads\/2012\/06\/code-drapeau-americain-L-1-150x150.jpg 150w, https:\/\/www.claude-arnaud.com\/fr\/wp-content\/uploads\/2012\/06\/code-drapeau-americain-L-1-48x48.jpg 48w\" sizes=\"auto, (max-width: 107px) 100vw, 107px\" \/><\/a>\u201cThe hero of this remarkable second novel is <span style=\"color: #008000;\"><strong>Paris<\/strong><\/span>, a city where one character (a Corsican named <span style=\"color: #008000;\"><strong>Pierre<\/strong><\/span>) finds a disciplined, lonely success, and another Corsican, <span style=\"color: #008000;\"><strong>Dominique<\/strong><\/span>, loses everthing, including the will to live. This is the city where, as Val\u00e9ry noted in <em>Monsieur Teste, <\/em>people practice the \u201cdelirious professions\u201d which are based entirely on \u201cl\u2019amour-propre\u201d; for that very reason in <span style=\"color: #008000;\"><strong>Le Jeu des quatre coins<\/strong><\/span>, the characters are cultural journalists, fashion leaders, art merchants, choreographers &#8211; people who must make thousands of tiny decisions every day based on nothing more solid than taste pronounced whith an assurance founded on vanity alone.<\/h6>\n<\/blockquote>\n<blockquote>\n<h6><strong>The plot is as intricate as Schnitzler\u2019s <em>La Ronde<\/em>, except here the lovers do not move slowly and elegantly in a circle but double up, betray one another or bed down in a bisexual polygamy best suggested by the chlidren\u2019s game named in the title<\/strong>. <span style=\"color: #008000;\"><strong>Dominique<\/strong><\/span>, the Corsican music critic, falls in love with <strong><span style=\"color: #008000;\">Stephane<\/span>, <\/strong>an older fabric merchant, who lives with <span style=\"color: #008000;\"><strong>Rachel<\/strong><\/span>, a divorced expert in art contemporain. These three love one another buth cause one another endless pain &#8211; the pain of being the excluded middle, the guilt-inducing pleasure of playing in turn the sultan and the favorite of the harem. Something of the ambiguity of their pleasure and pain (\u2026) reminds us that <span style=\"color: #008000;\"><strong>CLAUDE ARNAUD<\/strong><\/span> is also the author of the magisterial biography of <strong><span style=\"color: #008000;\">CHAMFORT<\/span>, <\/strong>that brilliant pessimist&#8230;<\/h6>\n<\/blockquote>\n<blockquote>\n<h6><span style=\"color: #008000;\"><strong>If i started out by saying that this is a novel about Paris<\/strong><\/span>, i did so because only the capital provides the stage for the promising but usually unsuccessful experiments in love and sexuality that this tolerant if pessimistic book focuses on. <strong>Only in Paris ambition crowned by fame &#8211; or more usually by bitter, inconspicuous disappointment<\/strong>. In thinking about<strong> Pierre<\/strong>\u2019s ambitions as a choreographer, <strong><span style=\"color: #008000;\">Dominique<\/span> <\/strong>realizes that only one out a hundred aspirants in Paris ever meets with success- which turns out to be all the more ironic, since <span style=\"color: #008000;\"><strong>Pierre<\/strong><\/span> is precisely the lucky hundredth. Only in Paris is success worshipped to such a high degree, but likewise only Paris offers so many fascinating distractions that the search for success begins to seem less temptating than love and pleasure and the consumption of art.<\/h6>\n<\/blockquote>\n<blockquote>\n<h6>(\u2026) <strong>It is this very richness and complexity that<\/strong> <strong><span style=\"color: #008000;\">CLAUDE ARNAUD<\/span> <\/strong>renders s<strong>o faithfully<\/strong>, not only in the diamond-hard dialogue or in the jeu des quatre ou cinq ou six coins but also in the <strong>very structure of the book<\/strong>, which regularly alternates between the early eighties and the present. This form proves, <span style=\"color: #008000;\"><strong>as elegantly as any mathematical demonstration<\/strong><\/span>, that today\u2019s fresh young provincial is tomorrow\u2019s blas\u00e9 Parisian, and that the victim always becomes the bourreau.\u201d <span style=\"color: #008000;\"><strong>EDMUND WHITE (<span style=\"color: #888888;\">HERE <strong> by David LEVINE<\/strong>)<\/span><a href=\"http:\/\/www.claude-arnaud.com\/fr\/wp-content\/uploads\/2009\/05\/33c194bd69fc7fa652fe638e3e09e108_1024x1024.gif\"><img loading=\"lazy\" decoding=\"async\" class=\"alignleft  wp-image-8157\" title=\"33c194bd69fc7fa652fe638e3e09e108_1024x1024\" src=\"http:\/\/www.claude-arnaud.com\/fr\/wp-content\/uploads\/2009\/05\/33c194bd69fc7fa652fe638e3e09e108_1024x1024-205x300.gif\" alt=\"\" width=\"205\" height=\"300\" srcset=\"https:\/\/www.claude-arnaud.com\/fr\/wp-content\/uploads\/2009\/05\/33c194bd69fc7fa652fe638e3e09e108_1024x1024-205x300.gif 205w, https:\/\/www.claude-arnaud.com\/fr\/wp-content\/uploads\/2009\/05\/33c194bd69fc7fa652fe638e3e09e108_1024x1024.gif 300w\" sizes=\"auto, (max-width: 205px) 100vw, 205px\" \/><\/a><\/strong><\/span><\/h6>\n<h6><strong><span style=\"color: #008000;\"><a href=\"http:\/\/www.claude-arnaud.com\/fr\/wp-content\/uploads\/2016\/08\/logo.png\"><img loading=\"lazy\" decoding=\"async\" class=\"alignleft size-full wp-image-6812\" title=\"logo\" src=\"http:\/\/www.claude-arnaud.com\/fr\/wp-content\/uploads\/2016\/08\/logo.png\" alt=\"\" width=\"114\" height=\"116\" srcset=\"https:\/\/www.claude-arnaud.com\/fr\/wp-content\/uploads\/2016\/08\/logo.png 114w, https:\/\/www.claude-arnaud.com\/fr\/wp-content\/uploads\/2016\/08\/logo-48x48.png 48w\" sizes=\"auto, (max-width: 114px) 100vw, 114px\" \/><\/a>*<a href=\"https:\/\/shop.albertine.com\/livre\/9782246538813-le-jeu-des-quatre-coins-claude-arnaud\/\" target=\"_blank\" rel=\"noopener\">GET THAT BOOK<\/a><\/span><\/strong> IN THE US VIA&#8230;<\/h6>\n<h6><a href=\"http:\/\/www.claude-arnaud.com\/fr\/wp-content\/uploads\/2016\/08\/albertine.png\"><img loading=\"lazy\" decoding=\"async\" class=\"alignleft size-full wp-image-6811\" title=\"albertine\" src=\"http:\/\/www.claude-arnaud.com\/fr\/wp-content\/uploads\/2016\/08\/albertine.png\" alt=\"\" width=\"200\" height=\"15\" \/><\/a><\/h6>\n<h6><\/h6>\n<h6><\/h6>\n<h6><\/h6>\n<h6><\/h6>\n<h6><\/h6>\n<h6><\/h6>\n<h6><\/h6>\n<h6><\/h6>\n<h6><a href=\"http:\/\/www.claude-arnaud.com\/fr\/wp-content\/uploads\/2013\/11\/255px-Flag_of_France.svg_-150x150.png\"><br \/>\n<img loading=\"lazy\" decoding=\"async\" class=\"alignleft  wp-image-8937\" title=\"255px-Flag_of_France.svg_-150x150\" src=\"http:\/\/www.claude-arnaud.com\/fr\/wp-content\/uploads\/2013\/11\/255px-Flag_of_France.svg_-150x150.png\" alt=\"\" width=\"63\" height=\"63\" srcset=\"https:\/\/www.claude-arnaud.com\/fr\/wp-content\/uploads\/2013\/11\/255px-Flag_of_France.svg_-150x150.png 150w, https:\/\/www.claude-arnaud.com\/fr\/wp-content\/uploads\/2013\/11\/255px-Flag_of_France.svg_-150x150-48x48.png 48w\" sizes=\"auto, (max-width: 63px) 100vw, 63px\" \/><\/a>\u201c<strong><span style=\"color: #008000;\">lE HEROs de ce REMARquABLE SECOND roman<\/span><\/strong> eSt\u00a0<strong>PARIS<\/strong>, une ville o\u00f9 l&rsquo;un des personnages (<strong>un CORSe Nomm\u00e9<\/strong>\u00a0<strong>PIERRE<\/strong>) rencontre un\u00a0<strong style=\"color: #008000; font-size: 15.359999656677246px; text-transform: uppercase;\">sUCC\u00c8S DISCIPLIN\u00c9 ET SOLITAIRE<\/strong><span style=\"font-size: 15.359999656677246px; text-transform: uppercase;\">, et o\u00f9 un autre CORSe,\u00a0<\/span><strong style=\"font-size: 15.359999656677246px; text-transform: uppercase;\">DOMINIQUE<\/strong><span style=\"font-size: 15.359999656677246px; text-transform: uppercase;\">, perd tout,<strong> y compris la volont\u00e9 de vivre<\/strong>. voici une ville o\u00f9, <strong><span style=\"color: #008000;\">comme paul VAL\u00c9RY le notait dans<\/span><\/strong>\u00a0<\/span><strong><em>MONSIEUR TESTE<\/em>, <\/strong><span style=\"font-size: 15.359999656677246px; text-transform: uppercase;\"><strong>des gens PRATIquent des<\/strong> \u201c<strong> PROFESSIONS d\u00e9lirantes\u201d<\/strong> <strong><span style=\"color: #008000;\">enti\u00e8rement BAS\u00e9es sur \u201cL\u2019AMOUR-PROPRE\u201d<\/span><\/strong>; ainsi, dans\u00a0<\/span><em><strong style=\"font-size: 15.359999656677246px; text-transform: uppercase;\">LE JEU DES QUATRE COINS<\/strong><\/em><span style=\"font-size: 15.359999656677246px; text-transform: uppercase;\">, les CARACT\u00e8ReS sont <strong><span style=\"color: #008000;\">JOURNALISTeS CULTURels<\/span>, prescripteurs de mode, <span style=\"color: #008000;\">marchands d&rsquo;ART,<\/span> CHOR\u00e9GRAPHES<\/strong> \u2013 des gens qui doivent prendre quotidiennement <strong>des milliers de petites DECISIONS <span style=\"color: #008000;\">bas\u00e9es sur rien de moins solide que le go\u00fbt<\/span>\u00a0et PRONONC\u00e9es<\/strong> avec une<strong><span style=\"color: #008000;\"> ASSURANCE FOUND\u00e9e sur la seule VANIT\u00e9..<\/span><\/strong>.<\/span><\/h6>\n<blockquote>\n<h6><strong>\u00ab\u00a0<span style=\"color: #008000;\">L&rsquo;intrigue est aussi <span style=\"color: #333300;\">ramass\u00e9e<\/span> que celle de<\/span> <strong><em>LA RONDE <\/em>de<em>\u00a0<\/em><\/strong><span style=\"color: #008000;\">SCHNITZLER<\/span>, sauf qu&rsquo;ici les amantS ne <span style=\"color: #008000;\">s&rsquo;\u00e9changent pas en cercle<\/span>, lentement et ELEGAmment, <span style=\"color: #008000;\">mais qu&rsquo;ils se DOUBLEnt, se trahissent l&rsquo;un l&rsquo;autre<\/span> en pratiquant une sorte de <span style=\"color: #008000;\">POLYGAMie<\/span><strong><span style=\"color: #008000;\">\u00a0BISEXUelle<\/span> qu&rsquo;illustre bien<\/strong>\u00a0le jeu enfantin sugg\u00e9r\u00e9 par le titre<\/strong>.\u00a0<span style=\"color: #008000;\"><strong>DOMINIQUE<\/strong><\/span>, lE critique musicale CORSe, tombe amoureux de\u00a0<strong>STEPHANE, <span style=\"color: #008000;\">un ancien marchand de tissu<\/span><\/strong><span style=\"color: #008000;\">,<\/span> qui vit avec\u00a0<span style=\"color: #008000;\"><strong>RACHEL<\/strong><\/span>, une experte DIVORC\u00e9e eN ART CONTEMPORAIN. <strong><span style=\"color: #008000;\">Ces trois-l\u00e0 s&rsquo;aiment l&rsquo;un l&rsquo;autre mais s&rsquo;infligent aussi des peines sans fin<\/span><\/strong> &#8211; la peINe d&rsquo;\u00eatre <strong>le tiers EXCLU,<\/strong> le plaisir m\u00eal\u00e9 de culpabilit\u00e9 <strong><span style=\"color: #008000;\">de jouer \u00e0 tour de r\u00f4le lE SULTAN et la <span style=\"color: #333300;\">FAVORITE<\/span> du HAREM<\/span><\/strong>. <strong>L&rsquo;AMBIG\u00fciT\u00e9 de leurs PLaisirs et de leurs peine<\/strong>s (\u2026) nous rappellent que\u00a0<span style=\"color: #008000;\"><strong>CLAUDE ARNAUD<\/strong><\/span>\u00a0est aussi l&rsquo;auteur d&rsquo;une <span style=\"color: #008000;\"><strong>MAGISTRALe BIOGRAPHie<\/strong><\/span> de\u00a0<strong>CHAMFORT,\u00a0<\/strong>ce BRILLIANT PESSIMISTe&#8230;<\/h6>\n<\/blockquote>\n<blockquote>\n<h6><strong><span style=\"color: #008000;\">si j&rsquo;ai commenc\u00e9 en disant<\/span> que le h\u00e9ros de ce roman est <span style=\"color: #008000;\">PARIS<\/span><\/strong>, c&rsquo;est parce que la CAPITALe est la sc\u00e8ne <strong>des exp\u00e9rimentations <span style=\"color: #008000;\">affectives<\/span> PROMetteuses<\/strong> mais g\u00e9n\u00e9ralement <span style=\"color: #008000;\"><strong>sanctionn\u00e9es<\/strong><\/span>, que noue ce livre si tol\u00e9rant, si PESSIMISTe aussi. \u00e0\u00a0<strong><span style=\"color: #008000;\">PARIS<\/span> seulement <span style=\"color: #008000;\">l&rsquo;AMBITION<\/span> peut \u00eatre couronn\u00e9e par la r\u00e9putation &#8211; <span style=\"color: #008000;\">Ou plus fr\u00e9quemment<\/span> par une d\u00e9ception am\u00e8re et discr\u00e8te<\/strong>. en pensant aux\u00a0AMBITIONS CHOR\u00e9GRAPHiques de<strong>\u00a0<span style=\"color: #008000;\">PIERRE<\/span><\/strong>,\u00a0<strong>DOMINIQUE\u00a0<\/strong>REALIsE qu&rsquo;un pour cent seulement des ASPIRANTS PARISiens <span style=\"color: #008000;\"><strong>remportent le SUCC\u00e8S<\/strong><\/span> &#8211; remarque plus qu&rsquo; IRONIque,\u00a0<span style=\"color: #008000;\"><strong>PIERRE<\/strong><\/span>\u00a0\u00e9tant PRECISEmment <strong>le centi\u00e8me chanceux.<\/strong> Il n&rsquo;y a qu&rsquo;\u00e0 <strong>PARIS<\/strong> qu&rsquo;on <strong><span style=\"color: #008000;\">cultive le succ\u00e8s<\/span><\/strong> \u00e0 un tel degr\u00e9, mais <strong><span style=\"color: #008000;\">PARIS<\/span><\/strong> OFFre en m\u00eame temps de <strong>si nombreuses et captivantes DISTRACTIONS<\/strong> que la recherche du SUCC\u00e8s semble vite moins TEntante que <strong><span style=\"color: #008000;\">celle de l&rsquo;amour, du plaisir et de l&rsquo;ART<\/span><\/strong>&#8230;<\/h6>\n<\/blockquote>\n<blockquote>\n<h6>c&rsquo;est<strong> la COMPLEXit\u00e9 que<\/strong>\u00a0<span style=\"color: #008000;\"><strong>CLAUDE ARNAUD\u00a0<\/strong><\/span>REND avec fid\u00e9lit\u00e9, \u00e0 travers <strong>les dialogues taill\u00e9s<a href=\"http:\/\/www.claude-arnaud.com\/fr\/wp-content\/uploads\/2009\/05\/33c194bd69fc7fa652fe638e3e09e108_1024x1024-205x3001.gif\"><img loading=\"lazy\" decoding=\"async\" class=\"alignright size-full wp-image-9211\" title=\"33c194bd69fc7fa652fe638e3e09e108_1024x1024-205x300\" src=\"http:\/\/www.claude-arnaud.com\/fr\/wp-content\/uploads\/2009\/05\/33c194bd69fc7fa652fe638e3e09e108_1024x1024-205x3001.gif\" alt=\"\" width=\"205\" height=\"300\" \/><\/a> en diamant<\/strong>\u00a0de son JEU DES QUATRE, CINQ OU SIX COINS, et la\u00a0<span style=\"color: #008000;\"><strong>STRUCTURE m\u00eame du livre<\/strong><\/span>, qui va et vient entre le d\u00e9but des ann\u00e9es 80 et lE PR\u00e9SENT. cette FORMe confirme,\u00a0<strong>Avec UNE \u00e9l\u00e9gance<span style=\"color: #008000;\"> MATH\u00e9MATIque<\/span><\/strong><span style=\"color: #008000;\">,<\/span> que le jeune PROVINCIAL d&rsquo;aujourd&rsquo;hui<strong> est le PARISIeN \u00a0BLAS\u00c9 de demain, <span style=\"color: #008000;\">et que la victime devient<\/span>\u00a0TOUJOURS LE BOURREAU<\/strong>.\u201d\u00a0<strong><span style=\"color: #008000;\">EDMUND WHITE<\/span>\u00a0(ICI CROQU\u00c9 PAR\u00a0<span style=\"color: #008000;\">DAVID LEVINE<\/span>)<\/strong><\/h6>\n<h6><strong>*<a href=\"https:\/\/shop.albertine.com\/livre\/9782246538813-le-jeu-des-quatre-coins-claude-arnaud\/\" target=\"_blank\" rel=\"noopener\">pour trouver ce roman aux USA<\/a><\/strong>, via la librairie albertine de new york&#8230;<\/h6>\n<h6><strong title=\"albertine\"><a href=\"http:\/\/www.claude-arnaud.com\/fr\/wp-content\/uploads\/2016\/08\/logo.png\"><img loading=\"lazy\" decoding=\"async\" title=\"logo\" src=\"http:\/\/www.claude-arnaud.com\/fr\/wp-content\/uploads\/2016\/08\/logo.png\" alt=\"\" width=\"114\" height=\"116\" \/><\/a><\/strong><\/h6>\n<\/blockquote>\n<\/blockquote>\n","protected":false},"excerpt":{"rendered":"<p>Foreign rights : Heidi Warneke, Grasset editor. Ph: 0033 144392212 E-mail : hwarneke@grasset.fr *Pour trouver ce livre en Suisse&#8230; ET AU PORTUGAL&#8230; *Pour trouver ce livre au Canada&#8230; &#8230; et encore. Ou au format \u00e9lectronique (kindle)&#8230; *\u2026ET en tunisie, via la librairie Al kitab\u2026 TROVARE QUESTO ROMANZO IN ITALIA\u00a0( e leggere l&rsquo;estratto)&#8230; Das Buch bestellen [&hellip;]<\/p>\n","protected":false},"author":1,"featured_media":0,"parent":79,"menu_order":3,"comment_status":"open","ping_status":"open","template":"","meta":{"footnotes":""},"class_list":["post-85","page","type-page","status-publish","hentry","count-0","even alt","author-admin","last"],"post_mailing_queue_ids":[],"_links":{"self":[{"href":"https:\/\/www.claude-arnaud.com\/fr\/wp-json\/wp\/v2\/pages\/85","targetHints":{"allow":["GET"]}}],"collection":[{"href":"https:\/\/www.claude-arnaud.com\/fr\/wp-json\/wp\/v2\/pages"}],"about":[{"href":"https:\/\/www.claude-arnaud.com\/fr\/wp-json\/wp\/v2\/types\/page"}],"author":[{"embeddable":true,"href":"https:\/\/www.claude-arnaud.com\/fr\/wp-json\/wp\/v2\/users\/1"}],"replies":[{"embeddable":true,"href":"https:\/\/www.claude-arnaud.com\/fr\/wp-json\/wp\/v2\/comments?post=85"}],"version-history":[{"count":61,"href":"https:\/\/www.claude-arnaud.com\/fr\/wp-json\/wp\/v2\/pages\/85\/revisions"}],"predecessor-version":[{"id":10736,"href":"https:\/\/www.claude-arnaud.com\/fr\/wp-json\/wp\/v2\/pages\/85\/revisions\/10736"}],"up":[{"embeddable":true,"href":"https:\/\/www.claude-arnaud.com\/fr\/wp-json\/wp\/v2\/pages\/79"}],"wp:attachment":[{"href":"https:\/\/www.claude-arnaud.com\/fr\/wp-json\/wp\/v2\/media?parent=85"}],"curies":[{"name":"wp","href":"https:\/\/api.w.org\/{rel}","templated":true}]}}