{"id":83,"date":"2009-05-26T20:19:18","date_gmt":"2009-05-26T18:19:18","guid":{"rendered":"http:\/\/www.claude-arnaud.com\/fr\/?page_id=83"},"modified":"2021-01-19T13:10:56","modified_gmt":"2021-01-19T12:10:56","slug":"le-jeu-des-quatre-coins-revue-de-presse","status":"publish","type":"page","link":"https:\/\/www.claude-arnaud.com\/fr\/romans\/le-jeu-des-quatre-coins\/le-jeu-des-quatre-coins-revue-de-presse","title":{"rendered":"Le Jeu des quatre coins : en France"},"content":{"rendered":"<blockquote><p><a href=\"http:\/\/www.claude-arnaud.com\/fr\/wp-content\/uploads\/2009\/05\/lejeudes4coins.gif\"><img loading=\"lazy\" decoding=\"async\" class=\"alignleft size-full wp-image-3173\" title=\"lejeudes4coins\" src=\"http:\/\/www.claude-arnaud.com\/fr\/wp-content\/uploads\/2009\/05\/lejeudes4coins.gif\" alt=\"\" width=\"170\" height=\"260\" \/><\/a><\/p>\n<h2><span style=\"text-decoration: underline;\"><strong><span style=\"color: #008000; text-decoration: underline;\">*DANS LA PRESSE<\/span><\/strong><\/span><\/h2>\n<h6>\u00ab\u00a0&#8230;<strong>L&rsquo;intention romanesque, ici, proc\u00e8de d&rsquo;une insatisfaction devant des<a href=\"http:\/\/www.claude-arnaud.com\/fr\/wp-content\/uploads\/2010\/08\/images2.jpg\"><img loading=\"lazy\" decoding=\"async\" class=\"alignright  wp-image-1438\" title=\"images\" src=\"http:\/\/www.claude-arnaud.com\/fr\/wp-content\/uploads\/2010\/08\/images2.jpg\" alt=\"\" width=\"204\" height=\"58\" \/><\/a> st\u00e9r\u00e9otypes<\/strong>, \u00e9crit <span style=\"color: #008000;\"><strong>Marc LAMBRON<\/strong><\/span> Dans un article intitul\u00e9 \u00ab\u00a0<span style=\"color: #008000;\"><em><strong>l&rsquo;education sentimentale<\/strong><\/em><\/span>\u00a0\u00bb publi\u00e9 par <strong><em>le POint<\/em><\/strong> en date du <span style=\"color: #008000;\"><strong>5 septembre 1998<\/strong><\/span>. En apparence, nous sommes convi\u00e9s \u00e0 suivre l&rsquo;histoire d&rsquo;un <strong>quatuor amoureux<\/strong> : trois hommes et une femme entre lesquels <span style=\"color: #008000;\"><strong>le roman dessine des entrecroisements passionnels et d\u00e9\u00e7us, des sch\u00e9mas sagittaux unissant les quatre coins du jeu<\/strong><\/span>. (&#8230;) Les sym\u00e9tries homosexuelles sont pourtant perturb\u00e9es par la pr\u00e9sence d&rsquo;une femme : et l&rsquo;on se souvient que <strong>Claude ARNAUD<\/strong>, r\u00e9cent cosc\u00e9nariste du film \u00ab Nettoyage \u00e0 sec \u00bb, y jouait d\u00e9j\u00e0 sur <span style=\"color: #008000;\"><strong>les r\u00e9versibilit\u00e9s du d\u00e9sir norm\u00e9<\/strong><\/span>.<\/h6>\n<h6>\u00ab\u00a0Au fil du texte, tout se passe en effet <strong>comme si l&rsquo;auteur cherchait \u00e0 mettre en relief ce qui peut enfermer un d\u00e9sir dans un folklore<\/strong> (il appelle cela : le \u00ab gaytto \u00bb). (&#8230;) Comme si le d\u00e9sir, <span style=\"color: #008000;\"><strong>au-del\u00e0 des chromos dont il s&rsquo;encombre, et sur quelque sexe qu&rsquo;il se porte<\/strong><\/span>, \u00e9tait \u00e0 l&rsquo;unisson d&rsquo;un monde qui se satine de signes <strong>pour masquer l&rsquo;implosion des sentiments<\/strong>. Il n&rsquo;y a pas d&rsquo;exception homosexuelle, semble dire Arnaud, <span style=\"color: #008000;\"><strong>mais une addition de langueurs qu&rsquo;une ville r\u00e9sume, Paris<\/strong><\/span>.\u00a0\u00bb<\/h6>\n<h6><strong><a href=\"http:\/\/www.claude-arnaud.com\/fr\/wp-content\/uploads\/2009\/05\/logo-du-journal-le-monde-400x266.jpg\"><img loading=\"lazy\" decoding=\"async\" class=\"alignleft  wp-image-5839\" title=\"logo-du-journal-le-monde-400x266\" src=\"http:\/\/www.claude-arnaud.com\/fr\/wp-content\/uploads\/2009\/05\/logo-du-journal-le-monde-400x266.jpg\" alt=\"\" width=\"276\" height=\"183\" srcset=\"https:\/\/www.claude-arnaud.com\/fr\/wp-content\/uploads\/2009\/05\/logo-du-journal-le-monde-400x266.jpg 400w, https:\/\/www.claude-arnaud.com\/fr\/wp-content\/uploads\/2009\/05\/logo-du-journal-le-monde-400x266-300x199.jpg 300w\" sizes=\"auto, (max-width: 276px) 100vw, 276px\" \/><\/a>\u00ab\u00a0<span style=\"color: #008000;\">Rarement romancier aura analys\u00e9 avec une telle humilit\u00e9, un tel courage, le d\u00e9faut relationel<\/span> qui est, peut-\u00eatre, en tout homosexuel. Rarement livre aura laiss\u00e9, une fois referm\u00e9, <span style=\"color: #008000;\">une telle impression de vertige amer<\/span>, tous les personnages paraissant ne jamais pouvoir se rejoindre, \u00eatre incapables de regarder vraiment l&rsquo;autre, d&rsquo;\u00e9chapper \u00e0 <span style=\"color: #008000;\">une sorte de narcissisme panique<\/span>, perdus dans le d\u00e9dales des images mouvantes, et parfois contradictoires, que la soci\u00e9t\u00e9 leur propose successivement d&rsquo;eux-m\u00eames, ecrit <span style=\"color: #008000;\">Jean-No\u00cbl pancrazi<\/span> dans son article \u00ab\u00a0<span style=\"color: #008000;\"><em>unions par defaut<\/em><\/span>\u00ab\u00a0, publie dans <em>le monde des livres<\/em> dat\u00e9 du 30 octobre 1998, avant d&rsquo;ajouter, a propos du personnage de <span style=\"color: #008000;\">st\u00e9phane<\/span>: \u00a0\u00bb S&rsquo;il fuit, c&rsquo;est aussi parce que, comme pour tout homosexuel de quarante ans, il ne parvient plus \u00e0 se situer dans le monde gay actuel; et <span style=\"color: #008000;\">claude arnaud d\u00e9peint admirablement, par touches apparemment d\u00e9sinvoltes, avec cette \u00e9l\u00e9gance acide, cette acuit\u00e9 l\u00e9g\u00e8re qui le caract\u00e9rise<\/span>, les changements de ce milieu, l&rsquo;inadapatation d\u00e9sesp\u00e9r\u00e9e de certains de ses anciens combattants \u00ab\u00a0. Et <span style=\"color: #008000;\">jean-no\u00ebl PANCRAZi<\/span> de conclure: \u00a0\u00bb <span style=\"color: #008000;\">claude Arnaud d\u00e9crit, avec une merveilleuse pertinence<\/span>, le m\u00e9lange de fascination louche, de complicit\u00e9 emphatique et sulfureuse, de jalousie, de vague maternit\u00e9 compensatrice et de piti\u00e9 inqui\u00e8te \u00e9prouv\u00e9e par les femmes qui, vivant avec un homosexuel, se donnent, \u00e0 d\u00e9faut d&rsquo;aimer celui-ci, une derni\u00e8re illusion de couple (&#8230;) <span style=\"color: #008000;\">C&rsquo;est peut-\u00eatre ce rapport d\u00e9faillant a autrui que claude arnaud explore dans ce roman alerte et profond<\/span>\u00ab\u00a0. POUR LIRE CET ARTICLE <a title=\"lemonde archives\" href=\"http:\/\/www.lemonde.fr\/archives\/article\/1998\/10\/30\/unions-par-defaut_3693910_1819218.html\" target=\"_blank\" rel=\"noopener\">IN-EXTENSO<\/a>&#8230;<br \/>\n<\/strong><\/h6>\n<\/blockquote>\n<blockquote>\n<h6>\u00ab <strong>La r\u00e9ussite du roman de<\/strong> <span style=\"color: #008000;\"><strong>Claude ARNAUD<\/strong><\/span> vient de ce qu\u2019il <strong>brise les sch\u00e9mas habituels du<a href=\"http:\/\/www.claude-arnaud.com\/fr\/wp-content\/uploads\/2009\/05\/logo_de_la_marseillaise_33.jpg\"><img loading=\"lazy\" decoding=\"async\" class=\"alignright size-medium wp-image-4572\" title=\"logo_de_la_marseillaise_33\" src=\"http:\/\/www.claude-arnaud.com\/fr\/wp-content\/uploads\/2009\/05\/logo_de_la_marseillaise_33-300x86.jpg\" alt=\"\" width=\"300\" height=\"86\" srcset=\"https:\/\/www.claude-arnaud.com\/fr\/wp-content\/uploads\/2009\/05\/logo_de_la_marseillaise_33-300x86.jpg 300w, https:\/\/www.claude-arnaud.com\/fr\/wp-content\/uploads\/2009\/05\/logo_de_la_marseillaise_33.jpg 940w\" sizes=\"auto, (max-width: 300px) 100vw, 300px\" \/><\/a> roman gay.<\/strong> Ici, on porte certes du cuir, mais l\u2019\u00e9criture se fait plut\u00f4t flanelle (\u2026) Belle \u00e9vocation de <span style=\"color: #008000;\"><strong>Paris<\/strong><\/span> (il y a des pages magnifiques sur la pluie qui tombe et la neige qui pr\u00e9figure \u00e0 l\u2019ensevelissement de soi), douloureux hommage \u00e0 certains coins de <span style=\"color: #008000;\"><strong>Corse<\/strong><\/span>\u2026un \u00e9pilogue bouleversant. \u00bb <span style=\"color: #008000;\"><strong>Maxime Romain, La Marseillaise, 25.09.1998<\/strong><\/span><\/h6>\n<h6><a href=\"http:\/\/www.claude-arnaud.com\/fr\/wp-content\/uploads\/2009\/05\/Logo-Lalsace.jpg\"><img loading=\"lazy\" decoding=\"async\" class=\"alignleft size-medium wp-image-5248\" title=\"Logo-L'alsace\" src=\"http:\/\/www.claude-arnaud.com\/fr\/wp-content\/uploads\/2009\/05\/Logo-Lalsace-300x63.jpg\" alt=\"\" width=\"300\" height=\"63\" srcset=\"https:\/\/www.claude-arnaud.com\/fr\/wp-content\/uploads\/2009\/05\/Logo-Lalsace-300x63.jpg 300w, https:\/\/www.claude-arnaud.com\/fr\/wp-content\/uploads\/2009\/05\/Logo-Lalsace.jpg 829w\" sizes=\"auto, (max-width: 300px) 100vw, 300px\" \/><\/a>\u00ab\u00a0<strong>Dans un style troublant, trop limpide pour \u00eatre lisse,<\/strong> <span style=\"color: #008000;\"><strong>claude arnaud joue remarquablement d&rsquo;un style d\u00e9sabus\u00e9, presque clinique<\/strong><\/span>; <strong>trop jeune pour \u00eatre revenu de tout (en tout cas, il s&rsquo;en d\u00e9fend), il cherche, il voudrait croire que l&rsquo;innocence n&rsquo;est pas l&rsquo;antith\u00e8se du cynisme\u00a0\u00bb<\/strong>, \u00e9crit <span style=\"color: #008000;\"><strong>jacques lindeker<\/strong><\/span> dans <em><strong>l&rsquo;alsace<\/strong><\/em> du 20 d\u00e9cembre 1998.<\/h6>\n<\/blockquote>\n<blockquote>\n<h6><a href=\"http:\/\/www.claude-arnaud.com\/fr\/wp-content\/uploads\/2010\/08\/images-14.jpg\"><img loading=\"lazy\" decoding=\"async\" class=\"alignleft size-full wp-image-1882\" title=\"images-1\" src=\"http:\/\/www.claude-arnaud.com\/fr\/wp-content\/uploads\/2010\/08\/images-14.jpg\" alt=\"\" width=\"96\" height=\"44\" \/><\/a>\u00ab <span style=\"color: #008000;\"><strong>Tant\u00f4t sobre, tant\u00f4t sombre<\/strong><\/span>, <strong>mais toujours juste<\/strong> \u00bb. <span style=\"color: #008000;\"><strong>Charlotte Poupon, Elle, 2.11.1998<\/strong><\/span><\/h6>\n<h6><\/h6>\n<h2><\/h2>\n<h2><a href=\"https:\/\/www.grasset.fr\/livres\/le-jeu-des-quatre-coins-9782246538813\" target=\"_blank\" rel=\"noopener\"><span style=\"text-decoration: underline;\"><span style=\"color: #008000; text-decoration: underline;\"><strong>*POUR TROUVER CE LIVRE <span style=\"color: #008000; text-decoration: underline;\">EN FRANCE&#8230;<\/span>\u00a0<\/strong> <\/span><\/span><\/a><\/h2>\n<h6><span style=\"color: #008000;\"><a title=\"parislibrairies\" href=\"http:\/\/www.parislibrairies.fr\/dlivre.php?gencod=9782246538813\" target=\"_blank\" rel=\"noopener\">\u00e0 Paris&#8230;<\/a> <\/span><\/h6>\n<h6><span style=\"color: #008000;\">et en <a title=\"appel du livre\" href=\"http:\/\/numerique.appeldulivre.fr\/ResultatRecherche\/Arnaud\/45405.Auteur\" target=\"_blank\" rel=\"noopener\"><span style=\"color: #008000;\">version e-book&#8230;<\/span><\/a><\/span><\/h6>\n<\/blockquote>\n","protected":false},"excerpt":{"rendered":"<p>*DANS LA PRESSE \u00ab\u00a0&#8230;L&rsquo;intention romanesque, ici, proc\u00e8de d&rsquo;une insatisfaction devant des st\u00e9r\u00e9otypes, \u00e9crit Marc LAMBRON Dans un article intitul\u00e9 \u00ab\u00a0l&rsquo;education sentimentale\u00a0\u00bb publi\u00e9 par le POint en date du 5 septembre 1998. En apparence, nous sommes convi\u00e9s \u00e0 suivre l&rsquo;histoire d&rsquo;un quatuor amoureux : trois hommes et une femme entre lesquels le roman dessine des entrecroisements [&hellip;]<\/p>\n","protected":false},"author":1,"featured_media":0,"parent":79,"menu_order":2,"comment_status":"open","ping_status":"open","template":"","meta":{"footnotes":""},"class_list":["post-83","page","type-page","status-publish","hentry","count-0","even alt","author-admin","last"],"post_mailing_queue_ids":[],"_links":{"self":[{"href":"https:\/\/www.claude-arnaud.com\/fr\/wp-json\/wp\/v2\/pages\/83","targetHints":{"allow":["GET"]}}],"collection":[{"href":"https:\/\/www.claude-arnaud.com\/fr\/wp-json\/wp\/v2\/pages"}],"about":[{"href":"https:\/\/www.claude-arnaud.com\/fr\/wp-json\/wp\/v2\/types\/page"}],"author":[{"embeddable":true,"href":"https:\/\/www.claude-arnaud.com\/fr\/wp-json\/wp\/v2\/users\/1"}],"replies":[{"embeddable":true,"href":"https:\/\/www.claude-arnaud.com\/fr\/wp-json\/wp\/v2\/comments?post=83"}],"version-history":[{"count":27,"href":"https:\/\/www.claude-arnaud.com\/fr\/wp-json\/wp\/v2\/pages\/83\/revisions"}],"predecessor-version":[{"id":10753,"href":"https:\/\/www.claude-arnaud.com\/fr\/wp-json\/wp\/v2\/pages\/83\/revisions\/10753"}],"up":[{"embeddable":true,"href":"https:\/\/www.claude-arnaud.com\/fr\/wp-json\/wp\/v2\/pages\/79"}],"wp:attachment":[{"href":"https:\/\/www.claude-arnaud.com\/fr\/wp-json\/wp\/v2\/media?parent=83"}],"curies":[{"name":"wp","href":"https:\/\/api.w.org\/{rel}","templated":true}]}}