{"id":8140,"date":"2017-11-07T17:42:36","date_gmt":"2017-11-07T17:42:36","guid":{"rendered":"http:\/\/www.claude-arnaud.com\/fr\/?page_id=8140"},"modified":"2023-05-06T09:36:09","modified_gmt":"2023-05-06T08:36:09","slug":"portraits-craches-en-daisy-audio-et-en-braille-abrege","status":"publish","type":"page","link":"https:\/\/www.claude-arnaud.com\/fr\/essais\/portraits-craches\/portraits-craches-en-daisy-audio-et-en-braille-abrege","title":{"rendered":"Portraits crach\u00e9s : en daisy audio et en braille abr\u00e9g\u00e9 ou int\u00e9gral"},"content":{"rendered":"<h6><strong><a href=\"http:\/\/www.claude-arnaud.com\/fr\/wp-content\/uploads\/2017\/11\/logo-1.png\"><img loading=\"lazy\" decoding=\"async\" class=\"alignleft size-medium wp-image-8141\" title=\"logo-1\" src=\"http:\/\/www.claude-arnaud.com\/fr\/wp-content\/uploads\/2017\/11\/logo-1-300x257.png\" alt=\"\" width=\"300\" height=\"257\" srcset=\"https:\/\/www.claude-arnaud.com\/fr\/wp-content\/uploads\/2017\/11\/logo-1-300x257.png 300w, https:\/\/www.claude-arnaud.com\/fr\/wp-content\/uploads\/2017\/11\/logo-1.png 357w\" sizes=\"auto, (max-width: 300px) 100vw, 300px\" \/><\/a>*La M\u00e9diath\u00e8que VALENTIN HA\u00dcY<\/strong> met \u00e0 disposition des mal voyants <span style=\"color: #008000;\"><em><strong>PORTRAITS CRACHES<\/strong><\/em><\/span> sur son site <strong>EOLE<\/strong>. Lus par <strong>MANON<\/strong>, <span style=\"color: #008000;\"><strong>en daisy audio (33h 25 m)<\/strong><\/span>. <a href=\"https:\/\/eole.avh.asso.fr\/portraits-crach\u00e9s-un-tr\u00e9sor-litt\u00e9raire-de-montaigne-\u00e0-houellebecq\" target=\"_blank\" rel=\"noopener\">Pour t\u00e9l\u00e9charger cette version<\/a>.<\/h6>\n<h6><span style=\"color: #008000;\"><em><strong>PORTRAITS CRACHES&nbsp;<\/strong><\/em><\/span>est aussi accessible en <strong>braille abr\u00e9g\u00e9 (table fran\u00e7aise et table am\u00e9ricaine)<\/strong> et <span style=\"color: #008000;\"><strong>en braille int\u00e9gral (table fran\u00e7aise et table am\u00e9ricaine). <a href=\"https:\/\/eole.avh.asso.fr\/portraits-crach\u00e9s-un-tr\u00e9sor-litt\u00e9raire-de-montaigne-\u00e0-houellebecq-0\" target=\"_blank\" rel=\"noopener\">Pour t\u00e9l\u00e9charger ces versions<\/a>&#8230;<\/strong><\/span><\/h6>\n<h6><span style=\"color: #008000;\"><strong>*POUR LIRE CE LIVRE <a title=\"biblioth\u00e8que sonore\" href=\"https:\/\/www.bibliothequesonore.ch\/rechercheBSR\/libre\/Portraits%20crach\u00e9s%20:%20un%20tr\u00e9sor%20litt\u00e9raire%20de%20Montaigne%20\u00e0%20Houellebecq\" target=\"_blank\" rel=\"noopener\">EN DAISY voix de synth\u00e8se<\/a>, toujours via la M\u00e9diath\u00e8que Valentin Ha\u00fcy&#8230;<a href=\"http:\/\/www.claude-arnaud.com\/fr\/wp-content\/uploads\/2017\/11\/logo-mediatheque.png\"><img loading=\"lazy\" decoding=\"async\" class=\"aligncenter size-full wp-image-8142\" title=\"logo-mediatheque\" src=\"http:\/\/www.claude-arnaud.com\/fr\/wp-content\/uploads\/2017\/11\/logo-mediatheque.png\" alt=\"\" width=\"225\" height=\"193\"><\/a><\/strong><\/span><\/h6>\n","protected":false},"excerpt":{"rendered":"<p>*La M\u00e9diath\u00e8que VALENTIN HA\u00dcY met \u00e0 disposition des mal voyants PORTRAITS CRACHES sur son site EOLE. Lus par MANON, en daisy audio (33h 25 m). Pour t\u00e9l\u00e9charger cette version. PORTRAITS CRACHES&nbsp;est aussi accessible en braille abr\u00e9g\u00e9 (table fran\u00e7aise et table am\u00e9ricaine) et en braille int\u00e9gral (table fran\u00e7aise et table am\u00e9ricaine). Pour t\u00e9l\u00e9charger ces versions&#8230; *POUR [&hellip;]<\/p>\n","protected":false},"author":2,"featured_media":0,"parent":7821,"menu_order":4,"comment_status":"open","ping_status":"open","template":"","meta":{"footnotes":""},"class_list":["post-8140","page","type-page","status-publish","hentry","count-0","even alt","author-claude-arnaud","last"],"post_mailing_queue_ids":[],"_links":{"self":[{"href":"https:\/\/www.claude-arnaud.com\/fr\/wp-json\/wp\/v2\/pages\/8140","targetHints":{"allow":["GET"]}}],"collection":[{"href":"https:\/\/www.claude-arnaud.com\/fr\/wp-json\/wp\/v2\/pages"}],"about":[{"href":"https:\/\/www.claude-arnaud.com\/fr\/wp-json\/wp\/v2\/types\/page"}],"author":[{"embeddable":true,"href":"https:\/\/www.claude-arnaud.com\/fr\/wp-json\/wp\/v2\/users\/2"}],"replies":[{"embeddable":true,"href":"https:\/\/www.claude-arnaud.com\/fr\/wp-json\/wp\/v2\/comments?post=8140"}],"version-history":[{"count":12,"href":"https:\/\/www.claude-arnaud.com\/fr\/wp-json\/wp\/v2\/pages\/8140\/revisions"}],"predecessor-version":[{"id":15447,"href":"https:\/\/www.claude-arnaud.com\/fr\/wp-json\/wp\/v2\/pages\/8140\/revisions\/15447"}],"up":[{"embeddable":true,"href":"https:\/\/www.claude-arnaud.com\/fr\/wp-json\/wp\/v2\/pages\/7821"}],"wp:attachment":[{"href":"https:\/\/www.claude-arnaud.com\/fr\/wp-json\/wp\/v2\/media?parent=8140"}],"curies":[{"name":"wp","href":"https:\/\/api.w.org\/{rel}","templated":true}]}}