{"id":81,"date":"2009-05-26T20:18:03","date_gmt":"2009-05-26T18:18:03","guid":{"rendered":"http:\/\/www.claude-arnaud.com\/fr\/?page_id=81"},"modified":"2013-12-05T15:16:35","modified_gmt":"2013-12-05T15:16:35","slug":"le-jeu-des-quatre-coins-la-quatrieme-de-couverture","status":"publish","type":"page","link":"https:\/\/www.claude-arnaud.com\/fr\/romans\/le-jeu-des-quatre-coins\/le-jeu-des-quatre-coins-la-quatrieme-de-couverture","title":{"rendered":"Le Jeu des quatre coins : la quatri\u00e8me de couverture"},"content":{"rendered":"<h6><a href=\"http:\/\/www.claude-arnaud.com\/fr\/wp-content\/uploads\/2009\/05\/272347-gb.jpg\"><img loading=\"lazy\" decoding=\"async\" class=\"alignleft size-medium wp-image-4507\" title=\"272347-gb\" src=\"http:\/\/www.claude-arnaud.com\/fr\/wp-content\/uploads\/2009\/05\/272347-gb-289x300.jpg\" alt=\"\" width=\"289\" height=\"300\" srcset=\"https:\/\/www.claude-arnaud.com\/fr\/wp-content\/uploads\/2009\/05\/272347-gb-289x300.jpg 289w, https:\/\/www.claude-arnaud.com\/fr\/wp-content\/uploads\/2009\/05\/272347-gb.jpg 450w\" sizes=\"auto, (max-width: 289px) 100vw, 289px\" \/><\/a><strong>Trois hommes, une femme, quatre amours<\/strong>. Entre l\u2019arc-en-ciel de la <span style=\"color: #008000;\"><strong>Gay Pride<\/strong><\/span> et les larmes d\u2019un romantisme fin de si\u00e8cle, <strong>un journaliste, un cr\u00e9ateur de modes, un chor\u00e9graphe, une experte en art contemporain<\/strong> s\u2019aiment, se trahissent et se d\u00e9chirent. Ce jeu commenc\u00e9 sous les n\u00e9ons d\u2019une bo\u00eete de nuit parisienne finira tragiquement sous les cypr\u00e8s d\u2019un <span style=\"color: #008000;\"><strong>cimeti\u00e8re corse<\/strong><\/span>.<\/h6>\n<h6>Roman \u00e0 plusieurs voix, portrait du <span style=\"color: #008000;\"><strong>Paris<\/strong><\/span> d\u2019aujourd\u2019hui, cosmopolite et provincial, confrontation des <span style=\"color: #008000;\"><strong>sexes<\/strong><\/span> et des minorit\u00e9s: en rupture avec <strong>le clich\u00e9 d\u2019une litt\u00e9rature gay<\/strong> o\u00f9 des samoura\u00efs vont se perdre dans les labyrinthes du seul plaisir, <span style=\"color: #008000;\"><strong>Claude Arnaud<\/strong><\/span> restitue toute leur complexit\u00e9 humaine \u00e0 ces gar\u00e7ons et \u00e0 cette femme &#8211; des sentimentaux en cuir.<\/h6>\n<h6>C\u2019est un ballet des corps perdus et des passions br\u00fbl\u00e9es.<\/h6>\n","protected":false},"excerpt":{"rendered":"<p>Trois hommes, une femme, quatre amours. Entre l\u2019arc-en-ciel de la Gay Pride et les larmes d\u2019un romantisme fin de si\u00e8cle, un journaliste, un cr\u00e9ateur de modes, un chor\u00e9graphe, une experte en art contemporain s\u2019aiment, se trahissent et se d\u00e9chirent. Ce jeu commenc\u00e9 sous les n\u00e9ons d\u2019une bo\u00eete de nuit parisienne finira tragiquement sous les cypr\u00e8s [&hellip;]<\/p>\n","protected":false},"author":1,"featured_media":0,"parent":79,"menu_order":1,"comment_status":"open","ping_status":"open","template":"","meta":{"footnotes":""},"class_list":["post-81","page","type-page","status-publish","hentry","count-0","even alt","author-admin","last"],"post_mailing_queue_ids":[],"_links":{"self":[{"href":"https:\/\/www.claude-arnaud.com\/fr\/wp-json\/wp\/v2\/pages\/81","targetHints":{"allow":["GET"]}}],"collection":[{"href":"https:\/\/www.claude-arnaud.com\/fr\/wp-json\/wp\/v2\/pages"}],"about":[{"href":"https:\/\/www.claude-arnaud.com\/fr\/wp-json\/wp\/v2\/types\/page"}],"author":[{"embeddable":true,"href":"https:\/\/www.claude-arnaud.com\/fr\/wp-json\/wp\/v2\/users\/1"}],"replies":[{"embeddable":true,"href":"https:\/\/www.claude-arnaud.com\/fr\/wp-json\/wp\/v2\/comments?post=81"}],"version-history":[{"count":7,"href":"https:\/\/www.claude-arnaud.com\/fr\/wp-json\/wp\/v2\/pages\/81\/revisions"}],"predecessor-version":[{"id":4660,"href":"https:\/\/www.claude-arnaud.com\/fr\/wp-json\/wp\/v2\/pages\/81\/revisions\/4660"}],"up":[{"embeddable":true,"href":"https:\/\/www.claude-arnaud.com\/fr\/wp-json\/wp\/v2\/pages\/79"}],"wp:attachment":[{"href":"https:\/\/www.claude-arnaud.com\/fr\/wp-json\/wp\/v2\/media?parent=81"}],"curies":[{"name":"wp","href":"https:\/\/api.w.org\/{rel}","templated":true}]}}