{"id":79,"date":"2009-05-26T20:14:50","date_gmt":"2009-05-26T18:14:50","guid":{"rendered":"http:\/\/www.claude-arnaud.com\/fr\/?page_id=79"},"modified":"2021-01-18T20:09:23","modified_gmt":"2021-01-18T19:09:23","slug":"le-jeu-des-quatre-coins","status":"publish","type":"page","link":"https:\/\/www.claude-arnaud.com\/fr\/romans\/le-jeu-des-quatre-coins","title":{"rendered":"Le Jeu des quatre coins"},"content":{"rendered":"<h2><span style=\"color: #008000;\"><a href=\"http:\/\/www.claude-arnaud.com\/fr\/wp-content\/uploads\/2009\/05\/9782246538813.jpg\"><img loading=\"lazy\" decoding=\"async\" class=\"alignleft size-full wp-image-4509\" title=\"9782246538813\" src=\"http:\/\/www.claude-arnaud.com\/fr\/wp-content\/uploads\/2009\/05\/9782246538813.jpg\" alt=\"\" width=\"246\" height=\"400\" srcset=\"https:\/\/www.claude-arnaud.com\/fr\/wp-content\/uploads\/2009\/05\/9782246538813.jpg 246w, https:\/\/www.claude-arnaud.com\/fr\/wp-content\/uploads\/2009\/05\/9782246538813-184x300.jpg 184w\" sizes=\"auto, (max-width: 246px) 100vw, 246px\" \/><\/a><span style=\"text-decoration: underline;\"><strong>*EN GUISE D&rsquo;INTRODUCTION<\/strong><\/span><\/span><\/h2>\n<h6>\u00ab <strong>En d\u00e9crivant une petite tribu<\/strong> <span style=\"color: #008000;\"><strong>parisienne<\/strong><\/span> \u2013 des gar\u00e7ons qui se sont aim\u00e9s, s\u2019aiment ou se retrouvent, dont l\u2019un revient <span style=\"color: #008000;\"><strong>\u00e0 ses anciennes amours<\/strong><\/span> apr\u00e8s avoir v\u00e9cu avec une femme, sans qu\u2019aucun ne parvienne jamais \u00e0 trouver une place stable -,<strong> je voulais esquisser une arithm\u00e9tique des sentiments mais aussi un portrait de la capitale et, par contraste, de la<\/strong> <span style=\"color: #008000;\"><strong>Corse<\/strong><\/span>, d\u2019o\u00f9 viennent deux des protagonistes.<\/h6>\n<h6>Le roman fran\u00e7ais est volontiers \u00e9gocentrique : je voulais que celui-ci fut <strong>st\u00e9r\u00e9ophonique<\/strong>, <span style=\"color: #008000;\"><strong>brasse toutes sortes d\u2019identit\u00e9s et restitue leur complexit\u00e9 \u00e0 des protagonistes qui refusent d\u2019\u00eatre r\u00e9duits \u00e0 leur position sociale, leur sexualit\u00e9 ou leur emploi<\/strong><\/span>.<\/h6>\n<h6>\u00ab Entre l\u2019arc-en-ciel de la Gay Pride et les larmes d\u2019un romantisme fin de si\u00e8cle, un journaliste, un cr\u00e9ateur de mode, un chor\u00e9graphe, une experte en art contemporain s\u2019aiment, se trahissent et se d\u00e9chirent. Ce jeu commenc\u00e9 sous les n\u00e9ons d\u2019une bo\u00eete de nuit parisienne finira tragiquement sous les cypr\u00e8s d\u2019un cimeti\u00e8re corse \u00bb, \u00e9crivait <strong><span style=\"color: #008000;\">Manuel Carcassonne<\/span><\/strong>, l\u2019\u00e9diteur du livre, dans <strong>la 4\u00b0 page de couverture<\/strong>\u2026 \u00bb<\/h6>\n<blockquote>\n<h4><strong>*POUR EN SAVOIR PLUS SUR <a href=\"https:\/\/www.grasset.fr\/livres\/le-jeu-des-quatre-coins-9782246538813\" target=\"_blank\" rel=\"noopener\">L<\/a><\/strong><strong><a href=\"https:\/\/www.grasset.fr\/livres\/le-jeu-des-quatre-coins-9782246538813\" target=\"_blank\" rel=\"noopener\">E <\/a><\/strong><a href=\"https:\/\/www.grasset.fr\/livres\/le-jeu-des-quatre-coins-9782246538813\" target=\"_blank\" rel=\"noopener\"><span class=\"removed_link\" title=\"http:\/\/www.grasset.fr\/chapitres\/ch_arnau.htm\">JEU DES QUATRE COINS<\/span><\/a><span class=\"removed_link\" title=\"http:\/\/www.grasset.fr\/chapitres\/ch_arnau.htm\">&#8230;<\/span>\u00a0 OU <a title=\"numilog\" href=\"http:\/\/www.numilog.com\/LIVRES\/FICHES\/61990.Livre\" target=\"_blank\" rel=\"noopener\">ENCORE&#8230;<\/a><\/h4>\n<h4>\u00a0*POUR TROUVER <a title=\"leslibraires\" href=\"http:\/\/www.leslibraires.fr\/recherche\/?q=claude+arnaud\" target=\"_blank\" rel=\"noopener\">CE LIVRE EN LIBRAIRIE<\/a> (VERSION PAPIER ET E-BOOK)&#8230;<\/h4>\n<\/blockquote>\n","protected":false},"excerpt":{"rendered":"<p>*EN GUISE D&rsquo;INTRODUCTION \u00ab En d\u00e9crivant une petite tribu parisienne \u2013 des gar\u00e7ons qui se sont aim\u00e9s, s\u2019aiment ou se retrouvent, dont l\u2019un revient \u00e0 ses anciennes amours apr\u00e8s avoir v\u00e9cu avec une femme, sans qu\u2019aucun ne parvienne jamais \u00e0 trouver une place stable -, je voulais esquisser une arithm\u00e9tique des sentiments mais aussi un [&hellip;]<\/p>\n","protected":false},"author":1,"featured_media":0,"parent":66,"menu_order":0,"comment_status":"open","ping_status":"open","template":"","meta":{"footnotes":""},"class_list":["post-79","page","type-page","status-publish","hentry","count-0","even alt","author-admin","last"],"post_mailing_queue_ids":[],"_links":{"self":[{"href":"https:\/\/www.claude-arnaud.com\/fr\/wp-json\/wp\/v2\/pages\/79","targetHints":{"allow":["GET"]}}],"collection":[{"href":"https:\/\/www.claude-arnaud.com\/fr\/wp-json\/wp\/v2\/pages"}],"about":[{"href":"https:\/\/www.claude-arnaud.com\/fr\/wp-json\/wp\/v2\/types\/page"}],"author":[{"embeddable":true,"href":"https:\/\/www.claude-arnaud.com\/fr\/wp-json\/wp\/v2\/users\/1"}],"replies":[{"embeddable":true,"href":"https:\/\/www.claude-arnaud.com\/fr\/wp-json\/wp\/v2\/comments?post=79"}],"version-history":[{"count":19,"href":"https:\/\/www.claude-arnaud.com\/fr\/wp-json\/wp\/v2\/pages\/79\/revisions"}],"predecessor-version":[{"id":10730,"href":"https:\/\/www.claude-arnaud.com\/fr\/wp-json\/wp\/v2\/pages\/79\/revisions\/10730"}],"up":[{"embeddable":true,"href":"https:\/\/www.claude-arnaud.com\/fr\/wp-json\/wp\/v2\/pages\/66"}],"wp:attachment":[{"href":"https:\/\/www.claude-arnaud.com\/fr\/wp-json\/wp\/v2\/media?parent=79"}],"curies":[{"name":"wp","href":"https:\/\/api.w.org\/{rel}","templated":true}]}}