{"id":7821,"date":"2017-07-26T14:28:30","date_gmt":"2017-07-26T14:28:30","guid":{"rendered":"http:\/\/www.claude-arnaud.com\/fr\/?page_id=7821"},"modified":"2021-01-25T14:52:01","modified_gmt":"2021-01-25T13:52:01","slug":"portraits-craches","status":"publish","type":"page","link":"https:\/\/www.claude-arnaud.com\/fr\/essais\/portraits-craches","title":{"rendered":"Portraits crach\u00e9s"},"content":{"rendered":"<h6><strong>*Le 14 septembre 2017<\/strong> est sorti dans la collection <span style=\"color: #008000;\"><strong>BOUQUINS<\/strong><\/span>, aux <strong> <strong>\u00e9ditions <a href=\"http:\/\/www.claude-arnaud.com\/fr\/wp-content\/uploads\/2017\/09\/Couv.-final.jpg\"><img loading=\"lazy\" decoding=\"async\" class=\"alignright  wp-image-7930\" title=\"Couv. final\" src=\"http:\/\/www.claude-arnaud.com\/fr\/wp-content\/uploads\/2017\/09\/Couv.-final-682x1024.jpg\" alt=\"\" width=\"303\" height=\"453\" \/><\/a><\/strong><\/strong><strong><strong><strong><strong><strong>Robert Laffont,<\/strong><\/strong><\/strong><\/strong><\/strong><em><strong><em><strong><em><strong> <span style=\"color: #008000;\">PORTRAITS CRACHES<\/span><\/strong><span style=\"color: #008000;\"><strong><em>, <\/em><\/strong><\/span><\/em><span style=\"color: #008000;\">un<\/span><\/strong><\/em><span style=\"color: #008000;\"> tr\u00e9sor litt\u00e9raire, de Montaigne \u00e0 Houellebecq<\/span><\/strong><\/em>. Un volume de mille pages, rassemblant plus de <strong>cinq cents portraits de personnages ayant exist\u00e9<\/strong> (<span style=\"color: #008000;\"><strong>du roi Saint Louis au <span style=\"color: #000000;\">pr\u00e9sident<\/span> Mao<\/strong><\/span>) <strong>ou \u00e9t\u00e9 invent\u00e9<\/strong> (<span style=\"color: #008000;\"><strong>du Gargantua de <span style=\"color: #000000;\">Rabelais<\/span> \u00e0 la <span style=\"color: #000000;\">Lea<\/span> de Colette<\/strong><\/span>). En 4\u00b0 de couverture :<\/h6>\n<h6>\u00ab\u00a0Tir\u00e9es de m\u00e9moires, de lettres ou de romans, <strong>ces \u00ab\u00a0t\u00eates\u00a0\u00bb r\u00e9v\u00e8lent <span style=\"color: #008000;\">l\u2019incroyable richesse d\u2019un genre qui joua un r\u00f4le d\u00e9cisif dans l\u2019essor de l\u2019individualisme \u00e0 la fran\u00e7aise<\/span> et de la passion nationale pour l\u2019analyse<\/strong>. Cet ouvrage regroupe des autoportraits c\u00e9l\u00e8bres, comme ceux de <strong>la GRANDE MADEMOISELLE<\/strong>, ou de <strong>ROUSSEAU<\/strong>, \u00e0 des textes devenus\u00a0 introuvables de <strong><span style=\"color: #008000;\">JOUHANDEAU<\/span>, ou de CINGRIA. Portraits historiques et caract\u00e8res<\/strong> (l\u2019Avare, l\u2019Hypocrite\u2026), <span style=\"color: #008000;\"><strong>c\u00f4toient ici portraits de peuples, de villes et m\u00eame d\u2019anima<\/strong><strong>ux<\/strong><\/span>.<\/h6>\n<h6>Bien plus qu\u2019une <strong>anthologie<\/strong>, ce livre sans rival s\u2019av\u00e8re <span style=\"color: #008000;\"><strong>l\u2019\u0153uvre d\u2019un \u00e9crivain qui s\u2019est toujours demand\u00e9<\/strong>\u00a0<strong><em>Qui dit je en nous\u00a0?<\/em><\/strong> <\/span>(Prix Femina de l\u2019essai 2006), en m\u00eame temps qu\u2019un <strong>journal couvrant des ann\u00e9es de lectures<\/strong>.<\/h6>\n<h6>Le plaisir seul a dict\u00e9 les choix de <span style=\"color: #008000;\"><strong>Claude ARNAUD<\/strong><\/span> : genre bref par essence, le portrait s\u2019y pr\u00eate tout particuli\u00e8rement. <strong>Mme de SEVIGNE<\/strong> comparait les fables de <span style=\"color: #008000;\"><strong>LA FONTAINE<\/strong><\/span> \u00e0 ces paniers de cerises dans lesquels on picore, avant de finir par tout d\u00e9vorer\u00a0: ces <strong><em>Portraits crach\u00e9s<\/em> <span style=\"color: #008000;\">ont la saveur des bonheurs imm\u00e9diats<\/span><\/strong><span style=\"color: #008000;\">.<\/span>\u00a0\u00bb<\/h6>\n<h6>Pour <a title=\"fnac\" href=\"http:\/\/livre.fnac.com\/a10624021\/Claude-Arnaud-Portraits-craches\" target=\"_blank\" rel=\"noopener\">commander ce livre<\/a> (992 p, 32\u20ac) A travers <a title=\"la librairie\" href=\"https:\/\/www.lalibrairie.com\/livres\/auteurs\/claude-arnaud,0-1172972.html\" target=\"_blank\" rel=\"noopener\">les libraires fran\u00e7aises<\/a>\u2026<\/h6>\n<h6>Pour le trouver sur le site de la collection\u00a0<a title=\"bouquins\" href=\"http:\/\/www.bouquins.tm.fr\/site\/portraits_craches_&amp;100&amp;9782221132098.html\" target=\"_blank\" rel=\"noopener\">BOUQUINS<\/a>&#8230;<\/h6>\n<h6>Pour d\u00e9couvrir <a title=\"portraits c en France\" href=\"http:\/\/www.claude-arnaud.com\/fr\/essais\/portraits-craches\/portraits-craches-en-france\">les r\u00e9actions suscit\u00e9s par sa sortie, en FRANCE<\/a>&#8230;<\/h6>\n<h6>&#8230;Et <a title=\"portraits c \u00e0 l'\u00e9tranger\" href=\"http:\/\/www.claude-arnaud.com\/fr\/essais\/portraits-craches\/portraits-craches-abroad-a-letranger\">\u00e0 l&rsquo;ETRANGER.<\/a><\/h6>\n","protected":false},"excerpt":{"rendered":"<p>*Le 14 septembre 2017 est sorti dans la collection BOUQUINS, aux \u00e9ditions Robert Laffont, PORTRAITS CRACHES, un tr\u00e9sor litt\u00e9raire, de Montaigne \u00e0 Houellebecq. Un volume de mille pages, rassemblant plus de cinq cents portraits de personnages ayant exist\u00e9 (du roi Saint Louis au pr\u00e9sident Mao) ou \u00e9t\u00e9 invent\u00e9 (du Gargantua de Rabelais \u00e0 la Lea [&hellip;]<\/p>\n","protected":false},"author":2,"featured_media":0,"parent":46,"menu_order":4,"comment_status":"open","ping_status":"open","template":"","meta":{"footnotes":""},"class_list":["post-7821","page","type-page","status-publish","hentry","count-0","even alt","author-claude-arnaud","last"],"post_mailing_queue_ids":[],"_links":{"self":[{"href":"https:\/\/www.claude-arnaud.com\/fr\/wp-json\/wp\/v2\/pages\/7821","targetHints":{"allow":["GET"]}}],"collection":[{"href":"https:\/\/www.claude-arnaud.com\/fr\/wp-json\/wp\/v2\/pages"}],"about":[{"href":"https:\/\/www.claude-arnaud.com\/fr\/wp-json\/wp\/v2\/types\/page"}],"author":[{"embeddable":true,"href":"https:\/\/www.claude-arnaud.com\/fr\/wp-json\/wp\/v2\/users\/2"}],"replies":[{"embeddable":true,"href":"https:\/\/www.claude-arnaud.com\/fr\/wp-json\/wp\/v2\/comments?post=7821"}],"version-history":[{"count":14,"href":"https:\/\/www.claude-arnaud.com\/fr\/wp-json\/wp\/v2\/pages\/7821\/revisions"}],"predecessor-version":[{"id":11231,"href":"https:\/\/www.claude-arnaud.com\/fr\/wp-json\/wp\/v2\/pages\/7821\/revisions\/11231"}],"up":[{"embeddable":true,"href":"https:\/\/www.claude-arnaud.com\/fr\/wp-json\/wp\/v2\/pages\/46"}],"wp:attachment":[{"href":"https:\/\/www.claude-arnaud.com\/fr\/wp-json\/wp\/v2\/media?parent=7821"}],"curies":[{"name":"wp","href":"https:\/\/api.w.org\/{rel}","templated":true}]}}