{"id":77,"date":"2009-05-26T20:13:32","date_gmt":"2009-05-26T18:13:32","guid":{"rendered":"http:\/\/www.claude-arnaud.com\/fr\/?page_id=77"},"modified":"2023-04-23T18:16:22","modified_gmt":"2023-04-23T17:16:22","slug":"le-cameleon-a-letranger-abroad","status":"publish","type":"page","link":"https:\/\/www.claude-arnaud.com\/fr\/romans\/le-cameleon\/le-cameleon-a-letranger-abroad","title":{"rendered":"Le Cam\u00e9l\u00e9on : abroad\/\u00e0 l\u2019\u00e9tranger"},"content":{"rendered":"<h6><strong>Foreign rights<\/strong> : <span style=\"color: #008000;\"><strong>Ms Heidi Warneke<\/strong><\/span>, <strong>Grasset editor<\/strong>. <span style=\"color: #008000;\"><strong>Ph: 00331 44392212<\/strong><\/span><\/h6>\n<h6><span style=\"color: #008000;\"><strong>fax: 00331 45449403<\/strong><\/span><\/h6>\n<h6><strong>E-mail<\/strong> : <a href=\"mailto:hwarneke@grasset.fr\" target=\"_blank\" rel=\"noopener\">hwarneke@grasset.fr<\/a><\/h6>\n<h6><a href=\"http:\/\/www.claude-arnaud.com\/fr\/romans\/le-cameleon\/le-cameleon-a-letranger-abroad\/unknown-10\" rel=\"attachment wp-att-10706\"><img loading=\"lazy\" decoding=\"async\" class=\"alignleft size-full wp-image-10706\" src=\"http:\/\/www.claude-arnaud.com\/fr\/wp-content\/uploads\/2021\/01\/Unknown.jpeg\" alt=\"\" width=\"171\" height=\"295\" \/><\/a>*<strong>\u00ab\u00a0LE CAM\u00c9L\u00c9ON\u00a0\u00bb A \u00c9T\u00c9 TRADUIT EN ALBANAIS PAR <span style=\"color: #008000;\">FATOS LUBONJA<\/span> (\u00ab\u00a0KAMELEON\u00a0\u00bb, MARIN BARLETI, 2001). <span style=\"color: #008000;\">POUR EN SAVOIR PLUS SUR LA R\u00c9CEPTION DU LIVRE <\/span><\/strong><a title=\"Lien Cam\u00e9l\u00e9on albanais\" href=\"http:\/\/www.bksh.al\/adlib\/scripts\/wwwopac.exe?&amp;DATABASE=catalo&amp;OPAC_URL=\/adlib\/beginner\/index_al.html&amp;LANGUAGE=2&amp;l1=Arnaud,+Claude&amp;LIMIT=50\" target=\"_blank\" rel=\"noopener\">EN ALBANIE<\/a>&#8230;<\/h6>\n<h6>*<a style=\"font-weight: bold;\" title=\"worldcat\" href=\"http:\/\/www.worldcat.org\/title\/kameleon-roman\/oclc\/53343021\" target=\"_blank\" rel=\"noopener\">pour trouver ce roman\u2026<\/a><\/h6>\n<h6><strong>*pour en savoir plus sur l&rsquo;\u00e9criture du livre\u00a0:<span style=\"color: #008000;\">\u00a0<strong>CLAUDE ARNAUD<\/strong><\/span>, \u00ab\u00a0<strong>MON ALBANIE<\/strong>\u00a0\u00bb,\u00a0<em><span style=\"color: #008000;\"><strong>LA R\u00c8GLE DU JEU<\/strong><\/span><\/em>, N\u00b014, SEPTEMBRE 1994. pour trouver cette revue\u00a0<a title=\"amazon.fr\" href=\"http:\/\/www.amazon.fr\/La-r%C3%A8gle-du-jeu-n%C2%BA14-ebook\/dp\/B005OWA70W\" target=\"_blank\" rel=\"noopener\">(format KINDLE)&#8230; <\/a><\/strong><strong>&#8230;et\u00a0<span style=\"color: #008000;\">en format papier<\/span>, en adressant un MAIL \u00e0 :\u00a0<a href=\"mailto:laregledujeu@grasset.fr\" target=\"_blank\" rel=\"noopener\">LAREGLEDUJEU@GRASSET.FR<\/a>) Pour lire ce texte, traduite en albanais par Fatos LUBONJA <a href=\"https:\/\/www.ceeol.com\/search\/article-detail?id=233085\" target=\"_blank\" rel=\"noopener\">dans la revue PERPJEKJA n\u00b07 (\u00e9t\u00e9 1996)<\/a>&#8230;<\/strong><\/h6>\n<h6>Pour en savoir plus sur la r\u00e9ception du livre\u00a0<a href=\"https:\/\/www.bksh.al\/details\/252372\" target=\"_blank\" rel=\"noopener\">en Albanie.<\/a><\/h6>\n<h6><strong>et d\u00e9couvrir un entretien (en albanais) avec l&rsquo;\u00e9ditrice du livre, <a href=\"https:\/\/insajderi.com\/jusuf-vrioni-nje-jete-e-jashtezakonshme\/\" target=\"_blank\" rel=\"noopener\">MIMOZA AHMETI, au sujet de JUSUF VRIONI, qui introduisit CLAUDE ARNAUD en ALBANIE<\/a>&#8230;<\/strong><\/h6>\n<h6><strong>(<em>Cover<\/em>: Ornela <\/strong><span style=\"color: #008000;\">VORPSI<\/span><strong>)<\/strong><\/h6>\n<h6><strong>*<span style=\"color: #008000;\">CLAUDE ARNAUD<\/span><\/strong>\u00a0a encore \u00e9crit\u00a0<strong>Sur L\u2019ALBANIe dans une revue italienne,<\/strong>\u00a0<strong><em>DERIVE E APPRODI<\/em>\u00a0<\/strong><strong>(NUMERO 14, \u00ab\u00a0SQUIP\u00cbRIA\u00a0\u00bb, DIRig\u00e9 par EDI RAMA), avec <span style=\"color: #008000;\">GIORGIO AGAMBEN<\/span>,\u00a0BIFO, <span style=\"color: #008000;\">FATOS LUBONJA<\/span>, JACQUES RANCI\u00c8RE, ETC\u2026<\/strong><\/h6>\n<h6><span style=\"color: #008000;\"><strong><a href=\"http:\/\/www.claude-arnaud.com\/fr\/wp-content\/uploads\/2013\/03\/drapeau-portugal.jpg\"><img loading=\"lazy\" decoding=\"async\" class=\"alignleft  wp-image-4668\" title=\"drapeau-portugal\" src=\"http:\/\/www.claude-arnaud.com\/fr\/wp-content\/uploads\/2013\/03\/drapeau-portugal-150x150.jpg\" alt=\"\" width=\"78\" height=\"78\" srcset=\"https:\/\/www.claude-arnaud.com\/fr\/wp-content\/uploads\/2013\/03\/drapeau-portugal-150x150.jpg 150w, https:\/\/www.claude-arnaud.com\/fr\/wp-content\/uploads\/2013\/03\/drapeau-portugal-48x48.jpg 48w, https:\/\/www.claude-arnaud.com\/fr\/wp-content\/uploads\/2013\/03\/drapeau-portugal.jpg 200w\" sizes=\"auto, (max-width: 78px) 100vw, 78px\" \/><\/a>*Pour trouver CE LIVRE <span style=\"color: #000000;\"><a title=\"bertrand pt\" href=\"https:\/\/www.bertrand.pt\/livro\/le-cameleon-claude-arnaud\/7556486\" target=\"_blank\" rel=\"noopener\">AU PORTUGAL<\/a>&#8230;<\/span><br \/>\n<\/strong><\/span><\/h6>\n<h6><\/h6>\n<h6><a href=\"http:\/\/www.claude-arnaud.com\/fr\/wp-content\/uploads\/2010\/08\/images10.jpg\"><img loading=\"lazy\" decoding=\"async\" class=\"alignleft  wp-image-1919\" title=\"images\" src=\"http:\/\/www.claude-arnaud.com\/fr\/wp-content\/uploads\/2010\/08\/images10.jpg\" alt=\"\" width=\"119\" height=\"58\" \/><\/a>*<a href=\"https:\/\/www.gallimardmontreal.com\/catalogue\/livre\/le-cameleon-arnaud-claude-9782246456018\" target=\"_blank\" rel=\"noopener\">au CANADA<\/a>&#8230;<\/h6>\n<h6><a href=\"https:\/\/www.claude-arnaud.com\/fr\/wp-content\/uploads\/2013\/11\/langfr-225px-Flag_of_Tunisia.svg_.png\"><img loading=\"lazy\" decoding=\"async\" class=\"alignleft  wp-image-5714\" src=\"https:\/\/www.claude-arnaud.com\/fr\/wp-content\/uploads\/2013\/11\/langfr-225px-Flag_of_Tunisia.svg_.png\" alt=\"\" width=\"97\" height=\"64\" \/><\/a>*EN TUNISIE, v<a href=\"https:\/\/www.alkitab.tn\/listeliv.php?base=&amp;form_recherche_avancee=ok&amp;auteurs=Claude%20Arnaud\" target=\"_blank\" rel=\"noopener\">ia la librairie AL KITAB<\/a>&#8230;<\/h6>\n<h6>*et <a href=\"https:\/\/pantoute.leslibraires.ca\/livres\/cameleon-claude-arnaud-9782246456018.html\" target=\"_blank\" rel=\"noopener\">en version num\u00e9rique<\/a>&#8230;<\/h6>\n<h6><strong><a href=\"http:\/\/www.claude-arnaud.com\/fr\/wp-content\/uploads\/2011\/04\/images2.jpg\"><img loading=\"lazy\" decoding=\"async\" class=\"alignleft  wp-image-2353\" title=\"images\" src=\"http:\/\/www.claude-arnaud.com\/fr\/wp-content\/uploads\/2011\/04\/images2.jpg\" alt=\"\" width=\"81\" height=\"65\" srcset=\"https:\/\/www.claude-arnaud.com\/fr\/wp-content\/uploads\/2011\/04\/images2.jpg 248w, https:\/\/www.claude-arnaud.com\/fr\/wp-content\/uploads\/2011\/04\/images2-150x122.jpg 150w\" sizes=\"auto, (max-width: 81px) 100vw, 81px\" \/><\/a>*GET THAT NOVEL IN THE UK <a title=\"amazon.UK\" href=\"http:\/\/www.amazon.co.uk\/Le-cam%C3%A9l%C3%A9on-Litt%C3%A9rature-French-Edition-ebook\/dp\/B005OW6ANA\" target=\"_blank\" rel=\"noopener\">(KINDLE AND PAPER) and read an excerpt<\/a><\/strong><a title=\"amazon.UK\" href=\"http:\/\/www.amazon.co.uk\/Le-cam%C3%A9l%C3%A9on-Litt%C3%A9rature-French-Edition-ebook\/dp\/B005OW6ANA\" target=\"_blank\" rel=\"noopener\">&#8230;<\/a><\/h6>\n<h6>*GET THAT NOVEL <a href=\"https:\/\/www.amazon.com\/cam\u00e9l\u00e9on-Litt\u00e9rature-French-Claude-Arnaud-ebook\/dp\/B00TLESEU4\" target=\"_blank\" rel=\"noopener\">IN THE US AND OTHER COUNTRIES<\/a> (digital format)&#8230;<\/h6>\n<p><a href=\"http:\/\/www.claude-arnaud.com\/fr\/wp-content\/uploads\/2012\/06\/code-drapeau-americain-L-1.jpg\"><img loading=\"lazy\" decoding=\"async\" class=\"alignleft  wp-image-3098\" title=\"code-drapeau-americain-L-1\" src=\"http:\/\/www.claude-arnaud.com\/fr\/wp-content\/uploads\/2012\/06\/code-drapeau-americain-L-1-150x150.jpg\" alt=\"\" width=\"90\" height=\"90\" srcset=\"https:\/\/www.claude-arnaud.com\/fr\/wp-content\/uploads\/2012\/06\/code-drapeau-americain-L-1-150x150.jpg 150w, https:\/\/www.claude-arnaud.com\/fr\/wp-content\/uploads\/2012\/06\/code-drapeau-americain-L-1-48x48.jpg 48w\" sizes=\"auto, (max-width: 90px) 100vw, 90px\" \/><\/a><\/p>\n<h6><\/h6>\n<h6><strong><a href=\"http:\/\/www.claude-arnaud.com\/fr\/romans\/le-cameleon\/le-cameleon-a-letranger-abroad\/unknown-10\" rel=\"attachment wp-att-10706\"><img loading=\"lazy\" decoding=\"async\" class=\"alignleft  wp-image-10706\" src=\"http:\/\/www.claude-arnaud.com\/fr\/wp-content\/uploads\/2021\/01\/Unknown.jpeg\" alt=\"\" width=\"119\" height=\"205\" \/><\/a>\u00ab\u00a0LE CAM\u00c9L\u00c9ON\u00a0\u00bb<\/strong> has been translated in albanian by <span style=\"color: #008000;\"><strong>Fatos<\/strong> <strong>LUBONJA<\/strong><\/span> (<strong>\u00ab\u00a0KAMELEON\u00a0\u00bb, <\/strong>Marin Barleti editor, 2001). More about the reception of the book <a href=\"https:\/\/www.bksh.al\/details\/252372\" target=\"_blank\" rel=\"noopener\">in Albania.<\/a><\/h6>\n<h6>*find <a title=\"worldcat\" href=\"http:\/\/www.worldcat.org\/title\/kameleon-roman\/oclc\/53343021\" target=\"_blank\" rel=\"noopener\"><strong>this novel\u2026<\/strong><\/a><\/h6>\n<h6><span style=\"color: #008000;\"><strong>*READ more<\/strong><\/span> about the <strong>making of the book<\/strong> : <span style=\"color: #008000;\"><strong>Claude ARNAUD<\/strong><\/span>, \u00ab <strong>Mon Albanie<\/strong> \u00bb, <span style=\"color: #008000;\"><strong>la R\u00e8gle du Jeu<\/strong><\/span>, n\u00b014, septembre 1994. get that review <a title=\"amazon.fr\" href=\"http:\/\/www.amazon.fr\/La-r%C3%A8gle-du-jeu-n%C2%BA14-ebook\/dp\/B005OWA70W\" target=\"_blank\" rel=\"noopener\">(kindle edition)&#8230;<\/a><\/h6>\n<h6>(PAPER EDition, mail to : <a href=\"mailto:laregledujeu@grasset.fr\" target=\"_blank\" rel=\"noopener\">laregledujeu@grasset.fr<\/a>)<\/h6>\n<h6><strong>*read this text in albanian<\/strong>, \u201c<span style=\"color: #008000;\"><strong>Shqip\u00ebria Ime<\/strong><\/span>\u201d, published by <strong>Fatos LUBONJA<\/strong> in <a href=\"https:\/\/www.ceeol.com\/search\/article-detail?id=233085\" target=\"_blank\" rel=\"noopener\"><em>P\u00ebrpjekja<\/em> n\u00b07 (august 1996)<\/a>\u2026<\/h6>\n<h6><span style=\"color: #008000;\"><strong>*read an albanian comment<\/strong><\/span> <a href=\"https:\/\/www.bksh.al\/details\/252372\" target=\"_blank\" rel=\"noopener\">about this text<\/a>&#8230;<\/h6>\n<h6><span style=\"color: #008000;\"><strong>*READ more<\/strong><\/span> about <strong>Jusuf <span style=\"color: #008000;\">VRIONI<\/span><\/strong>, who translated<span style=\"color: #008000;\"><strong> Ismael KADARE<\/strong><\/span>&lsquo;s novels in french, and introduced<strong> Claude ARNAUD<\/strong> <a href=\"http:\/\/www.claude-arnaud.com\/fr\/wp-content\/uploads\/2009\/05\/Levoldaigle1.pdf\">in ALBANIA<\/a>&#8230;<\/h6>\n<h6>*Read an interview<strong> (in albanese ) with <a href=\"https:\/\/insajderi.com\/jusuf-vrioni-nje-jete-e-jashtezakonshme\/\" target=\"_blank\" rel=\"noopener\">MIMOZA AHMETI, who published this novel, about JUSUF VRIONI, who introduced CLAUDE ARNAUD in ALBANIA<\/a>&#8230;<\/strong><\/h6>\n<h6><\/h6>\n<h6><strong><a href=\"http:\/\/www.claude-arnaud.com\/fr\/romans\/le-cameleon\/le-cameleon-a-letranger-abroad\/unknown-10\" rel=\"attachment wp-att-10706\"><img loading=\"lazy\" decoding=\"async\" class=\"alignleft  wp-image-10706\" src=\"http:\/\/www.claude-arnaud.com\/fr\/wp-content\/uploads\/2021\/01\/Unknown.jpeg\" alt=\"\" width=\"113\" height=\"195\" \/><\/a>*TROVARE <a href=\"https:\/\/www.amazon.it\/s?k=le+cam\u00e9l\u00e9on+claude+arnaud&amp;i=stripbooks&amp;__mk_it_IT=\u00c5M\u00c5\u017d\u00d5\u00d1&amp;ref=nb_sb_noss\" target=\"_blank\" rel=\"noopener\">QUESTO ROMANZO IN ITALIA<\/a>&#8230;<\/strong><\/h6>\n<h6><span style=\"color: #008000;\"><strong>*Claude ARNAUD<\/strong><\/span>\u00a0ha scritto anch\u00e9 <strong>sull&rsquo;Albania <\/strong>in <span style=\"color: #008000;\"><strong><em>Derive e Approdi<\/em> <\/strong><\/span><strong>(numero 14, \u00ab\u00a0Squip\u00cbria\u00a0\u00bb, diretto da <span style=\"color: #008000;\">edi rama<\/span>), con giorgio agamben, <span style=\"color: #008000;\">Bifo<\/span>, fatos lubonja,<span style=\"color: #008000;\"> jacques ranci\u00e8re<\/span>, etc&#8230;<\/strong><\/h6>\n<h6><strong>\u00a0<\/strong><\/h6>\n","protected":false},"excerpt":{"rendered":"<p>Foreign rights : Ms Heidi Warneke, Grasset editor. Ph: 00331 44392212 fax: 00331 45449403 E-mail : hwarneke@grasset.fr *\u00ab\u00a0LE CAM\u00c9L\u00c9ON\u00a0\u00bb A \u00c9T\u00c9 TRADUIT EN ALBANAIS PAR FATOS LUBONJA (\u00ab\u00a0KAMELEON\u00a0\u00bb, MARIN BARLETI, 2001). POUR EN SAVOIR PLUS SUR LA R\u00c9CEPTION DU LIVRE EN ALBANIE&#8230; *pour trouver ce roman\u2026 *pour en savoir plus sur l&rsquo;\u00e9criture du livre\u00a0:\u00a0CLAUDE ARNAUD, [&hellip;]<\/p>\n","protected":false},"author":1,"featured_media":0,"parent":68,"menu_order":3,"comment_status":"open","ping_status":"open","template":"","meta":{"footnotes":""},"class_list":["post-77","page","type-page","status-publish","hentry","count-0","even alt","author-admin","last"],"post_mailing_queue_ids":[],"_links":{"self":[{"href":"https:\/\/www.claude-arnaud.com\/fr\/wp-json\/wp\/v2\/pages\/77","targetHints":{"allow":["GET"]}}],"collection":[{"href":"https:\/\/www.claude-arnaud.com\/fr\/wp-json\/wp\/v2\/pages"}],"about":[{"href":"https:\/\/www.claude-arnaud.com\/fr\/wp-json\/wp\/v2\/types\/page"}],"author":[{"embeddable":true,"href":"https:\/\/www.claude-arnaud.com\/fr\/wp-json\/wp\/v2\/users\/1"}],"replies":[{"embeddable":true,"href":"https:\/\/www.claude-arnaud.com\/fr\/wp-json\/wp\/v2\/comments?post=77"}],"version-history":[{"count":76,"href":"https:\/\/www.claude-arnaud.com\/fr\/wp-json\/wp\/v2\/pages\/77\/revisions"}],"predecessor-version":[{"id":15376,"href":"https:\/\/www.claude-arnaud.com\/fr\/wp-json\/wp\/v2\/pages\/77\/revisions\/15376"}],"up":[{"embeddable":true,"href":"https:\/\/www.claude-arnaud.com\/fr\/wp-json\/wp\/v2\/pages\/68"}],"wp:attachment":[{"href":"https:\/\/www.claude-arnaud.com\/fr\/wp-json\/wp\/v2\/media?parent=77"}],"curies":[{"name":"wp","href":"https:\/\/api.w.org\/{rel}","templated":true}]}}