{"id":75,"date":"2009-05-26T20:11:42","date_gmt":"2009-05-26T18:11:42","guid":{"rendered":"http:\/\/www.claude-arnaud.com\/fr\/?page_id=75"},"modified":"2021-01-16T16:45:40","modified_gmt":"2021-01-16T15:45:40","slug":"le-cameleon-revue-de-presse","status":"publish","type":"page","link":"https:\/\/www.claude-arnaud.com\/fr\/romans\/le-cameleon\/le-cameleon-revue-de-presse","title":{"rendered":"Le Cam\u00e9l\u00e9on : en France"},"content":{"rendered":"<blockquote>\n<h2><span style=\"color: #008000;\"><strong><span style=\"text-decoration: underline;\"><a href=\"http:\/\/www.claude-arnaud.com\/fr\/romans\/9782246456018-t\" rel=\"attachment wp-att-10652\"><img loading=\"lazy\" decoding=\"async\" class=\"alignleft size-medium wp-image-10652\" src=\"http:\/\/www.claude-arnaud.com\/fr\/wp-content\/uploads\/2021\/01\/9782246456018-T-184x300.jpg\" alt=\"\" width=\"184\" height=\"300\" srcset=\"https:\/\/www.claude-arnaud.com\/fr\/wp-content\/uploads\/2021\/01\/9782246456018-T-184x300.jpg 184w, https:\/\/www.claude-arnaud.com\/fr\/wp-content\/uploads\/2021\/01\/9782246456018-T.jpg 600w\" sizes=\"auto, (max-width: 184px) 100vw, 184px\" \/><\/a>*DANS LA PRESSE<\/span><\/strong><\/span><\/h2>\n<h6>\u00ab On devine que <strong><span style=\"color: #008000;\">Claude ARNAUD<\/span><\/strong> a d\u00fb autrefois roder lui-m\u00eame dans ce pays des inventeurs de la Solitude volontaire, <strong>comme les juifs l\u2019ont \u00e9t\u00e9 du Dieu unique ou les tziganes de l\u2019exil perp\u00e9tuel<\/strong>, <span style=\"color: #008000;\"><strong>tant la description en est aigue, d\u00e9cap\u00e9e, sapide<\/strong><\/span> (\u2026) Le roman culmine avec un morceau de bravoure (\u2026), un dialogue o\u00f9 s\u2019affrontent le gastroent\u00e9rologue genevois et son illustre patient \u2013 <strong><span style=\"color: #008000;\">Enver Hodja<\/span><\/strong> lui-m\u00eame ; ce sont des ch\u00eanes qu\u2019on abat, mais avec une faucille (\u2026) Cette fable sur une nation-microcosme nous rappelle que l\u2019Est, plus qu\u2019une contr\u00e9e, est une couleur de l\u2019\u00e2me \u00bb. <span style=\"color: #339966;\"><strong>Marc Lambron, Le Point, 17.07.1994.<\/strong><\/span><\/h6>\n<\/blockquote>\n<blockquote>\n<h6>\u00ab C\u2019est remarquablement ma\u00eetris\u00e9 \u00bb. <strong>Patrice Delbourg, L\u2019\u00c9v\u00e8nement du Jeudi, 22.07.1994<\/strong><\/h6>\n<h6>\u00ab\u00a0<span style=\"color: #008000;\"><strong><strong>\u00ab<\/strong>Loin de la nostalgie, c&rsquo;est par la d\u00e9rision, \u00e0 la fa\u00e7on de Julian Barnes dans \u00ab<span style=\"color: #003300;\">Le Porc-\u00e9pic<\/span>\u00bb<\/strong><\/span>, que <strong>Claude Arnaud<\/strong> traite du probl\u00e8me de la dictature. \u00ab<span style=\"color: #008000;\"><strong>Le Cam\u00e9l\u00e9on<\/strong><\/span>\u00bb (Grasset) d\u00e9crit la mue d&rsquo;un jeune Suisse \u00aben cure\u00bb dans une ferme d&rsquo;Etat. Plus que par la psychologie des personnages<strong>&#8230;<\/strong> <strong>le livre int\u00e9resse par l&rsquo;observation de la vie quotidienne dans l&rsquo;Albanie d&rsquo;Enver Hojda<\/strong>. <span style=\"color: #008000;\"><strong>D\u00e9fiance du tyran envers ses m\u00e9decins, ordres et disgr\u00e2ces, cynisme et m\u00e9galomanie, l&rsquo;auteur d&rsquo;une excellente biographie de Chamfort rejoint l&rsquo;universel\u00bb.\u00a0<span style=\"color: #003300;\">ANNE PONS, <span style=\"color: #008000;\"><em>L&rsquo;EXPRESS<\/em><\/span>, 01\/09\/1994. Pour lire cet article <a title=\"lexies\" href=\"https:\/\/www.lexpress.fr\/informations\/premiers-romans-en-attendant-la-gloire_599308.html\" target=\"_blank\" rel=\"noopener\">in-extenso<\/a>&#8230;<\/span><\/strong><\/span><\/h6>\n<h6>\u00ab <strong>Une com\u00e9die o\u00f9 l\u2019on ne sait ce qui grince le plus<\/strong>, l\u2019horreur des situations ou l\u2019humour avec lequel (Claude Arnaud ) les traite \u00bb. <span style=\"color: #008000;\"><strong>Fran\u00e7oise Giroud, Le Journal du Dimanche, 2.10.1994.<\/strong><\/span><\/h6>\n<\/blockquote>\n<blockquote>\n<h6>\u00ab <strong>Le livre est excellent quand il tourne franchement \u00e0 la parodie et \u00e0 la com\u00e9die. Le r\u00e9cit de voyage \u2013 o\u00f9 j\u2019ai retrouv\u00e9 beaucoup de mes \u00e9tonnements \u2013 est tr\u00e8s amusant et instructif<\/strong> (\u2026) Le choix de personnages suisses avec le constant contrepoint Tirana-Gen\u00e8ve qui s\u2019\u00e9tablit dans leur t\u00eate, les monologues du dictateur le plus myst\u00e9rieux du si\u00e8cle, <span style=\"color: #008000;\"><strong>tout cela est d\u2019une invention d\u00e9lectable<\/strong><\/span>. Il para\u00eet que l\u2019auteur avait imagin\u00e9 sa \u00ab fable \u00bb &#8211; et qu\u2019il en avait \u00e9crit une premi\u00e8re version \u2013 sans \u00eatre all\u00e9 encore en Albanie \u00bb. <span style=\"color: #339966;\"><strong>Fran\u00e7ois Nourissier, Le Figaro, 18.11.1994<\/strong><\/span><\/h6>\n<h2><span style=\"color: #008000;\"><strong><span style=\"text-decoration: underline;\">*DANS LES BLOGS<\/span><\/strong><\/span><\/h2>\n<h6><a href=\"http:\/\/www.claude-arnaud.com\/fr\/wp-content\/uploads\/2009\/05\/baniere_150.jpg\"><img loading=\"lazy\" decoding=\"async\" class=\"alignleft  wp-image-4727\" title=\"baniere_150\" src=\"http:\/\/www.claude-arnaud.com\/fr\/wp-content\/uploads\/2009\/05\/baniere_150-300x79.jpg\" alt=\"\" width=\"270\" height=\"71\" srcset=\"https:\/\/www.claude-arnaud.com\/fr\/wp-content\/uploads\/2009\/05\/baniere_150-300x79.jpg 300w, https:\/\/www.claude-arnaud.com\/fr\/wp-content\/uploads\/2009\/05\/baniere_150.jpg 565w\" sizes=\"auto, (max-width: 270px) 100vw, 270px\" \/><\/a>\u00ab\u00a0L&rsquo;atmosph\u00e8re <strong>\u00e0 la fois surr\u00e9aliste et terre<\/strong> \u00e0 terre est assez inattendue. Le h\u00e9ros, Paul, fait sa cure de r\u00e9alit\u00e9 en Albanie, <span style=\"color: #008000;\"><strong>le d\u00e9calage dans le quotidien entre sa vie bien prot\u00e9g\u00e9e en Suisse et le monde ouvrier qu&rsquo;il d\u00e9couvre est tr\u00e8s fort<\/strong><\/span>. Mais l&rsquo;ambiance est quasi onirique, et le personnage explore le r\u00e9el de fa\u00e7on tr\u00e8s personnelle (&#8230;) <strong>Bref, ce livre ne m&rsquo;a pas laiss\u00e9e indiff\u00e9rente, et m&rsquo;a m\u00eame presque fascin\u00e9e\u00a0\u00bb<\/strong>, \u00e9crit <span style=\"color: #008000;\"><strong>Automnale<\/strong><\/span> sur le site <strong>L&rsquo;agora des livres<\/strong>. <a title=\"agora des livres\" href=\"http:\/\/www.agoradeslivres.com\/ptopic16348.php\" target=\"_blank\" rel=\"noopener\">Pour lire son post in extenso&#8230;<\/a><\/h6>\n<h2><span style=\"color: #008000;\"><strong><span style=\"text-decoration: underline;\">*POUR TROUVER <a href=\"https:\/\/www.grasset.fr\/livres\/le-cameleon-9782246456018\" target=\"_blank\" rel=\"noopener\">CE LIVRE<\/a><\/span> <\/strong><\/span><\/h2>\n<h2><span style=\"color: #008000;\"><strong>Ou via Les libraires <a title=\"leslibraires\" href=\"http:\/\/www.leslibraires.fr\/recherche\/?q=claude+arnaud\" target=\"_blank\" rel=\"noopener\">(VERSION PAPIER OU NUMERIQUE)<\/a>&#8230;<\/strong><\/span><\/h2>\n<\/blockquote>\n","protected":false},"excerpt":{"rendered":"<p>*DANS LA PRESSE \u00ab On devine que Claude ARNAUD a d\u00fb autrefois roder lui-m\u00eame dans ce pays des inventeurs de la Solitude volontaire, comme les juifs l\u2019ont \u00e9t\u00e9 du Dieu unique ou les tziganes de l\u2019exil perp\u00e9tuel, tant la description en est aigue, d\u00e9cap\u00e9e, sapide (\u2026) Le roman culmine avec un morceau de bravoure (\u2026), [&hellip;]<\/p>\n","protected":false},"author":1,"featured_media":0,"parent":68,"menu_order":2,"comment_status":"open","ping_status":"open","template":"","meta":{"footnotes":""},"class_list":["post-75","page","type-page","status-publish","hentry","count-0","even alt","author-admin","last"],"post_mailing_queue_ids":[],"_links":{"self":[{"href":"https:\/\/www.claude-arnaud.com\/fr\/wp-json\/wp\/v2\/pages\/75","targetHints":{"allow":["GET"]}}],"collection":[{"href":"https:\/\/www.claude-arnaud.com\/fr\/wp-json\/wp\/v2\/pages"}],"about":[{"href":"https:\/\/www.claude-arnaud.com\/fr\/wp-json\/wp\/v2\/types\/page"}],"author":[{"embeddable":true,"href":"https:\/\/www.claude-arnaud.com\/fr\/wp-json\/wp\/v2\/users\/1"}],"replies":[{"embeddable":true,"href":"https:\/\/www.claude-arnaud.com\/fr\/wp-json\/wp\/v2\/comments?post=75"}],"version-history":[{"count":17,"href":"https:\/\/www.claude-arnaud.com\/fr\/wp-json\/wp\/v2\/pages\/75\/revisions"}],"predecessor-version":[{"id":10701,"href":"https:\/\/www.claude-arnaud.com\/fr\/wp-json\/wp\/v2\/pages\/75\/revisions\/10701"}],"up":[{"embeddable":true,"href":"https:\/\/www.claude-arnaud.com\/fr\/wp-json\/wp\/v2\/pages\/68"}],"wp:attachment":[{"href":"https:\/\/www.claude-arnaud.com\/fr\/wp-json\/wp\/v2\/media?parent=75"}],"curies":[{"name":"wp","href":"https:\/\/api.w.org\/{rel}","templated":true}]}}