{"id":7374,"date":"2017-02-03T18:11:52","date_gmt":"2017-02-03T18:11:52","guid":{"rendered":"http:\/\/www.claude-arnaud.com\/fr\/?page_id=7374"},"modified":"2021-01-22T19:19:17","modified_gmt":"2021-01-22T18:19:17","slug":"qui-dit-je-en-nous-en-daisy-audio","status":"publish","type":"page","link":"https:\/\/www.claude-arnaud.com\/fr\/essais\/qui-dit-je-en-nous-presentation\/qui-dit-je-en-nous-en-daisy-audio","title":{"rendered":"Qui dit je en nous? : en daisy audio"},"content":{"rendered":"<h5><span style=\"color: #008000;\"><em><a href=\"http:\/\/www.claude-arnaud.com\/fr\/wp-content\/uploads\/2009\/05\/2012793983.jpg\"><img loading=\"lazy\" decoding=\"async\" class=\"alignleft  wp-image-3964\" title=\"2012793983\" src=\"http:\/\/www.claude-arnaud.com\/fr\/wp-content\/uploads\/2009\/05\/2012793983-180x300.jpg\" alt=\"\" width=\"234\" height=\"390\" \/><\/a>Qui dit je en nous?<\/em><\/span> est accessible aux <span style=\"color: #008000;\">aveugles<\/span> et malvoyants en <span style=\"color: #008000;\">format daisy<a href=\"http:\/\/www.claude-arnaud.com\/fr\/wp-content\/uploads\/2017\/02\/logo.png\"><img loading=\"lazy\" decoding=\"async\" class=\"alignright  wp-image-7378\" title=\"logo\" src=\"http:\/\/www.claude-arnaud.com\/fr\/wp-content\/uploads\/2017\/02\/logo-300x257.png\" alt=\"\" width=\"211\" height=\"180\" srcset=\"https:\/\/www.claude-arnaud.com\/fr\/wp-content\/uploads\/2017\/02\/logo-300x257.png 300w, https:\/\/www.claude-arnaud.com\/fr\/wp-content\/uploads\/2017\/02\/logo.png 357w\" sizes=\"auto, (max-width: 211px) 100vw, 211px\" \/><\/a> audio<\/span> (13 h 21 m) sur le site EOLE de la <a href=\"https:\/\/eole.avh.asso.fr\/qui-dit-je-en-nous-une-histoire-subjective-de-lidentit\u00e9-0\" target=\"_blank\" rel=\"noopener\"><span style=\"color: #008000;\">m\u00e9diath\u00e8que<\/span> de l&rsquo;Association Valentin Ha\u00fcy<\/a>&#8230;<\/h5>\n","protected":false},"excerpt":{"rendered":"<p>Qui dit je en nous? est accessible aux aveugles et malvoyants en format daisy audio (13 h 21 m) sur le site EOLE de la m\u00e9diath\u00e8que de l&rsquo;Association Valentin Ha\u00fcy&#8230;<\/p>\n","protected":false},"author":2,"featured_media":0,"parent":1154,"menu_order":6,"comment_status":"open","ping_status":"open","template":"","meta":{"footnotes":""},"class_list":["post-7374","page","type-page","status-publish","hentry","count-0","even alt","author-claude-arnaud","last"],"post_mailing_queue_ids":[],"_links":{"self":[{"href":"https:\/\/www.claude-arnaud.com\/fr\/wp-json\/wp\/v2\/pages\/7374","targetHints":{"allow":["GET"]}}],"collection":[{"href":"https:\/\/www.claude-arnaud.com\/fr\/wp-json\/wp\/v2\/pages"}],"about":[{"href":"https:\/\/www.claude-arnaud.com\/fr\/wp-json\/wp\/v2\/types\/page"}],"author":[{"embeddable":true,"href":"https:\/\/www.claude-arnaud.com\/fr\/wp-json\/wp\/v2\/users\/2"}],"replies":[{"embeddable":true,"href":"https:\/\/www.claude-arnaud.com\/fr\/wp-json\/wp\/v2\/comments?post=7374"}],"version-history":[{"count":5,"href":"https:\/\/www.claude-arnaud.com\/fr\/wp-json\/wp\/v2\/pages\/7374\/revisions"}],"predecessor-version":[{"id":11087,"href":"https:\/\/www.claude-arnaud.com\/fr\/wp-json\/wp\/v2\/pages\/7374\/revisions\/11087"}],"up":[{"embeddable":true,"href":"https:\/\/www.claude-arnaud.com\/fr\/wp-json\/wp\/v2\/pages\/1154"}],"wp:attachment":[{"href":"https:\/\/www.claude-arnaud.com\/fr\/wp-json\/wp\/v2\/media?parent=7374"}],"curies":[{"name":"wp","href":"https:\/\/api.w.org\/{rel}","templated":true}]}}