{"id":7336,"date":"2017-02-01T18:43:06","date_gmt":"2017-02-01T18:43:06","guid":{"rendered":"http:\/\/www.claude-arnaud.com\/fr\/?page_id=7336"},"modified":"2021-01-20T15:01:22","modified_gmt":"2021-01-20T14:01:22","slug":"je-ne-voulais-pas-etre-moi-en-audio-daisy-et-braille-numerique","status":"publish","type":"page","link":"https:\/\/www.claude-arnaud.com\/fr\/romans\/je-ne-voulais-pas-etre-moi\/je-ne-voulais-pas-etre-moi-en-audio-daisy-et-braille-numerique","title":{"rendered":"Je ne voulais pas \u00eatre moi: en audio daisy et braille num\u00e9rique"},"content":{"rendered":"<h5><a href=\"http:\/\/www.claude-arnaud.com\/fr\/wp-content\/uploads\/2017\/02\/BNFA.jpg\"><img loading=\"lazy\" decoding=\"async\" class=\"alignright  wp-image-7337\" title=\"BNFA\" src=\"http:\/\/www.claude-arnaud.com\/fr\/wp-content\/uploads\/2017\/02\/BNFA.jpg\" alt=\"\" width=\"226\" height=\"142\" srcset=\"https:\/\/www.claude-arnaud.com\/fr\/wp-content\/uploads\/2017\/02\/BNFA.jpg 320w, https:\/\/www.claude-arnaud.com\/fr\/wp-content\/uploads\/2017\/02\/BNFA-300x189.jpg 300w\" sizes=\"auto, (max-width: 226px) 100vw, 226px\" \/><\/a><a href=\"http:\/\/www.claude-arnaud.com\/fr\/wp-content\/uploads\/2015\/12\/Couv-visuel.jpg\"><img loading=\"lazy\" decoding=\"async\" class=\"alignleft  wp-image-6240\" title=\"Couv visuel\" src=\"http:\/\/www.claude-arnaud.com\/fr\/wp-content\/uploads\/2015\/12\/Couv-visuel-204x300.jpg\" alt=\"\" width=\"261\" height=\"383\" srcset=\"https:\/\/www.claude-arnaud.com\/fr\/wp-content\/uploads\/2015\/12\/Couv-visuel-204x300.jpg 204w, https:\/\/www.claude-arnaud.com\/fr\/wp-content\/uploads\/2015\/12\/Couv-visuel.jpg 280w\" sizes=\"auto, (max-width: 261px) 100vw, 261px\" \/><\/a><span style=\"color: #008000;\"><strong>*Les aveugles et malvoyants<\/strong><\/span> d\u00e9sirant entendre lire <em>Je ne voulais pas \u00eatre moi<\/em> en <strong><span style=\"color: #008000;\">audio daisy<\/span> et <span style=\"color: #008000;\">braille num\u00e9rique (3h41)<\/span><\/strong> peuvent le faire, apr\u00e8s inscription, par le biais de la m\u00e9diath\u00e8que de <a href=\"https:\/\/eole.avh.asso.fr\/je-ne-voulais-pas-%C3%AAtre-moi-0\" target=\"_blank\" rel=\"noopener\">l&rsquo;association Valentin Hau\u00ff<\/a>&#8230;<\/h5>\n","protected":false},"excerpt":{"rendered":"<p>*Les aveugles et malvoyants d\u00e9sirant entendre lire Je ne voulais pas \u00eatre moi en audio daisy et braille num\u00e9rique (3h41) peuvent le faire, apr\u00e8s inscription, par le biais de la m\u00e9diath\u00e8que de l&rsquo;association Valentin Hau\u00ff&#8230;<\/p>\n","protected":false},"author":2,"featured_media":0,"parent":6244,"menu_order":4,"comment_status":"open","ping_status":"open","template":"","meta":{"footnotes":""},"class_list":["post-7336","page","type-page","status-publish","hentry","count-0","even alt","author-claude-arnaud","last"],"post_mailing_queue_ids":[],"_links":{"self":[{"href":"https:\/\/www.claude-arnaud.com\/fr\/wp-json\/wp\/v2\/pages\/7336","targetHints":{"allow":["GET"]}}],"collection":[{"href":"https:\/\/www.claude-arnaud.com\/fr\/wp-json\/wp\/v2\/pages"}],"about":[{"href":"https:\/\/www.claude-arnaud.com\/fr\/wp-json\/wp\/v2\/types\/page"}],"author":[{"embeddable":true,"href":"https:\/\/www.claude-arnaud.com\/fr\/wp-json\/wp\/v2\/users\/2"}],"replies":[{"embeddable":true,"href":"https:\/\/www.claude-arnaud.com\/fr\/wp-json\/wp\/v2\/comments?post=7336"}],"version-history":[{"count":9,"href":"https:\/\/www.claude-arnaud.com\/fr\/wp-json\/wp\/v2\/pages\/7336\/revisions"}],"predecessor-version":[{"id":10849,"href":"https:\/\/www.claude-arnaud.com\/fr\/wp-json\/wp\/v2\/pages\/7336\/revisions\/10849"}],"up":[{"embeddable":true,"href":"https:\/\/www.claude-arnaud.com\/fr\/wp-json\/wp\/v2\/pages\/6244"}],"wp:attachment":[{"href":"https:\/\/www.claude-arnaud.com\/fr\/wp-json\/wp\/v2\/media?parent=7336"}],"curies":[{"name":"wp","href":"https:\/\/api.w.org\/{rel}","templated":true}]}}