{"id":70,"date":"2009-05-26T20:07:00","date_gmt":"2009-05-26T18:07:00","guid":{"rendered":"http:\/\/www.claude-arnaud.com\/fr\/?page_id=70"},"modified":"2021-01-16T16:40:13","modified_gmt":"2021-01-16T15:40:13","slug":"le-cameleon-la-quatrieme-de-couverture","status":"publish","type":"page","link":"https:\/\/www.claude-arnaud.com\/fr\/romans\/le-cameleon\/le-cameleon-la-quatrieme-de-couverture","title":{"rendered":"Le Cam\u00e9l\u00e9on : la quatri\u00e8me de couverture"},"content":{"rendered":"<blockquote>\n<h6><a href=\"http:\/\/www.claude-arnaud.com\/fr\/romans\/9782246456018-t\" rel=\"attachment wp-att-10652\"><img loading=\"lazy\" decoding=\"async\" class=\"alignleft size-medium wp-image-10652\" src=\"http:\/\/www.claude-arnaud.com\/fr\/wp-content\/uploads\/2021\/01\/9782246456018-T-184x300.jpg\" alt=\"\" width=\"184\" height=\"300\" srcset=\"https:\/\/www.claude-arnaud.com\/fr\/wp-content\/uploads\/2021\/01\/9782246456018-T-184x300.jpg 184w, https:\/\/www.claude-arnaud.com\/fr\/wp-content\/uploads\/2021\/01\/9782246456018-T.jpg 600w\" sizes=\"auto, (max-width: 184px) 100vw, 184px\" \/><\/a><span style=\"color: #008000;\"><strong>Que se passerait-il si l\u2019\u00eatre le plus flottant et le plus ind\u00e9cis rencontrait le pays de toutes les certitudes ?<\/strong><\/span> Si, en 1976, un adolescent genevois, enfant n\u00e9vros\u00e9 d\u2019une <strong>Suisse<\/strong> prosp\u00e8re, partait pour <strong>l\u2019Albanie<\/strong> rouge suivre une cure de r\u00e9alit\u00e9 o\u00f9, \u00e0 l\u2019\u00e9preuve des faits, il gu\u00e9rirait de son mal d\u2019\u00eatre ? <span style=\"color: #008000;\"><strong>Deviendrait-il un adulte quand le doute sur soi est interdit par d\u00e9cret ?<\/strong><\/span> Ce serait une fable, et des plus surprenantes. Alors que la capitale albanaise <strong>Tirana<\/strong>, s\u2019appr\u00eate \u00e0 recevoir le congr\u00e8s des partis fr\u00e8res, dans une d\u00e9bauche de propagande et de complots, <strong>Paul<\/strong>, <span style=\"color: #008000;\"><strong>ce candide au pays de Staline<\/strong><\/span>, d\u00e9couvre un monde herm\u00e9tiquement clos. <strong>Dans ce qui \u00e9tait le territoire le plus myst\u00e9rieux du monde<\/strong>, on croise l\u2019h\u00e9ritier vicieux d\u2019une dynastie f\u00e9odale, un m\u00e9decin persuad\u00e9 d\u2019\u00eatre essentiel \u00e0 l\u2019humanit\u00e9, une arch\u00e9ologue pr\u00eate \u00e0 \u00e9changer sa beaut\u00e9 contre la libert\u00e9.<\/h6>\n<\/blockquote>\n<blockquote>\n<h6>Le roman de <strong>Claude Arnaud<\/strong> est une com\u00e9die o\u00f9 l\u2019on grince des dents, <span style=\"color: #008000;\"><strong>l\u2019utopie d\u2019un Etat qui r\u00eava d\u2019\u00eatre seul au monde, un conte o\u00f9 les f\u00e9es ont la moustache de<\/strong><\/span> <strong>Staline<\/strong>. On rit parce que cela ressemble \u00e0 la Syldavie ch\u00e8re \u00e0 Tintin. On fr\u00e9mit parce que <strong>c\u2019est aussi l\u2019histoire de nos folies<\/strong>.<\/h6>\n<\/blockquote>\n","protected":false},"excerpt":{"rendered":"<p>Que se passerait-il si l\u2019\u00eatre le plus flottant et le plus ind\u00e9cis rencontrait le pays de toutes les certitudes ? Si, en 1976, un adolescent genevois, enfant n\u00e9vros\u00e9 d\u2019une Suisse prosp\u00e8re, partait pour l\u2019Albanie rouge suivre une cure de r\u00e9alit\u00e9 o\u00f9, \u00e0 l\u2019\u00e9preuve des faits, il gu\u00e9rirait de son mal d\u2019\u00eatre ? Deviendrait-il un adulte [&hellip;]<\/p>\n","protected":false},"author":1,"featured_media":0,"parent":68,"menu_order":1,"comment_status":"open","ping_status":"open","template":"","meta":{"footnotes":""},"class_list":["post-70","page","type-page","status-publish","hentry","count-0","even alt","author-admin","last"],"post_mailing_queue_ids":[],"_links":{"self":[{"href":"https:\/\/www.claude-arnaud.com\/fr\/wp-json\/wp\/v2\/pages\/70","targetHints":{"allow":["GET"]}}],"collection":[{"href":"https:\/\/www.claude-arnaud.com\/fr\/wp-json\/wp\/v2\/pages"}],"about":[{"href":"https:\/\/www.claude-arnaud.com\/fr\/wp-json\/wp\/v2\/types\/page"}],"author":[{"embeddable":true,"href":"https:\/\/www.claude-arnaud.com\/fr\/wp-json\/wp\/v2\/users\/1"}],"replies":[{"embeddable":true,"href":"https:\/\/www.claude-arnaud.com\/fr\/wp-json\/wp\/v2\/comments?post=70"}],"version-history":[{"count":6,"href":"https:\/\/www.claude-arnaud.com\/fr\/wp-json\/wp\/v2\/pages\/70\/revisions"}],"predecessor-version":[{"id":10698,"href":"https:\/\/www.claude-arnaud.com\/fr\/wp-json\/wp\/v2\/pages\/70\/revisions\/10698"}],"up":[{"embeddable":true,"href":"https:\/\/www.claude-arnaud.com\/fr\/wp-json\/wp\/v2\/pages\/68"}],"wp:attachment":[{"href":"https:\/\/www.claude-arnaud.com\/fr\/wp-json\/wp\/v2\/media?parent=70"}],"curies":[{"name":"wp","href":"https:\/\/api.w.org\/{rel}","templated":true}]}}