{"id":6885,"date":"2016-09-08T16:42:14","date_gmt":"2016-09-08T16:42:14","guid":{"rendered":"http:\/\/www.claude-arnaud.com\/fr\/?page_id=6885"},"modified":"2023-01-13T09:57:44","modified_gmt":"2023-01-13T08:57:44","slug":"en-poche-chez-tempus","status":"publish","type":"page","link":"https:\/\/www.claude-arnaud.com\/fr\/biographies\/chamfort\/en-poche-chez-tempus","title":{"rendered":"Chamfort : en poche\/ paperback Tempus : en France\/Abroad"},"content":{"rendered":"<h6><a href=\"http:\/\/www.claude-arnaud.com\/fr\/wp-content\/uploads\/2016\/09\/COUV_CHAMFORT.jpg\"><img loading=\"lazy\" decoding=\"async\" class=\"alignleft size-medium wp-image-6882\" title=\"COUV_CHAMFORT\" src=\"http:\/\/www.claude-arnaud.com\/fr\/wp-content\/uploads\/2016\/09\/COUV_CHAMFORT-300x229.jpg\" alt=\"\" width=\"300\" height=\"229\" srcset=\"https:\/\/www.claude-arnaud.com\/fr\/wp-content\/uploads\/2016\/09\/COUV_CHAMFORT-300x229.jpg 300w, https:\/\/www.claude-arnaud.com\/fr\/wp-content\/uploads\/2016\/09\/COUV_CHAMFORT-1024x783.jpg 1024w, https:\/\/www.claude-arnaud.com\/fr\/wp-content\/uploads\/2016\/09\/COUV_CHAMFORT.jpg 1480w\" sizes=\"auto, (max-width: 300px) 100vw, 300px\" \/><\/a>*28 ans apr\u00e8s sa publication chez <strong>Robert LAFFONT<\/strong>, 26 ans apr\u00e8s son premier passage <span style=\"color: #008000;\"><strong>en poche PLURIEL<\/strong><\/span>, le <em><strong>CHAMFORT<\/strong><\/em> de <span style=\"color: #008000;\"><strong>Claude ARNAUD<\/strong><\/span> ressuscite<strong>, en octobre 2016<\/strong>, <span style=\"color: #008000;\"><strong>dans la collection de poche TEMPUS<\/strong><\/span>, aux \u00e9ditions <strong>Perrin<\/strong>, pr\u00e9c\u00e9d\u00e9 d\u2019une nouvelle pr\u00e9face.<\/h6>\n<h6><span style=\"color: #008000;\"><strong>*En 4\u00b0 de couverture<\/strong><\/span>: \u00ab\u00a0Comment\u00a0\u00a0 \u00a0restituer\u00a0\u00a0 \u00a0le\u00a0\u00a0 \u00a0\u00ab condens\u00e9\u00a0\u00a0 \u00a0d\u2019existence \u00bb\u00a0\u00a0 \u00a0d\u2019une personnalit\u00e9 <strong>aussi complexe et contradictoire<\/strong> ? <span style=\"color: #008000;\"><strong>Comment expliquer l\u2019impossible coexistence, au sein d\u2019un m\u00eame \u00eatre, d\u2019un sauvage \u00ab \u00e9corch\u00e9 vif \u00bb, qui fit de son ind\u00e9pendance une valeur cardinale, et d\u2019un mondain ne cherchant qu\u2019\u00e0 \u00eatre lou\u00e9 ?<\/strong><\/span> Telle est l\u2019ambition de cette superbe biographie qui redonne vie \u00e0 l\u2019illustre inconnu qu\u2019\u00e9tait <strong>S\u00e9bastien-Roch Nicolas de Chamfort (1740-1794)<\/strong>, l\u2019un des plus brillants esprits de <span style=\"color: #008000;\"><strong>la derni\u00e8re g\u00e9n\u00e9ration des Lumi\u00e8res<\/strong><\/span>. Le livre illumine en m\u00eame temps l\u2019\u00e9crivain et l\u2019homme tiraill\u00e9 entre deux mondes, ami des \u00abgrands\u00bb et r\u00e9volutionnaire, misanthrope et id\u00e9aliste, c\u00f4toyant <span style=\"color: #008000;\"><strong>VOLTAIRE<\/strong><\/span> aussi bien que <strong>ROUSSEAU<\/strong>, <span style=\"color: #008000;\"><strong>TALLEYRAND<\/strong><\/span> que <strong>MIRABEAU<\/strong>, <span style=\"color: #008000;\"><strong>RIVAROL<\/strong><\/span> que <strong>CHATEAUBRIAND<\/strong>&#8230; En annexe, soixante-dix des anecdotes, mots et maximes in\u00e9dits qui firent sa renomm\u00e9e.<br \/>\n<span style=\"color: #008000;\"><strong>Auteur d\u2019une trilogie autobiographique, de plusieurs romans et d\u2019une biographie remarqu\u00e9e de Cocteau, Claude Arnaud est \u00e9crivain, essayiste, biographe et critique litt\u00e9raire au Point.\u00a0\u00bb<\/strong><\/span><\/h6>\n<h6><a href=\"http:\/\/www.claude-arnaud.com\/fr\/wp-content\/uploads\/2016\/08\/logo_en_attendant_nadeau_130.png\"><img loading=\"lazy\" decoding=\"async\" class=\"alignleft size-full wp-image-6759\" title=\"logo_en_attendant_nadeau_130\" src=\"http:\/\/www.claude-arnaud.com\/fr\/wp-content\/uploads\/2016\/08\/logo_en_attendant_nadeau_130.png\" alt=\"\" width=\"130\" height=\"96\" \/><\/a>\u00ab\u00a0<strong>On ne peut pas dire qu\u2019on \u00e9tait familier de S\u00e9bastien-Roch-Nicolas de Chamfort (1740-1794)<\/strong>, qu\u2019on ne connaissait gu\u00e8re que par quelques aphorismes\u00a0: \u00ab\u00a0<em>Il faut que le c\u0153ur se brise ou se bronze.<\/em>\u00a0\u00bb, \u00e9crit <span style=\"color: #008000;\"><strong>Evelyne Pieille<\/strong><\/span>r dans la rubrique \u00ab\u00a0Petits Formats\u00a0\u00bb d&rsquo; <em><strong>En attendant Nadeau<\/strong><\/em>, en date du 23 octobre 2016. <span style=\"color: #008000;\"><strong>Cette indiff\u00e9rence \u00e9tait regrettable, car Chamfort est un personnage \u00e9tonnant<\/strong><\/span>, dont la vie est toute li\u00e9e aux d\u00e9bats et aux tensions des Lumi\u00e8res, que va soudain aff\u00fbter le surgissement de la R\u00e9volution. <strong>Ce \u00ab\u00a0b\u00e2tard\u00a0\u00bb qui choisit de se donner une particule est d\u2019une intelligence redoutable, et d\u2019un esprit \u00e9tincelant.<\/strong> Il plait \u00e0 tout ce qui compte dans le Paris d\u2019alors, sauf \u00e0 lui-m\u00eame. Il ne s\u2019aime pas, mais il aime \u00eatre f\u00eat\u00e9. De salons en mondanit\u00e9s diverses, il se veut grand dramaturge, il \u00e9choue. La R\u00e9volution va l\u2019exalter. <span style=\"color: #008000;\"><strong>D\u2019ami de Mirabeau, il devient \u00ab\u00a0<em>une sorte de saint r\u00e9publicain<\/em>\u00a0\u00bb, lui, le misanthrope. Pour lire <a href=\"https:\/\/www.en-attendant-nadeau.fr\/2016\/10\/23\/petits-formats-anders\/\" target=\"_blank\" rel=\"noopener\">ce commentaire in extenso&#8230;<\/a><\/strong><\/span><\/h6>\n<h6>\u00ab\u00a0Le parcours d\u2019un ind\u00e9pendant toujours pr\u00eat \u00e0 faire valoir son point de vue, \u00e9crit <span style=\"color: #008000;\"><strong>Bernard MORLINO<\/strong><\/span> dans son blog litt\u00e9raire, en date du 16\/01\/2017. Cette r\u00e9\u00e9dition nous permet de retrouver <span style=\"color: #008000;\"><strong>un prince des aphorismes<\/strong><\/span> qui pesait chaque mot dont il percevait la force ou la faiblesse. <strong>Cette remont\u00e9e du fleuve Chamfort est mieux qu\u2019un roman. <span style=\"color: #008000;\">L\u2019\u00e9corch\u00e9 vif des Lumi\u00e8res n\u2019\u00e9tait pas un intermittent du talent.<\/span><\/strong> A la suite de la biographie de premier choix, on a droit \u00e0 70 maximes, anecdotes et dialogues in\u00e9dits ou jamais r\u00e9\u00e9dit\u00e9s.\u00a0\u00bb<\/h6>\n<h6>*Pour acqu\u00e9rir ce livre <a href=\"https:\/\/www.lisez.com\/?q=Claude+arnaud+&amp;neuf=1&amp;s=\" target=\"_blank\" rel=\"noopener\">aupr\u00e8s de son \u00e9diteur<\/a>&#8230; Ou <a title=\"fnac\" href=\"http:\/\/livre.fnac.com\/a9864631\/Claude-Arnaud-Chamfort\" target=\"_blank\" rel=\"noopener\">via la FNAC<\/a>&#8230;<\/h6>\n<h6>et via la librairie <a title=\"mollat\" href=\"https:\/\/www.mollat.com\/livres\/388532\/claude-arnaud-chamfort\" target=\"_blank\" rel=\"noopener\">MOLLAT, \u00e0 BORDEAUX<\/a>&#8230;\u00a0\u00a0 \u00a0 \u00a0 \u00a0 \u00a0 \u00a0 \u00a0\u00a0 *En <a title=\"dives\" href=\"http:\/\/www.dlivre.com\/produits\/fiche\/arnaud-claude-chamfort-9782262068110-v.html\" target=\"_blank\" rel=\"noopener\">BELGIQUE<\/a>&#8230; <a href=\"http:\/\/www.claude-arnaud.com\/fr\/wp-content\/uploads\/2016\/01\/e23973a478acd2b5b70ec0c77dcc6715.jpg\"><img loading=\"lazy\" decoding=\"async\" class=\"aligncenter  wp-image-6381\" title=\"e23973a478acd2b5b70ec0c77dcc6715\" src=\"http:\/\/www.claude-arnaud.com\/fr\/wp-content\/uploads\/2016\/01\/e23973a478acd2b5b70ec0c77dcc6715-300x300.jpg\" alt=\"\" width=\"40\" height=\"40\" srcset=\"https:\/\/www.claude-arnaud.com\/fr\/wp-content\/uploads\/2016\/01\/e23973a478acd2b5b70ec0c77dcc6715-300x300.jpg 300w, https:\/\/www.claude-arnaud.com\/fr\/wp-content\/uploads\/2016\/01\/e23973a478acd2b5b70ec0c77dcc6715-150x150.jpg 150w, https:\/\/www.claude-arnaud.com\/fr\/wp-content\/uploads\/2016\/01\/e23973a478acd2b5b70ec0c77dcc6715-48x48.jpg 48w, https:\/\/www.claude-arnaud.com\/fr\/wp-content\/uploads\/2016\/01\/e23973a478acd2b5b70ec0c77dcc6715.jpg 750w\" sizes=\"auto, (max-width: 40px) 100vw, 40px\" \/><img loading=\"lazy\" decoding=\"async\" class=\"alignleft  wp-image-1951\" src=\"http:\/\/www.claude-arnaud.com\/fr\/wp-content\/uploads\/2010\/08\/allemagne_drapeau.gif\" alt=\"\" width=\"63\" height=\"42\" \/><\/a>EN <a title=\"eurobuch\" href=\"https:\/\/www.eurobuch.com\/buch\/isbn\/2262068119.html\" target=\"_blank\" rel=\"noopener\">ALLEMAGNE<\/a>&#8230;\u00a0\u00a0\u00a0\u00a0\u00a0 <img loading=\"lazy\" decoding=\"async\" class=\"alignleft  wp-image-4144\" src=\"http:\/\/www.claude-arnaud.com\/fr\/wp-content\/uploads\/2013\/07\/drapeau_espagne-300x182.jpg\" alt=\"\" width=\"69\" height=\"42\" srcset=\"https:\/\/www.claude-arnaud.com\/fr\/wp-content\/uploads\/2013\/07\/drapeau_espagne-300x182.jpg 300w, https:\/\/www.claude-arnaud.com\/fr\/wp-content\/uploads\/2013\/07\/drapeau_espagne.jpg 454w\" sizes=\"auto, (max-width: 69px) 100vw, 69px\" \/>EN<a title=\"amazon\" href=\"https:\/\/www.amazon.es\/Chamfort-Biographie-soixante-dix-anecdotes-dialogues\/dp\/2262068119\/ref=sr_1_16\/252-4476467-2466218?ie=UTF8&amp;qid=1475848436&amp;sr=8-16&amp;keywords=Chamfort\" target=\"_blank\" rel=\"noopener\"> ESPAGNE<\/a>&#8230; VIA <a title=\"todoslibros\" href=\"https:\/\/www.todostuslibros.com\/libros\/chamfort_978-2-262-06811-0\" target=\"_blank\" rel=\"noopener\">TODOSLIBROS<\/a>&#8230;<\/h6>\n<h6>OU <a title=\"jaimes\" href=\"http:\/\/www.jaimes.cat\/products\/367284-chamfort.html\" target=\"_blank\" rel=\"noopener\">ENCORE<\/a> (Catalogne)<\/h6>\n<h6><a title=\"bertrand pt\" href=\"https:\/\/www.bertrand.pt\/livro\/chamfort-claude-arnaud\/18039693\" target=\"_blank\" rel=\"noopener\"><img loading=\"lazy\" decoding=\"async\" class=\"alignleft  wp-image-4668\" src=\"http:\/\/www.claude-arnaud.com\/fr\/wp-content\/uploads\/2013\/03\/drapeau-portugal.jpg\" alt=\"\" width=\"66\" height=\"66\" srcset=\"https:\/\/www.claude-arnaud.com\/fr\/wp-content\/uploads\/2013\/03\/drapeau-portugal.jpg 200w, https:\/\/www.claude-arnaud.com\/fr\/wp-content\/uploads\/2013\/03\/drapeau-portugal-150x150.jpg 150w, https:\/\/www.claude-arnaud.com\/fr\/wp-content\/uploads\/2013\/03\/drapeau-portugal-48x48.jpg 48w\" sizes=\"auto, (max-width: 66px) 100vw, 66px\" \/>AU PORTUGAL<\/a>&#8230;\u00a0 Comme <a title=\"eurolivre\" href=\"http:\/\/www.eurolivre.fr\/livre\/isbn\/2262068119.html\" target=\"_blank\" rel=\"noopener\">\u00e0 travers l&rsquo;Europe<\/a><a style=\"font-size: 0.8em;\" title=\"amazon\" href=\"https:\/\/www.amazon.de\/Chamfort-Arnaud-Claude\/dp\/2262068119\" target=\"_blank\" rel=\"noopener\">.<\/a><span style=\"font-size: 0.8em;\">..<br \/>\n<\/span><\/h6>\n<h6><\/h6>\n<h6><img loading=\"lazy\" decoding=\"async\" class=\"alignleft  wp-image-6444\" src=\"http:\/\/www.claude-arnaud.com\/fr\/wp-content\/uploads\/2016\/01\/tf1-lci-le-drapeau-du-canada-2244816_1713-300x169.jpg\" alt=\"\" width=\"87\" height=\"49\" srcset=\"https:\/\/www.claude-arnaud.com\/fr\/wp-content\/uploads\/2016\/01\/tf1-lci-le-drapeau-du-canada-2244816_1713-300x169.jpg 300w, https:\/\/www.claude-arnaud.com\/fr\/wp-content\/uploads\/2016\/01\/tf1-lci-le-drapeau-du-canada-2244816_1713.jpg 620w\" sizes=\"auto, (max-width: 87px) 100vw, 87px\" \/>Aussi bien qu&rsquo;au <a href=\"https:\/\/www.renaud-bray.com\/Livres_Produit.aspx?id=2090668&amp;def=Chamfort%2cARNAUD%2c+CLAUDE%2c9782262068110\" target=\"_blank\" rel=\"noopener\">CANADA<\/a>&#8230; \u00a0Ou <a title=\"gallimardmontreal\" href=\"https:\/\/www.gallimardmontreal.com\/catalogue\/livre\/chamfort-arnaud-claude-9782262068110\" target=\"_blank\" rel=\"noopener\">encore<\/a>&#8230;<\/h6>\n<h6><a href=\"http:\/\/www.claude-arnaud.com\/fr\/wp-content\/uploads\/2013\/12\/drapeau-japonais.png\"><img loading=\"lazy\" decoding=\"async\" class=\"alignleft  wp-image-5699\" title=\"drapeau japonais\" src=\"http:\/\/www.claude-arnaud.com\/fr\/wp-content\/uploads\/2013\/12\/drapeau-japonais-300x209.png\" alt=\"\" width=\"66\" height=\"42\" \/><\/a>\u00a0Get that book <a title=\"kinokunya\" href=\"https:\/\/www.kinokuniya.co.jp\/f\/dsg-02-9782262068110\" target=\"_blank\" rel=\"noopener\">in JAPAN<\/a>&#8230;<\/h6>\n<h6><a href=\"http:\/\/www.claude-arnaud.com\/fr\/wp-content\/uploads\/2017\/09\/drapeau-tunisie.jpg\" rel=\"group-3\"><img loading=\"lazy\" decoding=\"async\" title=\"drapeau-tunisie\" src=\"http:\/\/www.claude-arnaud.com\/fr\/wp-content\/uploads\/2017\/09\/drapeau-tunisie-150x150.jpg\" alt=\"\" width=\"63\" height=\"63\" \/><\/a><strong>*pour trouver ce livre en<\/strong> T<span style=\"color: #008000;\"><strong>unisie<\/strong>, via la <\/span><a title=\"al kitab\" href=\"https:\/\/www.alkitab.tn\/listeliv.php?base=&amp;form_recherche_avancee=ok&amp;auteurs=Claude%20Arnaud\" target=\"_blank\" rel=\"noopener\">librairie Al kitab<\/a>\u2026<\/h6>\n","protected":false},"excerpt":{"rendered":"<p>*28 ans apr\u00e8s sa publication chez Robert LAFFONT, 26 ans apr\u00e8s son premier passage en poche PLURIEL, le CHAMFORT de Claude ARNAUD ressuscite, en octobre 2016, dans la collection de poche TEMPUS, aux \u00e9ditions Perrin, pr\u00e9c\u00e9d\u00e9 d\u2019une nouvelle pr\u00e9face. *En 4\u00b0 de couverture: \u00ab\u00a0Comment\u00a0\u00a0 \u00a0restituer\u00a0\u00a0 \u00a0le\u00a0\u00a0 \u00a0\u00ab condens\u00e9\u00a0\u00a0 \u00a0d\u2019existence \u00bb\u00a0\u00a0 \u00a0d\u2019une personnalit\u00e9 aussi complexe et [&hellip;]<\/p>\n","protected":false},"author":2,"featured_media":0,"parent":20,"menu_order":3,"comment_status":"open","ping_status":"open","template":"","meta":{"footnotes":""},"class_list":["post-6885","page","type-page","status-publish","hentry","count-0","even alt","author-claude-arnaud","last"],"post_mailing_queue_ids":[],"_links":{"self":[{"href":"https:\/\/www.claude-arnaud.com\/fr\/wp-json\/wp\/v2\/pages\/6885","targetHints":{"allow":["GET"]}}],"collection":[{"href":"https:\/\/www.claude-arnaud.com\/fr\/wp-json\/wp\/v2\/pages"}],"about":[{"href":"https:\/\/www.claude-arnaud.com\/fr\/wp-json\/wp\/v2\/types\/page"}],"author":[{"embeddable":true,"href":"https:\/\/www.claude-arnaud.com\/fr\/wp-json\/wp\/v2\/users\/2"}],"replies":[{"embeddable":true,"href":"https:\/\/www.claude-arnaud.com\/fr\/wp-json\/wp\/v2\/comments?post=6885"}],"version-history":[{"count":47,"href":"https:\/\/www.claude-arnaud.com\/fr\/wp-json\/wp\/v2\/pages\/6885\/revisions"}],"predecessor-version":[{"id":14827,"href":"https:\/\/www.claude-arnaud.com\/fr\/wp-json\/wp\/v2\/pages\/6885\/revisions\/14827"}],"up":[{"embeddable":true,"href":"https:\/\/www.claude-arnaud.com\/fr\/wp-json\/wp\/v2\/pages\/20"}],"wp:attachment":[{"href":"https:\/\/www.claude-arnaud.com\/fr\/wp-json\/wp\/v2\/media?parent=6885"}],"curies":[{"name":"wp","href":"https:\/\/api.w.org\/{rel}","templated":true}]}}