{"id":66,"date":"2009-05-26T20:03:44","date_gmt":"2009-05-26T18:03:44","guid":{"rendered":"http:\/\/www.claude-arnaud.com\/fr\/?page_id=66"},"modified":"2021-02-09T10:22:39","modified_gmt":"2021-02-09T09:22:39","slug":"romans","status":"publish","type":"page","link":"https:\/\/www.claude-arnaud.com\/fr\/romans","title":{"rendered":"Romans, r\u00e9cits"},"content":{"rendered":"<div>\n<table border=\"0\" width=\"100%\" cellpadding=\"0\">\n<tbody>\n<tr>\n<td>\n<div>\n<ol>\n<li><a href=\"http:\/\/www.claude-arnaud.com\/fr\/romans\/9782246456018-t\" rel=\"attachment wp-att-10652\"><img loading=\"lazy\" decoding=\"async\" class=\"alignleft size-medium wp-image-10652\" src=\"http:\/\/www.claude-arnaud.com\/fr\/wp-content\/uploads\/2021\/01\/9782246456018-T-184x300.jpg\" alt=\"\" width=\"184\" height=\"300\" srcset=\"https:\/\/www.claude-arnaud.com\/fr\/wp-content\/uploads\/2021\/01\/9782246456018-T-184x300.jpg 184w, https:\/\/www.claude-arnaud.com\/fr\/wp-content\/uploads\/2021\/01\/9782246456018-T.jpg 600w\" sizes=\"auto, (max-width: 184px) 100vw, 184px\" \/><\/a><\/li>\n<\/ol>\n<\/div>\n<h1><span style=\"text-decoration: underline;\"><strong><span style=\"color: #008000; text-decoration: underline;\">*LE CAM\u00c9L\u00c9ON<\/span><\/strong><\/span><\/h1>\n<h6>Le premier roman de <strong>CLAUDE ARNAUD<\/strong>, <span style=\"color: #008000;\">LE CAM\u00c9L\u00c9ON<\/span>, est paru aux \u00e9ditions Grasset en septembre 1994 (ISBN 2-246-45601-0). S\u00e9lectionn\u00e9 pour <span style=\"color: #008000;\"><strong>le prix Goncourt<\/strong><\/span>, le prix <strong>Femina<\/strong>, <span style=\"color: #008000;\"><strong>le prix<\/strong> <strong>Goncourt du Premier Roman<\/strong><\/span>, le Prix du <strong>premier roman<\/strong>, <span style=\"color: #008000;\"><strong>le prix de Flore<\/strong><\/span>, le prix <strong>Ren\u00e9 Fallet<\/strong>\u2026, l\u2019ouvrage a re\u00e7u le <span style=\"color: #008000;\"><strong>prix Femina du Premier Roman en 1995<\/strong><\/span>.<\/h6>\n<h6><strong>Droits pour l\u2019\u00e9tranger \/ Foreign rights : Mme Heidi Warneke.<\/strong><\/h6>\n<h6><span style=\"color: #008000;\"><strong>Phone: 00331 49544356,<\/strong><\/span><span style=\"color: #008000;\"><strong> fax: 00331 45449403, <\/strong><\/span><strong>E-mail :<\/strong> <a href=\"mailto:hwarneke@grasset.fr\" target=\"_blank\" rel=\"noopener\">hwarneke@grasset.fr<\/a><\/h6>\n<div>\n<div>\n<h6><strong>Pour d\u00e9couvrir l&rsquo;arguement ce livre, et le commander<\/strong> :<a href=\"https:\/\/www.grasset.fr\/livres\/le-cameleon-9782246456018\" target=\"_blank\" rel=\"noopener\">www.grasset.fr<\/a><\/h6>\n<h6><a title=\"lien amazone\" href=\"http:\/\/www.amazon.fr\/Le-cam%e9l%e9on-Claude-Arnaud\/dp\/2246456010\/ref=sr_11_1\/402-3250594-0105762?ie=UTF8\" target=\"_blank\" rel=\"noopener\">Ou encore : www.amazon.fr <\/a><\/h6>\n<h6>&gt;&gt; Consulter la rubrique : <a title=\"Lien Cam\u00e9l\u00e9on\" href=\"http:\/\/www.claude-arnaud.com\/fr\/?page_id=68\" target=\"_self\" rel=\"noopener\">Le Cam\u00e9l\u00e9on<\/a><\/h6>\n<\/div>\n<\/div>\n<\/td>\n<\/tr>\n<\/tbody>\n<\/table>\n<\/div>\n<div>\n<table border=\"0\" width=\"100%\" cellpadding=\"0\" align=\"left\">\n<tbody>\n<tr>\n<td>\n<div style=\"padding-left: 30px;\"><a href=\"http:\/\/www.claude-arnaud.com\/fr\/romans\/9782246538813-t\" rel=\"attachment wp-att-10654\"><img loading=\"lazy\" decoding=\"async\" class=\"alignleft size-medium wp-image-10654\" src=\"http:\/\/www.claude-arnaud.com\/fr\/wp-content\/uploads\/2021\/01\/9782246538813-T-184x300.jpg\" alt=\"\" width=\"184\" height=\"300\" srcset=\"https:\/\/www.claude-arnaud.com\/fr\/wp-content\/uploads\/2021\/01\/9782246538813-T-184x300.jpg 184w, https:\/\/www.claude-arnaud.com\/fr\/wp-content\/uploads\/2021\/01\/9782246538813-T.jpg 600w\" sizes=\"auto, (max-width: 184px) 100vw, 184px\" \/><\/a><\/div>\n<h1><span style=\"text-decoration: underline;\"><strong><span style=\"color: #008000; text-decoration: underline;\">*LE JEU DES QUATRE COINS<\/span><\/strong><\/span><\/h1>\n<h6>Le second roman de Claude ARNAUD, LE JEU DES QUATRE COINS, est paru chez Grasset en septembre 98 (ISBN 2-246-53881-5).<\/h6>\n<h6>Pour d\u00e9couvrir l&rsquo;argument du <span style=\"color: #008000;\"><em><strong><a href=\"https:\/\/www.grasset.fr\/livres\/le-jeu-des-quatre-coins-9782246538813\" target=\"_blank\" rel=\"noopener\">JEU DES QUATRE COINS<\/a>&#8230;<\/strong><\/em><\/span><\/h6>\n<h6><span style=\"color: #339966;\"><strong>Droits pour l\u2019\u00e9tranger \/ Foreign rights<\/strong><\/span>:<strong>Mme Heidi Warneke<\/strong>.<\/h6>\n<h6><span style=\"color: #008000;\"><strong>Phone: 00331 49544356,<\/strong><\/span><span style=\"color: #008000;\"><strong> fax: 00331 45449403, <\/strong><\/span><strong>E-mail :<\/strong> <a href=\"mailto:hwarneke@grasset.fr\" target=\"_blank\" rel=\"noopener\">hwarneke@grasset.fr<\/a><\/h6>\n<div>\n<h6><strong>Pour commander ce livre<\/strong> :<a href=\"https:\/\/www.grasset.fr\/livres\/le-jeu-des-quatre-coins-9782246538813\" target=\"_blank\" rel=\"noopener\">www.grasset.fr<\/a> \/ <a title=\"lien amazone\" href=\"http:\/\/www.amazon.fr\/jeu-quatre-coins-Claude-Arnaud\/dp\/2246538815\/ref=sr_11_1\/402-3250594-0105762?ie=UTF8\" target=\"_blank\" rel=\"noopener\">www.amazon.fr<\/a><\/h6>\n<div>\n<h6>&gt;&gt; Consulter la rubrique : <a title=\"Lien Jeu des Quatre coins\" href=\"http:\/\/www.claude-arnaud.com\/fr\/?page_id=79\" target=\"_self\" rel=\"noopener\">Le Jeu des quatre coins<\/a><\/h6>\n<blockquote>\n<h1 style=\"padding-left: 30px;\"><span style=\"text-decoration: underline;\"><span style=\"color: #008000; text-decoration: underline;\"><strong>*QU&rsquo;AS-TU FAIT DE TES FRERES?<\/strong><\/span><\/span><\/h1>\n<h6>Le TROISIEME roman de Claude ARNAUD, <em><strong>QU&rsquo;AS-TU FAiT DE TES FRERES?<\/strong><\/em> est paru chez Grasset<a href=\"http:\/\/www.claude-arnaud.com\/fr\/wp-content\/uploads\/2011\/10\/9782246771111FS.gif\"><img loading=\"lazy\" decoding=\"async\" class=\"alignright  wp-image-2469\" title=\"9782246771111FS\" src=\"http:\/\/www.claude-arnaud.com\/fr\/wp-content\/uploads\/2011\/10\/9782246771111FS.gif\" alt=\"\" width=\"193\" height=\"285\" srcset=\"https:\/\/www.claude-arnaud.com\/fr\/wp-content\/uploads\/2011\/10\/9782246771111FS.gif 321w, https:\/\/www.claude-arnaud.com\/fr\/wp-content\/uploads\/2011\/10\/9782246771111FS-101x150.gif 101w\" sizes=\"auto, (max-width: 193px) 100vw, 193px\" \/><\/a><\/h6>\n<h6>en AOUT 2010 (ISBN\u00a0 9782246771111)<\/h6>\n<h6><span style=\"color: #339966;\"><strong>Droits pour l\u2019\u00e9tranger \/ Foreign rights<\/strong><\/span>: <strong>Mme Heidi Warneke,<\/strong><\/h6>\n<h6><span style=\"color: #008000;\"><strong>Phone: 00331 49544356,<\/strong><\/span><span style=\"color: #008000;\"><strong> fax: 00331 45449403, <\/strong><\/span><strong>E-mail :<\/strong> <a href=\"mailto:hwarneke@grasset.fr\" target=\"_blank\" rel=\"noopener\">hwarneke@grasset.fr<\/a><\/h6>\n<h6><strong>Pour d\u00e9couvrir l&rsquo;argumentaire de ce livre, mais aussi l&rsquo;acqu\u00e9rir <\/strong>:<a href=\"https:\/\/www.grasset.fr\/livres\/quas-tu-fait-de-tes-freres-9782246771111\" target=\"_blank\" rel=\"noopener\">www.grasset.fr<\/a> \/ <a title=\"fnac\" href=\"http:\/\/livre.fnac.com\/a2884492\/Claude-Arnaud-Qu-as-tu-fait-de-tes-freres\" target=\"_blank\" rel=\"noopener\">www.fnac.com<\/a><\/h6>\n<h6>&gt;&gt; Consulter la rubrique : <a title=\"qu'as-tu fait\" href=\"http:\/\/www.claude-arnaud.com\/fr\/romans\/quas-tu-fais-de-tes-freres\">QU&rsquo;AS-TU FAIT DE TES FRERES?<\/a><\/h6>\n<\/blockquote>\n<h1 style=\"padding-left: 30px;\"><span style=\"text-decoration: underline;\"><span style=\"color: #008000; text-decoration: underline;\"><strong>*BREVES SAISONS AU PARADIS<br \/>\n<\/strong><\/span><\/span><\/h1>\n<blockquote>\n<h6><span style=\"color: #008000;\"><strong>Le QUATRIEME roman de Claude ARNAUD<\/strong><\/span>, <em><strong>BREVES SAISONS AU PARADIS,<\/strong><\/em> est paru<a href=\"http:\/\/www.claude-arnaud.com\/fr\/wp-content\/uploads\/2012\/06\/Couv-e1340819716608.jpg\"><img loading=\"lazy\" decoding=\"async\" class=\"alignright  wp-image-2764\" title=\"Couv\" src=\"http:\/\/www.claude-arnaud.com\/fr\/wp-content\/uploads\/2012\/06\/Couv-e1340819716608.jpg\" alt=\"\" width=\"183\" height=\"268\" \/><\/a><\/h6>\n<h6>chez Grasset en <span style=\"color: #008000;\"><strong>SEPTEMBRE 2012<\/strong> <\/span>(ISBN\u00a0 9782246771111)<\/h6>\n<h6><span style=\"color: #339966;\"><strong>Droits pour l\u2019\u00e9tranger \/ Foreign rights<\/strong><\/span>:<strong>Mme Heidi Warneke<\/strong>,<\/h6>\n<h6><span style=\"color: #008000;\"><strong>Phone: 00331 49544356,<\/strong><\/span><span style=\"color: #008000;\"><strong> fax: 00331 45449403, <\/strong><\/span><strong>E-mail<\/strong> : <a href=\"mailto:hwarneke@grasset.fr\" target=\"_blank\" rel=\"noopener\">hwarneke@grasset.fr<\/a><\/h6>\n<h6><strong>Pour d\u00e9couvir l&rsquo;argumentaire de ce livre, lire un extrait ou l&rsquo;acqu\u00e9rir <\/strong>: <a href=\"https:\/\/www.grasset.fr\/livres\/breves-saisons-au-paradis-9782246788690\" target=\"_blank\" rel=\"noopener\">www\/grasset.com<\/a>\u00a0 <a title=\"fnac\" href=\"http:\/\/livre.fnac.com\/a4192394\/Claude-Arnaud-Breves-saisons-au-paradis\" target=\"_blank\" rel=\"noopener\">www.fnac.com<\/a><\/h6>\n<h6>&gt;&gt; <span style=\"color: #008000;\"><strong>Consulter la rubrique<\/strong><\/span> :<a title=\"breves saisons\" href=\"http:\/\/www.claude-arnaud.com\/fr\/romans\/breves-saisons-au-paradis\">BREVES SAISONS AU PARADIS<\/a><\/h6>\n<h6>\u00a0*<\/h6>\n<h1><strong><span style=\"color: #008000;\"><a href=\"http:\/\/www.claude-arnaud.com\/fr\/wp-content\/uploads\/2015\/12\/Couv-visuel.jpg\"><img loading=\"lazy\" decoding=\"async\" class=\"alignleft  wp-image-6240\" title=\"Couv visuel\" src=\"http:\/\/www.claude-arnaud.com\/fr\/wp-content\/uploads\/2015\/12\/Couv-visuel.jpg\" alt=\"\" width=\"191\" height=\"280\" srcset=\"https:\/\/www.claude-arnaud.com\/fr\/wp-content\/uploads\/2015\/12\/Couv-visuel.jpg 280w, https:\/\/www.claude-arnaud.com\/fr\/wp-content\/uploads\/2015\/12\/Couv-visuel-204x300.jpg 204w\" sizes=\"auto, (max-width: 191px) 100vw, 191px\" \/><\/a><span style=\"text-decoration: underline;\">*JE NE VOULAIS PAS \u00caTRE MOI<\/span><\/span><br \/>\n<\/strong><\/h1>\n<blockquote>\n<h6><strong>LE CINQUIEME ROMAN DE CLAUDE ARNAUD<\/strong>,\u00a0<em><strong>JE NE VOULaIS PAS \u00caTRE MOI,<\/strong><\/em>\u00a0EST PARU<\/h6>\n<h6>CHEZ GRASSET EN JANVIER<strong>\u00a02016<\/strong>\u00a0(ISBN \u00a0)<\/h6>\n<h6><strong><span style=\"color: #008000;\">DROITS POUR L\u2019\u00c9TRANGER<\/span> \/ FOREIGN RIGHTS<\/strong>:<strong>MME HEIDI WARNEKE<\/strong>,<\/h6>\n<h6><strong>PHONE: 00331 49544356,<\/strong><strong><span style=\"color: #008000;\">FAX:<\/span> 00331 45449403,\u00a0<\/strong><strong>E-MAIL<\/strong>\u00a0:\u00a0<a href=\"mailto:hwarneke@grasset.fr\" target=\"_blank\" rel=\"noopener\">HWARNEKE@GRASSET.FR<\/a><\/h6>\n<h6><strong>Pour d\u00e9couvrir l&rsquo;argumentaire de ce livre, en lire un extrait ou l&rsquo;acqu\u00e9rir <\/strong>:\u00a0<a href=\"https:\/\/www.grasset.fr\/livres\/je-ne-voulais-pas-etre-moi-9782246852230\" target=\"_blank\" rel=\"noopener\">www\/grasset.com<\/a>\u00a0\u00a0<a title=\"fnac\" href=\"http:\/\/livre.fnac.com\/a4192394\/Claude-Arnaud-Breves-saisons-au-paradis\" target=\"_blank\" rel=\"noopener\">www.fnac.com<\/a><\/h6>\n<h6>&gt;&gt;\u00a0<strong>CONSULTER LA RUBRIQUE<\/strong>\u00a0:<a title=\"ca\/ je ne voulais pas\" href=\"http:\/\/www.claude-arnaud.com\/fr\/romans\/je-ne-voulais-pas-etre-moi\/je-ne-voulais-pas-etre-moi-en-france\">je ne voulais pas \u00eatre moi<\/a>&#8230;<\/h6>\n<\/blockquote>\n<h1><strong><span style=\"color: #008000;\"><a href=\"http:\/\/www.claude-arnaud.com\/fr\/archives\/10564\/9782246862666-001-t\" rel=\"attachment wp-att-10576\"><img loading=\"lazy\" decoding=\"async\" class=\"alignleft size-medium wp-image-10576\" src=\"http:\/\/www.claude-arnaud.com\/fr\/wp-content\/uploads\/2021\/01\/9782246862666-001-T-190x300.jpeg\" alt=\"\" width=\"190\" height=\"300\" srcset=\"https:\/\/www.claude-arnaud.com\/fr\/wp-content\/uploads\/2021\/01\/9782246862666-001-T-190x300.jpeg 190w, https:\/\/www.claude-arnaud.com\/fr\/wp-content\/uploads\/2021\/01\/9782246862666-001-T.jpeg 600w\" sizes=\"auto, (max-width: 190px) 100vw, 190px\" \/><\/a>*LE MAL DES RUINES<\/span><\/strong><em><strong>\u00a0<\/strong><\/em><\/h1>\n<h6><em><strong>Le Mal des ruines<\/strong> <\/em>sort aux \u00e9ditions Grasset le mercredi 13 janvier 2021. Dans ce r\u00e9cit bref et tranchant, <span style=\"color: #008000;\">CLAUDE ARNAUD<\/span> revient sur une histoire familiale tour \u00e0 tour joyeuse et tragique<span style=\"color: #008000;\">\u00a0\u00e9voqu\u00e9e dans<\/span> \u00ab <em>QU\u2019AS-TU FAIT DE TES FRERES?<\/em>\u00ab\u00a0, en la regardant cette fois depuis <span style=\"color: #008000;\">la CORSE<\/span>, l\u2019\u00eele de sa m\u00e8re, dont il tente de percer les myst\u00e8res et <span style=\"color: #008000;\">de rendre la fascination<\/span>. Pour d\u00e9couvrir<a href=\"http:\/\/www.claude-arnaud.com\/fr\/romans\/le-mal-des-ruines\"> la page consacr\u00e9e \u00e0 ce r\u00e9cit\u2026<\/a><\/h6>\n<div><\/div>\n<\/blockquote>\n<\/div>\n<\/div>\n<\/td>\n<\/tr>\n<\/tbody>\n<\/table>\n<\/div>\n<h2><\/h2>\n<h6><\/h6>\n","protected":false},"excerpt":{"rendered":"<p>*LE CAM\u00c9L\u00c9ON Le premier roman de CLAUDE ARNAUD, LE CAM\u00c9L\u00c9ON, est paru aux \u00e9ditions Grasset en septembre 1994 (ISBN 2-246-45601-0). S\u00e9lectionn\u00e9 pour le prix Goncourt, le prix Femina, le prix Goncourt du Premier Roman, le Prix du premier roman, le prix de Flore, le prix Ren\u00e9 Fallet\u2026, l\u2019ouvrage a re\u00e7u le prix Femina du Premier [&hellip;]<\/p>\n","protected":false},"author":1,"featured_media":0,"parent":0,"menu_order":3,"comment_status":"open","ping_status":"open","template":"","meta":{"footnotes":""},"class_list":["post-66","page","type-page","status-publish","hentry","count-0","even alt","author-admin","last"],"post_mailing_queue_ids":[],"_links":{"self":[{"href":"https:\/\/www.claude-arnaud.com\/fr\/wp-json\/wp\/v2\/pages\/66","targetHints":{"allow":["GET"]}}],"collection":[{"href":"https:\/\/www.claude-arnaud.com\/fr\/wp-json\/wp\/v2\/pages"}],"about":[{"href":"https:\/\/www.claude-arnaud.com\/fr\/wp-json\/wp\/v2\/types\/page"}],"author":[{"embeddable":true,"href":"https:\/\/www.claude-arnaud.com\/fr\/wp-json\/wp\/v2\/users\/1"}],"replies":[{"embeddable":true,"href":"https:\/\/www.claude-arnaud.com\/fr\/wp-json\/wp\/v2\/comments?post=66"}],"version-history":[{"count":80,"href":"https:\/\/www.claude-arnaud.com\/fr\/wp-json\/wp\/v2\/pages\/66\/revisions"}],"predecessor-version":[{"id":12043,"href":"https:\/\/www.claude-arnaud.com\/fr\/wp-json\/wp\/v2\/pages\/66\/revisions\/12043"}],"wp:attachment":[{"href":"https:\/\/www.claude-arnaud.com\/fr\/wp-json\/wp\/v2\/media?parent=66"}],"curies":[{"name":"wp","href":"https:\/\/api.w.org\/{rel}","templated":true}]}}