{"id":6337,"date":"2016-01-20T15:39:21","date_gmt":"2016-01-20T15:39:21","guid":{"rendered":"http:\/\/www.claude-arnaud.com\/fr\/?page_id=6337"},"modified":"2021-11-25T10:47:15","modified_gmt":"2021-11-25T09:47:15","slug":"dans-les-jurys-des-prix-litteraires","status":"publish","type":"page","link":"https:\/\/www.claude-arnaud.com\/fr\/claude-arnaud\/dans-les-jurys-des-prix-litteraires","title":{"rendered":"Dans les jurys litt\u00e9raires\/ In the literary juries"},"content":{"rendered":"<h3><span style=\"color: #008000;\"><strong>Claude Arnaud si\u00e8ge dans les jurys litt\u00e9raires suivants:<\/strong><\/span><\/h3>\n<h6><strong><a href=\"https:\/\/www.claude-arnaud.com\/fr\/wp-content\/uploads\/2021\/11\/logo-prix-sevigne.png\"><img loading=\"lazy\" decoding=\"async\" class=\"alignleft  wp-image-13615\" src=\"https:\/\/www.claude-arnaud.com\/fr\/wp-content\/uploads\/2021\/11\/logo-prix-sevigne-300x243.png\" alt=\"\" width=\"127\" height=\"103\" srcset=\"https:\/\/www.claude-arnaud.com\/fr\/wp-content\/uploads\/2021\/11\/logo-prix-sevigne-300x243.png 300w, https:\/\/www.claude-arnaud.com\/fr\/wp-content\/uploads\/2021\/11\/logo-prix-sevigne.png 308w\" sizes=\"auto, (max-width: 127px) 100vw, 127px\" \/><\/a>*Le Prix S\u00e9vign\u00e9, depuis sa fondation en 1996, lequel r\u00e9compense chaque ann\u00e9e le travail d&rsquo;\u00e9dition d&rsquo;une correspondance litt\u00e9raire de grand int\u00e9r\u00eat. <a href=\"https:\/\/fr.wikipedia.org\/wiki\/Prix_S%C3%A9vign%C3%A9\" target=\"_blank\" rel=\"noopener\">Pour en savoir plus<\/a>&#8230; Et <a href=\"https:\/\/www.fondationlaposte.org\/projet\/le-prix-sevigne-2020-attribue-olivier-muth\" target=\"_blank\" rel=\"noopener\">encore<\/a>.<br \/>\n<\/strong><\/h6>\n<h6><span style=\"color: #008000;\"><strong>* La bourse Cioran, <\/strong><\/span><strong>depuis 2006. D<\/strong><span style=\"color: #008000;\"><strong>\u00e9cern\u00e9e par le Centre National du Livre, et abond\u00e9e par les droits d&rsquo;auteurs de l&rsquo;essayiste, la<a href=\"https:\/\/www.claude-arnaud.com\/fr\/wp-content\/uploads\/2021\/11\/Bourse-Cioran-2018-.png\"><img loading=\"lazy\" decoding=\"async\" class=\"alignright size-medium wp-image-13616\" src=\"https:\/\/www.claude-arnaud.com\/fr\/wp-content\/uploads\/2021\/11\/Bourse-Cioran-2018--300x72.png\" alt=\"\" width=\"300\" height=\"72\" srcset=\"https:\/\/www.claude-arnaud.com\/fr\/wp-content\/uploads\/2021\/11\/Bourse-Cioran-2018--300x72.png 300w, https:\/\/www.claude-arnaud.com\/fr\/wp-content\/uploads\/2021\/11\/Bourse-Cioran-2018--1024x246.png 1024w, https:\/\/www.claude-arnaud.com\/fr\/wp-content\/uploads\/2021\/11\/Bourse-Cioran-2018--768x184.png 768w, https:\/\/www.claude-arnaud.com\/fr\/wp-content\/uploads\/2021\/11\/Bourse-Cioran-2018--1536x369.png 1536w, https:\/\/www.claude-arnaud.com\/fr\/wp-content\/uploads\/2021\/11\/Bourse-Cioran-2018-.png 2000w\" sizes=\"auto, (max-width: 300px) 100vw, 300px\" \/><\/a> <span style=\"color: #000000;\">bourse CIORAN\u00a0<\/span> encourage annuellement l&rsquo;\u00e9criture et la publication d&rsquo;un essai particuli\u00e8rement original. <a href=\"https:\/\/centrenationaldulivre.fr\/aides-financement\/bourse-cioran\" target=\"_blank\" rel=\"noopener\">Pour en savoir plus<\/a>&#8230;<br \/>\n<\/strong><\/span><\/h6>\n<h6><strong>* Le Prix de litt\u00e9rature Andr\u00e9 Gide, depuis sa cr\u00e9ation en 2015, lequel couronnait chaque ann\u00e9e <span style=\"color: #008000;\">l&rsquo;\u00e9criture d&rsquo;un livre original<\/span>. Le prix a cess\u00e9 de se r\u00e9unir en 2017&#8230;<a href=\"https:\/\/fr.wikipedia.org\/wiki\/Prix_de_litt%C3%A9rature_Andr%C3%A9-Gide\" target=\"_blank\" rel=\"noopener\">Pour en savoir plus<\/a>&#8230;<br \/>\n<\/strong><\/h6>\n<h6><span style=\"color: #008000;\"><a href=\"https:\/\/www.claude-arnaud.com\/fr\/wp-content\/uploads\/2021\/09\/Logo-Prix-De\u0301cembre-300x110-1.jpg\"><img loading=\"lazy\" decoding=\"async\" class=\"alignleft  wp-image-13501\" src=\"https:\/\/www.claude-arnaud.com\/fr\/wp-content\/uploads\/2021\/09\/Logo-Prix-De\u0301cembre-300x110-1.jpg\" alt=\"\" width=\"243\" height=\"89\" \/><\/a>*Le prix D\u00e9cembre, depuis 2021. Il r\u00e9compense un ouvrage litt\u00e9raire &#8211; roman, r\u00e9cit ou essai -, et est d\u00e9cern\u00e9 \u00e0 l&rsquo;automne de <\/span>chaque ann\u00e9e<span style=\"color: #008000;\">.<\/span> <a href=\"https:\/\/fr.wikipedia.org\/wiki\/Prix_D%C3%A9cembre\" target=\"_blank\" rel=\"noopener\">Pour en savoir plus<\/a>&#8230;<\/h6>\n<p><!--more--><\/p>\n<h6><span style=\"color: #008000;\">*CLAUDE ARNAUD<\/span> fait enfin partie des collaborateurs de<strong><span style=\"color: #008000;\"> l&rsquo;hebdomandaire LE POINT<\/span><\/strong> qui contribuent \u00e0 \u00e9lire les <span style=\"color: #008000;\">20 meilleurs livres de l&rsquo;ann\u00e9e<\/span>, \u00e0 chaque<a href=\"https:\/\/www.claude-arnaud.com\/fr\/wp-content\/uploads\/2021\/11\/447900-jpg_303122_1000x667.jpg\"><img loading=\"lazy\" decoding=\"async\" class=\"alignright  wp-image-13617\" src=\"https:\/\/www.claude-arnaud.com\/fr\/wp-content\/uploads\/2021\/11\/447900-jpg_303122_1000x667-300x200.jpg\" alt=\"\" width=\"201\" height=\"134\" srcset=\"https:\/\/www.claude-arnaud.com\/fr\/wp-content\/uploads\/2021\/11\/447900-jpg_303122_1000x667-300x200.jpg 300w, https:\/\/www.claude-arnaud.com\/fr\/wp-content\/uploads\/2021\/11\/447900-jpg_303122_1000x667-768x512.jpg 768w, https:\/\/www.claude-arnaud.com\/fr\/wp-content\/uploads\/2021\/11\/447900-jpg_303122_1000x667.jpg 1000w\" sizes=\"auto, (max-width: 201px) 100vw, 201px\" \/><\/a> mois de d\u00e9cembre. <a href=\"https:\/\/www.lepoint.fr\/culture\/quels-sont-les-30-meilleurs-livres-de-l-annee-27-11-2019-2350045_3.php\" target=\"_blank\" rel=\"noopener\">Pour en savoir plus<\/a>&#8230;<\/h6>\n","protected":false},"excerpt":{"rendered":"<p>Claude Arnaud si\u00e8ge dans les jurys litt\u00e9raires suivants: *Le Prix S\u00e9vign\u00e9, depuis sa fondation en 1996, lequel r\u00e9compense chaque ann\u00e9e le travail d&rsquo;\u00e9dition d&rsquo;une correspondance litt\u00e9raire de grand int\u00e9r\u00eat. Pour en savoir plus&#8230; Et encore. * La bourse Cioran, depuis 2006. D\u00e9cern\u00e9e par le Centre National du Livre, et abond\u00e9e par les droits d&rsquo;auteurs de [&hellip;]<\/p>\n","protected":false},"author":2,"featured_media":0,"parent":5,"menu_order":4,"comment_status":"open","ping_status":"open","template":"","meta":{"footnotes":""},"class_list":["post-6337","page","type-page","status-publish","hentry","count-0","even alt","author-claude-arnaud","last"],"post_mailing_queue_ids":[],"_links":{"self":[{"href":"https:\/\/www.claude-arnaud.com\/fr\/wp-json\/wp\/v2\/pages\/6337","targetHints":{"allow":["GET"]}}],"collection":[{"href":"https:\/\/www.claude-arnaud.com\/fr\/wp-json\/wp\/v2\/pages"}],"about":[{"href":"https:\/\/www.claude-arnaud.com\/fr\/wp-json\/wp\/v2\/types\/page"}],"author":[{"embeddable":true,"href":"https:\/\/www.claude-arnaud.com\/fr\/wp-json\/wp\/v2\/users\/2"}],"replies":[{"embeddable":true,"href":"https:\/\/www.claude-arnaud.com\/fr\/wp-json\/wp\/v2\/comments?post=6337"}],"version-history":[{"count":16,"href":"https:\/\/www.claude-arnaud.com\/fr\/wp-json\/wp\/v2\/pages\/6337\/revisions"}],"predecessor-version":[{"id":13621,"href":"https:\/\/www.claude-arnaud.com\/fr\/wp-json\/wp\/v2\/pages\/6337\/revisions\/13621"}],"up":[{"embeddable":true,"href":"https:\/\/www.claude-arnaud.com\/fr\/wp-json\/wp\/v2\/pages\/5"}],"wp:attachment":[{"href":"https:\/\/www.claude-arnaud.com\/fr\/wp-json\/wp\/v2\/media?parent=6337"}],"curies":[{"name":"wp","href":"https:\/\/api.w.org\/{rel}","templated":true}]}}