{"id":6291,"date":"2016-01-09T12:13:13","date_gmt":"2016-01-09T12:13:13","guid":{"rendered":"http:\/\/www.claude-arnaud.com\/fr\/?page_id=6291"},"modified":"2025-01-24T18:45:52","modified_gmt":"2025-01-24T17:45:52","slug":"je-ne-voulais-pas-etre-moi-abroad-a-letranger","status":"publish","type":"page","link":"https:\/\/www.claude-arnaud.com\/fr\/romans\/je-ne-voulais-pas-etre-moi\/je-ne-voulais-pas-etre-moi-abroad-a-letranger","title":{"rendered":"Je ne voulais pas \u00eatre moi : abroad\/ \u00e0 l&rsquo;\u00e9tranger"},"content":{"rendered":"<h6><a href=\"http:\/\/www.claude-arnaud.com\/fr\/wp-content\/uploads\/2016\/01\/e23973a478acd2b5b70ec0c77dcc6715.jpg\"><img loading=\"lazy\" decoding=\"async\" class=\"alignleft  wp-image-6381\" title=\"e23973a478acd2b5b70ec0c77dcc6715\" src=\"http:\/\/www.claude-arnaud.com\/fr\/wp-content\/uploads\/2016\/01\/e23973a478acd2b5b70ec0c77dcc6715-150x150.jpg\" alt=\"\" width=\"120\" height=\"120\" srcset=\"https:\/\/www.claude-arnaud.com\/fr\/wp-content\/uploads\/2016\/01\/e23973a478acd2b5b70ec0c77dcc6715-150x150.jpg 150w, https:\/\/www.claude-arnaud.com\/fr\/wp-content\/uploads\/2016\/01\/e23973a478acd2b5b70ec0c77dcc6715-300x300.jpg 300w, https:\/\/www.claude-arnaud.com\/fr\/wp-content\/uploads\/2016\/01\/e23973a478acd2b5b70ec0c77dcc6715-48x48.jpg 48w, https:\/\/www.claude-arnaud.com\/fr\/wp-content\/uploads\/2016\/01\/e23973a478acd2b5b70ec0c77dcc6715.jpg 750w\" sizes=\"auto, (max-width: 120px) 100vw, 120px\" \/><\/a><a href=\"http:\/\/www.claude-arnaud.com\/fr\/wp-content\/uploads\/2016\/01\/LaLibre.png\"><img loading=\"lazy\" decoding=\"async\" class=\"alignleft  wp-image-6382\" title=\"LaLibre\" src=\"http:\/\/www.claude-arnaud.com\/fr\/wp-content\/uploads\/2016\/01\/LaLibre-300x104.png\" alt=\"\" width=\"240\" height=\"83\" srcset=\"https:\/\/www.claude-arnaud.com\/fr\/wp-content\/uploads\/2016\/01\/LaLibre-300x104.png 300w, https:\/\/www.claude-arnaud.com\/fr\/wp-content\/uploads\/2016\/01\/LaLibre.png 358w\" sizes=\"auto, (max-width: 240px) 100vw, 240px\" \/><\/a><strong>*<span style=\"color: #008000;\">Foreign rights<\/span><\/strong> : <strong>Heidi Warneke, Grasset editor<\/strong>.<\/h6>\n<h6>Ph: <strong>0033 144392212<\/strong><\/h6>\n<h6>E-mail : <a href=\"mailto:hwarneke@grasset.fr\" target=\"_blank\" rel=\"noopener\">hwarneke@grasset.fr<\/a><\/h6>\n<h6>*\u00a0\u00bb<strong>Qu&rsquo;une r\u00e9surrection soit possible<\/strong>, <span style=\"color: #008000;\"><strong>Claude ARNAUD<\/strong><\/span> nous le raconte dans le<a href=\"http:\/\/www.claude-arnaud.com\/fr\/wp-content\/uploads\/2015\/12\/Couv-visuel.jpg\"><img loading=\"lazy\" decoding=\"async\" class=\"alignright  wp-image-6240\" title=\"Couv visuel\" src=\"http:\/\/www.claude-arnaud.com\/fr\/wp-content\/uploads\/2015\/12\/Couv-visuel-204x300.jpg\" alt=\"\" width=\"235\" height=\"347\" \/><\/a> troisi\u00e8me volet de la trilogie qu&rsquo;il a consacr\u00e9 \u00e0 son existence (apr\u00e8s <em><strong>Qu&rsquo;as-tu fait de tes fr\u00e8res?<\/strong><\/em> et <strong><span style=\"color: #008000;\"><em>Br\u00e8ves Saisons au paradis<\/em><\/span><\/strong>, \u00e9crit <strong>Jacques FRANCK<\/strong> dans un article intitul\u00e9 \u00ab\u00a0Survivre aux trag\u00e9dies \u00ab\u00a0, publi\u00e9 par <span style=\"color: #008000;\"><em><strong>La Libre Belgique<\/strong><\/em> <\/span>le <strong>1 f\u00e9vrier 2016<\/strong>&#8230; Avec l&rsquo;\u00e2ge, les gar\u00e7ons de rencontre ne compensent plus sa solitude affective&#8230;l&rsquo;id\u00e9e du suicide l&rsquo;affleure.<\/h6>\n<h6><strong><a href=\"http:\/\/www.claude-arnaud.com\/fr\/wp-content\/uploads\/2018\/09\/largeportrait_8c470694.jpg\"><img loading=\"lazy\" decoding=\"async\" class=\"alignleft size-full wp-image-9356\" title=\"largeportrait_8c470694\" src=\"http:\/\/www.claude-arnaud.com\/fr\/wp-content\/uploads\/2018\/09\/largeportrait_8c470694.jpg\" alt=\"\" width=\"150\" height=\"150\" srcset=\"https:\/\/www.claude-arnaud.com\/fr\/wp-content\/uploads\/2018\/09\/largeportrait_8c470694.jpg 150w, https:\/\/www.claude-arnaud.com\/fr\/wp-content\/uploads\/2018\/09\/largeportrait_8c470694-48x48.jpg 48w\" sizes=\"auto, (max-width: 150px) 100vw, 150px\" \/><\/a>\u00ab\u00a0<span style=\"color: #008000;\">Un ami compatissant l&rsquo;am\u00e8ne en voyage \u00e0 Ha\u00efti<\/span>: soleil, musique, couleurs, sensualit\u00e9,<\/strong> quelle diff\u00e9rence avec Paris! Il y rencontre <span style=\"color: #008000;\"><strong>Genevi\u00e8ve<\/strong><\/span> (&#8230;) la retrouve \u00e0 Paris&#8230; Elle lui apporte cette capacit\u00e9 d&rsquo;\u00e9merveillement devant les choses les plus humbles de la vie qui a raison de ses noirceurs. <em><strong>\u00ab\u00a0Menac\u00e9 de finir en homosexuel rat\u00e9, je figurerais presque en h\u00e9t\u00e9rosexuel envi\u00e9\u00a0\u00bb (&#8230;) <\/strong><\/em><strong>L<\/strong><strong><span style=\"color: #008000;\">ui qui ne cessa de vouloir devenir autre, est finalement devenu \u00ab\u00a0le propri\u00e9taire\u00a0\u00bb de lui-m\u00eame&#8230; par cet exercice de \u00ab\u00a0nudisme psychologique\u00a0\u00bb (comme dirait <span style=\"color: #003300;\">Claudio Magris<\/span>).<\/span><\/strong><\/h6>\n<h6><a href=\"http:\/\/www.claude-arnaud.com\/fr\/wp-content\/uploads\/2016\/01\/latest.jpg\"><img loading=\"lazy\" decoding=\"async\" class=\"alignleft  wp-image-6383\" title=\"latest\" src=\"http:\/\/www.claude-arnaud.com\/fr\/wp-content\/uploads\/2016\/01\/latest-300x200.jpg\" alt=\"\" width=\"107\" height=\"72\" srcset=\"https:\/\/www.claude-arnaud.com\/fr\/wp-content\/uploads\/2016\/01\/latest-300x200.jpg 300w, https:\/\/www.claude-arnaud.com\/fr\/wp-content\/uploads\/2016\/01\/latest.jpg 324w\" sizes=\"auto, (max-width: 107px) 100vw, 107px\" \/><\/a>*Pour trouver ce livre en Suisse <a title=\"schulthess\" href=\"https:\/\/www.schulthess.com\/buchshop\/detail\/ISBN-9782246852230\/Arnaud-Claude\/Je-ne-voulais-pas-etre-moi\" target=\"_blank\" rel=\"noopener\">(papier + digital)<\/a>&#8230; Ou bien via <a title=\"Payot\" href=\"https:\/\/payot.ch\/Detail\/je_ne_voulais_pas_etre_moi-claude_arnaud-9782246852230\" target=\"_blank\" rel=\"noopener\">la librairie Payot<\/a>&#8230;<\/h6>\n<h6 style=\"text-align: center;\">*<a href=\"https:\/\/www.gallimardmontreal.com\/catalogue\/livre\/je-ne-voulais-pas-etre-moi-arnaud-claude-9782246852230\" target=\"_blank\" rel=\"noopener\">Au Canada<\/a>&#8230;\u00a0 <a href=\"https:\/\/www.archambault.ca\/livres\/je-ne-voulais-pas-%C3%AAtre-moi\/arnaud-claude\/9782246852230\/?id=1856517&amp;cat=\" target=\"_blank\" rel=\"noopener\">Et encore (paper + digital)<\/a>&#8230; \u00a0 \u00a0 \u00a0 \u00a0 \u00a0 \u00a0 \u00a0 \u00a0 \u00a0 \u00a0 \u00a0 \u00a0 \u00a0\u00a0\u00a0\u00a0\u00a0\u00a0\u00a0\u00a0\u00a0\u00a0\u00a0\u00a0\u00a0\u00a0\u00a0\u00a0\u00a0\u00a0\u00a0\u00a0\u00a0\u00a0\u00a0\u00a0\u00a0\u00a0\u00a0\u00a0\u00a0 * Comme au Liban et au Proche-Orient&#8230;<a href=\"http:\/\/www.claude-arnaud.com\/fr\/wp-content\/uploads\/2010\/08\/images11.jpg\"><img loading=\"lazy\" decoding=\"async\" class=\"alignright size-full wp-image-1950\" title=\"images\" src=\"http:\/\/www.claude-arnaud.com\/fr\/wp-content\/uploads\/2010\/08\/images11.jpg\" alt=\"\" width=\"98\" height=\"63\" \/><\/a><\/h6>\n<h6 style=\"text-align: center;\"><a href=\"http:\/\/www.claude-arnaud.com\/fr\/wp-content\/uploads\/2016\/01\/tf1-lci-le-drapeau-du-canada-2244816_1713.jpg\"><img loading=\"lazy\" decoding=\"async\" class=\"aligncenter  wp-image-6444\" title=\"tf1-lci-le-drapeau-du-canada-2244816_1713\" src=\"http:\/\/www.claude-arnaud.com\/fr\/wp-content\/uploads\/2016\/01\/tf1-lci-le-drapeau-du-canada-2244816_1713-300x169.jpg\" alt=\"\" width=\"132\" height=\"75\" srcset=\"https:\/\/www.claude-arnaud.com\/fr\/wp-content\/uploads\/2016\/01\/tf1-lci-le-drapeau-du-canada-2244816_1713-300x169.jpg 300w, https:\/\/www.claude-arnaud.com\/fr\/wp-content\/uploads\/2016\/01\/tf1-lci-le-drapeau-du-canada-2244816_1713.jpg 620w\" sizes=\"auto, (max-width: 132px) 100vw, 132px\" \/><\/a><\/h6>\n<h6><\/h6>\n<h6><a href=\"http:\/\/www.claude-arnaud.com\/fr\/wp-content\/uploads\/2017\/09\/drapeau-tunisie.jpg\" rel=\"group-3group-3group-3\"><img loading=\"lazy\" decoding=\"async\" title=\"drapeau-tunisie\" src=\"http:\/\/www.claude-arnaud.com\/fr\/wp-content\/uploads\/2017\/09\/drapeau-tunisie-150x150.jpg\" alt=\"\" width=\"91\" height=\"91\" \/><\/a><strong>*&#8230;ET en<\/strong> <span style=\"color: #008000;\"><strong>tunisie<\/strong>, via la <\/span><a title=\"al kitab\" href=\"https:\/\/www.alkitab.tn\/listeliv.php?base=&amp;form_recherche_avancee=ok&amp;auteurs=Claude%20Arnaud\" target=\"_blank\" rel=\"noopener\">librairie Al kitab<\/a>\u2026<\/h6>\n<h6><a href=\"http:\/\/www.claude-arnaud.com\/fr\/wp-content\/uploads\/2010\/08\/images10.jpg\">\u00a0<\/a><\/h6>\n<h6><span style=\"color: #008000;\"><strong><a href=\"http:\/\/www.claude-arnaud.com\/fr\/wp-content\/uploads\/2016\/01\/gb_drapeau.gif\"><img loading=\"lazy\" decoding=\"async\" class=\"alignleft  wp-image-6384\" title=\"gb_drapeau\" src=\"http:\/\/www.claude-arnaud.com\/fr\/wp-content\/uploads\/2016\/01\/gb_drapeau-300x149.gif\" alt=\"\" width=\"128\" height=\"63\" srcset=\"https:\/\/www.claude-arnaud.com\/fr\/wp-content\/uploads\/2016\/01\/gb_drapeau-300x149.gif 300w, https:\/\/www.claude-arnaud.com\/fr\/wp-content\/uploads\/2016\/01\/gb_drapeau.gif 385w\" sizes=\"auto, (max-width: 128px) 100vw, 128px\" \/><\/a>*This book is available for download with iBooks on your Mac or iOS device, and with iTunes on your computer. <span style=\"color: #333300;\">Books can be read with<\/span> iBooks on your Mac or iOS device.<\/strong><\/span><a title=\"itunes\" href=\"https:\/\/itunes.apple.com\/ca\/book\/je-ne-voulais-pas-etre-moi\/id1061020703?mt=11\" target=\"_blank\" rel=\"noopener\">\u00a0Read an excerpt&#8230;<\/a>\/ Pour t\u00e9l\u00e9charger ce livre, ou en lire un<a title=\"itunes\" href=\"https:\/\/itunes.apple.com\/ca\/book\/je-ne-voulais-pas-etre-moi\/id1061020703?mt=11\" target=\"_blank\" rel=\"noopener\">\u00a0EXtraiT<\/a>&#8230;<\/h6>\n<h6><strong>*Get that book (kindle + paperback)<\/strong> <a title=\"amazon uk\" href=\"http:\/\/www.amazon.co.uk\/Books-Je-voulais-pas-%C3%AAtre-moi\/dp\/2246852234\" target=\"_blank\" rel=\"noopener\">in the UK<\/a>&#8230; \u00a0<a href=\"https:\/\/shop.albertine.com\/livre\/9782246852230-je-ne-voulais-pas-etre-moi-claude-arnaud\/\" target=\"_blank\" rel=\"noopener\">in the US.<\/a>&#8230;<\/h6>\n<h6><a href=\"http:\/\/www.claude-arnaud.com\/fr\/wp-content\/uploads\/2016\/01\/flagge-niederlande.gif\"><img loading=\"lazy\" decoding=\"async\" class=\"alignleft  wp-image-6454\" title=\"flagge-niederlande\" src=\"http:\/\/www.claude-arnaud.com\/fr\/wp-content\/uploads\/2016\/01\/flagge-niederlande-300x199.gif\" alt=\"\" width=\"110\" height=\"73\" srcset=\"https:\/\/www.claude-arnaud.com\/fr\/wp-content\/uploads\/2016\/01\/flagge-niederlande-300x199.gif 300w, https:\/\/www.claude-arnaud.com\/fr\/wp-content\/uploads\/2016\/01\/flagge-niederlande.gif 500w\" sizes=\"auto, (max-width: 110px) 100vw, 110px\" \/><\/a><a title=\"bol\" href=\"https:\/\/www.bol.com\/nl\/p\/je-ne-voulais-pas-etre-moi\/9200000052090377\/\" target=\"_blank\" rel=\"noopener\">In Nederland<\/a>&#8230;<\/h6>\n<h6><a title=\"amazon de\" href=\"http:\/\/www.amazon.de\/Je-voulais-pas-%C3%AAtre-moi\/dp\/2246852234\" target=\"_blank\" rel=\"noopener\">Deutschland<\/a>&#8230;<a href=\"http:\/\/www.claude-arnaud.com\/fr\/wp-content\/uploads\/2015\/10\/germany-vector-flag_1243.jpg\"><img loading=\"lazy\" decoding=\"async\" class=\"alignleft  wp-image-6363\" title=\"germany-vector-flag_1243\" src=\"http:\/\/www.claude-arnaud.com\/fr\/wp-content\/uploads\/2015\/10\/germany-vector-flag_1243-300x300.jpg\" alt=\"\" width=\"111\" height=\"111\" srcset=\"https:\/\/www.claude-arnaud.com\/fr\/wp-content\/uploads\/2015\/10\/germany-vector-flag_1243-300x300.jpg 300w, https:\/\/www.claude-arnaud.com\/fr\/wp-content\/uploads\/2015\/10\/germany-vector-flag_1243-150x150.jpg 150w, https:\/\/www.claude-arnaud.com\/fr\/wp-content\/uploads\/2015\/10\/germany-vector-flag_1243-48x48.jpg 48w, https:\/\/www.claude-arnaud.com\/fr\/wp-content\/uploads\/2015\/10\/germany-vector-flag_1243.jpg 660w\" sizes=\"auto, (max-width: 111px) 100vw, 111px\" \/><\/a><\/h6>\n<h6>* <strong>LE 1\u00b0 Mars 2016<\/strong>, <span style=\"color: #008000;\"><strong>Claude ARNAUD<\/strong><\/span> a \u00e9t\u00e9<a href=\"http:\/\/www.claude-arnaud.com\/fr\/wp-content\/uploads\/2016\/01\/drapeau_haiti.jpg\"><img loading=\"lazy\" decoding=\"async\" class=\"alignright  wp-image-6554\" title=\"drapeau_haiti\" src=\"http:\/\/www.claude-arnaud.com\/fr\/wp-content\/uploads\/2016\/01\/drapeau_haiti-300x180.jpg\" alt=\"\" width=\"122\" height=\"73\" srcset=\"https:\/\/www.claude-arnaud.com\/fr\/wp-content\/uploads\/2016\/01\/drapeau_haiti-300x180.jpg 300w, https:\/\/www.claude-arnaud.com\/fr\/wp-content\/uploads\/2016\/01\/drapeau_haiti.jpg 500w\" sizes=\"auto, (max-width: 122px) 100vw, 122px\" \/><\/a> longuement interview\u00e9 par <strong>Dominique BATRAVILLE<\/strong> au sujet de \u00ab\u00a0<span style=\"color: #008000;\"><em><strong>Je ne voulais pas \u00eatre moi<\/strong><\/em><\/span>\u00ab\u00a0, dans la <strong>chronique quotidienne<\/strong> qu&rsquo;il tient sur les ondes de MELODY F.M.<\/h6>\n","protected":false},"excerpt":{"rendered":"<p>*Foreign rights : Heidi Warneke, Grasset editor. Ph: 0033 144392212 E-mail : hwarneke@grasset.fr *\u00a0\u00bbQu&rsquo;une r\u00e9surrection soit possible, Claude ARNAUD nous le raconte dans le troisi\u00e8me volet de la trilogie qu&rsquo;il a consacr\u00e9 \u00e0 son existence (apr\u00e8s Qu&rsquo;as-tu fait de tes fr\u00e8res? et Br\u00e8ves Saisons au paradis, \u00e9crit Jacques FRANCK dans un article intitul\u00e9 \u00ab\u00a0Survivre aux [&hellip;]<\/p>\n","protected":false},"author":2,"featured_media":0,"parent":6244,"menu_order":3,"comment_status":"open","ping_status":"open","template":"","meta":{"footnotes":""},"class_list":["post-6291","page","type-page","status-publish","hentry","count-0","even alt","author-claude-arnaud","last"],"post_mailing_queue_ids":[],"_links":{"self":[{"href":"https:\/\/www.claude-arnaud.com\/fr\/wp-json\/wp\/v2\/pages\/6291","targetHints":{"allow":["GET"]}}],"collection":[{"href":"https:\/\/www.claude-arnaud.com\/fr\/wp-json\/wp\/v2\/pages"}],"about":[{"href":"https:\/\/www.claude-arnaud.com\/fr\/wp-json\/wp\/v2\/types\/page"}],"author":[{"embeddable":true,"href":"https:\/\/www.claude-arnaud.com\/fr\/wp-json\/wp\/v2\/users\/2"}],"replies":[{"embeddable":true,"href":"https:\/\/www.claude-arnaud.com\/fr\/wp-json\/wp\/v2\/comments?post=6291"}],"version-history":[{"count":38,"href":"https:\/\/www.claude-arnaud.com\/fr\/wp-json\/wp\/v2\/pages\/6291\/revisions"}],"predecessor-version":[{"id":16529,"href":"https:\/\/www.claude-arnaud.com\/fr\/wp-json\/wp\/v2\/pages\/6291\/revisions\/16529"}],"up":[{"embeddable":true,"href":"https:\/\/www.claude-arnaud.com\/fr\/wp-json\/wp\/v2\/pages\/6244"}],"wp:attachment":[{"href":"https:\/\/www.claude-arnaud.com\/fr\/wp-json\/wp\/v2\/media?parent=6291"}],"curies":[{"name":"wp","href":"https:\/\/api.w.org\/{rel}","templated":true}]}}