{"id":6255,"date":"2015-12-12T16:31:32","date_gmt":"2015-12-12T16:31:32","guid":{"rendered":"http:\/\/www.claude-arnaud.com\/fr\/?page_id=6255"},"modified":"2021-01-26T13:44:19","modified_gmt":"2021-01-26T12:44:19","slug":"la-4-de-couverture","status":"publish","type":"page","link":"https:\/\/www.claude-arnaud.com\/fr\/romans\/je-ne-voulais-pas-etre-moi\/la-4-de-couverture","title":{"rendered":"Je ne voulais pas \u00eatre moi: la quatri\u00e8me de couverture"},"content":{"rendered":"<h6><span style=\"color: #008000;\"><strong><a href=\"http:\/\/www.claude-arnaud.com\/fr\/wp-content\/uploads\/2015\/12\/Couv-visuel.jpg\"><img loading=\"lazy\" decoding=\"async\" class=\"alignleft size-full wp-image-6240\" title=\"Couv visuel\" src=\"http:\/\/www.claude-arnaud.com\/fr\/wp-content\/uploads\/2015\/12\/Couv-visuel.jpg\" alt=\"\" width=\"280\" height=\"410\" srcset=\"https:\/\/www.claude-arnaud.com\/fr\/wp-content\/uploads\/2015\/12\/Couv-visuel.jpg 280w, https:\/\/www.claude-arnaud.com\/fr\/wp-content\/uploads\/2015\/12\/Couv-visuel-204x300.jpg 204w\" sizes=\"auto, (max-width: 280px) 100vw, 280px\" \/><\/a>*EN 4\u00b0 DE COUVERTURE<\/strong><\/span>: <strong>\u00ab\u00a0Il avait pass\u00e9 sa vie \u00e0 vouloir \u00eatre d\u2019autres, <span style=\"color: #008000;\">\u00e0 emprunter l\u2019identit\u00e9 de ses fr\u00e8res puis de ceux qu\u2019il aimait<\/span>. Ayant surmont\u00e9 la mort de sa m\u00e8re et le suicide de son a\u00een\u00e9, <span style=\"color: #008000;\">v\u00e9cu avec un homme puis un autre,<\/span> il\u00a0 pensait s\u2019\u00eatre trouv\u00e9. Mais son monde vole en \u00e9clats lorsqu\u2019un deuxi\u00e8me fr\u00e8re dispara\u00eet en mer et que son p\u00e8re meurt. \u00c0 tout juste quarante ans, <span style=\"color: #008000;\">Claude ARNAUD<\/span> devient le patriarche d\u2019une famille de fant\u00f4mes.<\/strong><br \/>\n<strong><span style=\"color: #008000;\">La d\u00e9couverte d\u2019Ha\u00efti et l\u2019amour retrouv\u00e9, aupr\u00e8s d\u2019une femme<\/span>, lui permettront de reprendre go\u00fbt \u00e0 la vie et d\u2019ordonner enfin, par l\u2019\u00e9criture, les morceaux de son existence.<\/strong><br \/>\n<strong><span style=\"color: #008000;\">L\u2019histoire de cette renaissance est universelle<\/span> : elle interroge ce qui, en chacun de nous, subsiste quand tout s\u2019effondre.\u00a0\u00bb<\/strong><\/h6>\n","protected":false},"excerpt":{"rendered":"<p>*EN 4\u00b0 DE COUVERTURE: \u00ab\u00a0Il avait pass\u00e9 sa vie \u00e0 vouloir \u00eatre d\u2019autres, \u00e0 emprunter l\u2019identit\u00e9 de ses fr\u00e8res puis de ceux qu\u2019il aimait. Ayant surmont\u00e9 la mort de sa m\u00e8re et le suicide de son a\u00een\u00e9, v\u00e9cu avec un homme puis un autre, il\u00a0 pensait s\u2019\u00eatre trouv\u00e9. Mais son monde vole en \u00e9clats lorsqu\u2019un [&hellip;]<\/p>\n","protected":false},"author":2,"featured_media":0,"parent":6244,"menu_order":0,"comment_status":"open","ping_status":"open","template":"","meta":{"footnotes":""},"class_list":["post-6255","page","type-page","status-publish","hentry","count-0","even alt","author-claude-arnaud","last"],"post_mailing_queue_ids":[],"_links":{"self":[{"href":"https:\/\/www.claude-arnaud.com\/fr\/wp-json\/wp\/v2\/pages\/6255","targetHints":{"allow":["GET"]}}],"collection":[{"href":"https:\/\/www.claude-arnaud.com\/fr\/wp-json\/wp\/v2\/pages"}],"about":[{"href":"https:\/\/www.claude-arnaud.com\/fr\/wp-json\/wp\/v2\/types\/page"}],"author":[{"embeddable":true,"href":"https:\/\/www.claude-arnaud.com\/fr\/wp-json\/wp\/v2\/users\/2"}],"replies":[{"embeddable":true,"href":"https:\/\/www.claude-arnaud.com\/fr\/wp-json\/wp\/v2\/comments?post=6255"}],"version-history":[{"count":5,"href":"https:\/\/www.claude-arnaud.com\/fr\/wp-json\/wp\/v2\/pages\/6255\/revisions"}],"predecessor-version":[{"id":11328,"href":"https:\/\/www.claude-arnaud.com\/fr\/wp-json\/wp\/v2\/pages\/6255\/revisions\/11328"}],"up":[{"embeddable":true,"href":"https:\/\/www.claude-arnaud.com\/fr\/wp-json\/wp\/v2\/pages\/6244"}],"wp:attachment":[{"href":"https:\/\/www.claude-arnaud.com\/fr\/wp-json\/wp\/v2\/media?parent=6255"}],"curies":[{"name":"wp","href":"https:\/\/api.w.org\/{rel}","templated":true}]}}