{"id":6244,"date":"2015-12-08T17:07:04","date_gmt":"2015-12-08T17:07:04","guid":{"rendered":"http:\/\/www.claude-arnaud.com\/fr\/?page_id=6244"},"modified":"2023-03-14T23:45:38","modified_gmt":"2023-03-14T22:45:38","slug":"je-ne-voulais-pas-etre-moi","status":"publish","type":"page","link":"https:\/\/www.claude-arnaud.com\/fr\/romans\/je-ne-voulais-pas-etre-moi","title":{"rendered":"Je ne voulais pas \u00eatre moi"},"content":{"rendered":"<h6><span style=\"color: #008000;\"><strong><a href=\"http:\/\/www.claude-arnaud.com\/fr\/wp-content\/uploads\/2015\/12\/Couv-visuel.jpg\"><img loading=\"lazy\" decoding=\"async\" class=\"alignleft size-full wp-image-6240\" title=\"Couv visuel\" src=\"http:\/\/www.claude-arnaud.com\/fr\/wp-content\/uploads\/2015\/12\/Couv-visuel.jpg\" alt=\"\" width=\"280\" height=\"410\" srcset=\"https:\/\/www.claude-arnaud.com\/fr\/wp-content\/uploads\/2015\/12\/Couv-visuel.jpg 280w, https:\/\/www.claude-arnaud.com\/fr\/wp-content\/uploads\/2015\/12\/Couv-visuel-204x300.jpg 204w\" sizes=\"auto, (max-width: 280px) 100vw, 280px\" \/><\/a>LE 13 JANVIER 2016<\/strong><\/span>, LES EDITIONS GRASSET ONT PUBLIE <em><strong>JE NE VOULAIS PAS \u00caTRE MOI<\/strong><\/em>, LE NOUVEAU ROMAN DE CLAUDE ARNAUD. TROISIEME ET DERNIER TOME DU CYCLE AUTOBIOGRAPHIQUE INAUGURE AVEC <em><strong>QU\u2019AS-TU FAIT DE TES FRERES<\/strong><\/em>, ET CONTINUE AVEC <span style=\"color: #008000;\"><em><strong>BREVES SAISONS AU PARADIS<\/strong><\/em><\/span>, <strong><em>JE NE VOULAIS PAS \u00caTRE MOI<\/em><\/strong> EST LE LIVRE DE LA RESSAISIE DE SOI, AU TERME <strong>DES MILLE EPREUVES QUE LA VIE NOUS INFLIGE<\/strong>, ET QU\u2019ON SUSCITE PARFOIS, <span style=\"color: #008000;\"><strong>par haine de la routine et de l\u2019ennui\u2026<a href=\"http:\/\/www.claude-arnaud.com\/fr\/wp-content\/uploads\/2018\/09\/largeportrait_8c470694.jpg\"><img loading=\"lazy\" decoding=\"async\" class=\"alignright size-full wp-image-9356\" title=\"largeportrait_8c470694\" src=\"http:\/\/www.claude-arnaud.com\/fr\/wp-content\/uploads\/2018\/09\/largeportrait_8c470694.jpg\" alt=\"\" width=\"150\" height=\"150\" srcset=\"https:\/\/www.claude-arnaud.com\/fr\/wp-content\/uploads\/2018\/09\/largeportrait_8c470694.jpg 150w, https:\/\/www.claude-arnaud.com\/fr\/wp-content\/uploads\/2018\/09\/largeportrait_8c470694-48x48.jpg 48w\" sizes=\"auto, (max-width: 150px) 100vw, 150px\" \/><\/a><\/strong><\/span><\/h6>\n<p><span style=\"color: #008000;\"><strong>\u00a0<\/strong><\/span><\/p>\n<h6><strong><span style=\"color: #008000;\">EN 4\u00b0 DE COUVERTURE<\/span><\/strong>: <strong>\u00ab\u00a0Il avait pass\u00e9 sa vie \u00e0 vouloir \u00eatre d\u2019autres, \u00e0 emprunter l\u2019identit\u00e9 de ses fr\u00e8res puis de ceux qu\u2019il aimait. <span style=\"color: #008000;\">Ayant surmont\u00e9 la mort de sa m\u00e8re et le suicide de son a\u00een\u00e9, v\u00e9cu avec un homme puis un autre, il\u00a0 pensait s\u2019\u00eatre trouv\u00e9.<\/span> Mais son monde vole en \u00e9clats lorsqu\u2019un deuxi\u00e8me fr\u00e8re dispara\u00eet en mer et que son p\u00e8re meurt. \u00c0 tout juste quarante ans, <span style=\"color: #008000;\">Claude ARNAUD<\/span> devient le patriarche d\u2019une famille de fant\u00f4mes.<\/strong><br \/>\n<span style=\"color: #008000;\"><strong>La d\u00e9couverte d\u2019Ha\u00efti et l\u2019amour retrouv\u00e9, aupr\u00e8s d\u2019une femme, lui permettront de reprendre go\u00fbt \u00e0 la vie et d\u2019ordonner enfin, par l\u2019\u00e9criture, les morceaux de son existence.<\/strong><\/span><br \/>\n<strong>L\u2019histoire de cette renaissance est universelle : elle interroge ce qui, en chacun de nous, subsiste quand tout s\u2019effondre.<\/strong><\/h6>\n<h6><span style=\"color: #008000;\"><strong>Pour d\u00e9couvrir les r\u00e9actions \u00e0 ce livre <a title=\"je ne vou en france\" href=\"http:\/\/www.claude-arnaud.com\/fr\/romans\/je-ne-voulais-pas-etre-moi\/je-ne-voulais-pas-etre-moi-en-france\">en France<\/a><\/strong><\/span>&#8230;<\/h6>\n<h6><strong>Et <a title=\"je ne voul pas \u00e0 l'\u00e9tr\" href=\"http:\/\/www.claude-arnaud.com\/fr\/romans\/je-ne-voulais-pas-etre-moi\/je-ne-voulais-pas-etre-moi-abroad-a-letranger\">\u00e0 l&rsquo;\u00e9tranger<\/a><\/strong>&#8230;<\/h6>\n<h6><span style=\"color: #008000;\"><strong>Pour commander ce livre <a href=\"https:\/\/www.grasset.fr\/livres\/je-ne-voulais-pas-etre-moi-9782246852230\" target=\"_blank\" rel=\"noopener\">chez son \u00e9diteur sous format papier ou e-book<\/a>..<\/strong><\/span><\/h6>\n<h6><span style=\"color: #008000;\"><strong>ou<\/strong><\/span> en librairie&#8230;<\/h6>\n<h6><\/h6>\n","protected":false},"excerpt":{"rendered":"<p>LE 13 JANVIER 2016, LES EDITIONS GRASSET ONT PUBLIE JE NE VOULAIS PAS \u00caTRE MOI, LE NOUVEAU ROMAN DE CLAUDE ARNAUD. TROISIEME ET DERNIER TOME DU CYCLE AUTOBIOGRAPHIQUE INAUGURE AVEC QU\u2019AS-TU FAIT DE TES FRERES, ET CONTINUE AVEC BREVES SAISONS AU PARADIS, JE NE VOULAIS PAS \u00caTRE MOI EST LE LIVRE DE LA RESSAISIE DE [&hellip;]<\/p>\n","protected":false},"author":2,"featured_media":0,"parent":66,"menu_order":5,"comment_status":"open","ping_status":"open","template":"","meta":{"footnotes":""},"class_list":["post-6244","page","type-page","status-publish","hentry","count-0","even alt","author-claude-arnaud","last"],"post_mailing_queue_ids":[],"_links":{"self":[{"href":"https:\/\/www.claude-arnaud.com\/fr\/wp-json\/wp\/v2\/pages\/6244","targetHints":{"allow":["GET"]}}],"collection":[{"href":"https:\/\/www.claude-arnaud.com\/fr\/wp-json\/wp\/v2\/pages"}],"about":[{"href":"https:\/\/www.claude-arnaud.com\/fr\/wp-json\/wp\/v2\/types\/page"}],"author":[{"embeddable":true,"href":"https:\/\/www.claude-arnaud.com\/fr\/wp-json\/wp\/v2\/users\/2"}],"replies":[{"embeddable":true,"href":"https:\/\/www.claude-arnaud.com\/fr\/wp-json\/wp\/v2\/comments?post=6244"}],"version-history":[{"count":16,"href":"https:\/\/www.claude-arnaud.com\/fr\/wp-json\/wp\/v2\/pages\/6244\/revisions"}],"predecessor-version":[{"id":15080,"href":"https:\/\/www.claude-arnaud.com\/fr\/wp-json\/wp\/v2\/pages\/6244\/revisions\/15080"}],"up":[{"embeddable":true,"href":"https:\/\/www.claude-arnaud.com\/fr\/wp-json\/wp\/v2\/pages\/66"}],"wp:attachment":[{"href":"https:\/\/www.claude-arnaud.com\/fr\/wp-json\/wp\/v2\/media?parent=6244"}],"curies":[{"name":"wp","href":"https:\/\/api.w.org\/{rel}","templated":true}]}}