{"id":60,"date":"2009-05-26T19:59:16","date_gmt":"2009-05-26T17:59:16","guid":{"rendered":"http:\/\/www.claude-arnaud.com\/fr\/?page_id=60"},"modified":"2023-02-07T11:56:10","modified_gmt":"2023-02-07T10:56:10","slug":"reactions-des-lecteurs","status":"publish","type":"page","link":"https:\/\/www.claude-arnaud.com\/fr\/essais\/qui-dit-je-en-nous-presentation\/reactions-des-lecteurs","title":{"rendered":"Qui dit je en nous? : r\u00e9actions des lecteurs"},"content":{"rendered":"<h6><\/h6>\n<blockquote>\n<h6><img loading=\"lazy\" decoding=\"async\" class=\"alignleft size-medium wp-image-11031\" src=\"http:\/\/www.claude-arnaud.com\/fr\/wp-content\/uploads\/2021\/01\/9782246699811-T-179x300.jpg\" alt=\"\" width=\"179\" height=\"300\" srcset=\"https:\/\/www.claude-arnaud.com\/fr\/wp-content\/uploads\/2021\/01\/9782246699811-T-179x300.jpg 179w, https:\/\/www.claude-arnaud.com\/fr\/wp-content\/uploads\/2021\/01\/9782246699811-T.jpg 600w\" sizes=\"auto, (max-width: 179px) 100vw, 179px\" \/>*\u201d Juste vous dire \u00e0 quel point j\u2019ai appr\u00e9ci\u00e9 votre ouvrage <strong>Qui dit je en nous<\/strong>, passionnant pour la vieille psychanalyste que je suis, m\u00eame si sur certains points il peut y avoir discussions qui vaudraient tout un s\u00e9minaire. Merci pour la fluidit\u00e9 de l\u2019\u00e9criture, rare de nos jours.\u201d <strong>Mme W.<\/strong>, Paris. 10.09.2006<\/h6>\n<h6>*\u00a0\u00bb<span style=\"color: #008000;\"><strong>Ce romancier est surtout connu pour \u00eatre un essayiste, un critique, mais apr\u00e8s avoir lu son \u0153uvre, je lui attribuerais volontiers la qualit\u00e9 de fin psychanalyste<\/strong><\/span>, m\u00eame s&rsquo;il n&rsquo;en d\u00e9tient pas officiellement le titre, lit-on, sous la signature de <span style=\"color: #008000;\"><strong>Tempuslegendae<\/strong><\/span>, sur le site de <strong>BIBLIO<\/strong>. Pourquoi? Peut-\u00eatre parce qu&rsquo;il a su m&rsquo;\u00e9clairer et d\u00e9coder en langage clair ce que la d\u00e9viance humaine a parfois l&rsquo;impossibilit\u00e9 de fournir comme explications aux comportements et aux motivations qui s&rsquo;y rattachent(&#8230;) <span style=\"color: #008000;\">Ce livre se situe \u00e0 l&rsquo;intersection de la psychanalyse, la philosophie et la litt\u00e9rature, il est immens\u00e9ment riche\u00a0\u00bb<\/span>. <a title=\"babelio\" href=\"http:\/\/www.babelio.com\/auteur\/Claude-Arnaud\/5699\/critiques\" target=\"_blank\" rel=\"noopener\">Pour lire le texte in-extenso&#8230;<\/a><\/h6>\n<h6>*\u00a0\u00bbApr\u00e8s nous avoir un peu \u00e9tourdi de nombreux concepts th\u00e9oriques, l\u2019auteur se pla\u00eet, <span style=\"color: #008000;\">en bon clinicien qui feint de s\u2019ignorer,<\/span> \u00e0 nourrir son propos d\u2019une ribambelle d\u2019exemples de personnages c\u00e9l\u00e8bres ou anonymes qui ont eu, si l\u2019on ose dire, <span style=\"color: #008000;\">maille \u00e0 partir avec leur identit\u00e9<\/span> \u00ab\u00a0, \u00e9crit le psychanalyste <span style=\"color: #008000;\"><strong>Jean-Luc VANNIER<\/strong><\/span> sur le site de Nice-Premium&#8230;<\/h6>\n<\/blockquote>\n","protected":false},"excerpt":{"rendered":"<p>*\u201d Juste vous dire \u00e0 quel point j\u2019ai appr\u00e9ci\u00e9 votre ouvrage Qui dit je en nous, passionnant pour la vieille psychanalyste que je suis, m\u00eame si sur certains points il peut y avoir discussions qui vaudraient tout un s\u00e9minaire. Merci pour la fluidit\u00e9 de l\u2019\u00e9criture, rare de nos jours.\u201d Mme W., Paris. 10.09.2006 *\u00a0\u00bbCe romancier [&hellip;]<\/p>\n","protected":false},"author":1,"featured_media":0,"parent":1154,"menu_order":7,"comment_status":"open","ping_status":"open","template":"","meta":{"footnotes":""},"class_list":["post-60","page","type-page","status-publish","hentry","count-0","even alt","author-admin","last"],"post_mailing_queue_ids":[],"_links":{"self":[{"href":"https:\/\/www.claude-arnaud.com\/fr\/wp-json\/wp\/v2\/pages\/60","targetHints":{"allow":["GET"]}}],"collection":[{"href":"https:\/\/www.claude-arnaud.com\/fr\/wp-json\/wp\/v2\/pages"}],"about":[{"href":"https:\/\/www.claude-arnaud.com\/fr\/wp-json\/wp\/v2\/types\/page"}],"author":[{"embeddable":true,"href":"https:\/\/www.claude-arnaud.com\/fr\/wp-json\/wp\/v2\/users\/1"}],"replies":[{"embeddable":true,"href":"https:\/\/www.claude-arnaud.com\/fr\/wp-json\/wp\/v2\/comments?post=60"}],"version-history":[{"count":19,"href":"https:\/\/www.claude-arnaud.com\/fr\/wp-json\/wp\/v2\/pages\/60\/revisions"}],"predecessor-version":[{"id":14933,"href":"https:\/\/www.claude-arnaud.com\/fr\/wp-json\/wp\/v2\/pages\/60\/revisions\/14933"}],"up":[{"embeddable":true,"href":"https:\/\/www.claude-arnaud.com\/fr\/wp-json\/wp\/v2\/pages\/1154"}],"wp:attachment":[{"href":"https:\/\/www.claude-arnaud.com\/fr\/wp-json\/wp\/v2\/media?parent=60"}],"curies":[{"name":"wp","href":"https:\/\/api.w.org\/{rel}","templated":true}]}}