{"id":5892,"date":"2015-02-16T13:45:29","date_gmt":"2015-02-16T13:45:29","guid":{"rendered":"http:\/\/www.claude-arnaud.com\/fr\/?page_id=5892"},"modified":"2016-02-27T23:15:45","modified_gmt":"2016-02-27T23:15:45","slug":"leau","status":"publish","type":"page","link":"https:\/\/www.claude-arnaud.com\/fr\/mots-cles\/leau","title":{"rendered":"L&rsquo;Eau"},"content":{"rendered":"<h6><a href=\"http:\/\/www.claude-arnaud.com\/fr\/wp-content\/uploads\/2009\/05\/715278-children-play-in-a-fountain-during-a-hot-and-sunny-summer-day-in-nice1.jpg\"><img loading=\"lazy\" decoding=\"async\" class=\"alignleft  wp-image-5912\" title=\"715278-children-play-in-a-fountain-during-a-hot-and-sunny-summer-day-in-nice\" src=\"http:\/\/www.claude-arnaud.com\/fr\/wp-content\/uploads\/2009\/05\/715278-children-play-in-a-fountain-during-a-hot-and-sunny-summer-day-in-nice1.jpg\" alt=\"\" width=\"232\" height=\"307\" srcset=\"https:\/\/www.claude-arnaud.com\/fr\/wp-content\/uploads\/2009\/05\/715278-children-play-in-a-fountain-during-a-hot-and-sunny-summer-day-in-nice1.jpg 357w, https:\/\/www.claude-arnaud.com\/fr\/wp-content\/uploads\/2009\/05\/715278-children-play-in-a-fountain-during-a-hot-and-sunny-summer-day-in-nice1-227x300.jpg 227w\" sizes=\"auto, (max-width: 232px) 100vw, 232px\" \/><\/a>Elle est <span style=\"color: #008000;\"><strong>la source et la fin<\/strong>,\u00a0 <strong>l&rsquo;origine et le but<\/strong>, la matrice accomplie de la <strong>m\u00e9tamorphose<\/strong> qui pr\u00e9side \u00e0 toutes les formes de vies. Tout comme <strong>le temps<\/strong>, a l&rsquo;egal encore de <strong>notre PSYCHISME<\/strong>, elle peut tourner <strong>\u00e0 la glace ou au gaz<\/strong>, <strong>se figer ou s&rsquo;\u00e9vaporer<\/strong><\/span>, mais sa nature tend \u00e0 <strong>l&rsquo;\u00e9coulement<\/strong>.\u00a0 Fra\u00eeche et joyeuse comme l&rsquo;enfance, <span style=\"color: #008000;\"><strong>elle s&rsquo;y renouvelle sans fin. <span style=\"color: #000000;\">ce qui fait d&rsquo;elle le miroir o\u00f9 se reconnait le narrateur de <em><span style=\"color: #008000;\">QU&rsquo;AS-TU FAIT DE TES FRERES?<span style=\"color: #000000;\">, <\/span><\/span><\/em><span style=\"color: #008000;\"><span style=\"color: #000000;\">de<\/span><\/span><em><span style=\"color: #008000;\"><span style=\"color: #000000;\"> BREVES SAISONS AU PARADIS <\/span><\/span><\/em><span style=\"color: #008000;\">ET DE <em>Je ne voulais pas \u00eatre moi<\/em><\/span><span style=\"color: #008000;\"><em>,<\/em><\/span> la trilogie autobiographique de <span style=\"color: #008000;\">claude arnaud<\/span>.<\/span><br \/>\n<\/strong><\/span><\/h6>\n<p><span style=\"color: #000000;\">\u00a0<\/span><\/p>\n<p>&nbsp;<\/p>\n<p><a title=\"mots clefs\" href=\"http:\/\/www.claude-arnaud.com\/fr\/mots-cles\">&gt;&gt;<span style=\"color: #008000;\">Ic\u00f4nes<\/span><\/a>.<\/p>\n<p>&nbsp;<\/p>\n<p>(Photo <span style=\"color: #008000;\"><strong>Eric Gaillard<\/strong><\/span>. <strong>Reuters<\/strong>)<\/p>\n","protected":false},"excerpt":{"rendered":"<p>Elle est la source et la fin,\u00a0 l&rsquo;origine et le but, la matrice accomplie de la m\u00e9tamorphose qui pr\u00e9side \u00e0 toutes les formes de vies. Tout comme le temps, a l&rsquo;egal encore de notre PSYCHISME, elle peut tourner \u00e0 la glace ou au gaz, se figer ou s&rsquo;\u00e9vaporer, mais sa nature tend \u00e0 l&rsquo;\u00e9coulement.\u00a0 Fra\u00eeche [&hellip;]<\/p>\n","protected":false},"author":2,"featured_media":0,"parent":107,"menu_order":7,"comment_status":"open","ping_status":"open","template":"","meta":{"footnotes":""},"class_list":["post-5892","page","type-page","status-publish","hentry","count-0","even alt","author-claude-arnaud","last"],"post_mailing_queue_ids":[],"_links":{"self":[{"href":"https:\/\/www.claude-arnaud.com\/fr\/wp-json\/wp\/v2\/pages\/5892","targetHints":{"allow":["GET"]}}],"collection":[{"href":"https:\/\/www.claude-arnaud.com\/fr\/wp-json\/wp\/v2\/pages"}],"about":[{"href":"https:\/\/www.claude-arnaud.com\/fr\/wp-json\/wp\/v2\/types\/page"}],"author":[{"embeddable":true,"href":"https:\/\/www.claude-arnaud.com\/fr\/wp-json\/wp\/v2\/users\/2"}],"replies":[{"embeddable":true,"href":"https:\/\/www.claude-arnaud.com\/fr\/wp-json\/wp\/v2\/comments?post=5892"}],"version-history":[{"count":13,"href":"https:\/\/www.claude-arnaud.com\/fr\/wp-json\/wp\/v2\/pages\/5892\/revisions"}],"predecessor-version":[{"id":6457,"href":"https:\/\/www.claude-arnaud.com\/fr\/wp-json\/wp\/v2\/pages\/5892\/revisions\/6457"}],"up":[{"embeddable":true,"href":"https:\/\/www.claude-arnaud.com\/fr\/wp-json\/wp\/v2\/pages\/107"}],"wp:attachment":[{"href":"https:\/\/www.claude-arnaud.com\/fr\/wp-json\/wp\/v2\/media?parent=5892"}],"curies":[{"name":"wp","href":"https:\/\/api.w.org\/{rel}","templated":true}]}}