{"id":52,"date":"2009-05-26T19:31:47","date_gmt":"2009-05-26T17:31:47","guid":{"rendered":"http:\/\/www.claude-arnaud.com\/fr\/?page_id=52"},"modified":"2021-01-22T16:20:25","modified_gmt":"2021-01-22T15:20:25","slug":"qui-dit-je-en-nous-dedicace","status":"publish","type":"page","link":"https:\/\/www.claude-arnaud.com\/fr\/essais\/qui-dit-je-en-nous-presentation\/qui-dit-je-en-nous-dedicace","title":{"rendered":"Qui dit je en nous ? : d\u00e9dicace"},"content":{"rendered":"<blockquote>\n<h6><strong><img loading=\"lazy\" decoding=\"async\" class=\"alignleft size-medium wp-image-11031\" src=\"http:\/\/www.claude-arnaud.com\/fr\/wp-content\/uploads\/2021\/01\/9782246699811-T-179x300.jpg\" alt=\"\" width=\"179\" height=\"300\" srcset=\"https:\/\/www.claude-arnaud.com\/fr\/wp-content\/uploads\/2021\/01\/9782246699811-T-179x300.jpg 179w, https:\/\/www.claude-arnaud.com\/fr\/wp-content\/uploads\/2021\/01\/9782246699811-T.jpg 600w\" sizes=\"auto, (max-width: 179px) 100vw, 179px\" \/>Publi\u00e9 chez Grasset dans \u201cL\u2019automne romanesque\u201d. <\/strong><\/h6>\n<\/blockquote>\n<h6><span style=\"text-decoration: underline;\"><span style=\"color: #008000;\"><strong>Une s\u00e9ance de d\u00e9dicace, quelque part en France\u2026<\/strong><\/span><\/span><\/h6>\n<h6><\/h6>\n<h6><strong>Claude<\/strong>,<strong> debout, survolant la 4\u00b0 de couverture<\/strong> : &#8211; Curieux, ton sujet\u2026<\/h6>\n<h6><span style=\"color: #008000;\"><strong>Arnaud<\/strong><\/span>,<strong> assis derri\u00e8re le stand des auteurs<\/strong> : -\u2026merci.<\/h6>\n<h6><strong>Claude<\/strong> : &#8211; Plut\u00f4t neuf, je veux dire.<\/h6>\n<h6><span style=\"color: #008000;\"><strong>Arnaud<\/strong><\/span> :- Sans \u00e2ge en m\u00eame temps.<\/h6>\n<h6><strong>Claude<\/strong> : -\u2026mais de quelle identit\u00e9 parles-tu?<\/h6>\n<h6><span style=\"color: #008000;\"><strong>Arnaud<\/strong><\/span> : &#8211; L\u2019individuelle, avant tout. Quoi qu\u2019\u00e0 vrai dire, elle soit toujours aussi collective.<\/h6>\n<h6><strong>Claude<\/strong> : -Tu n\u2019en profites pas pour parler de <strong>toi<\/strong>, j\u2019esp\u00e8re ?<\/h6>\n<h6><span style=\"color: #008000;\"><strong>Arnaud<\/strong><\/span> : -Au passage, mais sans plus. (<strong>Soupir de soulagement<\/strong>) D\u2019ailleurs, je parle d\u00e9j\u00e0 plus de toi.<\/h6>\n<h6><strong>Claude, flatt\u00e9<\/strong> : -Ah ?!<\/h6>\n<h6><span style=\"color: #008000;\"><strong>Arnaud <\/strong><\/span>: &#8211; Enfin de tous ceux que tu as \u00e9t\u00e9, avant que je ne devienne.<\/h6>\n<h6><strong>Claude<\/strong> : &#8211; J\u2019esp\u00e8re que tu ne fais pas de r\u00e9v\u00e9lations\u2026<\/h6>\n<h6><span style=\"color: #008000;\"><strong>Arnaud <\/strong><\/span>: &#8211; Je pr\u00e9f\u00e8re parler des autres : on en dit bien plus long.<\/h6>\n<h6><strong>Claude<\/strong> : &#8211; Des <strong>alter-ego<\/strong> ?<\/h6>\n<h6><span style=\"color: #008000;\"><strong>Arnaud<\/strong><\/span> :- Des gens qui ont eu assez d\u2019audace pour se r\u00e9inventer, ou d\u2019imagination pour se d\u00e9multiplier : des auto-cr\u00e9ateurs, si tu pr\u00e9f\u00e8res.<\/h6>\n<h6><strong>Claude<\/strong> :- Je ne vois pas.<\/h6>\n<h6><span style=\"color: #008000;\"><strong>Arnaud<\/strong><\/span> : &#8211; Imagine que tu sois las d\u2019\u00eatre toi-m\u00eame et que tu veuilles devenir\u2026 quelqu\u2019un d\u2019autre, abandonner ton vieil \u00eatre pour un tout neuf : il te faudra changer de lieu, d\u2019entourage, d\u2019habitudes, mais aussi reprendre le r\u00e9cit gr\u00e2ce auquel tu te d\u00e9finissais. Te <strong>r\u00e9\u00e9crire<\/strong>, autrement dit. (<em><span style=\"color: #008000;\"><strong>Claude para\u00eet ne pas comprendre<\/strong><\/span><\/em>)\u2026Tout comme on s\u2019\u00e9crit, au sortir de l\u2019adolescence,<strong> pour remplir la page blanche qui nous a vu na\u00eetre<\/strong>.<\/h6>\n<h6><strong>Claude<\/strong> :- Tu veux parler des autofictionneurs ?<\/h6>\n<h6><span style=\"color: #008000;\"><strong>Arnaud<\/strong><\/span> : &#8211; Ah non, ils n\u2019ont aucune imagination ! Je pense aux imposteurs, aux espions, aux \u00eatres dot\u00e9s de personnalit\u00e9s multiples. Tu en trouveras quelques-uns, dans ces pages.<\/h6>\n<h6><strong>Claude, feuilletant le livre<\/strong> : &#8211;<strong>Martin Guerre<\/strong> ?<\/h6>\n<h6><span style=\"color: #008000;\"><strong>Arnaud<\/strong><\/span> :- Mon pr\u00e9f\u00e9r\u00e9. Une sorte de g\u00e9nie shakespearien. Pas un acteur n\u2019aurait pu faire ce qu\u2019il a fait !<\/h6>\n<h6><strong>Claude<\/strong> : &#8211; Raconte\u2026<\/h6>\n<h6><span style=\"color: #008000;\"><strong>Arnaud<\/strong><\/span> : &#8211; <strong>Un homme avait fui le domicile conjugal<\/strong>, dans le Sud-ouest, apr\u00e8s avoir vol\u00e9 son p\u00e8re. Et voil\u00e0 qu\u2019il repara\u00eet, des ann\u00e9es plus tard, dans un village voisin. Pr\u00e9venue par ses belles-s\u0153urs, l\u2019\u00e9pouse accourt, l\u2019entend, h\u00e9site \u2013<span style=\"color: #008000;\"><strong> il a un peu chang\u00e9 physiquement<\/strong><\/span> -, d\u00e9cide de le soigner &#8211; il est malade -, puis lui ouvre grand les portes de sa maison. Ils se mettent ensemble, donnent une s\u0153ur au petit gar\u00e7on qu\u2019elle avait d\u00e9j\u00e0, et vivent tr\u00e8s heureux jusqu\u2019\u00e0 ce que\u2026<\/h6>\n<h6><strong>Claude<\/strong> :-\u2026ce que ?<\/h6>\n<h6><span style=\"color: #008000;\"><strong>Arnaud<\/strong><\/span> :- Eh bien tu liras.<\/h6>\n<h6><strong>Claude<\/strong> :-<span style=\"color: #008000;\"><strong>Wilkomirski<\/strong><\/span> ?<\/h6>\n<h6><span style=\"color: #008000;\"><strong>Arnaud<\/strong><\/span> :- Un pauvre musicien sur qui la terre enti\u00e8re a pleur\u00e9, lorsqu\u2019il a publi\u00e9 ses souvenirs : d\u00e9port\u00e9 \u00e0 Ma\u00efdanek, enfant, il avait surv\u00e9cu par miracle \u00e0 l\u2019enfer des camps, et n\u2019avait jamais revu sa famille.<\/h6>\n<h6><strong>Claude, m\u00e9fiant<\/strong> : &#8211; O\u00f9 est le probl\u00e8me ?<\/h6>\n<h6><span style=\"color: #008000;\"><strong>Arnaud<\/strong><\/span> : &#8211; Un \u00e9crivain est venu le voir, et a trouv\u00e9 \u00e9trange son comportement : il pleurait en se souvenant, ce que ne faisait jamais le p\u00e8re du visiteur, qui avait \u00e9t\u00e9 d\u00e9port\u00e9. Au terme d\u2019une longue enqu\u00eate, l\u2019\u00e9crivain a pu \u00e9tablir que <strong>\u00ab Wilkomirski \u00bb<\/strong> n\u2019avait jamais quitt\u00e9 sa Suisse natale, durant la guerre.<\/h6>\n<h6><strong>Claude <\/strong>: &#8211; Un <span style=\"color: #008000;\"><strong>imposteur<\/strong><\/span>, donc ?<\/h6>\n<h6><span style=\"color: #008000;\"><strong>Arnaud<\/strong><\/span> : &#8211; D\u00e9j\u00e0 plus un mythomane, mais tr\u00e8s entour\u00e9. Une sorte de psychotique assailli par des cauchemars concentrationnaires que plein de gens \u2013 amis, psychiatres, historiens de la d\u00e9portation &#8211; ont persuad\u00e9 d\u2019\u00eatre n\u00e9 dans une famille juive lettone, puis d\u2019avoir \u00e9t\u00e9 d\u00e9port\u00e9 : et tous lui r\u00e9p\u00e9taient que c\u2019\u00e9tait de son devoir de t\u00e9moigner. Une merveilleuse victime de la psychanalyse, et de l\u2019\u00e9poque, si tu veux.<\/h6>\n<h6><strong>Claude <\/strong>: &#8211; Mais c\u2019est un recueil de cas, ou un essai ?<\/h6>\n<h6><span style=\"color: #008000;\"><strong>Arnaud<\/strong><\/span> : &#8211; Les deux. J\u2019essaye \u00e0 chaque fois de d\u00e9faire la pelote du moi fictif ou mensonger, en tirant les fils de l\u2019histoire ou de la philosophie, de la psychiatrie ou de la th\u00e9ologie.<\/h6>\n<h6><strong>Claude <\/strong>:- Le livre a donc une double identit\u00e9 ?<\/h6>\n<h6><span style=\"color: #008000;\"><strong>Arnaud<\/strong><\/span> :- Si tu veux : c\u2019est ma fa\u00e7on d\u2019\u00eatre de tout c\u0153ur avec ceux que j\u2019\u00e9voque.<\/h6>\n<h6><strong>Claude, d\u00e9j\u00e0 plus confiant<\/strong> : -Qui d\u2019autres ?<\/h6>\n<h6><span style=\"color: #008000;\"><strong>Arnaud <\/strong><\/span>:- <strong>Romand<\/strong>, l\u2019homme qui a \u00e9t\u00e9 pendant vingt ans le n\u00b02 de<strong> l\u2019Organisation Mondiale de la Sant\u00e9<\/strong> pour ses parents, sa femme, ses enfants, et qui les a tous tu\u00e9 au moment d\u2019\u00eatre d\u00e9masqu\u00e9.<\/h6>\n<h6><strong>Claude<\/strong> :- Le h\u00e9ros de <strong>L\u2019Adversaire<\/strong> ?<\/h6>\n<h6><span style=\"color: #008000;\"><strong>Arnaud<\/strong><\/span> :- Lui-m\u00eame\u2026mais aussi <strong>von Stroheim<\/strong>, ce cin\u00e9aste n\u00e9 dans une grande famille de l\u2019aristocratie austro-hongroise, qui aura pass\u00e9 quinze ans de sa vie \u00e0 reconstituer l\u2019empire de Fran\u00e7ois-Joseph dans les studios de Hollywood, en tenant des r\u00f4les d\u2019officiers sadiques et d\u00e9prav\u00e9s, tous teutons et catholiques, jusqu\u2019\u00e0 se faire ha\u00efr du public am\u00e9ricain : \u00e0 sa mort on d\u00e9couvrit qu\u2019il \u00e9tait le fils d\u2019un chapelier juif de Vienne.<\/h6>\n<h6><strong>Claude, amus\u00e9<\/strong> :-<strong>La grande illusion<\/strong> ?<\/h6>\n<h6><span style=\"color: #008000;\"><strong>Arnaud<\/strong><\/span> :- En quelque sorte. Sans oublier <strong>Kurt Gerstein<\/strong>, cet Allemand anti-nazi qui entra d\u00e9lib\u00e9r\u00e9ment dans la SS pour en savoir plus sur ses m\u00e9thodes, en vint \u00e0 participer \u00e0 la Solution Finale pour mieux d\u00e9noncer son existence aupr\u00e8s des Alli\u00e9s, et finit \u00e0 la chute du Reich par se suicider : <span style=\"color: #008000;\"><strong>personne ne pouvait croire \u00e0 un tel d\u00e9doublement<\/strong><\/span>.<\/h6>\n<h6><strong>Claude<\/strong> : -Je ne savais pas que tu t\u2019int\u00e9ressais \u00e0 ces probl\u00e8mes d\u2019identit\u00e9\u2026<\/h6>\n<h6><strong><span style=\"color: #008000;\">Arnaud<\/span>, inquiet <\/strong>:-Tu n\u2019avais pas lu mon <strong>Cocteau<\/strong> ? (<strong>Mais Claude s\u2019est d\u00e9j\u00e0 replong\u00e9 dans le livre afin de trouver encore une bonne raison pour ne pas l\u2019emporter\u2026<\/strong>)<\/h6>\n<h6><strong>Claude<\/strong> : -Pourquoi <strong>Pessoa<\/strong> ?<\/h6>\n<h6><span style=\"color: #008000;\"><strong>Arnaud<\/strong><\/span> :- Pour les nombreux po\u00e8tes qu\u2019il aura engendr\u00e9s, au cours de sa vie : chacun avait son nom, son \u0153uvre, son signe astral, sa biographie. <strong>Son for int\u00e9rieur \u00e9tait un vrai forum<\/strong>.<\/h6>\n<h6><strong>Claude <\/strong>: -Mais pourquoi lui, aujourd\u2019hui ?<\/h6>\n<h6><span style=\"color: #008000;\"><strong>Arnaud <\/strong><\/span>: -Parce que son cas se banalise, m\u00eames s\u2018il y a moins de po\u00e8tes que jamais.<\/h6>\n<h6><strong>Claude<\/strong> :-\u2026 ?<\/h6>\n<h6><span style=\"color: #008000;\"><strong>Arnaud<\/strong><\/span> :- De plus en plus de personnes souffrent du <strong>Syndrome de la Personnalit\u00e9 multiple<\/strong> : ils renferment plusieurs sous-moi dot\u00e9s d\u2019une r\u00e9elle autonomie qui leur interdisent toute continuit\u00e9 existentielle \u2013 jusqu\u2019\u00e0 ce qu\u2019un th\u00e9rapeute les identifie, les nomme, encourage leur dialogue puis leur \u00e9ventuelle fusion.<\/h6>\n<h6><strong>Claude<\/strong> :- Quels rapports entre tous ces ph\u00e9nom\u00e8nes ?<\/h6>\n<h6><span style=\"color: #008000;\"><strong>Arnaud <\/strong><\/span>:- <strong>C\u2019est le sujet du livre<\/strong>.<\/h6>\n<h6><strong>Claude<\/strong> :- Eh bien dis !<\/h6>\n<h6><span style=\"color: #008000;\"><strong>Arnaud<\/strong><\/span> :- <strong>Le moi centralis\u00e9, imp\u00e9rial ou \u00ab jacobin \u00bb, a v\u00e9cu<\/strong>.<\/h6>\n<h6><strong>Claude<\/strong> :- Pourquoi ?<\/h6>\n<h6><span style=\"color: #008000;\"><strong>Arnaud <\/strong><\/span>:- La d\u00e9mocratie l\u2019a emport\u00e9, l\u00e0 aussi.<\/h6>\n<h6><strong>Claude, intrigu\u00e9<\/strong> :- Il n\u2019y pas eu de changement de r\u00e9gime, pourtant ?<\/h6>\n<h6><span style=\"color: #008000;\"><strong>Arnaud<\/strong><\/span> :- Si, mais on ne le sait pas. La fabrique de l\u2019identit\u00e9 relevait de l\u2019artisanat, elle est entr\u00e9e dans l\u2019\u00e8re virtuelle. Elle \u00e9tait globalement fa\u00e7onn\u00e9e par la confession et la nationalit\u00e9, la lign\u00e9e et la province \u2013 les h\u00e9ritages, donc : elle sera de plus en plus auto-produite, \u00e0 l\u2019avenir: chacun pourra d\u00e9cider de ce qu\u2019il veut \u00eatre, choisir sa nationalit\u00e9, sa foi, mais aussi son visage, sa couleur et son sexe &#8211; comme <strong>Michael Jackson<\/strong>. Quitte \u00e0 changer d\u2019\u00eatre au gr\u00e9 des tendances &#8211; ou des besoins du march\u00e9.<\/h6>\n<h6><strong>Claude<\/strong> :- Des individus \u00e0 identit\u00e9 variable ?<\/h6>\n<h6><span style=\"color: #008000;\"><strong>Arnaud <\/strong><\/span>:- En quelque sorte. <span style=\"color: #008000;\"><strong>Avec les risques d\u2019imposture que \u00e7a suppose.<\/strong><\/span><\/h6>\n<h6><strong>Claude<\/strong> :- Et tu trouves \u00e7a bien ou mal ?<\/h6>\n<h6><span style=\"color: #008000;\"><strong>Arnaud<\/strong><\/span> :- \u00c7a d\u00e9pend\u2026<\/h6>\n<h6><strong>Claude<\/strong> :- Mais enfin r\u00e9pond !<\/h6>\n<h6><span style=\"color: #008000;\"><strong>Arnaud<\/strong><\/span> :- Lis, <strong>tu sauras<\/strong>.<\/h6>\n<h6><a href=\"http:\/\/www.claude-arnaud.com\/fr\/wp-content\/uploads\/2009\/05\/dsc83291-199x300.jpg\"><img loading=\"lazy\" decoding=\"async\" class=\"alignleft size-thumbnail wp-image-1316\" title=\"_dsc83291-199x300\" src=\"http:\/\/www.claude-arnaud.com\/fr\/wp-content\/uploads\/2009\/05\/dsc83291-199x300-150x150.jpg\" alt=\"\" width=\"150\" height=\"150\" srcset=\"https:\/\/www.claude-arnaud.com\/fr\/wp-content\/uploads\/2009\/05\/dsc83291-199x300-150x150.jpg 150w, https:\/\/www.claude-arnaud.com\/fr\/wp-content\/uploads\/2009\/05\/dsc83291-199x300-64x64.jpg 64w\" sizes=\"auto, (max-width: 150px) 100vw, 150px\" \/><\/a>(photo Hannah agence Opale)<\/h6>\n<h6><\/h6>\n","protected":false},"excerpt":{"rendered":"<p>Publi\u00e9 chez Grasset dans \u201cL\u2019automne romanesque\u201d. Une s\u00e9ance de d\u00e9dicace, quelque part en France\u2026 Claude, debout, survolant la 4\u00b0 de couverture : &#8211; Curieux, ton sujet\u2026 Arnaud, assis derri\u00e8re le stand des auteurs : -\u2026merci. Claude : &#8211; Plut\u00f4t neuf, je veux dire. Arnaud :- Sans \u00e2ge en m\u00eame temps. Claude : -\u2026mais de quelle [&hellip;]<\/p>\n","protected":false},"author":1,"featured_media":0,"parent":1154,"menu_order":3,"comment_status":"open","ping_status":"open","template":"","meta":{"footnotes":""},"class_list":["post-52","page","type-page","status-publish","hentry","count-0","even alt","author-admin","last"],"post_mailing_queue_ids":[],"_links":{"self":[{"href":"https:\/\/www.claude-arnaud.com\/fr\/wp-json\/wp\/v2\/pages\/52","targetHints":{"allow":["GET"]}}],"collection":[{"href":"https:\/\/www.claude-arnaud.com\/fr\/wp-json\/wp\/v2\/pages"}],"about":[{"href":"https:\/\/www.claude-arnaud.com\/fr\/wp-json\/wp\/v2\/types\/page"}],"author":[{"embeddable":true,"href":"https:\/\/www.claude-arnaud.com\/fr\/wp-json\/wp\/v2\/users\/1"}],"replies":[{"embeddable":true,"href":"https:\/\/www.claude-arnaud.com\/fr\/wp-json\/wp\/v2\/comments?post=52"}],"version-history":[{"count":10,"href":"https:\/\/www.claude-arnaud.com\/fr\/wp-json\/wp\/v2\/pages\/52\/revisions"}],"predecessor-version":[{"id":11052,"href":"https:\/\/www.claude-arnaud.com\/fr\/wp-json\/wp\/v2\/pages\/52\/revisions\/11052"}],"up":[{"embeddable":true,"href":"https:\/\/www.claude-arnaud.com\/fr\/wp-json\/wp\/v2\/pages\/1154"}],"wp:attachment":[{"href":"https:\/\/www.claude-arnaud.com\/fr\/wp-json\/wp\/v2\/media?parent=52"}],"curies":[{"name":"wp","href":"https:\/\/api.w.org\/{rel}","templated":true}]}}