{"id":4929,"date":"2013-12-16T12:15:30","date_gmt":"2013-12-16T12:15:30","guid":{"rendered":"http:\/\/www.claude-arnaud.com\/fr\/?page_id=4929"},"modified":"2016-02-27T23:16:59","modified_gmt":"2016-02-27T23:16:59","slug":"lecriture","status":"publish","type":"page","link":"https:\/\/www.claude-arnaud.com\/fr\/mots-cles\/lecriture","title":{"rendered":"L&rsquo;Ecriture"},"content":{"rendered":"<h6><a href=\"http:\/\/www.claude-arnaud.com\/fr\/wp-content\/uploads\/2009\/05\/arton550-e1387052302419.jpg\"><img loading=\"lazy\" decoding=\"async\" class=\"alignleft size-full wp-image-4905\" title=\"arton550\" src=\"http:\/\/www.claude-arnaud.com\/fr\/wp-content\/uploads\/2009\/05\/arton550-e1387052302419.jpg\" alt=\"\" width=\"229\" height=\"265\" \/><\/a>C&rsquo;est la pratique qui permet <span style=\"color: #008000;\"><strong>DE s&rsquo;augmenter<\/strong><\/span>, sinon <strong>de se r\u00e9aliser,<\/strong> de freiner <span style=\"color: #008000;\"><strong>l&rsquo;hemorragie d&rsquo;heures<\/strong><\/span> et la marche inexorable du temps. <span style=\"color: #008000;\"><strong>c&rsquo;est la planche de salut<\/strong><\/span><strong> <\/strong>qui\u00a0 sauvE<strong> Mme du DEFFAND et Julie de LESPINASSE<\/strong> (<span style=\"color: #008000;\"><strong><em>LES SALONS<\/em><\/strong><\/span>) <span style=\"color: #339966;\"><strong>d&rsquo;<\/strong><\/span><span style=\"color: #008000;\"><strong>amours impossibles<\/strong><\/span>, tout comme\u00a0<em><strong>la recherche<\/strong><\/em> aidera <strong>PROUST<\/strong> a racheter une <span style=\"color: #008000;\"><strong>vie g\u00e2ch\u00e9e<\/strong><\/span>, en l&rsquo;elevant \u00e0 l&rsquo;etat de <strong>meta-roman philosophique (<span style=\"color: #008000;\"><em>PROUST CONTRE COCTEAU<\/em><\/span><\/strong>). <span style=\"color: #000000;\"><strong>CHAMFORT<\/strong><\/span> ne se retire de la vie litt\u00e9raire <strong>que pour mieux \u00e9crire sa v\u00e9rit\u00e9,<\/strong> sans plus aucun frein, et <span style=\"color: #008000;\"><strong>COCTEAU<\/strong><\/span> travaille jusqu&rsquo;a <strong>changer tout son sang en encre<\/strong>. Ayant t\u00f4t perdu ses fr\u00e8res ain\u00e9s, tous deux <span style=\"color: #339966;\"><strong>\u00e9crivains en devenir<\/strong><\/span>, le narrateur de <span style=\"color: #008000;\"><em><strong>QU&rsquo;AS-TU FAIT DE TES FRERES?,<\/strong><\/em><\/span>\u00a0de <em><strong>BREVES SAISONS AU PARADIS<\/strong><\/em>\u00a0et de <span style=\"color: #008000;\"><strong><em>je ne voulais pas \u00eatre moi\u00a0<\/em><\/strong><\/span>se jure de tenir leurs promesses, <strong>tout en accomplissant les siennes<\/strong> : l&rsquo;ecriture est <span style=\"color: #008000;\"><strong>la version la\u00efque du salut<\/strong><\/span>.<\/h6>\n<p><a title=\"lien icones\" href=\"http:\/\/www.claude-arnaud.com\/fr\/?page_id=107\" target=\"_self\">&gt;&gt; Ic\u00f4nes<\/a><\/p>\n","protected":false},"excerpt":{"rendered":"<p>C&rsquo;est la pratique qui permet DE s&rsquo;augmenter, sinon de se r\u00e9aliser, de freiner l&rsquo;hemorragie d&rsquo;heures et la marche inexorable du temps. c&rsquo;est la planche de salut qui\u00a0 sauvE Mme du DEFFAND et Julie de LESPINASSE (LES SALONS) d&rsquo;amours impossibles, tout comme\u00a0la recherche aidera PROUST a racheter une vie g\u00e2ch\u00e9e, en l&rsquo;elevant \u00e0 l&rsquo;etat de meta-roman [&hellip;]<\/p>\n","protected":false},"author":2,"featured_media":0,"parent":107,"menu_order":6,"comment_status":"open","ping_status":"open","template":"","meta":{"footnotes":""},"class_list":["post-4929","page","type-page","status-publish","hentry","count-0","even alt","author-claude-arnaud","last"],"post_mailing_queue_ids":[],"_links":{"self":[{"href":"https:\/\/www.claude-arnaud.com\/fr\/wp-json\/wp\/v2\/pages\/4929","targetHints":{"allow":["GET"]}}],"collection":[{"href":"https:\/\/www.claude-arnaud.com\/fr\/wp-json\/wp\/v2\/pages"}],"about":[{"href":"https:\/\/www.claude-arnaud.com\/fr\/wp-json\/wp\/v2\/types\/page"}],"author":[{"embeddable":true,"href":"https:\/\/www.claude-arnaud.com\/fr\/wp-json\/wp\/v2\/users\/2"}],"replies":[{"embeddable":true,"href":"https:\/\/www.claude-arnaud.com\/fr\/wp-json\/wp\/v2\/comments?post=4929"}],"version-history":[{"count":14,"href":"https:\/\/www.claude-arnaud.com\/fr\/wp-json\/wp\/v2\/pages\/4929\/revisions"}],"predecessor-version":[{"id":4931,"href":"https:\/\/www.claude-arnaud.com\/fr\/wp-json\/wp\/v2\/pages\/4929\/revisions\/4931"}],"up":[{"embeddable":true,"href":"https:\/\/www.claude-arnaud.com\/fr\/wp-json\/wp\/v2\/pages\/107"}],"wp:attachment":[{"href":"https:\/\/www.claude-arnaud.com\/fr\/wp-json\/wp\/v2\/media?parent=4929"}],"curies":[{"name":"wp","href":"https:\/\/api.w.org\/{rel}","templated":true}]}}