{"id":4912,"date":"2013-12-16T10:09:43","date_gmt":"2013-12-16T10:09:43","guid":{"rendered":"http:\/\/www.claude-arnaud.com\/fr\/?page_id=4912"},"modified":"2022-06-04T19:51:19","modified_gmt":"2022-06-04T18:51:19","slug":"proust-contre-cocteau-en-pdf-en-daisy-teste-et-daisy-voix-de-synthese","status":"publish","type":"page","link":"https:\/\/www.claude-arnaud.com\/fr\/essais\/proust-contre-cocteau\/proust-contre-cocteau-en-pdf-en-daisy-teste-et-daisy-voix-de-synthese","title":{"rendered":"Proust contre Cocteau : en Pdf, en Daisy texte et voix de synth\u00e8se"},"content":{"rendered":"<h6><a href=\"http:\/\/www.claude-arnaud.com\/fr\/wp-content\/uploads\/2013\/12\/logo-bnfa.jpg\"><img loading=\"lazy\" decoding=\"async\" class=\"alignleft size-full wp-image-4913\" title=\"logo-bnfa\" src=\"http:\/\/www.claude-arnaud.com\/fr\/wp-content\/uploads\/2013\/12\/logo-bnfa.jpg\" alt=\"\" width=\"159\" height=\"100\" \/><\/a><span style=\"color: #008000;\"><strong>*La Biblioth\u00e8que Num\u00e9rique Francophone Accessible<\/strong><\/span> a mis en ligne, pour les personnes<a href=\"http:\/\/www.claude-arnaud.com\/fr\/wp-content\/uploads\/2013\/11\/proust-contre-cocteauM119316.jpg\"><img loading=\"lazy\" decoding=\"async\" class=\"alignright size-full wp-image-4382\" title=\"proust-contre-cocteau,M119316\" src=\"http:\/\/www.claude-arnaud.com\/fr\/wp-content\/uploads\/2013\/11\/proust-contre-cocteauM119316.jpg\" alt=\"\" width=\"215\" height=\"314\" srcset=\"https:\/\/www.claude-arnaud.com\/fr\/wp-content\/uploads\/2013\/11\/proust-contre-cocteauM119316.jpg 215w, https:\/\/www.claude-arnaud.com\/fr\/wp-content\/uploads\/2013\/11\/proust-contre-cocteauM119316-205x300.jpg 205w\" sizes=\"auto, (max-width: 215px) 100vw, 215px\" \/><\/a> d\u00e9ficientes visuelles, trois versions du <strong><em>Proust contre Cocteau<\/em><\/strong>, en <strong>PDF<\/strong>, <span style=\"color: #008000;\"><strong>Daisy texte<\/strong><\/span> et <strong>Daisy voix de synth\u00e8se<\/strong> (dur\u00e9e 4h41). Peuvent y acc\u00e9der les <span style=\"color: #008000;\"><strong>d\u00e9ficients visuels<\/strong><\/span> inscrits et poss\u00e9dant un mot de passe permettant d&rsquo;acc\u00e9der \u00e0<a title=\"bnfa\" href=\"http:\/\/www.bnfa.fr\/bib\/27268\" target=\"_blank\" rel=\"noopener\"> ce site<\/a>&#8230;<\/h6>\n<h6><span style=\"color: #008000;\"><strong>*Ils ont d\u00e9sormais la possibilit\u00e9<\/strong><\/span> d&rsquo;entendre aussi ce livre lu en Daisy voix humaine (5h18mn) <a title=\"bnfa\" href=\"http:\/\/www.bnfa.fr\/livre?biblionumber=33232\" target=\"_blank\" rel=\"noopener\">en cliquant sur ce lien<\/a>&#8230;<\/h6>\n<h6><span style=\"color: #008000;\"><strong><a href=\"http:\/\/www.claude-arnaud.com\/fr\/wp-content\/uploads\/2017\/02\/logo.png\"><img loading=\"lazy\" decoding=\"async\" class=\"alignleft  wp-image-7378\" title=\"logo\" src=\"http:\/\/www.claude-arnaud.com\/fr\/wp-content\/uploads\/2017\/02\/logo-300x257.png\" alt=\"\" width=\"101\" height=\"86\" srcset=\"https:\/\/www.claude-arnaud.com\/fr\/wp-content\/uploads\/2017\/02\/logo-300x257.png 300w, https:\/\/www.claude-arnaud.com\/fr\/wp-content\/uploads\/2017\/02\/logo.png 357w\" sizes=\"auto, (max-width: 101px) 100vw, 101px\" \/><\/a>*Disponible aussi en daisy audio<\/strong><\/span> (5H19) sur le Site EOLE de <a href=\"https:\/\/eole.avh.asso.fr\/proust-contre-cocteau-0\" target=\"_blank\" rel=\"noopener\">l&rsquo;association Valentin Ha\u00fcy<\/a>&#8230;<\/h6>\n<h6><\/h6>\n<h6><strong><em>*<a title=\"pc\" href=\"http:\/\/www.claude-arnaud.com\/fr\/essais\/proust-contre-cocteau\">Proust contre Cocteau.<\/a>..<\/em><\/strong><\/h6>\n<h6>*<a title=\"pc 4\u00b0 ce coup\" href=\"http:\/\/www.claude-arnaud.com\/fr\/essais\/proust-contre-cocteau\/proust-contre-cocteau-la-4-de-couverture\"><em><strong>Proust contre Cocteau\u00a0<\/strong><\/em>: 4\u00b0 de couverture<\/a>\u2026.<\/h6>\n<h6><em>*<a title=\"pc en France\" href=\"http:\/\/www.claude-arnaud.com\/fr\/essais\/proust-contre-cocteau\/proust-contre-cocteau-en-france\"><strong>Proust contre Cocteau\u00a0<\/strong>: en France<\/a><\/em>.<em>..<\/em><\/h6>\n<h6>*<a title=\"pc a l'\u00e9tranger\" href=\"http:\/\/www.claude-arnaud.com\/fr\/essais\/proust-contre-cocteau\/proust-contre-cocteau-abroad-a-letranger\"><em><strong>Proust contre Cocteau<\/strong><\/em>\u00a0:\u00a0abroad\/ \u00e0 l&rsquo;\u00e9tranger<\/a>\u2026<\/h6>\n","protected":false},"excerpt":{"rendered":"<p>*La Biblioth\u00e8que Num\u00e9rique Francophone Accessible a mis en ligne, pour les personnes d\u00e9ficientes visuelles, trois versions du Proust contre Cocteau, en PDF, Daisy texte et Daisy voix de synth\u00e8se (dur\u00e9e 4h41). Peuvent y acc\u00e9der les d\u00e9ficients visuels inscrits et poss\u00e9dant un mot de passe permettant d&rsquo;acc\u00e9der \u00e0 ce site&#8230; *Ils ont d\u00e9sormais la possibilit\u00e9 d&rsquo;entendre [&hellip;]<\/p>\n","protected":false},"author":2,"featured_media":0,"parent":4376,"menu_order":5,"comment_status":"open","ping_status":"open","template":"","meta":{"footnotes":""},"class_list":["post-4912","page","type-page","status-publish","hentry","count-0","even alt","author-claude-arnaud","last"],"post_mailing_queue_ids":[],"_links":{"self":[{"href":"https:\/\/www.claude-arnaud.com\/fr\/wp-json\/wp\/v2\/pages\/4912","targetHints":{"allow":["GET"]}}],"collection":[{"href":"https:\/\/www.claude-arnaud.com\/fr\/wp-json\/wp\/v2\/pages"}],"about":[{"href":"https:\/\/www.claude-arnaud.com\/fr\/wp-json\/wp\/v2\/types\/page"}],"author":[{"embeddable":true,"href":"https:\/\/www.claude-arnaud.com\/fr\/wp-json\/wp\/v2\/users\/2"}],"replies":[{"embeddable":true,"href":"https:\/\/www.claude-arnaud.com\/fr\/wp-json\/wp\/v2\/comments?post=4912"}],"version-history":[{"count":19,"href":"https:\/\/www.claude-arnaud.com\/fr\/wp-json\/wp\/v2\/pages\/4912\/revisions"}],"predecessor-version":[{"id":14294,"href":"https:\/\/www.claude-arnaud.com\/fr\/wp-json\/wp\/v2\/pages\/4912\/revisions\/14294"}],"up":[{"embeddable":true,"href":"https:\/\/www.claude-arnaud.com\/fr\/wp-json\/wp\/v2\/pages\/4376"}],"wp:attachment":[{"href":"https:\/\/www.claude-arnaud.com\/fr\/wp-json\/wp\/v2\/media?parent=4912"}],"curies":[{"name":"wp","href":"https:\/\/api.w.org\/{rel}","templated":true}]}}