{"id":46,"date":"2009-05-26T19:26:02","date_gmt":"2009-05-26T17:26:02","guid":{"rendered":"http:\/\/www.claude-arnaud.com\/fr\/?page_id=46"},"modified":"2022-10-22T11:54:47","modified_gmt":"2022-10-22T10:54:47","slug":"essais","status":"publish","type":"page","link":"https:\/\/www.claude-arnaud.com\/fr\/essais","title":{"rendered":"Essais"},"content":{"rendered":"<blockquote>\n<h1><strong><strong><strong><strong><strong><strong><strong><img loading=\"lazy\" decoding=\"async\" class=\"alignleft size-medium wp-image-11031\" src=\"http:\/\/www.claude-arnaud.com\/fr\/wp-content\/uploads\/2021\/01\/9782246699811-T-179x300.jpg\" alt=\"\" width=\"179\" height=\"300\" srcset=\"https:\/\/www.claude-arnaud.com\/fr\/wp-content\/uploads\/2021\/01\/9782246699811-T-179x300.jpg 179w, https:\/\/www.claude-arnaud.com\/fr\/wp-content\/uploads\/2021\/01\/9782246699811-T.jpg 600w\" sizes=\"auto, (max-width: 179px) 100vw, 179px\" \/><\/strong><\/strong><\/strong><\/strong><\/strong><\/strong><\/strong><span style=\"color: #008000;\"><strong>*QUI DIT JE EN NOUS?<\/strong><\/span><\/h1>\n<h6><strong><strong><strong><strong><strong>Qu\u2019est-ce qui relie <span style=\"color: #008000;\"><strong>Erich von Stroheim<\/strong><\/span>, cet \u00ab aristocrate \u00bb viennois dont les films imp\u00e9riaux et les mensonges r\u00e9p\u00e9t\u00e9s r\u00e9ussirent \u00e0 occulter le couple de chapelier juif qui l\u2019avait \u00e9lev\u00e9, \u00e0 <span style=\"color: #008000;\"><strong>Benjamin Wilkomirski<\/strong><\/span>, ce rescap\u00e9 qui publia des souvenirs sur les camps o\u00f9 il avait grandi, et qui retrouva gr\u00e2ce \u00e0 eux son p\u00e8re \u00e0 J\u00e9rusalem, avant d\u2019\u00eatre suspect\u00e9 d\u2019affabulation ? <span style=\"color: #008000;\"><strong>Arnaud du Thil<\/strong><\/span>, cet aventurier qui prit l\u2019identit\u00e9 d\u2019un jeune p\u00e8re de famille enfui, se fit accepter par sa femme et son fils et v\u00e9cut des ann\u00e9es avec eux, sous le nom de <span style=\"color: #008000;\"><strong>Martin Guerre<\/strong><\/span> &#8211; et <span style=\"color: #008000;\"><strong>Jean-Claude Romand<\/strong><\/span>, qui se fit passer pendant un quart de si\u00e8cle pour un chercheur mondialement reconnu, avant de finir par tuer ses parents, sa femme et ses enfants, \u00e0 la veille d\u2019\u00eatre d\u00e9couvert ? Le besoin d\u2019\u00eatre autre que soi. Le d\u00e9sir de se forger une autre <strong>identit\u00e9<\/strong> que celle esquiss\u00e9e par la famille et le milieu, et ent\u00e9rin\u00e9e par faiblesse, dans un premier temps. La n\u00e9cessit\u00e9 de se recr\u00e9er, du moins de passer pour ce que l\u2019on souhaite profond\u00e9ment \u00eatre. L\u2019envie de mener plusieurs vies, parall\u00e8les ou successives.<\/strong><\/strong><\/strong><\/strong><\/strong><\/h6>\n<h6><strong> <strong><strong><strong> <strong>Tous ces cas nous rappellent que chacun dispose \u00e0 l\u2019origine de moyens pour orienter ou manipuler sa propre <strong>humanit\u00e9<\/strong>. L\u2019identit\u00e9 n\u2019est pas qu\u2019un legs, en effet ; elle est aussi le petit r\u00e9cit que chacun \u00e9labore, au sortir de l\u2019enfance, afin d\u2019acqu\u00e9rir une autonomie et donc une r\u00e9alit\u00e9. C\u2019est la fa\u00e7on qu\u2019on a de se <strong>raconter \u00e0 soi<\/strong> mais aussi \u00e0 autrui, puis \u00e0 soi tel que l\u2019imagine ou le redoute autrui \u2013 soit d\u00e9j\u00e0 deux r\u00e9cits \u00e0 la puissance n, eux-m\u00eames sujets \u00e0 de modulations, mais aussi indispensables \u00e0 notre survie que l\u2019eau ou le pain. C\u2019est l\u2019art, coh\u00e9rent, brouillon ou inventif, que chacun d\u00e9ploie pour justifier ou freiner les oscillations de <span style=\"color: #008000;\"><strong>cet amas g\u00e9latineux qu\u2019est le moi<\/strong><\/span>.<\/strong><\/strong><\/strong><\/strong><\/strong><\/h6>\n<h6><strong><strong><strong><strong><strong>Pour en savoir plus sur ce livre, aller sur <a title=\"introduction\" href=\"http:\/\/www.claude-arnaud.com\/fr\/?page_id=1154\">la page d&rsquo;introduction&#8230; <\/a>comme sur les sous-pages d\u00e9crivant la <a title=\"4 de couv\" href=\"http:\/\/www.claude-arnaud.com\/fr\/essais\/qui-dit-je-en-nous-presentation\/qui-dit-je-en-nous-la-quatrieme-de-couverture\">4\u00b0 de couverture<\/a>, donnant des <a title=\"extraits\" href=\"http:\/\/www.claude-arnaud.com\/fr\/essais\/qui-dit-je-en-nous-presentation\/qui-dit-je-en-nous-extraits\">extraits du texte<\/a>, retra\u00e7ant un dialogue imaginaire <a title=\"dedicace\" href=\"http:\/\/www.claude-arnaud.com\/fr\/essais\/qui-dit-je-en-nous-presentation\/qui-dit-je-en-nous-dedicace\">entre l&rsquo;auteur et son double<\/a>, \u00e9voquant les r\u00e9actions <a title=\"en france\" href=\"http:\/\/www.claude-arnaud.com\/fr\/essais\/qui-dit-je-en-nous-presentation\/qui-dit-je-en-nous-en-france\">en France,<\/a> \u00e0 <a href=\"https:\/\/www.claude-arnaud.com\/fr\/essais\/qui-dit-je-en-nous-presentation\/qui-dit-je-en-nous-a-letranger-abroad\">l&rsquo;\u00e9tranger<\/a>, comme de <a title=\"reaction de certains lecteurs\" href=\"http:\/\/www.claude-arnaud.com\/fr\/essais\/qui-dit-je-en-nous-presentation\/reactions-des-lecteurs\">certains lecteurs<\/a>&#8230;<br \/>\n<\/strong><\/strong><\/strong><\/strong><\/strong><\/h6>\n<h6><strong> <strong><strong><strong> <strong><strong>PUBLI\u00c9 \u00e0 la rentr\u00e9e 2006, <span style=\"color: #008000;\">QUI DIT JE EN NOUS?<\/span><\/strong> a re\u00e7u <a href=\"http:\/\/www.lalettredulibraire.com\/Palmar%C3%A8s-du-prix-Femina-essai\" target=\"_blank\" rel=\"noopener\">le prix Femina de l\u2019essai <\/a>le 30 octobre 2006.<\/strong><\/strong><\/strong><\/strong><\/strong><\/h6>\n<h6><strong><strong><strong><strong><strong><strong>Ce livre est d\u00e9di\u00e9 \u00e0 <a title=\"africultures\" href=\"http:\/\/www.africultures.com\/php\/index.php?nav=personne&amp;no=4934\" target=\"_blank\" rel=\"noopener\">Charles NAJMAN<\/a>.<\/strong><\/strong><\/strong><\/strong><\/strong><\/strong><\/h6>\n<h6><strong><strong><strong><strong><strong>FOREIGN RIGHTS : Mme Heidi Warneke. E-mail : <a href=\"mailto:hwarneke@grasset.fr\" target=\"_blank\" rel=\"noopener\">hwarneke@grasset.fr<\/a><\/strong><\/strong><\/strong><\/strong><\/strong><strong><strong><strong><strong><strong><br \/>\n<\/strong><\/strong><\/strong><\/strong><\/strong><\/h6>\n<\/blockquote>\n<h1><strong><span style=\"color: #008000;\"><img loading=\"lazy\" decoding=\"async\" class=\"alignleft  wp-image-11032\" src=\"http:\/\/www.claude-arnaud.com\/fr\/wp-content\/uploads\/2021\/01\/product_9782070348848_195x320-2-182x300.jpg\" alt=\"\" width=\"225\" height=\"371\" srcset=\"https:\/\/www.claude-arnaud.com\/fr\/wp-content\/uploads\/2021\/01\/product_9782070348848_195x320-2-182x300.jpg 182w, https:\/\/www.claude-arnaud.com\/fr\/wp-content\/uploads\/2021\/01\/product_9782070348848_195x320-2.jpg 194w\" sizes=\"auto, (max-width: 225px) 100vw, 225px\" \/>*BABEL 1990<\/span><br \/>\n<\/strong><\/h1>\n<blockquote><p><strong>\u00a0<\/strong><\/p>\n<h6><strong>Portrait de trois grandes villes pr\u00e9cocement mondialis\u00e9es, <span style=\"color: #008000;\">BABEL 1990<\/span> est pour <span style=\"color: #008000;\">Claude ARNAUD<\/span> une fa\u00e7on de r\u00e9fl\u00e9chir aux cons\u00e9quences humaines de la globalisation. Tout comme le livre prolonge, par ses plong\u00e9es dans \u00ab\u00a0l\u2019inconscient\u00a0\u00bb de <span style=\"color: #008000;\">Rome<\/span>, de <span style=\"color: #008000;\">Saint-P\u00e9tersbourg<\/span> et de <span style=\"color: #008000;\">New York,<\/span> la r\u00e9flexion sur l\u2019identit\u00e9 qu\u2019il a men\u00e9 dans ses deux biographies de CHAMFORT et de <span style=\"color: #008000;\">COCTEAU,<\/span> comme son premier essai, <span style=\"color: #008000;\">QUI DIT JE EN NOUS?<\/span><\/strong><\/h6>\n<h6><strong><span style=\"color: #008000;\">\u00a0ROME, <span style=\"color: #000000;\">SAINT-PETERSBOURG<\/span>, NEW YORK<\/span> deviennent, sous sa plume, des formes en soi, mais aussi des <span style=\"color: #008000;\">moules psychiques<\/span> susceptibles de fa\u00e7onner, durablement, un type inimitable d\u2019individualit\u00e9. <span style=\"color: #008000;\">Qui dit <em>je<\/em><\/span> quand un Romain, un Petersbourgeois ou un New Yorkais parle? Sa ville autant que lui-m\u00eame\u2026<\/strong><\/h6>\n<h6><strong>Gallimard, collection Folio\/Senso, n\u00b04688 (paru en 2008)<\/strong><\/h6>\n<h6>Foreign rights :<strong>Anne-Solange Noble<\/strong>. Phone: 00331 49544356, fax: 00331 45449403, e-mail :<\/h6>\n<h6><a title=\"lien anne-s noble\" href=\"mailto:anne-solange.noble@gallimard.fr\" target=\"_blank\" rel=\"noopener\">anne-solange.noble@gallimard.fr<\/a><\/h6>\n<h6><a title=\"lien droits et. galli\" href=\"mailto:droitsetrangers@gallimard.fr\" target=\"_blank\" rel=\"noopener\">droitsetrangers@gallimard.fr<\/a><\/h6>\n<h6><a href=\"http:\/\/www.claude-arnaud.com\/fr\/?page_id=1142\" target=\"_self\" rel=\"noopener\"><strong>Pour d\u00e9couvrir une pr\u00e9sentation de ce livre et l&rsquo;accueil qui lui a \u00e9t\u00e9 r\u00e9serv\u00e9, en France et \u00e0 l&rsquo;\u00e9tranger&#8230;<\/strong><\/a><\/h6>\n<h1><img loading=\"lazy\" decoding=\"async\" class=\"alignleft  wp-image-11033\" src=\"http:\/\/www.claude-arnaud.com\/fr\/wp-content\/uploads\/2021\/01\/product_9782070342457_195x320-182x300.jpg\" alt=\"\" width=\"216\" height=\"356\" srcset=\"https:\/\/www.claude-arnaud.com\/fr\/wp-content\/uploads\/2021\/01\/product_9782070342457_195x320-182x300.jpg 182w, https:\/\/www.claude-arnaud.com\/fr\/wp-content\/uploads\/2021\/01\/product_9782070342457_195x320.jpg 194w\" sizes=\"auto, (max-width: 216px) 100vw, 216px\" \/><strong><span style=\"color: #008000;\">*PARIS-PORTRAITS<\/span><\/strong><\/h1>\n<\/blockquote>\n<h6>En 2007, <strong><span style=\"color: #008000;\">Claude ARNAUD<\/span> <\/strong>avait publi\u00e9 dans cette m\u00eame collection <strong>Folio\/Senso<\/strong> (n\u00b04503), un portrait <span style=\"color: #008000;\">de <strong>PARIS<\/strong>,<\/span> et tout particuli\u00e8rement des <strong>GRANDS BOULEVARDS<\/strong>, dans un ouvrage collectif intitul\u00e9 <span style=\"color: #008000;\"><strong>PARIS-PORTRAITS<\/strong>.<\/span><\/h6>\n<h6><span style=\"color: #008000;\"><strong>Pour d\u00e9couvrir les r\u00e9actions qu&rsquo;a suscit\u00e9 ce livre, <a title=\"paris portraits\" href=\"http:\/\/www.claude-arnaud.com\/fr\/essais\/paris-portrait\">en France et \u00e0 l&rsquo;\u00e9tranger<\/a><\/strong><\/span><a title=\"paris portraits\" href=\"http:\/\/www.claude-arnaud.com\/fr\/essais\/paris-portrait\">&#8230;<\/a><\/h6>\n<h6><strong><a title=\"folio senso\" href=\"http:\/\/www.gallimard.fr\/Catalogue\/GALLIMARD\/Folio\/Folio\/Senso\/Paris-portraits\" target=\"_blank\" rel=\"noopener\">Pour trouver ce livre<\/a>\u2026<\/strong><em> <span style=\"color: #008000;\">(Photo Hannah, Agence Opale)<\/span><\/em><\/h6>\n<h6>Foreign rights :<strong>Anne-Solange Noble<\/strong>. Phone: 00331 49544356, fax: 00331 45449403, e-mail :<a title=\"lien anne-s noble\" href=\"mailto:anne-solange.noble@gallimard.fr\" target=\"_blank\" rel=\"noopener\"> anne-solange.noble@gallimard.fr<\/a><\/h6>\n<h6><a title=\"lien droits et. galli\" href=\"mailto:droitsetrangers@gallimard.fr\" target=\"_blank\" rel=\"noopener\">droitsetrangers@gallimard.fr<\/a><\/h6>\n<p><a href=\"http:\/\/www.claude-arnaud.com\/fr\/wp-content\/uploads\/img\/ico\/vert481.gif\"><img loading=\"lazy\" decoding=\"async\" class=\"alignleft size-full wp-image-1271\" title=\"vert481\" src=\"http:\/\/www.claude-arnaud.com\/fr\/wp-content\/uploads\/img\/ico\/vert481.gif\" alt=\"\" width=\"477\" height=\"2\" srcset=\"https:\/\/www.claude-arnaud.com\/fr\/wp-content\/uploads\/img\/ico\/vert481.gif 477w, https:\/\/www.claude-arnaud.com\/fr\/wp-content\/uploads\/img\/ico\/vert481-150x2.gif 150w, https:\/\/www.claude-arnaud.com\/fr\/wp-content\/uploads\/img\/ico\/vert481-300x1.gif 300w, https:\/\/www.claude-arnaud.com\/fr\/wp-content\/uploads\/img\/ico\/vert481-64x2.gif 64w\" sizes=\"auto, (max-width: 477px) 100vw, 477px\" \/><\/a><\/p>\n<h1><strong><span style=\"text-decoration: underline; color: #008000;\">*<\/span><a href=\"http:\/\/www.claude-arnaud.com\/fr\/wp-content\/uploads\/2013\/11\/proust-contre-cocteauM119316.jpg\"><img loading=\"lazy\" decoding=\"async\" class=\"alignleft  wp-image-4382\" title=\"proust-contre-cocteau,M119316\" src=\"http:\/\/www.claude-arnaud.com\/fr\/wp-content\/uploads\/2013\/11\/proust-contre-cocteauM119316.jpg\" alt=\"\" width=\"257\" height=\"375\" srcset=\"https:\/\/www.claude-arnaud.com\/fr\/wp-content\/uploads\/2013\/11\/proust-contre-cocteauM119316.jpg 215w, https:\/\/www.claude-arnaud.com\/fr\/wp-content\/uploads\/2013\/11\/proust-contre-cocteauM119316-205x300.jpg 205w\" sizes=\"auto, (max-width: 257px) 100vw, 257px\" \/><\/a><span style=\"text-decoration: underline; color: #008000;\">PROUST CONTRE COCTEAU<\/span><\/strong><\/h1>\n<blockquote>\n<h6><strong>A l&rsquo;automne 2013, <span style=\"color: #008000;\">Claude ARNAUD<\/span> a publi\u00e9 un essai consacr\u00e9 \u00e0 la relation tumultueuse qui a uni puis d\u00e9suni <span style=\"color: #008000;\">PROUST <\/span>et COCTEAU, de 1910 \u00e0 1922.<\/strong><\/h6>\n<h6><strong>Pour d\u00e9couvrir une <a title=\"presentation\" href=\"http:\/\/www.claude-arnaud.com\/fr\/essais\/proust-contre-cocteau\">pr\u00e9sentation du livre<\/a><\/strong><\/h6>\n<h6><strong>&#8230;le texte de <a title=\"4 de couv\" href=\"http:\/\/www.claude-arnaud.com\/fr\/essais\/proust-contre-cocteau\/proust-contre-cocteau-la-4-de-couverture\">4\u00b0 de couverture<\/a>&#8230;<\/strong><\/h6>\n<h6><strong>..les r\u00e9actions qu&rsquo;il a suscit\u00e9 <a title=\"en france\" href=\"http:\/\/www.claude-arnaud.com\/fr\/essais\/proust-contre-cocteau\/proust-contre-cocteau-en-france\">en France<\/a>, comme <a title=\"a l'etranger\" href=\"http:\/\/www.claude-arnaud.com\/fr\/essais\/proust-contre-cocteau\/proust-contre-cocteau-abroad-a-letranger\">\u00e0 l&rsquo;\u00e9tranger<\/a>&#8230;<\/strong><\/h6>\n<h6><strong><a href=\"http:\/\/www.claude-arnaud.com\/fr\/wp-content\/uploads\/2009\/05\/dsc83291-199x300-150x1501.jpg\"><img loading=\"lazy\" decoding=\"async\" class=\"alignright  wp-image-4866\" title=\"dsc83291-199x300-150x150\" src=\"http:\/\/www.claude-arnaud.com\/fr\/wp-content\/uploads\/2009\/05\/dsc83291-199x300-150x1501.jpg\" alt=\"\" width=\"175\" height=\"175\" srcset=\"https:\/\/www.claude-arnaud.com\/fr\/wp-content\/uploads\/2009\/05\/dsc83291-199x300-150x1501.jpg 150w, https:\/\/www.claude-arnaud.com\/fr\/wp-content\/uploads\/2009\/05\/dsc83291-199x300-150x1501-48x48.jpg 48w\" sizes=\"auto, (max-width: 175px) 100vw, 175px\" \/><\/a><\/strong><\/h6>\n<h6><strong><strong><strong><strong><strong>FOREIGN RIGHTS : Mme Heidi Warneke. E-mail :<\/strong><\/strong><\/strong><\/strong><\/strong><\/h6>\n<h6><strong><strong><strong><strong><strong><a href=\"mailto:hwarneke@grasset.fr\" target=\"_blank\" rel=\"noopener\">HWARNEKE@GRASSET.FR<\/a><\/strong><\/strong><\/strong><\/strong><\/strong><\/h6>\n<h6><strong><strong><strong><strong><strong><a href=\"http:\/\/www.claude-arnaud.com\/fr\/wp-content\/uploads\/img\/ico\/vert480.gif\"><img loading=\"lazy\" decoding=\"async\" class=\"alignleft size-full wp-image-1270\" title=\"vert480\" src=\"http:\/\/www.claude-arnaud.com\/fr\/wp-content\/uploads\/img\/ico\/vert480.gif\" alt=\"\" width=\"477\" height=\"2\" srcset=\"https:\/\/www.claude-arnaud.com\/fr\/wp-content\/uploads\/img\/ico\/vert480.gif 477w, https:\/\/www.claude-arnaud.com\/fr\/wp-content\/uploads\/img\/ico\/vert480-150x2.gif 150w, https:\/\/www.claude-arnaud.com\/fr\/wp-content\/uploads\/img\/ico\/vert480-300x1.gif 300w, https:\/\/www.claude-arnaud.com\/fr\/wp-content\/uploads\/img\/ico\/vert480-64x2.gif 64w\" sizes=\"auto, (max-width: 477px) 100vw, 477px\" \/><\/a><\/strong><\/strong><\/strong><\/strong><\/strong><\/h6>\n<div>\n<h6><\/h6>\n<\/div>\n<\/blockquote>\n<h1><\/h1>\n<blockquote>\n<div>\n<h1><span style=\"color: #008000;\">*<strong>PORTRAITS CRACHES<\/strong><\/span><\/h1>\n<h6><strong><img loading=\"lazy\" decoding=\"async\" class=\"alignleft  wp-image-11039\" src=\"http:\/\/www.claude-arnaud.com\/fr\/wp-content\/uploads\/2021\/01\/M02221132092-large-201x300.jpg\" alt=\"\" width=\"228\" height=\"340\" srcset=\"https:\/\/www.claude-arnaud.com\/fr\/wp-content\/uploads\/2021\/01\/M02221132092-large-201x300.jpg 201w, https:\/\/www.claude-arnaud.com\/fr\/wp-content\/uploads\/2021\/01\/M02221132092-large.jpg 220w\" sizes=\"auto, (max-width: 228px) 100vw, 228px\" \/>*LE 14 SEPTEMBRE 2017\u00a0EST SORTI DANS LA COLLECTION\u00a0<\/strong><span style=\"color: #008000;\"><strong>BOUQUINS<\/strong><\/span>, AUX\u00a0<strong><strong>\u00c9DITIONS\u00a0<\/strong><\/strong><strong>ROBERT LAFFONT,\u00a0<\/strong><em><strong><em><strong><em><strong>PORTRAITS CRACHES<\/strong><strong><em>,\u00a0<\/em><\/strong><\/em><span style=\"color: #008000;\">UN<\/span><\/strong><\/em><span style=\"color: #008000;\">\u00a0TR\u00c9SOR LITT\u00c9RAIRE, DE MONTAIGNE \u00c0 HOUELLEBECQ<\/span><\/strong><\/em>. UN VOLUME DE MILLE PAGES, RASSEMBLANT PLUS DE\u00a0<strong>CINQ CENTS PORTRAITS DE PERSONNAGES AYANT EXIST\u00c9<\/strong>\u00a0(<strong><span style=\"color: #008000;\">DU ROI SAINT LOUIS<\/span> AU\u00a0PR\u00c9SIDENT\u00a0MAO<\/strong>)\u00a0<span style=\"color: #008000;\"><strong>OU \u00c9T\u00c9 INVENT\u00c9<\/strong><\/span>\u00a0(<strong>DU GARGANTUA DE\u00a0RABELAIS\u00a0\u00c0 <span style=\"color: #008000;\">LA\u00a0LEA\u00a0DE COLETTE<\/span><\/strong>). EN 4\u00b0 DE COUVERTURE :<\/h6>\n<h6>\u00ab\u00a0TIR\u00c9ES DE M\u00c9MOIRES, DE LETTRES OU DE ROMANS,\u00a0<strong><span style=\"color: #008000;\">CES \u00ab\u00a0T\u00caTES\u00a0\u00bb R\u00c9V\u00c8LENT\u00a0L\u2019INCROYABLE RICHESSE D\u2019UN GENRE QUI JOUA UN R\u00d4LE D\u00c9CISIF DANS L\u2019ESSOR DE L\u2019INDIVIDUALISME \u00c0 LA FRAN\u00c7AISE <\/span>ET DE LA PASSION NATIONALE POUR L\u2019ANALYSE<\/strong>. CET OUVRAGE REGROUPE DES AUTOPORTRAITS C\u00c9L\u00c8BRES, COMME CEUX DE\u00a0<span style=\"color: #008000;\"><strong>LA GRANDE MADEMOISELLE<\/strong><\/span>, OU DE\u00a0<strong>ROUSSEAU<\/strong>, \u00c0 DES TEXTES DEVENUS\u00a0 INTROUVABLES DE\u00a0<strong><span style=\"color: #008000;\">JOUHANDEAU<\/span>, OU DE CINGRIA. <span style=\"color: #008000;\">PORTRAITS HISTORIQUES ET CARACT\u00c8RES<\/span><\/strong>\u00a0(L\u2019AVARE, L\u2019HYPOCRITE\u2026),\u00a0<strong>C\u00d4TOIENT ICI PORTRAITS DE PEUPLES, DE VILLES ET M\u00caME D\u2019ANIMA<\/strong><strong>UX<\/strong>.<\/h6>\n<h6>BIEN PLUS QU\u2019UNE\u00a0<span style=\"color: #008000;\"><strong>ANTHOLOGIE<\/strong><\/span>, CE LIVRE SANS RIVAL S\u2019AV\u00c8RE\u00a0<strong>L\u2019\u0152UVRE D\u2019UN \u00c9CRIVAIN QUI S\u2019EST TOUJOURS DEMAND\u00c9<\/strong>\u00a0<span style=\"color: #008000;\"><strong><em>QUI DIT JE EN NOUS\u00a0?<\/em><\/strong><\/span>\u00a0(PRIX FEMINA DE L\u2019ESSAI 2006), EN M\u00caME TEMPS QU\u2019UN\u00a0<strong>JOURNAL COUVRANT DES ANN\u00c9ES DE LECTURES<\/strong>.<\/h6>\n<h6>LE PLAISIR SEUL A DICT\u00c9 LES CHOIX DE\u00a0<span style=\"color: #008000;\"><strong>CLAUDE ARNAUD<\/strong><\/span>\u00a0: GENRE BREF PAR ESSENCE, LE PORTRAIT S\u2019Y PR\u00caTE TOUT PARTICULI\u00c8REMENT.\u00a0<strong>MME DE SEVIGNE<\/strong>\u00a0COMPARAIT LES FABLES DE\u00a0<strong>LA <span style=\"color: #008000;\">FONTAINE<\/span><\/strong>\u00a0\u00c0 CES PANIERS DE CERISES DANS LESQUELS ON PICORE, AVANT DE FINIR PAR TOUT D\u00c9VORER\u00a0: CES\u00a0<strong><em>PORTRAITS CRACH\u00c9S<\/em><span style=\"color: #008000;\">ONT LA SAVEUR DES BONHEURS IMM\u00c9DIATS<\/span><\/strong><span style=\"color: #008000;\">.<\/span>\u00bb<\/h6>\n<h6>POUR\u00a0<a title=\"fnac\" href=\"http:\/\/livre.fnac.com\/a10624021\/Claude-Arnaud-Portraits-craches\" target=\"_blank\" rel=\"noopener\">COMMANDER CE LIVRE<\/a>\u00a0(<span style=\"color: #008000;\">992 P<\/span>, 32\u20ac) A TRAVERS\u00a0<a title=\"la librairie\" href=\"https:\/\/www.lalibrairie.com\/livres\/auteurs\/claude-arnaud,0-1172972.html\" target=\"_blank\" rel=\"noopener\">LES LIBRAIRES FRAN\u00c7AISES<\/a>\u2026<\/h6>\n<h6><span style=\"color: #008000;\"><strong>POUR LE TROUVER SUR LE SITE<\/strong><\/span>DE LA COLLECTION\u00a0<a title=\"bouquins\" href=\"http:\/\/www.bouquins.tm.fr\/site\/portraits_craches_&amp;100&amp;9782221132098.html\" target=\"_blank\" rel=\"noopener\">BOUQUINS<\/a>\u2026<\/h6>\n<h6>POUR D\u00c9COUVRIR\u00a0<a title=\"portraits c en France\" href=\"http:\/\/www.claude-arnaud.com\/fr\/essais\/portraits-craches\/portraits-craches-en-france\">LES R\u00c9ACTIONS SUSCIT\u00c9S PAR SA SORTIE, EN FRANCE<\/a>\u2026<\/h6>\n<h6>\u2026ET\u00a0<a title=\"portraits c \u00e0 l'\u00e9tranger\" href=\"http:\/\/www.claude-arnaud.com\/fr\/essais\/portraits-craches\/portraits-craches-abroad-a-letranger\">\u00c0 L\u2019ETRANGER.<\/a><\/h6>\n<\/div>\n<\/blockquote>\n","protected":false},"excerpt":{"rendered":"<p>*QUI DIT JE EN NOUS? Qu\u2019est-ce qui relie Erich von Stroheim, cet \u00ab aristocrate \u00bb viennois dont les films imp\u00e9riaux et les mensonges r\u00e9p\u00e9t\u00e9s r\u00e9ussirent \u00e0 occulter le couple de chapelier juif qui l\u2019avait \u00e9lev\u00e9, \u00e0 Benjamin Wilkomirski, ce rescap\u00e9 qui publia des souvenirs sur les camps o\u00f9 il avait grandi, et qui retrouva gr\u00e2ce [&hellip;]<\/p>\n","protected":false},"author":1,"featured_media":0,"parent":0,"menu_order":5,"comment_status":"open","ping_status":"open","template":"","meta":{"footnotes":""},"class_list":["post-46","page","type-page","status-publish","hentry","count-0","even alt","author-admin","last"],"post_mailing_queue_ids":[],"_links":{"self":[{"href":"https:\/\/www.claude-arnaud.com\/fr\/wp-json\/wp\/v2\/pages\/46","targetHints":{"allow":["GET"]}}],"collection":[{"href":"https:\/\/www.claude-arnaud.com\/fr\/wp-json\/wp\/v2\/pages"}],"about":[{"href":"https:\/\/www.claude-arnaud.com\/fr\/wp-json\/wp\/v2\/types\/page"}],"author":[{"embeddable":true,"href":"https:\/\/www.claude-arnaud.com\/fr\/wp-json\/wp\/v2\/users\/1"}],"replies":[{"embeddable":true,"href":"https:\/\/www.claude-arnaud.com\/fr\/wp-json\/wp\/v2\/comments?post=46"}],"version-history":[{"count":55,"href":"https:\/\/www.claude-arnaud.com\/fr\/wp-json\/wp\/v2\/pages\/46\/revisions"}],"predecessor-version":[{"id":14602,"href":"https:\/\/www.claude-arnaud.com\/fr\/wp-json\/wp\/v2\/pages\/46\/revisions\/14602"}],"wp:attachment":[{"href":"https:\/\/www.claude-arnaud.com\/fr\/wp-json\/wp\/v2\/media?parent=46"}],"curies":[{"name":"wp","href":"https:\/\/api.w.org\/{rel}","templated":true}]}}