{"id":4534,"date":"2013-11-29T14:01:27","date_gmt":"2013-11-29T14:01:27","guid":{"rendered":"http:\/\/www.claude-arnaud.com\/fr\/?page_id=4534"},"modified":"2021-01-20T22:45:25","modified_gmt":"2021-01-20T21:45:25","slug":"cocteau-la-quatrieme-de-couverture","status":"publish","type":"page","link":"https:\/\/www.claude-arnaud.com\/fr\/biographies\/la-quatrieme-de-couverture\/cocteau-la-quatrieme-de-couverture","title":{"rendered":"Cocteau: la quatri\u00e8me de couverture"},"content":{"rendered":"<blockquote>\n<h2><span style=\"color: #008000;\"><strong><span style=\"text-decoration: underline;\"><a href=\"http:\/\/www.claude-arnaud.com\/fr\/wp-content\/uploads\/2013\/11\/images.jpg\"><img loading=\"lazy\" decoding=\"async\" class=\"alignleft  wp-image-4535\" title=\"images\" src=\"http:\/\/www.claude-arnaud.com\/fr\/wp-content\/uploads\/2013\/11\/images.jpg\" alt=\"\" width=\"226\" height=\"369\" \/><\/a>*EN 4\u00b0 PAGE DE COUVERTURE<\/span><\/strong><\/span><\/h2>\n<h6><strong>\u00ab\u00a0Romancier f\u00eat\u00e9, cin\u00e9aste admir\u00e9, po\u00e8te m\u00e9connu, dramaturge et dessinateur d\u2019exception,<\/strong> <span style=\"color: #008000;\"><strong>Cocteau<\/strong><\/span> est l\u2019un des cr\u00e9ateurs les plus f\u00e9conds du XX\u00e8me si\u00e8cle. Dot\u00e9 d\u2019une rare aptitude \u00e0 changer de style et de forme, \u00e0 mourir \u00e0 soi pour ressusciter autrement, il \u00e9voque par son caract\u00e8re prot\u00e9iforme ces deux g\u00e9ants &#8211; <span style=\"color: #008000;\"><strong>Picasso<\/strong><\/span> et <span style=\"color: #008000;\"><strong>Stravinsky<\/strong><\/span> &#8211; qui furent ses proches, et parfois ses collaborateurs. V\u00e9ritable barom\u00e8tre du climat parisien, il incarna tous les courants et chaque art, l\u2019architecture except\u00e9e : au <span style=\"color: #008000;\"><strong>Cocteau<\/strong><\/span> proustien succ\u00e9da un <span style=\"color: #008000;\"><strong>Cocteau<\/strong><\/span> avant-gardiste, puis dada\u00efste, surr\u00e9alisant et n\u00e9oclassique, enfin f\u00e9erique ; bref, cet auto-fictionneur en actes donnait l\u2019impression de faire de lui ce qu\u2019il voulait : jeune homme, il se voyait m\u00eame demi-dieu.<\/h6>\n<h6><strong>\u00ab\u00a0Aucune biographie d\u2019envergure n\u2019avait paru en France depuis trente ans<\/strong> ; nulle n\u2019avait eu pour ambition de replonger <span style=\"color: #008000;\"><strong>ce m\u00e9t\u00e9ore durable dans sa constellation d\u2019origine<\/strong><\/span>, de la France de <strong>l\u2019affaite Dreyfus<\/strong> \u00e0 celle de <span style=\"color: #008000;\"><strong>Johnny Hallyday<\/strong><\/span>, en passant par cet \u00e2ge d\u2019or que furent les ann\u00e9es 20 et les ann\u00e9es sombres de l\u2019Occupation. Outre le romancier fulgurant des <span style=\"color: #008000;\"><strong>Enfants Terribles<\/strong><\/span> et le Pygmalion de <span style=\"color: #008000;\"><strong>Radiguet<\/strong><\/span>, le m\u00e9morialiste inspir\u00e9 de <span style=\"color: #008000;\"><strong>La difficult\u00e9 d\u2019\u00eatre<\/strong><\/span> et l\u2019amoureux de Marais, on d\u00e9couvrira l\u2019engag\u00e9 volontaire de 1916, l\u2019opiomane et le \u00ab chr\u00e9tien \u00bb de 1925, <strong>l\u2019 \u00ab inventeur \u00bb de<\/strong> <span style=\"color: #008000;\"><strong>Genet<\/strong><\/span> et l\u2019entra\u00eeneur d\u2019un immense boxeur noir &#8211; tous \u00ab personnages \u00bb intens\u00e9ment vivants, impr\u00e9visibles et humains. Avec cette biographie inspir\u00e9e, <span style=\"color: #008000;\"><strong>Claude Arnaud<\/strong><\/span> a fait le roman vrai de tous les Cocteau qu\u2019abritait ce<a href=\"http:\/\/www.claude-arnaud.com\/fr\/wp-content\/uploads\/2013\/11\/Arnaud-Claude-Jean-Cocteau-Livre-932991799_ML.jpg\"><img loading=\"lazy\" decoding=\"async\" class=\"alignright  wp-image-4897\" title=\"Arnaud-Claude-Jean-Cocteau-Livre-932991799_ML\" src=\"http:\/\/www.claude-arnaud.com\/fr\/wp-content\/uploads\/2013\/11\/Arnaud-Claude-Jean-Cocteau-Livre-932991799_ML-150x150.jpg\" alt=\"\" width=\"202\" height=\"202\" srcset=\"https:\/\/www.claude-arnaud.com\/fr\/wp-content\/uploads\/2013\/11\/Arnaud-Claude-Jean-Cocteau-Livre-932991799_ML-150x150.jpg 150w, https:\/\/www.claude-arnaud.com\/fr\/wp-content\/uploads\/2013\/11\/Arnaud-Claude-Jean-Cocteau-Livre-932991799_ML-48x48.jpg 48w, https:\/\/www.claude-arnaud.com\/fr\/wp-content\/uploads\/2013\/11\/Arnaud-Claude-Jean-Cocteau-Livre-932991799_ML.jpg 270w\" sizes=\"auto, (max-width: 202px) 100vw, 202px\" \/><\/a> cr\u00e9ateur hors pair, \u00ab <strong>brillant comme une larme<\/strong> \u00bb, mort il y a quarante ans cette ann\u00e9e.<\/h6>\n<\/blockquote>\n<h6><\/h6>\n","protected":false},"excerpt":{"rendered":"<p>*EN 4\u00b0 PAGE DE COUVERTURE \u00ab\u00a0Romancier f\u00eat\u00e9, cin\u00e9aste admir\u00e9, po\u00e8te m\u00e9connu, dramaturge et dessinateur d\u2019exception, Cocteau est l\u2019un des cr\u00e9ateurs les plus f\u00e9conds du XX\u00e8me si\u00e8cle. Dot\u00e9 d\u2019une rare aptitude \u00e0 changer de style et de forme, \u00e0 mourir \u00e0 soi pour ressusciter autrement, il \u00e9voque par son caract\u00e8re prot\u00e9iforme ces deux g\u00e9ants &#8211; Picasso [&hellip;]<\/p>\n","protected":false},"author":2,"featured_media":0,"parent":36,"menu_order":0,"comment_status":"open","ping_status":"open","template":"","meta":{"footnotes":""},"class_list":["post-4534","page","type-page","status-publish","hentry","count-0","even alt","author-claude-arnaud","last"],"post_mailing_queue_ids":[],"_links":{"self":[{"href":"https:\/\/www.claude-arnaud.com\/fr\/wp-json\/wp\/v2\/pages\/4534","targetHints":{"allow":["GET"]}}],"collection":[{"href":"https:\/\/www.claude-arnaud.com\/fr\/wp-json\/wp\/v2\/pages"}],"about":[{"href":"https:\/\/www.claude-arnaud.com\/fr\/wp-json\/wp\/v2\/types\/page"}],"author":[{"embeddable":true,"href":"https:\/\/www.claude-arnaud.com\/fr\/wp-json\/wp\/v2\/users\/2"}],"replies":[{"embeddable":true,"href":"https:\/\/www.claude-arnaud.com\/fr\/wp-json\/wp\/v2\/comments?post=4534"}],"version-history":[{"count":7,"href":"https:\/\/www.claude-arnaud.com\/fr\/wp-json\/wp\/v2\/pages\/4534\/revisions"}],"predecessor-version":[{"id":10926,"href":"https:\/\/www.claude-arnaud.com\/fr\/wp-json\/wp\/v2\/pages\/4534\/revisions\/10926"}],"up":[{"embeddable":true,"href":"https:\/\/www.claude-arnaud.com\/fr\/wp-json\/wp\/v2\/pages\/36"}],"wp:attachment":[{"href":"https:\/\/www.claude-arnaud.com\/fr\/wp-json\/wp\/v2\/media?parent=4534"}],"curies":[{"name":"wp","href":"https:\/\/api.w.org\/{rel}","templated":true}]}}