{"id":4501,"date":"2013-11-29T12:56:14","date_gmt":"2013-11-29T12:56:14","guid":{"rendered":"http:\/\/www.claude-arnaud.com\/fr\/?page_id=4501"},"modified":"2018-05-28T09:23:36","modified_gmt":"2018-05-28T09:23:36","slug":"breves-saisons-au-paradis-la-quatrieme-de-couverture","status":"publish","type":"page","link":"https:\/\/www.claude-arnaud.com\/fr\/romans\/breves-saisons-au-paradis\/breves-saisons-au-paradis-la-quatrieme-de-couverture","title":{"rendered":"Br\u00e8ves saisons au paradis: la quatri\u00e8me de couverture"},"content":{"rendered":"<p>&nbsp;<\/p>\n<h6><strong><a href=\"http:\/\/www.claude-arnaud.com\/fr\/wp-content\/uploads\/2013\/11\/9782246788690_4_75.jpg\"><img loading=\"lazy\" decoding=\"async\" class=\"alignleft size-full wp-image-4502\" title=\"9782246788690_4_75\" src=\"http:\/\/www.claude-arnaud.com\/fr\/wp-content\/uploads\/2013\/11\/9782246788690_4_75.jpg\" alt=\"\" width=\"250\" height=\"250\" srcset=\"https:\/\/www.claude-arnaud.com\/fr\/wp-content\/uploads\/2013\/11\/9782246788690_4_75.jpg 250w, https:\/\/www.claude-arnaud.com\/fr\/wp-content\/uploads\/2013\/11\/9782246788690_4_75-150x150.jpg 150w, https:\/\/www.claude-arnaud.com\/fr\/wp-content\/uploads\/2013\/11\/9782246788690_4_75-48x48.jpg 48w\" sizes=\"auto, (max-width: 250px) 100vw, 250px\" \/><\/a>\u00ab\u00a0Paris, d\u00e9but des ann\u00e9es 1980.<\/strong> L\u2019\u00e9poque est prosp\u00e8re, la vie, dense, joyeuse, \u00e9lectrique, dans l&rsquo;appartement que <span style=\"color: #008000;\"><strong>CLAUDE<\/strong><\/span> partage avec <strong>JACQUES<\/strong> et <strong>BERNARD<\/strong>. On s\u2019y l\u00e8ve \u00e0 l&rsquo;heure o\u00f9 d\u2019autres d\u00e9jeunent, les plus singuliers y refont le monde en riant jusqu\u2019\u00e0 l\u2019aube. <span style=\"color: #008000;\"><strong>Le paradis, apr\u00e8s les drames \u00e9voqu\u00e9s dans <em>Qu&rsquo;as-tu fait de tes fr\u00e8res ?<\/em><\/strong><\/span>, cet hommage \u00e0 l\u2019exub\u00e9rante vitalit\u00e9 destructrice des ann\u00e9es 70 ?<\/h6>\n<h6>Soudain Jacques cesse d&rsquo;aimer Claude.<\/h6>\n<h6>Le trio se scinde, un mal myst\u00e9rieux d\u00e9cime leur entourage, la trag\u00e9die ressurgit.<\/h6>\n<h6><strong>Comment apprendre \u00e0 vivre autrement, se m\u00e9tamorphoser sans se trahir ?<\/strong><\/h6>\n<h6>C\u2019est la question que <strong>CLAUDE<\/strong> se pose, en inaugurant une nouvelle existence avec <span style=\"color: #008000;\">ANNE<\/span>, dans ce second roman de formation. <span style=\"color: #008000;\"><strong>Quand se construire prend toute une vie\u2026\u00a0\u00bb<\/strong><\/span><\/h6>\n<h6><\/h6>\n<h6 class=\"MsoNormal\"><strong style=\"mso-bidi-font-weight: normal;\"><span style=\"font-size: 12.0pt; mso-bidi-font-size: 11.0pt; line-height: 115%;\">\u00a0<\/span><\/strong><\/h6>\n","protected":false},"excerpt":{"rendered":"<p>&nbsp; \u00ab\u00a0Paris, d\u00e9but des ann\u00e9es 1980. L\u2019\u00e9poque est prosp\u00e8re, la vie, dense, joyeuse, \u00e9lectrique, dans l&rsquo;appartement que CLAUDE partage avec JACQUES et BERNARD. On s\u2019y l\u00e8ve \u00e0 l&rsquo;heure o\u00f9 d\u2019autres d\u00e9jeunent, les plus singuliers y refont le monde en riant jusqu\u2019\u00e0 l\u2019aube. Le paradis, apr\u00e8s les drames \u00e9voqu\u00e9s dans Qu&rsquo;as-tu fait de tes fr\u00e8res ?, [&hellip;]<\/p>\n","protected":false},"author":2,"featured_media":0,"parent":3383,"menu_order":1,"comment_status":"open","ping_status":"open","template":"","meta":{"footnotes":""},"class_list":["post-4501","page","type-page","status-publish","hentry","count-0","even alt","author-claude-arnaud","last"],"post_mailing_queue_ids":[],"_links":{"self":[{"href":"https:\/\/www.claude-arnaud.com\/fr\/wp-json\/wp\/v2\/pages\/4501","targetHints":{"allow":["GET"]}}],"collection":[{"href":"https:\/\/www.claude-arnaud.com\/fr\/wp-json\/wp\/v2\/pages"}],"about":[{"href":"https:\/\/www.claude-arnaud.com\/fr\/wp-json\/wp\/v2\/types\/page"}],"author":[{"embeddable":true,"href":"https:\/\/www.claude-arnaud.com\/fr\/wp-json\/wp\/v2\/users\/2"}],"replies":[{"embeddable":true,"href":"https:\/\/www.claude-arnaud.com\/fr\/wp-json\/wp\/v2\/comments?post=4501"}],"version-history":[{"count":5,"href":"https:\/\/www.claude-arnaud.com\/fr\/wp-json\/wp\/v2\/pages\/4501\/revisions"}],"predecessor-version":[{"id":9174,"href":"https:\/\/www.claude-arnaud.com\/fr\/wp-json\/wp\/v2\/pages\/4501\/revisions\/9174"}],"up":[{"embeddable":true,"href":"https:\/\/www.claude-arnaud.com\/fr\/wp-json\/wp\/v2\/pages\/3383"}],"wp:attachment":[{"href":"https:\/\/www.claude-arnaud.com\/fr\/wp-json\/wp\/v2\/media?parent=4501"}],"curies":[{"name":"wp","href":"https:\/\/api.w.org\/{rel}","templated":true}]}}