{"id":4376,"date":"2013-11-25T17:24:13","date_gmt":"2013-11-25T17:24:13","guid":{"rendered":"http:\/\/www.claude-arnaud.com\/fr\/?page_id=4376"},"modified":"2025-01-22T02:40:39","modified_gmt":"2025-01-22T01:40:39","slug":"proust-contre-cocteau","status":"publish","type":"page","link":"https:\/\/www.claude-arnaud.com\/fr\/essais\/proust-contre-cocteau","title":{"rendered":"Proust contre Cocteau"},"content":{"rendered":"<h2><a href=\"http:\/\/www.claude-arnaud.com\/fr\/wp-content\/uploads\/2013\/04\/J.C.-par-Picabia.jpg\"><img loading=\"lazy\" decoding=\"async\" class=\"alignleft  wp-image-3501\" title=\"J.C. par Picabia\" src=\"http:\/\/www.claude-arnaud.com\/fr\/wp-content\/uploads\/2013\/04\/J.C.-par-Picabia-150x150.jpg\" alt=\"\" width=\"148\" height=\"148\" srcset=\"https:\/\/www.claude-arnaud.com\/fr\/wp-content\/uploads\/2013\/04\/J.C.-par-Picabia-150x150.jpg 150w, https:\/\/www.claude-arnaud.com\/fr\/wp-content\/uploads\/2013\/04\/J.C.-par-Picabia-48x48.jpg 48w\" sizes=\"auto, (max-width: 148px) 100vw, 148px\" \/><\/a><span style=\"color: #008000;\"><strong><a href=\"http:\/\/www.claude-arnaud.com\/fr\/wp-content\/uploads\/2013\/04\/Proust-par-J.C-e1374612456107.jpg\"><img loading=\"lazy\" decoding=\"async\" class=\"alignleft  wp-image-3500\" title=\"Proust par J.C\" src=\"http:\/\/www.claude-arnaud.com\/fr\/wp-content\/uploads\/2013\/04\/Proust-par-J.C-e1374612456107.jpg\" alt=\"\" width=\"177\" height=\"237\" \/><\/a><\/strong><\/span><\/h2>\n<h2><span style=\"color: #008000;\"><strong>*<span style=\"text-decoration: underline;\">PRESENTATION<\/span>&#8230;<\/strong><\/span><\/h2>\n<h6><strong><em><span style=\"color: #008000;\">*PROUST CONTRE COCTEAU<\/span><\/em><\/strong> A ETE PUBLIE PAR Les <strong>\u00e9ditions GRASSET<\/strong> dans leur collection bleue<strong> en septembre 2013<br \/>\n<\/strong><\/h6>\n<h6>Analysant la riche relation, largement m\u00e9connue, qui unirent les deux \u00e9crivains, de 1910 \u00e0 1922, que <span style=\"color: #008000;\"><strong>Proust<\/strong><\/span> surchargea de d\u00e9sir, de jalousie puis et de suspicion, cet essai traite plus largement de la <span style=\"color: #008000;\"><strong>complicit\u00e9 entre cr\u00e9ateurs<\/strong><\/span>, de l&rsquo;admiration et du soutien qu&rsquo;ils peuvent s&rsquo;apporter, des envies d&rsquo;imitation qui les traversent parfois (<strong>Proust<\/strong> pasticha <span style=\"color: #008000;\"><strong>Cocteau<\/strong><\/span>, son cadet de vingt ans, et<strong> ce dernier<\/strong> appara\u00eet souvent comme un jeune <span style=\"color: #008000;\"><strong>Proust<\/strong><\/span> reproduisant les erreurs de son a\u00een\u00e9) mais aussi <strong>de l&rsquo;incompr\u00e9hension esth\u00e9tique<\/strong> et de la <strong>rivalit\u00e9 professionnelle <\/strong>qui les \u00e9loignent souvent &#8211; jusqu&rsquo;\u00e0 leur faire souhaiter la mort symbolique de l&rsquo;autre. En filigrane aussi, les questions que posent <span style=\"color: #008000;\"><strong>le roman autobiographique<\/strong><\/span>, et donc l<strong>&lsquo;autofiction<\/strong>, avec son lot de vengeances et de \u00ab\u00a0meurtres\u00a0\u00bb, la relation aux mod\u00e8les qui inspir\u00e8rent les grandes figures de <em>la Recherche<\/em> (<strong>Charlus<\/strong>, <span style=\"color: #008000;\"><strong>La duchesse de Guermantes<\/strong><\/span>) et la transformation du <strong>Narrateur<\/strong> en personnage de <strong>fiction<\/strong>, sans plus aucun point commun avec son <span style=\"color: #008000;\"><strong>auteur<\/strong><\/span> &#8211; ce <strong>Marcel Proust<\/strong> que le jeune <span style=\"color: #008000;\"><strong>Cocteau<\/strong> <\/span>avait connu, snob,\u00a0 brillant mais aussi impuissant et qu&rsquo;il vit, en vingt ans, se transformer en <span style=\"color: #008000;\"><strong>saint litt\u00e9raire<\/strong><\/span>, lequel s&rsquo;av\u00e8re aussi ici un redoutable assassin, un authentique personnage <span style=\"color: #008000;\"><strong>dosto\u00efevskien<\/strong><\/span>. Bienvenu dans les <strong>abysses humains!<\/strong> (dessins: <strong>Cocteau par Picabia<\/strong>, <span style=\"color: #008000;\">Proust par Cocteau<\/span>)<\/h6>\n<h6>Pour d\u00e9couvrir quelques <a title=\"ordonneau\" href=\"http:\/\/www.pascalordonneau.com\/mots-d-auteurs\/citations-d-auteurs\/claude-arnaud\/\" target=\"_blank\" rel=\"noopener\">citations tir\u00e9es du livre<\/a>&#8230;<\/h6>\n<h2><strong><a href=\"http:\/\/www.claude-arnaud.com\/fr\/wp-content\/uploads\/2013\/07\/1.jpg\"><img loading=\"lazy\" decoding=\"async\" class=\"alignleft  wp-image-3706\" title=\"1\" src=\"http:\/\/www.claude-arnaud.com\/fr\/wp-content\/uploads\/2013\/07\/1.jpg\" alt=\"\" width=\"74\" height=\"74\" srcset=\"https:\/\/www.claude-arnaud.com\/fr\/wp-content\/uploads\/2013\/07\/1.jpg 88w, https:\/\/www.claude-arnaud.com\/fr\/wp-content\/uploads\/2013\/07\/1-48x48.jpg 48w\" sizes=\"auto, (max-width: 74px) 100vw, 74px\" \/><\/a><\/strong><\/h2>\n<h2><strong><span style=\"color: #008000;\">*<span style=\"text-decoration: underline;\">VIDEO<\/span><\/span><\/strong>:<\/h2>\n<h6><strong>*Pour voir et entendre<\/strong> <span style=\"color: #008000;\"><strong>CLAUDE ARNAUD<\/strong><\/span> pr\u00e9senter son livre devant les cam\u00e9ras de la <a href=\"https:\/\/www.youtube.com\/watch?v=tyyK9vsRiN8\" target=\"_blank\" rel=\"noopener\">librairie MOLLAT de Bordeaux<\/a>&#8230;<\/h6>\n<h6><span style=\"color: #008000;\"><strong>*Pour voir et entendre<\/strong><\/span> <strong>Claude ARNAUD<\/strong> \u00e9voquer son livre dans le s\u00e9minaire de <strong>la R\u00e8gle du Jeu<\/strong> qu&rsquo;il a tenu, le 20 octobre 2013, <a title=\"r\u00e8gle du jeu\" href=\"http:\/\/www.dailymotion.com\/video\/x16725b_cocteau-et-proust-les-affinites-electriques-seminaire-rdj_creation\" target=\"_blank\" rel=\"noopener\">au cin\u00e9ma Saint-Germain-des-pr\u00e8s&#8230;<\/a> <a href=\"http:\/\/www.claude-arnaud.com\/fr\/wp-content\/uploads\/2013\/07\/131020_cocteau_et_proust_WEB.jpg\"><img loading=\"lazy\" decoding=\"async\" class=\"alignleft size-medium wp-image-4199\" title=\"131020_cocteau_et_proust_WEB\" src=\"http:\/\/www.claude-arnaud.com\/fr\/wp-content\/uploads\/2013\/07\/131020_cocteau_et_proust_WEB-300x48.jpg\" alt=\"\" width=\"300\" height=\"48\" srcset=\"https:\/\/www.claude-arnaud.com\/fr\/wp-content\/uploads\/2013\/07\/131020_cocteau_et_proust_WEB-300x48.jpg 300w, https:\/\/www.claude-arnaud.com\/fr\/wp-content\/uploads\/2013\/07\/131020_cocteau_et_proust_WEB.jpg 703w\" sizes=\"auto, (max-width: 300px) 100vw, 300px\" \/><\/a><\/h6>\n<p><a href=\"http:\/\/www.claude-arnaud.com\/fr\/wp-content\/uploads\/2013\/07\/Gui-13-30763.jpg\"><img loading=\"lazy\" decoding=\"async\" class=\"alignleft  wp-image-4294\" title=\"Gui-13-30763\" src=\"http:\/\/www.claude-arnaud.com\/fr\/wp-content\/uploads\/2013\/07\/Gui-13-30763-200x300.jpg\" alt=\"\" width=\"168\" height=\"252\" srcset=\"https:\/\/www.claude-arnaud.com\/fr\/wp-content\/uploads\/2013\/07\/Gui-13-30763-200x300.jpg 200w, https:\/\/www.claude-arnaud.com\/fr\/wp-content\/uploads\/2013\/07\/Gui-13-30763-682x1024.jpg 682w, https:\/\/www.claude-arnaud.com\/fr\/wp-content\/uploads\/2013\/07\/Gui-13-30763.jpg 1575w\" sizes=\"auto, (max-width: 168px) 100vw, 168px\" \/><\/a><\/p>\n<h2><span style=\"color: #339966;\">*<\/span><span style=\"color: #008000;\"><u>POUR TROUVER CE LIVRE <\/u><\/span><a href=\"https:\/\/www.grasset.fr\/livres\/proust-contre-cocteau-9782246805106\" target=\"_blank\" rel=\"noopener\"><span style=\"color: #008000;\">CHEZ SON EDITEUR <\/span>(format papier ou \u00e9lectronique)<\/a><span style=\"color: #008000;\">&#8230;<\/span><\/h2>\n<h6><strong>*Au format papier, \u00e0 Paris<\/strong>, sur le site de <a title=\"paris librairies\" href=\"http:\/\/www.parislibrairies.fr\/dlivre.php?gencod=9782246805106\" target=\"_blank\" rel=\"noopener\">Paris librairies&#8230;<\/a><\/h6>\n<h6><span style=\"color: #888888;\"><strong>*<span style=\"color: #008000;\">Au format papier, dans le reste de la France, aupr\u00e8s de la librairie ou de la Maison de la presse <\/span><\/strong><\/span><a title=\"lalibrairie\" href=\"http:\/\/www.lalibrairie.com\/tous-les-livres\/proust-contre-cocteau-claude-arnaud-9782246805106.html?auteur=Claude+Arnaud\" target=\"_blank\" rel=\"noopener\">la plus proche de chez vous&#8230;<\/a><\/h6>\n<h6><strong>*En version \u00e9lectronique, <\/strong><a href=\"https:\/\/www.leslibraires.fr\/livre\/4124222-proust-contre-cocteau-couverture-bleue-claude-arnaud-grasset\" target=\"_blank\" rel=\"noopener\">sur le site Les libraires<\/a>&#8230;<\/h6>\n<h6><a title=\"e-pagine\" href=\"https:\/\/www.epagine.fr\/ebook\/9782246805113-proust-contre-cocteau-claude-arnaud\/\" target=\"_blank\" rel=\"noopener\">&#8230;OU encore E-PAGINE<\/a><\/h6>\n<h6><span style=\"color: #008000;\"><strong>*Pour le t\u00e9l\u00e9charger<\/strong><\/span> \u00e0 travers <a title=\"apple\" href=\"https:\/\/itunes.apple.com\/be\/book\/proust-contre-cocteau\/id679566428?mt=11\" target=\"_blank\" rel=\"noopener\">iBook pour Mac ou\u00a0 iOS, ou avec iTunes, et pour iPad&#8230;<\/a><\/h6>\n<h6>*<a title=\"pc 4\u00b0 ce coup\" href=\"http:\/\/www.claude-arnaud.com\/fr\/essais\/proust-contre-cocteau\/proust-contre-cocteau-la-4-de-couverture\"><em><strong>Proust contre Cocteau\u00a0<\/strong><\/em>: 4\u00b0 de couverture<\/a>&#8230;.<\/h6>\n<h6>*<a title=\"pc en France\" href=\"http:\/\/www.claude-arnaud.com\/fr\/essais\/proust-contre-cocteau\/proust-contre-cocteau-en-france\"><strong><em>Proust contre Cocteau :<\/em><\/strong> en FRANCE<\/a>&#8230;<span style=\"font-size: 0.8em;\">\u00a0<\/span><\/h6>\n<h6>*<a title=\"cp abroad\" href=\"http:\/\/www.claude-arnaud.com\/fr\/essais\/proust-contre-cocteau\/proust-contre-cocteau-abroad-a-letranger\"><em><strong>Proust contre Cocteau <\/strong>: <\/em>abroad\/ \u00e0 l&rsquo;\u00e9tranger.<\/a><em><a title=\"cp abroad\" href=\"http:\/\/www.claude-arnaud.com\/fr\/essais\/proust-contre-cocteau\/proust-contre-cocteau-abroad-a-letranger\">..<\/a><\/em><\/h6>\n<h6>*<a title=\"pc daisy\" href=\"http:\/\/www.claude-arnaud.com\/fr\/essais\/proust-contre-cocteau\/proust-contre-cocteau-en-pdf-en-daisy-teste-et-daisy-voix-de-synthese\"><em><strong>Proust contre Cocteau<\/strong><\/em> : en version Daisy texte et voix de synth\u00e8se<\/a>&#8230;<\/h6>\n<p>(A la devanture de la libraire L&rsquo;Ecume des pages, Paris, 2013, ph: <span style=\"color: #008000;\"><strong>Nicolas Guilbert<\/strong><\/span>)<\/p>\n","protected":false},"excerpt":{"rendered":"<p>*PRESENTATION&#8230; *PROUST CONTRE COCTEAU A ETE PUBLIE PAR Les \u00e9ditions GRASSET dans leur collection bleue en septembre 2013 Analysant la riche relation, largement m\u00e9connue, qui unirent les deux \u00e9crivains, de 1910 \u00e0 1922, que Proust surchargea de d\u00e9sir, de jalousie puis et de suspicion, cet essai traite plus largement de la complicit\u00e9 entre cr\u00e9ateurs, de [&hellip;]<\/p>\n","protected":false},"author":2,"featured_media":0,"parent":46,"menu_order":3,"comment_status":"open","ping_status":"open","template":"","meta":{"footnotes":""},"class_list":["post-4376","page","type-page","status-publish","hentry","count-0","even alt","author-claude-arnaud","last"],"post_mailing_queue_ids":[],"_links":{"self":[{"href":"https:\/\/www.claude-arnaud.com\/fr\/wp-json\/wp\/v2\/pages\/4376","targetHints":{"allow":["GET"]}}],"collection":[{"href":"https:\/\/www.claude-arnaud.com\/fr\/wp-json\/wp\/v2\/pages"}],"about":[{"href":"https:\/\/www.claude-arnaud.com\/fr\/wp-json\/wp\/v2\/types\/page"}],"author":[{"embeddable":true,"href":"https:\/\/www.claude-arnaud.com\/fr\/wp-json\/wp\/v2\/users\/2"}],"replies":[{"embeddable":true,"href":"https:\/\/www.claude-arnaud.com\/fr\/wp-json\/wp\/v2\/comments?post=4376"}],"version-history":[{"count":32,"href":"https:\/\/www.claude-arnaud.com\/fr\/wp-json\/wp\/v2\/pages\/4376\/revisions"}],"predecessor-version":[{"id":16482,"href":"https:\/\/www.claude-arnaud.com\/fr\/wp-json\/wp\/v2\/pages\/4376\/revisions\/16482"}],"up":[{"embeddable":true,"href":"https:\/\/www.claude-arnaud.com\/fr\/wp-json\/wp\/v2\/pages\/46"}],"wp:attachment":[{"href":"https:\/\/www.claude-arnaud.com\/fr\/wp-json\/wp\/v2\/media?parent=4376"}],"curies":[{"name":"wp","href":"https:\/\/api.w.org\/{rel}","templated":true}]}}