{"id":3435,"date":"2013-03-25T13:39:57","date_gmt":"2013-03-25T13:39:57","guid":{"rendered":"http:\/\/www.claude-arnaud.com\/fr\/?page_id=3435"},"modified":"2018-05-28T10:17:07","modified_gmt":"2018-05-28T10:17:07","slug":"les-salons-en-france","status":"publish","type":"page","link":"https:\/\/www.claude-arnaud.com\/fr\/les-salons\/les-salons-en-france","title":{"rendered":"Les Salons : en France"},"content":{"rendered":"<h6>*\u00a0\u00bb&#8230;Sur la sc\u00e8ne du th\u00e9\u00e2tre du Rond-Point, <span style=\"color: #008000;\"><strong>Madeleine RENAUD<\/strong><\/span>, sublime, elle aussi, comme son amie <strong>Marguerite DURAS,<\/strong> s&rsquo;\u00e9loigne, devant nous, des rivages de la vie. <strong>Elle fait siens, corps et \u00e2me, les cris si douloureusement feutr\u00e9s,\u00a0 les \u00e9crits si merveilleusement fran\u00e7ais de Mme du Deffand.<\/strong> Elle nous entra\u00eene dans son sillage, nous qui n&rsquo;en sommes plus au d\u00e9sespoir de la jeunesse, et nous invite au d\u00e9tachement\u00a0\u00bb. <span style=\"color: #008000;\"><strong>Claude MAURIAC<\/strong><\/span>, <strong><em>Le Matin de Paris<\/em><\/strong>, <strong>4 d\u00e9cembre 1986.<\/strong><\/h6>\n<h6><a href=\"http:\/\/www.claude-arnaud.com\/fr\/wp-content\/uploads\/2012\/06\/le-monde-logo-planete.1222448809-300x90.jpg\"><img loading=\"lazy\" decoding=\"async\" class=\"alignleft  wp-image-2895\" title=\"le-monde-logo-planete.1222448809-300x90\" src=\"http:\/\/www.claude-arnaud.com\/fr\/wp-content\/uploads\/2012\/06\/le-monde-logo-planete.1222448809-300x90-150x90.jpg\" alt=\"\" width=\"171\" height=\"103\" \/><\/a>*\u00a0\u00bb<span style=\"color: #008000;\"><strong>Mardi dernier, ce maudit rhum<\/strong><\/span> m&rsquo;a emp\u00each\u00e9 d&rsquo;aller voir <em><strong>Le Balcon<\/strong><\/em>, de <span style=\"color: #008000;\"><strong>Jean GENET<\/strong><\/span>, \u00e0 la Com\u00e9die-Frna\u00e7aise. Je m&rsquo;en suis consol\u00e9 comme j&rsquo;ai pu en lisant <strong><em>Les Salons<\/em><\/strong> de <strong>Bernard MINORET<\/strong> et <span style=\"color: #008000;\"><strong>Claude ARNAUD<\/strong><\/span> (chez J.-CL. Latt\u00e8s avec une pr\u00e9face de Jean-Claude BONNET). <span style=\"color: #008000;\"><strong>Ce th\u00e9\u00e2tre au lit m&rsquo;a donn\u00e9 bien du plaisir<\/strong><\/span> et j&rsquo;ai vu s&rsquo;\u00e9loigner et se rapprocher d&rsquo;une fa\u00e7on saisissant <strong>Mme du Deffand<\/strong> et <span style=\"color: #008000;\"><strong>Walpole<\/strong><\/span>, <strong>Julie de Lespinasse<\/strong> et <span style=\"color: #008000;\"><strong>Guibert<\/strong><\/span>. Une jolie fa\u00e7on de relire sans insister deux des plus superbes correspondances du XVIII\u00b0 si\u00e8cle\u00a0\u00bb. <span style=\"color: #008000;\"><strong>Bernard FRANK<\/strong><\/span>, <strong><em>Le Monde<\/em><\/strong>, <strong>25 d\u00e9cembre 1985<\/strong>.<\/h6>\n<h6><a href=\"http:\/\/www.claude-arnaud.com\/fr\/wp-content\/uploads\/2013\/03\/logo-figaro.jpg\"><img loading=\"lazy\" decoding=\"async\" class=\"alignleft  wp-image-3438\" title=\"logo-figaro\" src=\"http:\/\/www.claude-arnaud.com\/fr\/wp-content\/uploads\/2013\/03\/logo-figaro-150x150.jpg\" alt=\"\" width=\"112\" height=\"112\" srcset=\"https:\/\/www.claude-arnaud.com\/fr\/wp-content\/uploads\/2013\/03\/logo-figaro-150x150.jpg 150w, https:\/\/www.claude-arnaud.com\/fr\/wp-content\/uploads\/2013\/03\/logo-figaro-48x48.jpg 48w\" sizes=\"auto, (max-width: 112px) 100vw, 112px\" \/><\/a><\/h6>\n<h6>*\u00a0\u00bb&#8230;Le principal attrait de ce livre, qui n&rsquo;en manque pas, c&rsquo;est qu&rsquo;au-del\u00e0 de l&rsquo;exercice de style o\u00f9 s&rsquo;exprime une culture d&rsquo;une qualit\u00e9 parfaite, <span style=\"color: #008000;\"><strong>il appara\u00eet comme une r\u00e9flexion subtile, extr\u00eamement profonde sur le divertissement, sur la vanit\u00e9 du <em>monde<\/em><\/strong><\/span>. Alors le livre d\u00e9passe la simple \u00e9vocation d&rsquo;\u00e9poque pour atteindre \u00e0 une port\u00e9e beaucoup plus g\u00e9n\u00e9rale&#8230; (dans ce) qui est \u00e0 part enti\u00e8re, \u00e0 l&rsquo;\u00e9vidence &#8211; et plus que dans beaucoup de livres qui paraissent ces temps-ci &#8211; <span style=\"color: #008000;\"><strong>un livre d&rsquo;auteur\u00a0\u00bb<\/strong><\/span>. <strong>Michel NURIDSANY<\/strong>, <span style=\"color: #008000;\"><em>Le Figaro<\/em><\/span>, <strong>8 janvier 1986.<\/strong><\/h6>\n<h6><a href=\"http:\/\/www.claude-arnaud.com\/fr\/wp-content\/uploads\/2012\/06\/0256018f01676104-c2-photo-le-logo-du-quotidien-liberation.jpg\"><img loading=\"lazy\" decoding=\"async\" class=\"alignleft size-thumbnail wp-image-2896\" title=\"0256018f01676104-c2-photo-le-logo-du-quotidien-liberation\" src=\"http:\/\/www.claude-arnaud.com\/fr\/wp-content\/uploads\/2012\/06\/0256018f01676104-c2-photo-le-logo-du-quotidien-liberation-150x150.jpg\" alt=\"\" width=\"150\" height=\"150\" srcset=\"https:\/\/www.claude-arnaud.com\/fr\/wp-content\/uploads\/2012\/06\/0256018f01676104-c2-photo-le-logo-du-quotidien-liberation-150x150.jpg 150w, https:\/\/www.claude-arnaud.com\/fr\/wp-content\/uploads\/2012\/06\/0256018f01676104-c2-photo-le-logo-du-quotidien-liberation-48x48.jpg 48w\" sizes=\"auto, (max-width: 150px) 100vw, 150px\" \/><\/a>*\u00a0\u00bb<span style=\"color: #008000;\">Claude ARNAUD<\/span> et <strong>Bernard MINORET<\/strong>, h\u00e9ros reconnus des salons contemporains, n&rsquo;ont eu qu&rsquo;\u00e0 se pencher pour saisir les fils de cette version chantourn\u00e9e du chass\u00e9-crois\u00e9 racinien. <strong>Ils l&rsquo;ont fait avec gr\u00e2ce, d\u00e9daignant le commentaire, par essence superflu, et la r\u00e9\u00e9criture, n\u00e9cessairement lourde<\/strong>, pour se contenter d&rsquo;un d\u00e9licat travail de dentelle, isolant, d\u00e9coupant puis sertissant des bouts de lettres, des formules, des r\u00e9pliques et des bons mots; il en r\u00e9sulte un dialogue, une conversation sup\u00e9rieurs, \u00e0 peine improbables. Ou encore, au choix, du montage eisensteinien, un ph\u00e9nom\u00e8ne d&rsquo;intertextualit\u00e9, <span style=\"color: #008000;\"><strong>un jeu de salon tout trouv\u00e9, du th\u00e9\u00e2tre pour un fauteuil, une pi\u00e8ce tout court<\/strong><\/span>.\u00a0\u00bb <span style=\"color: #008000;\"><strong>Patrick MAURIES<\/strong><\/span>, <em>Lib\u00e9ration<\/em>, <strong>12 f\u00e9vrier 1986.<\/strong><\/h6>\n<h6>*\u00a0\u00bbOn imagine tr\u00e8s bien, sur une sc\u00e8ne de caf\u00e9-th\u00e9\u00e2tre, ce montage, habile, de r\u00e9pliques authentiques d\u00fb \u00e0 <strong>Bernard MINORET<\/strong> et <span style=\"color: #008000;\"><strong>Claude ARNAUD<\/strong><\/span>. <span style=\"color: #008000;\"><strong>Claude Michel CLUNY<\/strong><\/span>, <em><strong>L&rsquo;Express<\/strong><\/em>, <strong>14 f\u00e9vrier 1986<\/strong>.<\/h6>\n<h6>*\u00a0\u00bb<strong>Bernard MINORET<\/strong> et <span style=\"color: #008000;\"><strong>Claude ARNAUD<\/strong><\/span>, s&rsquo;inspirant de Diderot, ont compos\u00e9 avec <em><strong>les Salons<\/strong><\/em> des dialogues o\u00f9 chaque mot prononc\u00e9 est authentique, et faire revivre <strong>les plaisirs exquis de la conversation, les d\u00e9chirements de l&rsquo;amour, la rivalit\u00e9 f\u00e9roce entre deux femmes d&rsquo;esprit<\/strong> (&#8230;) Comment, apr\u00e8s avoir \u00e9t\u00e9 si proches, (<strong>Mme du Deffand<\/strong> et <span style=\"color: #008000;\"><strong>Mlle de Lespinasse<\/strong><\/span>) en arriv\u00e8rent-elles l\u00e0 ? <strong>MINORET<\/strong> et <span style=\"color: #008000;\"><strong>ARNAUD<\/strong><\/span> d\u00e9montent habilement leur complicit\u00e9 et les raisons qui y mirent fin\u00a0\u00bb. <strong>Rapha\u00ebl SORIN<\/strong>, <span style=\"color: #008000;\"><em><strong>Le Matin<\/strong><\/em><\/span>, <strong>18 f\u00e9vrier 1986<\/strong>.<\/h6>\n<h6>*Interpr\u00e9t\u00e9s par <span style=\"color: #008000;\"><strong>Madeleine RENAUD<\/strong><\/span>, <strong>Nicole COURCEL<\/strong>, <span style=\"color: #008000;\"><strong>Jacques FRANCOIS<\/strong><\/span> et <strong>Michel DUCHAUSSOY<\/strong>, mis en sc\u00e8ne par Jean-Pierre GRANDVAL, <strong><em>les SALONS<\/em><\/strong> re\u00e7urent un accueil mitig\u00e9, lors de leur repr\u00e9sentation au Th\u00e9\u00e2tre du Rond-Point, sur les Champs-Elys\u00e9es, durant <strong>la saison 1986-87<\/strong>.<\/h6>\n<dl id=\"attachment_3450\" class=\"wp-caption alignleft\" style=\"width: 310px;\">\n<dt class=\"wp-caption-dt\"><a href=\"http:\/\/www.claude-arnaud.com\/fr\/wp-content\/uploads\/2013\/03\/P1010006.jpg\"><img loading=\"lazy\" decoding=\"async\" class=\"size-medium wp-image-3450\" title=\"OLYMPUS DIGITAL CAMERA\" src=\"http:\/\/www.claude-arnaud.com\/fr\/wp-content\/uploads\/2013\/03\/P1010006-300x225.jpg\" alt=\"\" width=\"300\" height=\"225\" srcset=\"https:\/\/www.claude-arnaud.com\/fr\/wp-content\/uploads\/2013\/03\/P1010006-300x225.jpg 300w, https:\/\/www.claude-arnaud.com\/fr\/wp-content\/uploads\/2013\/03\/P1010006-1024x768.jpg 1024w\" sizes=\"auto, (max-width: 300px) 100vw, 300px\" \/><\/a>**<\/dt>\n<dd class=\"wp-caption-dd\"><span style=\"color: #008000;\"><strong>Madeleine Renaud<\/strong><\/span> et<strong> Jacques Fran\u00e7ois<\/strong> dans \u00ab\u00a0<span style=\"color: #008000;\"><strong>Les Salons<\/strong><\/span>\u00a0\u00bb (ph: Enguerrand)<\/dd>\n<\/dl>\n<h6>*\u00a0\u00bb<strong>Bernard MINORET<\/strong> (auteur, notamment, de \u00ab\u00a0<strong>La Fuite en Chine<\/strong>\u00ab\u00a0, mati\u00e8re d&rsquo;un spectacle du groupe TSE), et <span style=\"color: #008000;\"><strong>Claude ARNAUD<\/strong><\/span> ont choisi de travailler sur un principe de montage, \u00e0 partir de textes authentiques. Cela donne un<strong> ton tr\u00e8s particulier \u00e0 la pi\u00e8ce, un ton qui m\u00e9taphorise d&rsquo;une certaine fa\u00e7on la mani\u00e8re XVIII\u00b0 si\u00e8cle, riche en oeuvres sophistiqu\u00e9es<\/strong>: romans par lettres ou dialogues trompeurs\u00a0\u00bb. <span style=\"color: #008000;\">Armelle HELIOT<\/span>, <em>Le Quotidien de Paris<\/em>, <strong>14 novembre 1986<\/strong>.<\/h6>\n<h6>\u00ab\u00a0La mort habite tous ces fant\u00f4mes, dont le langage vif et \u00e9tincelant est comme une supr\u00eame coquetterie. Les derniers feux d&rsquo;une vie o\u00f9 la conversation fut reine&#8230;Quelque chose de morne, et de presque fun\u00e8bre, s&rsquo;insinue dans ce divertissement&#8230;Seule <span style=\"color: #008000;\"><strong>Madeleine RENAUD<\/strong><\/span>, <strong>immobile, et qui donne aux yeux aveugles de Mme du Deffand une inoubliable nostalgie, nous touche par je ne sais quoi d&rsquo;h\u00e9ro\u00efque et de d\u00e9sesp\u00e9r\u00e9<\/strong>\u00ab\u00a0. <span style=\"color: #008000;\"><strong>Pierre MARCABRU<\/strong><\/span>\u00a0<em><strong>Le Figaro<\/strong><\/em>, <strong>21 novembre 1986<\/strong>.<\/h6>\n<h6>\u00ab\u00a0<span style=\"color: #008000;\"><strong>Madeleine RENAUD<\/strong><\/span>, <strong>impressionnante, donne \u00e0 <span style=\"color: #008000;\">Madame du Deffand<\/span> le relief cach\u00e9 de la mort<\/strong>. C&rsquo;est elle qu&rsquo;on regarde, et elle seule\u00a0\u00bb. <em><strong>Le Point<\/strong><\/em>, 1 d\u00e9cembre 1986.<\/h6>\n<h6>*\u00a0\u00bb<strong><span style=\"color: #008000;\">Il y a beaucoup de notations psychologiques profondes<\/span> dans ce spectacle construit sur des \u00eatres de la r\u00e9alit\u00e9.<\/strong> Mais trop de m\u00e9andres peut-\u00eatre pour qu&rsquo;on puisse \u00eatre touch\u00e9, concern\u00e9 directement par les aventures bouleversantes pourtant\u00a0\u00bb. <span style=\"color: #008000;\"><strong>Armelle HELIOT<\/strong><\/span>, <em><strong>Le Quotidien de Paris<\/strong><\/em>, <strong>4 d\u00e9cembre 1986.<\/strong><\/h6>\n<h6>*\u00a0\u00bbR\u00e9duite \u00e0 une voix qui hante les p\u00e9nombres, <span style=\"color: #008000;\"><strong>Madeleine RENAUD<\/strong> <strong>bouleverse<\/strong><\/span>. Cette voix, la Voix, ce timbre ferme, chaud, modul\u00e9, o\u00f9 toutes lesnuances s&rsquo;installent sans artifice, cette voix de la Grande Dame \u00e9pouse les pens\u00e9es d&rsquo;une autre grande dame..\u00a0\u00bb <strong>Fran\u00e7ois MENAGER<\/strong>, <em>Les Petites Affiches<\/em>, <strong>9 janvier 1987<\/strong>.<\/h6>\n","protected":false},"excerpt":{"rendered":"<p>*\u00a0\u00bb&#8230;Sur la sc\u00e8ne du th\u00e9\u00e2tre du Rond-Point, Madeleine RENAUD, sublime, elle aussi, comme son amie Marguerite DURAS, s&rsquo;\u00e9loigne, devant nous, des rivages de la vie. Elle fait siens, corps et \u00e2me, les cris si douloureusement feutr\u00e9s,\u00a0 les \u00e9crits si merveilleusement fran\u00e7ais de Mme du Deffand. Elle nous entra\u00eene dans son sillage, nous qui n&rsquo;en sommes [&hellip;]<\/p>\n","protected":false},"author":2,"featured_media":0,"parent":102,"menu_order":1,"comment_status":"open","ping_status":"open","template":"","meta":{"footnotes":""},"class_list":["post-3435","page","type-page","status-publish","hentry","count-0","even alt","author-claude-arnaud","last"],"post_mailing_queue_ids":[],"_links":{"self":[{"href":"https:\/\/www.claude-arnaud.com\/fr\/wp-json\/wp\/v2\/pages\/3435","targetHints":{"allow":["GET"]}}],"collection":[{"href":"https:\/\/www.claude-arnaud.com\/fr\/wp-json\/wp\/v2\/pages"}],"about":[{"href":"https:\/\/www.claude-arnaud.com\/fr\/wp-json\/wp\/v2\/types\/page"}],"author":[{"embeddable":true,"href":"https:\/\/www.claude-arnaud.com\/fr\/wp-json\/wp\/v2\/users\/2"}],"replies":[{"embeddable":true,"href":"https:\/\/www.claude-arnaud.com\/fr\/wp-json\/wp\/v2\/comments?post=3435"}],"version-history":[{"count":19,"href":"https:\/\/www.claude-arnaud.com\/fr\/wp-json\/wp\/v2\/pages\/3435\/revisions"}],"predecessor-version":[{"id":3437,"href":"https:\/\/www.claude-arnaud.com\/fr\/wp-json\/wp\/v2\/pages\/3435\/revisions\/3437"}],"up":[{"embeddable":true,"href":"https:\/\/www.claude-arnaud.com\/fr\/wp-json\/wp\/v2\/pages\/102"}],"wp:attachment":[{"href":"https:\/\/www.claude-arnaud.com\/fr\/wp-json\/wp\/v2\/media?parent=3435"}],"curies":[{"name":"wp","href":"https:\/\/api.w.org\/{rel}","templated":true}]}}