{"id":3395,"date":"2013-03-19T16:28:20","date_gmt":"2013-03-19T16:28:20","guid":{"rendered":"http:\/\/www.claude-arnaud.com\/fr\/?page_id=3395"},"modified":"2022-03-04T23:53:22","modified_gmt":"2022-03-04T22:53:22","slug":"breves-saisons-au-paradis-a-letranger-abroad","status":"publish","type":"page","link":"https:\/\/www.claude-arnaud.com\/fr\/romans\/breves-saisons-au-paradis\/breves-saisons-au-paradis-a-letranger-abroad","title":{"rendered":"Br\u00e8ves saisons au paradis : abroad\/ \u00e0 l&rsquo;\u00e9tranger"},"content":{"rendered":"<h2><strong><a href=\"http:\/\/www.claude-arnaud.com\/fr\/wp-content\/uploads\/2012\/06\/Couv-e1340819716608.jpg\"><img loading=\"lazy\" decoding=\"async\" class=\"alignleft  wp-image-2764\" title=\"Couv\" src=\"http:\/\/www.claude-arnaud.com\/fr\/wp-content\/uploads\/2012\/06\/Couv-e1340819716608.jpg\" alt=\"\" width=\"316\" height=\"438\" \/><\/a><\/strong><\/h2>\n<h2><strong><span style=\"text-decoration: underline;\"><span style=\"color: #008000; text-decoration: underline;\">*ABROAD\/A L&rsquo;ETRANGER<\/span><\/span><\/strong><\/h2>\n<h6><strong>*<span style=\"text-decoration: underline;\">Foreign rights<\/span><\/strong> : <span style=\"color: #008000;\"><strong>Heidi Warneke, Grasset editor<\/strong><\/span>.<\/h6>\n<h6>Ph: <strong>0033 144392212<\/strong><\/h6>\n<h6>E-mail : <a href=\"mailto:hwarneke@grasset.fr\" target=\"_blank\" rel=\"noopener\">hwarneke@grasset.fr<\/a><\/h6>\n<h6>*<span style=\"text-decoration: underline;\"><strong>DANS LA PRESSE<\/strong>, <strong>LES WEBRADIO, LES BLOGS<\/strong><\/span><\/h6>\n<h6><a href=\"http:\/\/www.claude-arnaud.com\/fr\/wp-content\/uploads\/2012\/06\/images_6.jpg\" rel=\"group-5\"><img loading=\"lazy\" decoding=\"async\" title=\"images_6\" src=\"http:\/\/www.claude-arnaud.com\/fr\/wp-content\/uploads\/2012\/06\/images_6.jpg\" alt=\"\" width=\"104\" height=\"70\" \/><\/a><a href=\"http:\/\/www.claude-arnaud.com\/fr\/wp-content\/uploads\/2012\/06\/logoLaLibre.gif\" rel=\"group-5\"><img loading=\"lazy\" decoding=\"async\" title=\"logoLaLibre\" src=\"http:\/\/www.claude-arnaud.com\/fr\/wp-content\/uploads\/2012\/06\/logoLaLibre.gif\" alt=\"\" width=\"97\" height=\"60\" \/><\/a>*Dans<em> <strong>La libre Belgique<\/strong><\/em> dat\u00e9e du 3 septembre 2012, <strong>Jacques FRANCK<\/strong> \u00e9crit: \u00ab\u00a0Reconstituant ces ann\u00e9es qui se terminent \u00e0 ses trente-sept ans, <span style=\"color: #008000;\"><strong>ARNAUD<\/strong><\/span> distingue quatre saisons <em>\u00ab\u00a0pass\u00e9es au paradis\u00a0\u00bb <\/em>: rue de Verneuil avec <strong>JACQUES<\/strong>, rue de l\u2019Universit\u00e9 avec <span style=\"color: #008000;\"><strong>BERNARD<\/strong><\/span>, Saint-Tropez avec <strong>ANNE<\/strong> et l\u2019ann\u00e9e qu\u2019il a pass\u00e9e \u00e0 la <strong>Villa M\u00e9dicis<\/strong> en \u00ab\u00a0single\u00a0\u00bb. <span style=\"color: #008000;\"><strong>On rel\u00e8vera en passant qu\u2019il n\u2019h\u00e9site pas \u00e0 clamer sa reconnaissance pour ce que amants ou amis lui ont apport\u00e9 au cours de ses ann\u00e9es de formation.<\/strong><\/span> A l\u2019\u00e9gard de lui-m\u00eame, il n\u2019est pas avare d\u2019une <strong>autod\u00e9rision enj\u00f4leuse<\/strong> qui all\u00e8ge ce que ses r\u00e9v\u00e9lations peuvent avoir d\u2019indiscret, et le d\u00e9cantement de ses \u00e9tats d\u2019\u00e2me de t\u00e9r\u00e9brant (\u2026) Et maintenant ? <span style=\"color: #008000;\"><strong>Comment l\u2019auteur a-t-il endoss\u00e9 la vie d\u2019un homme de 40 ans ?<\/strong><\/span> On vit, on ne survit que par m\u00e9tamorphoses. <strong>Gageons que nous n\u2019en avons pas fini avec la Confession de cet Enfant (de la fin) du (vingti\u00e8me) Si\u00e8cle, dont le t\u00e9moignage s\u2019apparente \u00e0 une op\u00e9ration \u00e0 c\u0153ur ouvert<\/strong>.\u00a0\u00bb <a title=\"la libre belgique\" href=\"http:\/\/www.lalibre.be\/culture\/livres\/article\/758389\/confession-d-un-enfant-du-siecle.html\" target=\"_blank\" rel=\"noopener\">Pour lire cet article dans son int\u00e9gralit\u00e9\u2026<\/a><\/h6>\n<h6>*\u00ab\u00a0<span style=\"color: #008000;\"><strong>R\u00e9cit autobiographique d\u2019un homme au commencement de sa vie d\u2019adulte<\/strong><\/span>, qui se cherche, qui doute, qui sait qu\u2019il est en train de vivre le meilleur et que cela est \u00e9ph\u00e9m\u00e8re. <strong>Son acuit\u00e9 sensorielle et intellectuelle est donc \u00e0 son comble.<\/strong> Si l\u2019autobiographie est par essence un peu nombriliste, il n\u2019en demeure pas moins <span style=\"color: #008000;\"><strong>un style parfois flamboyant<\/strong><\/span>, et la description fid\u00e8le d\u2019une \u00e9poque trop l\u00e9g\u00e8re et insouciante, qui explose quand le sida arrive tel un ouragan, emportant tout le monde sur son passage, et des personnages atypiques, <strong>dont les portraits sont tr\u00e8s attachants<\/strong>\u00ab\u00a0, lit-on sur le blog de <strong>La Lucarne<\/strong>.<\/h6>\n<h6><a href=\"http:\/\/www.claude-arnaud.com\/fr\/wp-content\/uploads\/2012\/06\/logo_header_turquoise.jpg\" rel=\"group-5\"><img loading=\"lazy\" decoding=\"async\" title=\"logo_header_turquoise\" src=\"http:\/\/www.claude-arnaud.com\/fr\/wp-content\/uploads\/2012\/06\/logo_header_turquoise.jpg\" alt=\"\" width=\"144\" height=\"110\" \/><\/a>*\u00ab\u00a0<strong>Il y a deux ans<\/strong>, \u00e9crit <span style=\"color: #008000;\"><strong>Jacques de DECKER<\/strong><\/span> sur le site de <strong>DEMANDEZ LE PROGRAMME<\/strong>, la webradio belge, \u00ab\u00a0<strong>Qu\u2019as-tu fait de tes fr\u00e8res\u00a0?<\/strong>\u00a0\u00bb, <span style=\"color: #008000;\"><strong>trag\u00e9die de la fratrie d\u2019une terrible franchise, avait cette force rare de plonger \u00e0 la fois dans une exp\u00e9rience douloureusement personnelle sans y mettre aucune complaisance<\/strong><\/span>, tout en envoyant au lecteur un terrible d\u00e9fi de lucidit\u00e9 et de s\u00e9v\u00e9rit\u00e9 sur soi. <strong>C\u2019est ce qui fait l\u2019\u00e9criture du moi d\u2019Arnaud une \u00e9criture du nous.<\/strong> Dans son nouveau livre, \u00ab\u00a0<strong>Br\u00e8ves saisons au paradis<\/strong>\u00a0\u00bb, il y va aussi de souvenirs des plus intimes, et en particulier de la bisexualit\u00e9 v\u00e9cue comme une exp\u00e9rience int\u00e9rieure de recherche de soi, mais une fois encore avec une g\u00e9n\u00e9rosit\u00e9 de confidence qui est de l\u2019ordre du pacte avec le lecteur. <strong>LEIRIS<\/strong> faisait pr\u00e9c\u00e9der son \u00ab\u00a0<strong>Age d\u2019homme<\/strong>\u00a0\u00bb d\u2019une pr\u00e9face c\u00e9l\u00e8bre o\u00f9 il comparait la litt\u00e9rature \u00e0 une tauromachie. Le torero, en son habit de lumi\u00e8re, et ici il s\u2019agit d\u2019une lumi\u00e8re faite sur soi, s\u2019offre en quelque sorte en sacrifice. Et si de la sorte il se purifie lui-m\u00eame, il nous lib\u00e8re de la chape des mensonges qui nous oppressent.\u00a0\u00bb Pour entendre <strong>Jacques de DECKER<\/strong> analyser le livre, en date du 6 novembre 2012, dans ce qui s\u2019av\u00e8re la critique <a href=\"https:\/\/audioblog.arteradio.com\/blog\/150916\/podcast\/151016\/claude-arnaud-le-toreador\" target=\"_blank\" rel=\"noopener\">la plus incisive et la plus g\u00e9n\u00e9reuse qu\u2019on lui ait consacr\u00e9<\/a>\u2026<\/h6>\n<h6><strong><a href=\"http:\/\/www.claude-arnaud.com\/fr\/wp-content\/uploads\/2012\/06\/images_6.jpg\"><img loading=\"lazy\" decoding=\"async\" class=\"alignleft  wp-image-2885\" title=\"images_6\" src=\"http:\/\/www.claude-arnaud.com\/fr\/wp-content\/uploads\/2012\/06\/images_6.jpg\" alt=\"\" width=\"77\" height=\"52\" \/><\/a>*Pour trouver ce livre en Belgique&#8230;<\/strong><\/h6>\n<h6><span style=\"color: #008000;\"><strong><a href=\"http:\/\/www.claude-arnaud.com\/fr\/wp-content\/uploads\/2018\/05\/latest.jpg\"><img loading=\"lazy\" decoding=\"async\" class=\"alignleft  wp-image-9077\" title=\"latest\" src=\"http:\/\/www.claude-arnaud.com\/fr\/wp-content\/uploads\/2018\/05\/latest-150x150.jpg\" alt=\"\" width=\"72\" height=\"72\" srcset=\"https:\/\/www.claude-arnaud.com\/fr\/wp-content\/uploads\/2018\/05\/latest-150x150.jpg 150w, https:\/\/www.claude-arnaud.com\/fr\/wp-content\/uploads\/2018\/05\/latest-48x48.jpg 48w\" sizes=\"auto, (max-width: 72px) 100vw, 72px\" \/><\/a>*\u00a0\u00bbLe livre se termine avec le sida. Les temps changent. Les proches de Claude sont touch\u00e9s. Tr\u00e8s bien men\u00e9, mais trop mondain pour avoir une valeur de t\u00e9moignage g\u00e9n\u00e9rationnel, le livre retrouve enfin l\u00e0 un centre de gravit\u00e9\u00a0\u00bb, <span style=\"color: #000000;\">temp\u00e8re le critique suisse <\/span><\/strong><\/span><span style=\"color: #008000;\"><strong><span style=\"color: #000000;\"><strong>Etienne DUMONT<\/strong><\/span>. Pour lire l\u2019article<\/strong><\/span> qu\u2019il a consacr\u00e9 au livre <a title=\"Tribune de Gen\u00e8ve\" href=\"http:\/\/www.tdg.ch\/culture\/Claude-Arnaud-romance-sa-vie-dans-Breves-saisons-au-paradis\/story\/16767204\" target=\"_blank\" rel=\"noopener\">dans <em>la Tribune de Gen\u00e8ve<\/em>\u2026<\/a><a href=\"http:\/\/www.claude-arnaud.com\/fr\/wp-content\/uploads\/2013\/03\/9782246788690.jpg\"><img loading=\"lazy\" decoding=\"async\" class=\"alignright size-medium wp-image-4952\" title=\"9782246788690\" src=\"http:\/\/www.claude-arnaud.com\/fr\/wp-content\/uploads\/2013\/03\/9782246788690-216x300.jpg\" alt=\"\" width=\"216\" height=\"300\" srcset=\"https:\/\/www.claude-arnaud.com\/fr\/wp-content\/uploads\/2013\/03\/9782246788690-216x300.jpg 216w, https:\/\/www.claude-arnaud.com\/fr\/wp-content\/uploads\/2013\/03\/9782246788690.jpg 470w\" sizes=\"auto, (max-width: 216px) 100vw, 216px\" \/><\/a><\/h6>\n<h6><strong>*Pour trouver<\/strong> ce livre <a title=\"payot ch\" href=\"http:\/\/www.payot.ch\/Detail\/breves_saisons_au_paradis-claude_arnaud_-9782246788690\" target=\"_blank\" rel=\"noopener\">en Suisse<\/a>&#8230;<\/h6>\n<h6><a href=\"http:\/\/www.claude-arnaud.com\/fr\/wp-content\/uploads\/2010\/08\/images10.jpg\" rel=\"group-5\"><img loading=\"lazy\" decoding=\"async\" title=\"images\" src=\"http:\/\/www.claude-arnaud.com\/fr\/wp-content\/uploads\/2010\/08\/images10.jpg\" alt=\"\" width=\"91\" height=\"45\" \/><\/a>*<span style=\"color: #008000;\"><strong>Pour trouver ce livre au CANADA<\/strong><\/span>, sur <a title=\"lib pantoute\" href=\"http:\/\/pantoute.leslibraires.ca\/livres\/breves-saisons-paradis-claude-arnaud-9782246788690.html\" target=\"_blank\" rel=\"noopener\">le site de la librairie Pantoute<\/a>\u2026<a title=\"Pantoute\" href=\"http:\/\/www.librairiepantoute.com\/recherche.asp?argu=ARNAUD,%20CLAUDE&amp;cSimple=true\" target=\"_blank\" rel=\"noopener\"><br \/>\n<\/a><\/h6>\n<h6>et en version num\u00e9rique <a href=\"https:\/\/www.archambault.ca\/livres\/br\u00e8ves-saisons-au-paradis\/arnaud-claude\/9782246788690\/?id=1314065&amp;cat=\" target=\"_blank\" rel=\"noopener\">sur celui de la libraire Archambault<\/a>\u2026\u00a0\u00a0 <a title=\"gallimard quebec\" href=\"http:\/\/www.gallimardmontreal.com\/catalogue\/livre\/breves-saisons-au-paradis-arnaud-claude-9782246788690\" target=\"_blank\" rel=\"noopener\">Ou encore&#8230;<\/a><\/h6>\n<h6><strong><a href=\"http:\/\/www.claude-arnaud.com\/fr\/wp-content\/uploads\/2010\/08\/images14.jpg\"><img loading=\"lazy\" decoding=\"async\" class=\"alignleft size-full wp-image-2111\" title=\"images\" src=\"http:\/\/www.claude-arnaud.com\/fr\/wp-content\/uploads\/2010\/08\/images14.jpg\" alt=\"\" width=\"64\" height=\"64\" \/><\/a><a href=\"https:\/\/www.amazon.it\/Br%C3%A8ves-saisons-paradis-Claude-Arnaud\/dp\/2246788692\/ref=sr_1_13?__mk_it_IT=%C3%85M%C3%85%C5%BD%C3%95%C3%91&amp;keywords=claude+arnaud&amp;qid=1646304486&amp;s=books&amp;sr=1-13\" target=\"_blank\" rel=\"noopener\">*Trovare questo romanzo in ItalIA\/ Pour trouver ce livre en italie<\/a><\/strong><a title=\"amazon ital\" href=\"http:\/\/www.amazon.it\/s\/ref=nb_sb_noss?__mk_it_IT=%C3%85M%C3%85%C5%BD%C3%95%C3%91&amp;url=search-alias%3Dstripbooks&amp;field-keywords=claude+arnaud&amp;rh=n%3A411663031%2Ck%3Aclaude+arnaud\" target=\"_blank\" rel=\"noopener\">&#8230;<\/a><\/h6>\n<h6><span style=\"color: #008000;\"><strong><a href=\"http:\/\/www.claude-arnaud.com\/fr\/wp-content\/uploads\/2011\/04\/images2.jpg\"><img loading=\"lazy\" decoding=\"async\" class=\"alignleft  wp-image-2353\" title=\"images\" src=\"http:\/\/www.claude-arnaud.com\/fr\/wp-content\/uploads\/2011\/04\/images2.jpg\" alt=\"\" width=\"93\" height=\"77\" srcset=\"https:\/\/www.claude-arnaud.com\/fr\/wp-content\/uploads\/2011\/04\/images2.jpg 248w, https:\/\/www.claude-arnaud.com\/fr\/wp-content\/uploads\/2011\/04\/images2-150x122.jpg 150w\" sizes=\"auto, (max-width: 93px) 100vw, 93px\" \/><\/a>*\u00a0\u00bbThe most important trend of 2012 was, as it had been for years, the evergrowing wave of \u00ab\u00a0autofiction\u00a0\u00bb in which the autors convert their own lives into novels. In <\/strong><span style=\"color: #003300;\"><strong><em>Br\u00e8ves Saisons au paradis<\/em>, <span style=\"color: #008000;\">Claude ARNAUD<\/span> novelized his youth in 1980s Paris, when he moved in with an older gay couple to become a member of a joyfull \u00ab\u00a0trouple\u00a0\u00bb only to discover heterosexual love when Aids appeared and the m\u00e9nage broke up\u00a0\u00bb. Vincent AURORA, <span style=\"color: #008000;\"><em>Britannica book of the year 2013<\/em>,<\/span> Encyclopaedia Britannica.<\/strong><\/span><\/span><\/h6>\n<h6>*<strong style=\"color: #008000; font-size: 0.8em;\">Get that novel in the U.K.,<a href=\"https:\/\/www.amazon.co.uk\/Br%C3%A8ves-saisons-paradis-Litt%C3%A9rature-Fran%C3%A7aise-ebook\/dp\/B008K7UD70\/ref=sr_1_6?qid=1646434330&amp;refinements=p_27%3AClaude+Arnaud&amp;s=digital-text&amp;sr=1-6\" target=\"_blank\" rel=\"noopener\"> and read its very first pages<\/a><\/strong><span style=\"font-size: 0.8em;\">&#8230;<\/span><\/h6>\n<h6><strong><a href=\"http:\/\/www.claude-arnaud.com\/fr\/wp-content\/uploads\/2012\/06\/code-drapeau-americain-L-1.jpg\"><img loading=\"lazy\" decoding=\"async\" class=\"alignleft  wp-image-3098\" title=\"code-drapeau-americain-L-1\" src=\"http:\/\/www.claude-arnaud.com\/fr\/wp-content\/uploads\/2012\/06\/code-drapeau-americain-L-1-300x225.jpg\" alt=\"\" width=\"122\" height=\"91\" srcset=\"https:\/\/www.claude-arnaud.com\/fr\/wp-content\/uploads\/2012\/06\/code-drapeau-americain-L-1-300x225.jpg 300w, https:\/\/www.claude-arnaud.com\/fr\/wp-content\/uploads\/2012\/06\/code-drapeau-americain-L-1.jpg 320w\" sizes=\"auto, (max-width: 122px) 100vw, 122px\" \/><\/a>And in the U.S, through Albertine, <a href=\"https:\/\/shop.albertine.com\/listeliv.php?base=paper&amp;mots_recherche=Claude+Arnaud+-+Br\u00e8ves+saisons+au+paradis&amp;select_tri_recherche=pertinence&amp;editeur=Grasset+Et+Fasquelle\" target=\"_blank\" rel=\"noopener\">the french bookshop in NYC<\/a>&#8230;<\/strong><strong title=\"bertrand.pt\"><span style=\"color: #008000;\">\u00a0<\/span>\u00a0<\/strong><\/h6>\n<h6><strong><a href=\"http:\/\/www.claude-arnaud.com\/fr\/wp-content\/uploads\/2013\/11\/255px-Flag_of_France.svg_-150x150.png\"><img loading=\"lazy\" decoding=\"async\" class=\"alignleft  wp-image-8937\" title=\"255px-Flag_of_France.svg_-150x150\" src=\"http:\/\/www.claude-arnaud.com\/fr\/wp-content\/uploads\/2013\/11\/255px-Flag_of_France.svg_-150x150.png\" alt=\"\" width=\"72\" height=\"72\" srcset=\"https:\/\/www.claude-arnaud.com\/fr\/wp-content\/uploads\/2013\/11\/255px-Flag_of_France.svg_-150x150.png 150w, https:\/\/www.claude-arnaud.com\/fr\/wp-content\/uploads\/2013\/11\/255px-Flag_of_France.svg_-150x150-48x48.png 48w\" sizes=\"auto, (max-width: 72px) 100vw, 72px\" \/><\/a>*\u00a0\u00bb<span style=\"color: #008000;\">le courant le plus marquant, en 2012<\/span><\/strong><strong>, fut, comme dans les ann\u00e9es pr\u00e9c\u00e9dentes, la vague toujours croissa<\/strong><strong>nte d'\u00a0\u00bb<span style=\"color: #008000;\">AUTOFICTION<\/span>\u00a0\u00bb qui voient des auteurS <span style=\"color: #008000;\">CONVERTir leur propre vie en romanS.<\/span> dans\u00a0<\/strong><strong><em>BR\u00c8VES SAISONS AU PARADIS<\/em>,\u00a0<span style=\"color: #008000;\">CLAUDE ARNAUD<\/span> \u00ab\u00a0fictionnise\u00a0\u00bb sa jeunesse dans le <span style=\"color: #008000;\">paris<\/span> des ann\u00e9es 1980S, quand il rejoint un COUPLE gay pour former un joyeux \u00ab\u00a0<span style=\"color: #008000;\">TROUPLE<\/span>\u00ab\u00a0. avant de finir par d\u00e9couvrir <span style=\"color: #008000;\">l&rsquo;amour HETEROSEXUEl<\/span> avec l&rsquo;apparition du sida et la rupture de <span style=\"color: #008000;\">leur M\u00c9NAGE \u00e0 trois<\/span>\u00ab\u00a0. <span style=\"color: #008000;\">VINCENT AURORA<\/span>,\u00a0<em>BRITANNICA BOOK OF THE YEAR 2013<\/em>,\u00a0ENCYCLOPAEDIA BRITANNICA.<\/strong><\/h6>\n<h6>*<strong>pour trouver ce roman <a href=\"https:\/\/www.amazon.co.uk\/Br%C3%A8ves-saisons-paradis-Litt%C3%A9rature-Fran%C3%A7aise-ebook\/dp\/B008K7UD70\/ref=sr_1_6?qid=1646434330&amp;refinements=p_27%3AClaude+Arnaud&amp;s=digital-text&amp;sr=1-6\" target=\"_blank\" rel=\"noopener\">en grande-bretagne, et lire ses toutes premi\u00e8res pages<\/a><\/strong>&#8230;<\/h6>\n<h6><strong><a href=\"http:\/\/www.claude-arnaud.com\/fr\/wp-content\/uploads\/2012\/06\/code-drapeau-americain-L-1.jpg\"><img loading=\"lazy\" decoding=\"async\" title=\"code-drapeau-americain-L-1\" src=\"http:\/\/www.claude-arnaud.com\/fr\/wp-content\/uploads\/2012\/06\/code-drapeau-americain-L-1-300x225.jpg\" alt=\"\" width=\"73\" height=\"55\" \/><\/a>&#8230;aux\u00a0U.S.A, via ALBERTINE,\u00a0l<a href=\"https:\/\/shop.albertine.com\/livre\/9782246788690-breves-saisons-au-paradis-claude-arnaud\/\" target=\"_blank\" rel=\"noopener\">a librairie fran\u00e7aise de new york.<\/a>..<\/strong><strong title=\"bertrand.pt\">\u00a0<\/strong><\/h6>\n<h6><strong title=\"bertrand.pt\">\u00a0\u00a0\u00a0\u00a0\u00a0\u00a0\u00a0\u00a0\u00a0\u00a0\u00a0\u00a0\u00a0\u00a0\u00a0\u00a0\u00a0\u00a0\u00a0\u00a0\u00a0\u00a0\u00a0\u00a0\u00a0\u00a0\u00a0\u00a0 \u00a0 \u00a0 \u00a0 \u00a0 \u00a0 \u00a0 \u00a0 \u00a0 \u00a0 \u00a0 \u00a0 \u00a0 \u00a0 <\/strong><\/h6>\n<h6><strong title=\"bertrand.pt\"><strong><a href=\"http:\/\/www.claude-arnaud.com\/fr\/wp-content\/uploads\/2010\/08\/allemagne_drapeau.gif\"><img loading=\"lazy\" decoding=\"async\" class=\"alignleft  wp-image-1951\" title=\"allemagne_drapeau\" src=\"http:\/\/www.claude-arnaud.com\/fr\/wp-content\/uploads\/2010\/08\/allemagne_drapeau.gif\" alt=\"\" width=\"70\" height=\"47\" \/><\/a><\/strong><\/strong><\/h6>\n<h6><strong>*Das buch bestellen<\/strong> <a title=\"de book de\" href=\"https:\/\/itunes.apple.com\/de\/book\/breves-saisons-au-paradis\/id543197877?mt=11\" target=\"_blank\" rel=\"noopener\">in Deutschland (IBook)<\/a>?\/ POur trouver\u00a0<a title=\"de book de\" href=\"https:\/\/itunes.apple.com\/de\/book\/breves-saisons-au-paradis\/id543197877?mt=11\" target=\"_blank\" rel=\"noopener\">cE livre en allemagne (IBOOK<\/a>)&#8230;<\/h6>\n<h6><strong title=\"bertrand.pt\"><strong>*<a title=\"bol\" href=\"http:\/\/www.bol.com\/nl\/p\/breves-saisons-au-paradis\/9200000033313169\/\" target=\"_blank\" rel=\"noopener\">En Nederland.<\/a>..\/ EN\u00a0<strong title=\"bertrand.pt\"><strong><a title=\"bol\" href=\"http:\/\/www.bol.com\/nl\/p\/breves-saisons-au-paradis\/9200000033313169\/\" target=\"_blank\" rel=\"noopener\">hollAND<\/a>e&#8230;<\/strong><\/strong><\/strong><a href=\"http:\/\/www.claude-arnaud.com\/fr\/wp-content\/uploads\/2013\/03\/drapeau-pays-bas-hollande-neuf-sous-blister-145-cm-x-90-cm-919046027_ML.jpg\"><img loading=\"lazy\" decoding=\"async\" class=\"aligncenter  wp-image-5696\" title=\"drapeau-pays-bas-hollande-neuf-sous-blister-145-cm-x-90-cm-919046027_ML\" src=\"http:\/\/www.claude-arnaud.com\/fr\/wp-content\/uploads\/2013\/03\/drapeau-pays-bas-hollande-neuf-sous-blister-145-cm-x-90-cm-919046027_ML.jpg\" alt=\"\" width=\"79\" height=\"79\" srcset=\"https:\/\/www.claude-arnaud.com\/fr\/wp-content\/uploads\/2013\/03\/drapeau-pays-bas-hollande-neuf-sous-blister-145-cm-x-90-cm-919046027_ML.jpg 270w, https:\/\/www.claude-arnaud.com\/fr\/wp-content\/uploads\/2013\/03\/drapeau-pays-bas-hollande-neuf-sous-blister-145-cm-x-90-cm-919046027_ML-150x150.jpg 150w, https:\/\/www.claude-arnaud.com\/fr\/wp-content\/uploads\/2013\/03\/drapeau-pays-bas-hollande-neuf-sous-blister-145-cm-x-90-cm-919046027_ML-48x48.jpg 48w\" sizes=\"auto, (max-width: 79px) 100vw, 79px\" \/><\/a><strong title=\"bol\">*<a title=\"bertrand.pt\" href=\"http:\/\/www.bertrand.pt\/ficha\/breves-saisons-au-paradis?id=13637489\" target=\"_blank\" rel=\"noopener\">Em Portugal<\/a>&#8230;\u00a0<\/strong><br \/>\n<\/strong><\/h6>\n<p><strong><a href=\"http:\/\/www.claude-arnaud.com\/fr\/wp-content\/uploads\/2013\/03\/drapeau-portugal.jpg\"><img loading=\"lazy\" decoding=\"async\" class=\"alignleft  wp-image-4668\" title=\"drapeau-portugal\" src=\"http:\/\/www.claude-arnaud.com\/fr\/wp-content\/uploads\/2013\/03\/drapeau-portugal.jpg\" alt=\"\" width=\"81\" height=\"81\" srcset=\"https:\/\/www.claude-arnaud.com\/fr\/wp-content\/uploads\/2013\/03\/drapeau-portugal.jpg 200w, https:\/\/www.claude-arnaud.com\/fr\/wp-content\/uploads\/2013\/03\/drapeau-portugal-150x150.jpg 150w, https:\/\/www.claude-arnaud.com\/fr\/wp-content\/uploads\/2013\/03\/drapeau-portugal-48x48.jpg 48w\" sizes=\"auto, (max-width: 81px) 100vw, 81px\" \/><\/a><\/strong><\/p>\n","protected":false},"excerpt":{"rendered":"<p>*ABROAD\/A L&rsquo;ETRANGER *Foreign rights : Heidi Warneke, Grasset editor. Ph: 0033 144392212 E-mail : hwarneke@grasset.fr *DANS LA PRESSE, LES WEBRADIO, LES BLOGS *Dans La libre Belgique dat\u00e9e du 3 septembre 2012, Jacques FRANCK \u00e9crit: \u00ab\u00a0Reconstituant ces ann\u00e9es qui se terminent \u00e0 ses trente-sept ans, ARNAUD distingue quatre saisons \u00ab\u00a0pass\u00e9es au paradis\u00a0\u00bb : rue de Verneuil [&hellip;]<\/p>\n","protected":false},"author":2,"featured_media":0,"parent":3383,"menu_order":3,"comment_status":"open","ping_status":"open","template":"","meta":{"footnotes":""},"class_list":["post-3395","page","type-page","status-publish","hentry","count-0","even alt","author-claude-arnaud","last"],"post_mailing_queue_ids":[],"_links":{"self":[{"href":"https:\/\/www.claude-arnaud.com\/fr\/wp-json\/wp\/v2\/pages\/3395","targetHints":{"allow":["GET"]}}],"collection":[{"href":"https:\/\/www.claude-arnaud.com\/fr\/wp-json\/wp\/v2\/pages"}],"about":[{"href":"https:\/\/www.claude-arnaud.com\/fr\/wp-json\/wp\/v2\/types\/page"}],"author":[{"embeddable":true,"href":"https:\/\/www.claude-arnaud.com\/fr\/wp-json\/wp\/v2\/users\/2"}],"replies":[{"embeddable":true,"href":"https:\/\/www.claude-arnaud.com\/fr\/wp-json\/wp\/v2\/comments?post=3395"}],"version-history":[{"count":59,"href":"https:\/\/www.claude-arnaud.com\/fr\/wp-json\/wp\/v2\/pages\/3395\/revisions"}],"predecessor-version":[{"id":14092,"href":"https:\/\/www.claude-arnaud.com\/fr\/wp-json\/wp\/v2\/pages\/3395\/revisions\/14092"}],"up":[{"embeddable":true,"href":"https:\/\/www.claude-arnaud.com\/fr\/wp-json\/wp\/v2\/pages\/3383"}],"wp:attachment":[{"href":"https:\/\/www.claude-arnaud.com\/fr\/wp-json\/wp\/v2\/media?parent=3395"}],"curies":[{"name":"wp","href":"https:\/\/api.w.org\/{rel}","templated":true}]}}