{"id":3383,"date":"2013-03-19T16:07:57","date_gmt":"2013-03-19T16:07:57","guid":{"rendered":"http:\/\/www.claude-arnaud.com\/fr\/?page_id=3383"},"modified":"2022-05-29T11:43:55","modified_gmt":"2022-05-29T10:43:55","slug":"breves-saisons-au-paradis","status":"publish","type":"page","link":"https:\/\/www.claude-arnaud.com\/fr\/romans\/breves-saisons-au-paradis","title":{"rendered":"Br\u00e8ves saisons au paradis"},"content":{"rendered":"<h2><span style=\"color: #008000;\"><strong><span style=\"text-decoration: underline;\">*PRESENTATION<\/span><\/strong><\/span><\/h2>\n<h6><strong>Le 29 ao\u00fbt 2012 est sorti aux \u00e9ditions GRASSET<\/strong> <span style=\"color: #008000;\"><strong><em>Br\u00e8ves saisons au paradis<\/em><\/strong><\/span>, second volet du roman de<a href=\"http:\/\/www.claude-arnaud.com\/fr\/wp-content\/uploads\/2013\/03\/Couv-e1340819716608.jpg\"><img loading=\"lazy\" decoding=\"async\" class=\"alignright  wp-image-4601\" title=\"Couv-e1340819716608\" src=\"http:\/\/www.claude-arnaud.com\/fr\/wp-content\/uploads\/2013\/03\/Couv-e1340819716608-204x300.jpg\" alt=\"\" width=\"274\" height=\"403\" \/><\/a> formation inaugur\u00e9 avec <strong><em>Qu\u2019as-tu fait de tes fr\u00e8res?<\/em> <\/strong>et nouvel hommage \u00e0 <span style=\"color: #008000;\"><strong>la vitalit\u00e9 d\u2019une g\u00e9n\u00e9ration<\/strong><\/span>, n\u00e9e sous le soleil des ann\u00e9es 70.<\/h6>\n<h6><\/h6>\n<h6>*Apr\u00e8s avoir reconstitu\u00e9 le destin d\u2019<strong>ARNULF<\/strong>, le gavroche pris dans la tornade de l\u2019apr\u00e8s-68, <span style=\"color: #008000;\"><strong>Claude ARNAUD<\/strong><\/span> fait cette fois revivre l\u2019\u00e9tudiant de Vincennes amoureux de <strong>JACQUES<\/strong>, brillant jeune directeur d\u2019une revue de cin\u00e9ma, dans le <strong>Paris g\u00e2t\u00e9 des ann\u00e9es 80<\/strong>, au c\u0153ur de <span style=\"color: #008000;\"><strong>cette fiction qu\u2019\u00e9voque toute vie vivante<\/strong><\/span>. Les acteurs et les d\u00e9cors ont chang\u00e9, les valeurs se r\u00e9ordonnent brutalement autour de la r\u00e9ussite et de l\u2019argent, <strong>l\u2019adulte pointe sous l\u2019\u00e9ternel adolescent<\/strong>, mais le second freine encore son essor \u2026<\/h6>\n<h6>Car on ne m\u00e8ne pas qu\u2019une existence, du berceau \u00e0 la tombe, mais bien des vies, selon les emplois et les amours, les lieux et les d\u00e9cennies : <strong>l\u2019homme que l\u2019on est devenu<\/strong> aurait-il m\u00eame grand-chose \u00e0 dire \u00e0 <strong>l\u2019adolescent qu\u2019on fut<\/strong> ?<\/h6>\n<h6><\/h6>\n<h6><strong>\u00ab\u00a0Paris, 1979<\/strong>. La narrateur a vingt-cinq ans et il est amoureux. Dans l\u2019appartement qu\u2019il partage avec<span style=\"color: #008000;\"> <strong>JACQUES<\/strong><\/span> et <strong>BERNARD<\/strong>, la vie est dense, joyeuse, \u00e9lectrique. On se l\u00e8ve \u00e0 l\u2019heure o\u00f9 les autres d\u00e9jeunent, accueille jusqu\u2019au milieu de la nuit les amis les plus \u00e9tranges, parle jusqu\u2019au tournis de litt\u00e9rature et de cin\u00e9ma.\u00a0\u00bb <a href=\"http:\/\/www.claude-arnaud.com\/fr\/wp-content\/uploads\/2012\/06\/PRESENTATION-website..1.pdf\">Pour lire une pr\u00e9sentation plus compl\u00e8te\u2026<\/a><\/h6>\n<h6>*<span style=\"color: #008000;\"><strong>Pour d\u00e9couvrir les dix premi\u00e8res pages<\/strong><\/span> de <a href=\"http:\/\/www.claude-arnaud.com\/fr\/wp-content\/uploads\/2012\/06\/Extrait-Bre%CC%80ves-saisons...pdf\"><em>Br\u00e8ves saisons au paradis<\/em>\u2026<\/a><\/h6>\n<h6>*Pour voir et entendre <strong>CLAUDE ARNAUD<\/strong> \u00e9voquer le livre sur le <a title=\"Lib Mollat\" href=\"http:\/\/www.youtube.com\/watch?v=yLzJiFj0y7E\" target=\"_blank\" rel=\"noopener\">site de la librairie MOLLAT\u2026<\/a><\/h6>\n<h6>\u2026<span style=\"color: #008000;\"><strong>et pour lire l\u2019interview qu\u2019il a accord\u00e9e<\/strong><\/span> au site Le choix des libraires\u2026<\/h6>\n<h6>*\u00a0\u00bb<strong>Br\u00e8ves saisons au paradis<\/strong>\u00a0\u00bb figure sur la premi\u00e8re liste du <a title=\"Bibliobs\" href=\"http:\/\/bibliobs.nouvelobs.com\/sur-le-sentier-des-prix\/20120911.OBS1937\/la-premiere-liste-du-medicis-2012.html?xtor=RSS-23\" target=\"_blank\" rel=\"noopener\">prix Medicis 2012\u2026<\/a><\/h6>\n<h6><strong><span style=\"color: #008000;\">ET fait partie de la s\u00e9lection<\/span><\/strong> de rentr\u00e9e de la librairie de la Renaissance \u00e0 Toulouse\u2026<\/h6>\n<div id=\"ArticleContentPE_ArticleChaptersPE_EditorialContent1_StaffReview1\">\n<div>\n<h6><a href=\"http:\/\/www.claude-arnaud.com\/fr\/wp-content\/uploads\/2012\/06\/coupcoeur.gif\" rel=\"group-15\"><img loading=\"lazy\" decoding=\"async\" title=\"coupcoeur\" src=\"http:\/\/www.claude-arnaud.com\/fr\/wp-content\/uploads\/2012\/06\/coupcoeur.gif\" alt=\"\" width=\"22\" height=\"22\" \/><\/a> \u2026COMME des Coups<strong> de c\u0153ur <span style=\"color: #008000;\">des vendeurs de la Fnac<\/span><\/strong> :<\/h6>\n<div>\n<h6><strong> <a href=\"http:\/\/www.claude-arnaud.com\/fr\/wp-content\/uploads\/2012\/06\/images.jpg\" rel=\"group-16\"><img loading=\"lazy\" decoding=\"async\" title=\"images\" src=\"http:\/\/www.claude-arnaud.com\/fr\/wp-content\/uploads\/2012\/06\/images-150x150.jpg\" alt=\"\" width=\"81\" height=\"81\" \/><\/a>\u00ab\u00a0Claude, Arnulf, Mimi et tous les autres <\/strong><br \/>\n<strong>C. Arnaud<\/strong> poursuit son entreprise litt\u00e9raire et renoue avec sa vie d\u2019\u00e9tudiant, faite de rencontres amoureuses et amicales d\u00e9terminantes. <span style=\"color: #008000;\"><strong>Saisissant, remarquable, ce roman de formation nous plonge aussi au sein d\u2019une communaut\u00e9 singuli\u00e8re<\/strong><\/span>, vivant le tournant des ann\u00e9es 80 et <strong>le s\u00e9isme du sida<\/strong>.\u00a0\u00bb <span style=\"color: #008000;\"><strong>CHRISTOPHE de FNAC Metz<\/strong><\/span><\/h6>\n<\/div>\n<div><\/div>\n<div>\n<h2><span style=\"text-decoration: underline;\"><span style=\"color: #008000; text-decoration: underline;\"><strong>*RENCONTRES, DEBATS, EMISSIONS<\/strong> (RADIO ET TELEVISION)&#8230;<\/span><\/span><\/h2>\n<blockquote>\n<h6><a href=\"http:\/\/www.claude-arnaud.com\/fr\/wp-content\/uploads\/2011\/04\/logo.png\"><img loading=\"lazy\" decoding=\"async\" title=\"logo\" src=\"http:\/\/www.claude-arnaud.com\/fr\/wp-content\/uploads\/2011\/04\/logo.png\" alt=\"\" width=\"99\" height=\"99\" \/><\/a>Le lundi <strong>10 septembre 2012<\/strong>, \u00e0 six heures du matin, <strong>Claude ARNAUD<\/strong> a \u00e9t\u00e9 l&rsquo;invit\u00e9 de <strong>Tewfik HAKEM<\/strong> pour <strong>Un autre jour est possible<\/strong>, sur <strong>France-Culture. POUR L&rsquo;ENTENDRE, <a href=\"https:\/\/www.radiofrance.fr\/franceculture\/podcasts\/un-autre-jour-est-possible\/une-histoire-de-paris-roman-breves-saisons-au-paradis-3800696\" target=\"_blank\" rel=\"noopener\">APRES 19 MINUTES D&rsquo;EMISSION<\/a>&#8230;<\/strong><\/h6>\n<h6>Le <strong>dimanche<\/strong> <strong>30<\/strong><strong> septembrE<\/strong>, entre <strong>14 et 16h<\/strong>, <strong>IL<\/strong> a \u00e9t\u00e9 l&rsquo;un des invit\u00e9s de<a href=\"http:\/\/www.claude-arnaud.com\/fr\/wp-content\/uploads\/2018\/09\/largeportrait_8c470694.jpg\"><img loading=\"lazy\" decoding=\"async\" class=\"alignright size-full wp-image-9356\" title=\"largeportrait_8c470694\" src=\"http:\/\/www.claude-arnaud.com\/fr\/wp-content\/uploads\/2018\/09\/largeportrait_8c470694.jpg\" alt=\"\" width=\"150\" height=\"150\" srcset=\"https:\/\/www.claude-arnaud.com\/fr\/wp-content\/uploads\/2018\/09\/largeportrait_8c470694.jpg 150w, https:\/\/www.claude-arnaud.com\/fr\/wp-content\/uploads\/2018\/09\/largeportrait_8c470694-48x48.jpg 48w\" sizes=\"auto, (max-width: 150px) 100vw, 150px\" \/><\/a> <strong>Fabrice LUCHINI<\/strong> lors de l&rsquo;\u00e9mission <strong>Vivement Dimanche<\/strong>, anim\u00e9 par <strong>Michel DRUCKER<\/strong> sur <strong>France 2.<\/strong><\/h6>\n<h6><strong><a href=\"http:\/\/www.claude-arnaud.com\/fr\/wp-content\/uploads\/2012\/06\/logo.jpg\"><img loading=\"lazy\" decoding=\"async\" title=\"logo\" src=\"http:\/\/www.claude-arnaud.com\/fr\/wp-content\/uploads\/2012\/06\/logo-150x75.jpg\" alt=\"\" width=\"150\" height=\"75\" \/><\/a>Le vendredi 12 octobre,<\/strong> il a pr\u00e9sentE puis signE son livre \u00e0 la <strong><em>Librairie Les Mots \u00e0 la Bouche, <\/em><\/strong>6 rue Sainte-Croix de la Bretonnerie, <strong>75004 Paris<\/strong>.<\/h6>\n<h6><a href=\"http:\/\/www.claude-arnaud.com\/fr\/wp-content\/uploads\/2011\/04\/logo.png\"><img loading=\"lazy\" decoding=\"async\" title=\"logo\" src=\"http:\/\/www.claude-arnaud.com\/fr\/wp-content\/uploads\/2011\/04\/logo.png\" alt=\"\" width=\"96\" height=\"96\" \/><\/a>Le <strong>samedi 27 octobre<\/strong>, sur <strong>FRANCE-CULTURE<\/strong>, de 17h \u00e0 17h. 55, <strong>IL<\/strong> a \u00e9t\u00e9 l&rsquo;invit\u00e9, avec <strong>Benoit DUTEURTRE<\/strong> et <strong>Jacques BRAUNSTEIN<\/strong>, de l&rsquo;\u00e9mission d&rsquo;<strong>Augustin TRAPPENARD<\/strong> \u00a0\u00bb Le carnet d&rsquo;or\u00a0\u00bb consacr\u00e9e aux <strong>ann\u00e9es 80<\/strong>. <a title=\"le carnet d'or\" href=\"http:\/\/www.franceculture.fr\/emission-le-carnet-d-or-page-57-80-s-2012-10-27\" target=\"_blank\" rel=\"noopener\">POur en savoir plus&#8230;<\/a><\/h6>\n<h6><a title=\"cnl\" href=\"http:\/\/www.centrenationaldulivre.fr\/?La-rentree-litteraire-se-fait\" target=\"_blank\" rel=\"noopener\">\u00a0<\/a><\/h6>\n<h6>\u00ab\u00a0<strong>BREVES SAISONS AU PARADIS<\/strong>\u00a0\u00bb <strong>EST ALORS <span style=\"color: #008000;\">LE COUP DE COEUR<\/span> DU<\/strong> GRAND BAIN, <strong>LA RADIO DES ETUDIANTS DE SCIENCES-PO.<\/strong><span class=\"removed_link\" title=\"http:\/\/www.rsp.fm\/emissions\/artsculture\/le-grand-bain-3-hopper-at-last\/\"><br \/>\n<\/span><\/h6>\n<h6><\/h6>\n<h6><strong><a href=\"http:\/\/www.claude-arnaud.com\/fr\/wp-content\/uploads\/2011\/04\/logo.png\"><img loading=\"lazy\" decoding=\"async\" title=\"logo\" src=\"http:\/\/www.claude-arnaud.com\/fr\/wp-content\/uploads\/2011\/04\/logo.png\" alt=\"\" width=\"106\" height=\"106\" \/><\/a>LE LUNDI 28 DECEMBRE 2012, NAThALIE CROM, sabine audrerie ET DANIEL MARTIN,\u00a0<strong>LES INTERVENANTS DE LA DISPUTE, <\/strong>l&#8217;emission d&rsquo;arnaud laporte sur france-culture, ONT CHRoNIQUE \u00ab\u00a0BREVES SAISONS AU PARADIS\u00a0\u00bb. <a title=\"France culture\" href=\"http:\/\/www.franceculture.fr\/player\/reecouter?play=4552723\" target=\"_blank\" rel=\"noopener\">pour les entendre, apr\u00e8s 25 MINUTES D&rsquo;ANTENNE&#8230;<\/a><\/strong><\/h6>\n<\/blockquote>\n<h2><span style=\"text-decoration: underline;\"><span style=\"color: #008000;\"><strong>*POUR TROUVER CE LIVRE (VERSION PAPIER OU ELECTRONIQUE)<\/strong><\/span><\/span><\/h2>\n<h6>*<span style=\"color: #008000;\"><strong>A Paris<\/strong><\/span>, sur le site <a title=\"paris librairies\" href=\"http:\/\/www.parislibrairies.fr\/dlivre.php?gencod=9782246788690\" target=\"_blank\" rel=\"noopener\">Paris Librairies&#8230;<\/a><a href=\"http:\/\/www.claude-arnaud.com\/fr\/wp-content\/uploads\/2013\/03\/9782246788690.jpg\"><img loading=\"lazy\" decoding=\"async\" class=\"alignleft size-medium wp-image-4952\" title=\"9782246788690\" src=\"http:\/\/www.claude-arnaud.com\/fr\/wp-content\/uploads\/2013\/03\/9782246788690-216x300.jpg\" alt=\"\" width=\"216\" height=\"300\" srcset=\"https:\/\/www.claude-arnaud.com\/fr\/wp-content\/uploads\/2013\/03\/9782246788690-216x300.jpg 216w, https:\/\/www.claude-arnaud.com\/fr\/wp-content\/uploads\/2013\/03\/9782246788690.jpg 470w\" sizes=\"auto, (max-width: 216px) 100vw, 216px\" \/><\/a><\/h6>\n<h6>*<a title=\"leslibraires\" href=\"http:\/\/www.leslibraires.fr\/recherche\/?q=claude+arnaud\" target=\"_blank\" rel=\"noopener\"><span style=\"color: #008000;\"><strong>Dans le reste de la France<\/strong><\/span><strong>&#8230;<\/strong><\/a><\/h6>\n<h6>*<strong>OU SUR <a href=\"https:\/\/livre.fnac.com\/a4192394\/Claude-Arnaud-Breves-saisons-au-paradis#int=:NonApplicable|NonApplicable|NonApplicable|4192394|NonApplicable|NonApplicable\" target=\"_blank\" rel=\"noopener\">LE SITE DE LA FNAC<\/a>&#8230;<\/strong><strong><a href=\"http:\/\/www.claude-arnaud.com\/fr\/wp-content\/uploads\/2018\/09\/largeportrait_8c470694.jpg\"><img loading=\"lazy\" decoding=\"async\" class=\"alignright size-full wp-image-9356\" title=\"largeportrait_8c470694\" src=\"http:\/\/www.claude-arnaud.com\/fr\/wp-content\/uploads\/2018\/09\/largeportrait_8c470694.jpg\" alt=\"\" width=\"150\" height=\"150\" srcset=\"https:\/\/www.claude-arnaud.com\/fr\/wp-content\/uploads\/2018\/09\/largeportrait_8c470694.jpg 150w, https:\/\/www.claude-arnaud.com\/fr\/wp-content\/uploads\/2018\/09\/largeportrait_8c470694-48x48.jpg 48w\" sizes=\"auto, (max-width: 150px) 100vw, 150px\" \/><\/a><\/strong><\/h6>\n<\/div>\n<\/div>\n<\/div>\n","protected":false},"excerpt":{"rendered":"<p>*PRESENTATION Le 29 ao\u00fbt 2012 est sorti aux \u00e9ditions GRASSET Br\u00e8ves saisons au paradis, second volet du roman de formation inaugur\u00e9 avec Qu\u2019as-tu fait de tes fr\u00e8res? et nouvel hommage \u00e0 la vitalit\u00e9 d\u2019une g\u00e9n\u00e9ration, n\u00e9e sous le soleil des ann\u00e9es 70. *Apr\u00e8s avoir reconstitu\u00e9 le destin d\u2019ARNULF, le gavroche pris dans la tornade de [&hellip;]<\/p>\n","protected":false},"author":2,"featured_media":0,"parent":66,"menu_order":4,"comment_status":"open","ping_status":"open","template":"","meta":{"footnotes":""},"class_list":["post-3383","page","type-page","status-publish","hentry","count-0","even alt","author-claude-arnaud","last"],"post_mailing_queue_ids":[],"_links":{"self":[{"href":"https:\/\/www.claude-arnaud.com\/fr\/wp-json\/wp\/v2\/pages\/3383","targetHints":{"allow":["GET"]}}],"collection":[{"href":"https:\/\/www.claude-arnaud.com\/fr\/wp-json\/wp\/v2\/pages"}],"about":[{"href":"https:\/\/www.claude-arnaud.com\/fr\/wp-json\/wp\/v2\/types\/page"}],"author":[{"embeddable":true,"href":"https:\/\/www.claude-arnaud.com\/fr\/wp-json\/wp\/v2\/users\/2"}],"replies":[{"embeddable":true,"href":"https:\/\/www.claude-arnaud.com\/fr\/wp-json\/wp\/v2\/comments?post=3383"}],"version-history":[{"count":28,"href":"https:\/\/www.claude-arnaud.com\/fr\/wp-json\/wp\/v2\/pages\/3383\/revisions"}],"predecessor-version":[{"id":14269,"href":"https:\/\/www.claude-arnaud.com\/fr\/wp-json\/wp\/v2\/pages\/3383\/revisions\/14269"}],"up":[{"embeddable":true,"href":"https:\/\/www.claude-arnaud.com\/fr\/wp-json\/wp\/v2\/pages\/66"}],"wp:attachment":[{"href":"https:\/\/www.claude-arnaud.com\/fr\/wp-json\/wp\/v2\/media?parent=3383"}],"curies":[{"name":"wp","href":"https:\/\/api.w.org\/{rel}","templated":true}]}}