{"id":3377,"date":"2013-03-19T15:58:21","date_gmt":"2013-03-19T15:58:21","guid":{"rendered":"http:\/\/www.claude-arnaud.com\/fr\/?page_id=3377"},"modified":"2025-01-24T16:19:49","modified_gmt":"2025-01-24T15:19:49","slug":"quas-tu-fait-de-tes-freres-en-poche","status":"publish","type":"page","link":"https:\/\/www.claude-arnaud.com\/fr\/romans\/quas-tu-fais-de-tes-freres\/quas-tu-fait-de-tes-freres-en-poche","title":{"rendered":"Qu&rsquo;as-tu fait de tes fr\u00e8res?: en poche et en club (France et \u00e9tranger)\/Paperback (France and abroad)"},"content":{"rendered":"<h2><span style=\"text-decoration: underline; color: #008000;\"><strong><a href=\"http:\/\/www.claude-arnaud.com\/fr\/wp-content\/uploads\/2010\/08\/claude-arnaud-qu-as-tu-fait-de-tes-freres.jpg\"><img loading=\"lazy\" decoding=\"async\" class=\"alignright  wp-image-4900\" title=\"claude-arnaud-qu-as-tu-fait-de-tes-freres\" src=\"http:\/\/www.claude-arnaud.com\/fr\/wp-content\/uploads\/2010\/08\/claude-arnaud-qu-as-tu-fait-de-tes-freres-186x300.jpg\" alt=\"\" width=\"226\" height=\"366\" \/><\/a>*EN POCHE<\/strong><\/span><\/h2>\n<h3><span style=\"color: #008000;\"><strong>En ao\u00fbt 2012<\/strong><\/span>, deux ans apr\u00e8s l&rsquo;accueil chaleureux r\u00e9serv\u00e9 \u00e0 l&rsquo;\u00e9dition de t\u00eate, sort en librairie l&rsquo;\u00e9dition en <strong>Livre de Poche\u00a0<span style=\"color: #008000;\">(n\u00b032667)<\/span><\/strong> de <em><strong>QU&rsquo;AS-TU FAIT DES TES FRERES ?<\/strong><\/em><\/h3>\n<h6><span style=\"color: #008000;\"><strong>Pour d\u00e9couvrir les \u00e9chos<\/strong><\/span> qu&rsquo;a suscit\u00e9 le livre \u00e0 sa sortie chez <span style=\"color: #008000;\"><strong>Grasset<\/strong><\/span>, ainsi que les principaux articles que la presse lui a<a title=\"Qu'as-tu fait...\" href=\"http:\/\/www.claude-arnaud.com\/fr\/romans\/quas-tu-fais-de-tes-freres\"> consacr\u00e9<\/a><a title=\"Qu'as-tu fait...\" href=\"http:\/\/www.claude-arnaud.com\/fr\/romans\/quas-tu-fais-de-tes-freres\">..<\/a><\/h6>\n<h6><span style=\"color: #008000;\"><strong>Pour recevoir ce livre<\/strong><\/span>, sans frais d&rsquo;exp\u00e9dition, depuis la librairie ou la maison de la presse <a title=\"lalibrairie\" href=\"http:\/\/www.lalibrairie.com\/tous-les-livres\/qu-as-tu-fait-de-tes-freres-z-claude-arnaud-9782253161912.html?auteur=Claude+Arnaud\" target=\"_blank\" rel=\"noopener\">la plus proche de chez vous&#8230;<\/a><\/h6>\n<h6><a title=\"Livre de Poche\" href=\"http:\/\/www.livredepoche.com\/quas-tu-fait-de-tes-fr%C3%A8res-claude-arnaud-9782253161912\" target=\"_blank\" rel=\"noopener\">Pour en savoir plus&#8230;<\/a><\/h6>\n<h6><img loading=\"lazy\" decoding=\"async\" class=\"alignleft  wp-image-10822\" src=\"http:\/\/www.claude-arnaud.com\/fr\/wp-content\/uploads\/2021\/01\/220px-Viennale_2010.10.30_Olivier_Assayas.jpg\" alt=\"\" width=\"133\" height=\"176\" \/>Dans une Masterclass tenue \u00e0 l&rsquo;occasion de la sortie de son fil<strong>m <span style=\"color: #008000;\"><em>APRES-MAI<\/em><\/span><\/strong>,\u00a0 le 22\/11\/2012, et publi\u00e9e par la revue <em>Challenges<\/em>, <span style=\"color: #008000;\"><strong>Olivier ASSAYAS<\/strong><\/span> d\u00e9clare : \u00ab\u00a0<strong>Personnellement, j&rsquo;aurai \u00e9t\u00e9 absolument satisfait si un autre cin\u00e9aste avait fait ce film sur les ann\u00e9es 70<\/strong>, quelqu&rsquo;un qui aurait collect\u00e9 cette mati\u00e8re-l\u00e0, cette mati\u00e8re collective notamment. Mais je me suis rendu compte que personne ne le faisait ou que cela tardait beaucoup \u00e0 venir, et il se trouvait que j&rsquo;\u00e9tais cin\u00e9aste, <span style=\"color: #008000;\"><strong>que j&rsquo;\u00e9tais adolescent \u00e0 cette \u00e9poque-l\u00e0<\/strong><\/span> : peut-\u00eatre alors \u00e9tait-ce \u00e0 moi de le faire\u00a0? Et il y a un livre qui m&rsquo;a alors aid\u00e9 ou plut\u00f4t stimul\u00e9 dans cette r\u00e9flexion, c&rsquo;est celui de Claude Arnaud <strong><em>Qu&rsquo;as-tu fait de tes fr\u00e8res\u00a0?<\/em><\/strong>. Quand je l&rsquo;ai re\u00e7u, je l&rsquo;ai feuillet\u00e9 et j&rsquo;ai eu un effet <span style=\"color: #008000;\"><strong>extraordinairement troublant<\/strong><\/span>. A chaque pas, il y avait un nom propre, un lieu, une date. Chacun me semblait, d&rsquo;une mani\u00e8re ou d&rsquo;une autre, d\u00e9crire ma propre histoire. Des \u00e9v\u00e8nements presque intimes et je m&rsquo;\u00e9tonnais, je me demandais s&rsquo;il avait vraiment \u00e9t\u00e9 l\u00e0 lui-aussi. Ensuite je l&rsquo;ai lu, <strong>je l&rsquo;ai trouv\u00e9 exceptionnel<\/strong> mais il n&rsquo;avait plus rien \u00e0 voir avec mon histoire. Il y avait donc une r\u00e9alit\u00e9, un monde commun et, parmi ces rep\u00e8res, des histoires qui sont chaque fois singuli\u00e8res. <span style=\"color: #008000;\"><strong>Mon d\u00e9sir de raconter \u00e0 ma mani\u00e8re ma travers\u00e9e de ces ann\u00e9es-l\u00e0 s&rsquo;est donc renforc\u00e9<\/strong><\/span>.\u00a0\u00bb<\/h6>\n<div>\n<div>\n<h6>\u00ab\u00a0<strong>Ce livre m&rsquo;a passionn\u00e9e<\/strong>. Il m&rsquo;a fait vivre toute une d\u00e9cennie fran\u00e7aise parmi les \u00a0plus marquantes du \u00a0si\u00e8cle. <span style=\"color: #008000;\"><strong>Claude \u00a0Arnaud<\/strong><\/span> ne tra\u00eene pas et ne cache pas grand chose de ses exploits, de ses joies, \u00a0de ses espoirs et de ses d\u00e9convenues. <strong>Il a \u00e9t\u00e9 un t\u00e9moin de premier ordre, toujours au premier rang dans l&rsquo;action mais le recul des ann\u00e9es pass\u00e9es le rend critique sur les utopies de cette \u00e9poque<\/strong> (&#8230;) Un beau travail d&rsquo;\u00e9vocation, <span style=\"color: #008000;\"><strong>toute une \u00e9poque qui revit<\/strong><\/span>\u00ab\u00a0, \u00e9crit <a title=\"blog mango\" href=\"http:\/\/liratouva2.blogspot.fr\/2012\/09\/claude-arnaud-quas-tu-fait-de-tes.html\" target=\"_blank\" rel=\"noopener\">Mango sur son blog&#8230;<\/a><\/h6>\n<\/div>\n<\/div>\n<h6><a title=\"babelio\" href=\"http:\/\/www.babelio.com\/livres\/Arnaud-Quas-tu-fait-de-tes-freres-\/207979#critiques\" target=\"_blank\" rel=\"noopener\">Pour d\u00e9couvrir les avis des lecteurs du site babelio&#8230;<\/a><\/h6>\n<h6>\u00ab\u00a0\u00a0\u00bbApr\u00e8s avoir d\u00e9vor\u00e9 <em><span style=\"color: #008000;\"><strong>Br\u00e8ves saisons au Paradis<\/strong><\/span><\/em>, le deuxi\u00e8me volet autobiographique de <strong>Claude ARNAUD<\/strong>, paru r\u00e9cemment chez Grasset, vous aurez certainement la curiosit\u00e9 de lire le d\u00e9but de son parcours initiatique. Ca tombe tr\u00e8s bien, car <em><span style=\"color: #008000;\"><strong>Qu\u2019as-tu fait de tes fr\u00e8res<\/strong><\/span><\/em>\u00a0 vient de sortir en Livre de Poche, lit-on sur le site <strong>Laculturequ&rsquo;onaime<\/strong>, en date du\u00a0<span style=\"color: #008000;\"><strong>14 octobre 2012<\/strong><\/span> (&#8230;) Quand la grande Histoire est \u00e9troitement li\u00e9e au parcours formateur d\u2019un jeune-homme curieux et ouvert \u00e0 toutes les exp\u00e9riences\u2026. cela donne <strong>un ouvrage d\u2019une rare beaut\u00e9, <span style=\"color: #008000;\">teint\u00e9 bien sur de ce qu\u2019il faut de nostalgie<\/span> mais aussi du poids de la m\u00e9moire<\/strong> !\u00a0\u00bb <a title=\"laculturequ'onaime\" href=\"http:\/\/laculturequonaime.wordpress.com\/category\/uncategorized\/page\/2\/\" target=\"_blank\" rel=\"noopener\">Pour lire ce post in extenso<\/a>&#8230;<\/h6>\n<h6>\u00ab\u00a0<span style=\"color: #008000;\"><strong>Un tr\u00e8s beau t\u00e9moignage o\u00f9 la sinc\u00e9rit\u00e9 est vibrante<\/strong><\/span>\u00ab\u00a0, <a href=\"http:\/\/claraetlesmots.blogspot.com\/search?updated-max=2012-10-16T13:06:00%2B02:00&amp;max-results=3&amp;start=30&amp;by-date=false\" target=\"_blank\" rel=\"noopener\">\u00e9crit Clara sur son blog, le 8 octobre 2012<\/a>&#8230;<a href=\"https:\/\/www.claude-arnaud.com\/fr\/wp-content\/uploads\/2013\/03\/Livre-de-poche-couv-finalise\u0301e.jpg\"><img loading=\"lazy\" decoding=\"async\" class=\"alignright size-medium wp-image-3378\" src=\"https:\/\/www.claude-arnaud.com\/fr\/wp-content\/uploads\/2013\/03\/Livre-de-poche-couv-finalise\u0301e-185x300.jpg\" alt=\"\" width=\"185\" height=\"300\" srcset=\"https:\/\/www.claude-arnaud.com\/fr\/wp-content\/uploads\/2013\/03\/Livre-de-poche-couv-finalise\u0301e-185x300.jpg 185w, https:\/\/www.claude-arnaud.com\/fr\/wp-content\/uploads\/2013\/03\/Livre-de-poche-couv-finalise\u0301e.jpg 390w\" sizes=\"auto, (max-width: 185px) 100vw, 185px\" \/><\/a><\/h6>\n<h6>\u00ab\u00a0<strong>Les espoirs et l&rsquo;atmosph\u00e8re d&rsquo;une \u00e9poque magnifiquement restitu\u00e9e<\/strong>\u00ab\u00a0, \u00e9crit <span style=\"color: #008000;\"><strong>Gr\u00e9gory Pr\u00e9mon<\/strong><\/span> sur le site de Parutions&#8230;<\/h6>\n<h6>\u00ab\u00a0C&rsquo;est \u00e0 la fois l&rsquo;\u00e9vocation d&rsquo;une \u00e9poque et l&rsquo;histoire des transformations successives des 3 fr\u00e8res: l&rsquo;auteur manifeste <strong>une capacit\u00e9 d&rsquo;analyse remarquable<\/strong>, <strong>dans une langue d&rsquo;une grande densit\u00e9<\/strong>\u00ab\u00a0, \u00e9crit Nadine sur le blog De la vareuse&#8230;<\/h6>\n<h6>\u00ab\u00a0<span style=\"color: #008000;\"><strong>Le livre le plus alerte, le plus enthousiasmant et le plus exact que j&rsquo;ai lu, et j&rsquo;en ai lu un certain nombre, sur les ann\u00e9es 60 et 70 en France<\/strong><\/span>, lit-on sur le blog Les diagonales du temps&#8230;<\/h6>\n<h6>\u00a0\u00bb <strong><span style=\"color: #008000;\">Des trois jeunes gar\u00e7ons torse nu<\/span> de la couverture, un seul survit, le plus jeune, l\u2019auteur. Il livre ici, bien \u00e9crite, <span style=\"color: #008000;\">sa confession d\u2019un enfant du si\u00e8cle<\/span><\/strong>\u00ab\u00a0, \u00e9crit <a title=\"argoul\" href=\"http:\/\/argoul.com\/2013\/09\/20\/claude-arnaud-quas-tu-fait-de-tes-freres\/\" target=\"_blank\" rel=\"noopener\">Argoul sur son site, le 20 septembre 2013&#8230;<\/a><\/h6>\n<h2><strong><span style=\"text-decoration: underline;\"><span style=\"color: #008000; text-decoration: underline;\">* EN EDITION CLUB<\/span><\/span><\/strong><\/h2>\n<blockquote>\n<h6><strong><em><a href=\"http:\/\/www.claude-arnaud.com\/fr\/wp-content\/uploads\/2013\/03\/54102587.gif\"><img loading=\"lazy\" decoding=\"async\" class=\"alignleft  wp-image-8839\" title=\"mois\" src=\"http:\/\/www.claude-arnaud.com\/fr\/wp-content\/uploads\/2013\/03\/54102587.gif\" alt=\"\" width=\"141\" height=\"209\" \/><\/a>QU\u2019AS-TU FAIT DE TES FRERES?<\/em>\u00a0A \u00c9T\u00c9 S\u00c9LECTIONN\u00c9, <span style=\"color: #008000;\">EN SEPTEMBRE 2010,<\/span> PAR LE\u00a0CLUB DU <span style=\"color: #008000;\">MEILLEUR LIVRE DU MOIS.\u00a0<\/span><\/strong><\/h6>\n<\/blockquote>\n<blockquote>\n<h6><strong>POUR TROUVER\u00a0<a href=\"https:\/\/fr.shopping.rakuten.com\/offer\/buy\/3860393752\/qu-as-tu-fait-de-tes-freres-format-cartonne.html\" target=\"_blank\" rel=\"noopener\">CETTE \u00c9DITION CLUB<\/a>\u2026<\/strong><\/h6>\n<\/blockquote>\n<h2><\/h2>\n<h2><strong><span style=\"text-decoration: underline;\"><span style=\"color: #008000; text-decoration: underline;\">*ABROAD, IN PAPERBACK\/ EN POCHE A L&rsquo;ETRANGER<\/span><\/span><\/strong><\/h2>\n<h6>Pour trouver qu&rsquo;as-tu fait de tes fr\u00e8res? <a title=\"payot ch\" href=\"http:\/\/www.payot.ch\/Detail\/quas_tu_fait_de_tes_freres_-claude_arnaud_-9782253161912\" target=\"_blank\" rel=\"noopener\">EN SUISSE<\/a>&#8230; \u00a0ET <a title=\"bokus\" href=\"https:\/\/www.bokus.com\/bok\/9782253161912\/quas-tu-fait-de-tes-freres-\/\" target=\"_blank\" rel=\"noopener\">EN SUEDE<\/a>&#8230;<\/h6>\n<h6><a href=\"http:\/\/www.claude-arnaud.com\/fr\/wp-content\/uploads\/2012\/06\/axho_250x250_3700241428508-L.jpg\"><img loading=\"lazy\" decoding=\"async\" class=\"alignleft  wp-image-3114\" title=\"axho_250x250_3700241428508-L\" src=\"http:\/\/www.claude-arnaud.com\/fr\/wp-content\/uploads\/2012\/06\/axho_250x250_3700241428508-L.jpg\" alt=\"\" width=\"75\" height=\"75\" srcset=\"https:\/\/www.claude-arnaud.com\/fr\/wp-content\/uploads\/2012\/06\/axho_250x250_3700241428508-L.jpg 250w, https:\/\/www.claude-arnaud.com\/fr\/wp-content\/uploads\/2012\/06\/axho_250x250_3700241428508-L-150x150.jpg 150w, https:\/\/www.claude-arnaud.com\/fr\/wp-content\/uploads\/2012\/06\/axho_250x250_3700241428508-L-48x48.jpg 48w\" sizes=\"auto, (max-width: 75px) 100vw, 75px\" \/><\/a><\/h6>\n<h6><a href=\"http:\/\/www.claude-arnaud.com\/fr\/wp-content\/uploads\/2018\/12\/drapeau-suedois-90-x-150-cm.jpg\"><img loading=\"lazy\" decoding=\"async\" class=\"alignleft  wp-image-9581\" title=\"drapeau-suedois-90-x-150-cm\" src=\"http:\/\/www.claude-arnaud.com\/fr\/wp-content\/uploads\/2018\/12\/drapeau-suedois-90-x-150-cm-150x150.jpg\" alt=\"\" width=\"90\" height=\"90\" srcset=\"https:\/\/www.claude-arnaud.com\/fr\/wp-content\/uploads\/2018\/12\/drapeau-suedois-90-x-150-cm-150x150.jpg 150w, https:\/\/www.claude-arnaud.com\/fr\/wp-content\/uploads\/2018\/12\/drapeau-suedois-90-x-150-cm-48x48.jpg 48w\" sizes=\"auto, (max-width: 90px) 100vw, 90px\" \/><\/a><\/h6>\n<h6><a href=\"http:\/\/www.claude-arnaud.com\/fr\/wp-content\/uploads\/2013\/03\/drapeau-portugal.jpg\"><img loading=\"lazy\" decoding=\"async\" class=\"alignleft  wp-image-4668\" title=\"drapeau-portugal\" src=\"http:\/\/www.claude-arnaud.com\/fr\/wp-content\/uploads\/2013\/03\/drapeau-portugal-150x150.jpg\" alt=\"\" width=\"63\" height=\"63\" srcset=\"https:\/\/www.claude-arnaud.com\/fr\/wp-content\/uploads\/2013\/03\/drapeau-portugal-150x150.jpg 150w, https:\/\/www.claude-arnaud.com\/fr\/wp-content\/uploads\/2013\/03\/drapeau-portugal-48x48.jpg 48w, https:\/\/www.claude-arnaud.com\/fr\/wp-content\/uploads\/2013\/03\/drapeau-portugal.jpg 200w\" sizes=\"auto, (max-width: 63px) 100vw, 63px\" \/><\/a>*<span style=\"color: #008000;\"><strong>POUR Trouver ce livre<\/strong><\/span> <a title=\"bertrand pt\" href=\"https:\/\/www.bertrand.pt\/livro\/qu-as-tu-fait-de-tes-freres-claude-arnaud\/13640102\" target=\"_blank\" rel=\"noopener\">au PORTUGAL<\/a>&#8230; OU <a title=\"look pt\" href=\"https:\/\/www.wook.pt\/livro\/quas-tu-fait-de-tes-freres-claude-arnaud\/13640102\" target=\"_blank\" rel=\"noopener\">ENCORE<\/a>&#8230;<\/h6>\n<h6><a href=\"http:\/\/www.claude-arnaud.com\/fr\/wp-content\/uploads\/2017\/09\/drapeau-tunisie.jpg\" rel=\"group-3\"><img loading=\"lazy\" decoding=\"async\" title=\"drapeau-tunisie\" src=\"http:\/\/www.claude-arnaud.com\/fr\/wp-content\/uploads\/2017\/09\/drapeau-tunisie-150x150.jpg\" alt=\"\" width=\"63\" height=\"63\" \/><\/a><strong>*ET en<\/strong> <span style=\"color: #008000;\"><strong>tunisie<\/strong>, via la <\/span><a title=\"al kitab\" href=\"https:\/\/www.alkitab.tn\/listeliv.php?base=&amp;form_recherche_avancee=ok&amp;auteurs=Claude%20Arnaud\" target=\"_blank\" rel=\"noopener\">librairie Al kitab<\/a>\u2026<\/h6>\n<h6><a href=\"http:\/\/www.claude-arnaud.com\/fr\/wp-content\/uploads\/2010\/08\/images10.jpg\"><img loading=\"lazy\" decoding=\"async\" title=\"images\" src=\"http:\/\/www.claude-arnaud.com\/fr\/wp-content\/uploads\/2010\/08\/images10.jpg\" alt=\"\" width=\"91\" height=\"45\" \/><\/a><span style=\"color: #008000;\"><strong>ET<\/strong><\/span><a title=\"lib pantoute\" href=\"http:\/\/pantoute.leslibraires.ca\/livres\/fait-tes-freres-claude-arnaud-9782253161912.html\" target=\"_blank\" rel=\"noopener\"> au Canada<\/a>&#8230;\u00a0 <a href=\"https:\/\/www.gallimardmontreal.com\/catalogue\/livre\/qu-as-tu-fait-de-tes-freres-arnaud-claude-9782253161912\" target=\"_blank\" rel=\"noopener\">OU ENCORE<\/a>&#8230;<\/h6>\n<h6><a href=\"http:\/\/www.claude-arnaud.com\/fr\/wp-content\/uploads\/2011\/04\/images2.jpg\"><img loading=\"lazy\" decoding=\"async\" title=\"images\" src=\"http:\/\/www.claude-arnaud.com\/fr\/wp-content\/uploads\/2011\/04\/images2.jpg\" alt=\"\" width=\"73\" height=\"61\" \/><\/a><a title=\"amazon\" href=\"http:\/\/www.amazon.com\/QuAs-Tu-Fait-Freres-French-Edition\/dp\/2253161918\/ref=pd_rhf_ee_p_t_1_FZGD\" target=\"_blank\" rel=\"noopener\">GET THAT BOOK IN THE U.K<\/a>&#8230; CHOSEN BY THE \u00ab\u00a0FRANCE IN LONDON\u00a0\u00bb SITE AMONG\u00a0\u00ab\u00a0THE BOOKS TO READ IN SEPTEMBER\u00a0\u00bb&#8230;<\/h6>\n<h6><\/h6>\n<h6><a href=\"http:\/\/www.claude-arnaud.com\/fr\/wp-content\/uploads\/2012\/06\/code-drapeau-americain-L-1.jpg\"><img loading=\"lazy\" decoding=\"async\" title=\"code-drapeau-americain-L-1\" src=\"http:\/\/www.claude-arnaud.com\/fr\/wp-content\/uploads\/2012\/06\/code-drapeau-americain-L-1-150x150.jpg\" alt=\"\" width=\"79\" height=\"79\" \/><\/a>&#8230;<a href=\"https:\/\/shop.albertine.com\/livre\/9782253161912-qu-as-tu-fait-de-tes-freres-claude-arnaud\/\" target=\"_blank\" rel=\"noopener\">in the U.S<\/a>&#8230;<\/h6>\n<h6><a href=\"http:\/\/www.claude-arnaud.com\/fr\/wp-content\/uploads\/2013\/03\/Librairie-Compagnie-ph.-Ch.-Hellman.jpg\"><img loading=\"lazy\" decoding=\"async\" class=\"alignright  wp-image-4823\" title=\"Librairie Compagnie ph. Ch. Hellman\" src=\"http:\/\/www.claude-arnaud.com\/fr\/wp-content\/uploads\/2013\/03\/Librairie-Compagnie-ph.-Ch.-Hellman-300x225.jpg\" alt=\"\" width=\"337\" height=\"253\" srcset=\"https:\/\/www.claude-arnaud.com\/fr\/wp-content\/uploads\/2013\/03\/Librairie-Compagnie-ph.-Ch.-Hellman-300x225.jpg 300w, https:\/\/www.claude-arnaud.com\/fr\/wp-content\/uploads\/2013\/03\/Librairie-Compagnie-ph.-Ch.-Hellman-1024x768.jpg 1024w\" sizes=\"auto, (max-width: 337px) 100vw, 337px\" \/><\/a><\/h6>\n<h6><strong><a href=\"http:\/\/www.claude-arnaud.com\/fr\/wp-content\/uploads\/2009\/05\/images_4.jpeg\"><img loading=\"lazy\" decoding=\"async\" class=\"alignleft  wp-image-9086\" title=\"images_4\" src=\"http:\/\/www.claude-arnaud.com\/fr\/wp-content\/uploads\/2009\/05\/images_4.jpeg\" alt=\"\" width=\"72\" height=\"54\" \/><\/a>Das Buch bestellen<\/strong> <a title=\"de book gr\" href=\"https:\/\/itunes.apple.com\/de\/book\/quas-tu-fait-de-tes-freres\/id389383900?mt=11\" target=\"_blank\" rel=\"noopener\">in Deutschand<\/a>?<\/h6>\n<h6><\/h6>\n<h6>(en vitrine de la libraire Compagnie, Paris, ph. <strong>Charlotte Hellman<\/strong>)<\/h6>\n","protected":false},"excerpt":{"rendered":"<p>*EN POCHE En ao\u00fbt 2012, deux ans apr\u00e8s l&rsquo;accueil chaleureux r\u00e9serv\u00e9 \u00e0 l&rsquo;\u00e9dition de t\u00eate, sort en librairie l&rsquo;\u00e9dition en Livre de Poche\u00a0(n\u00b032667) de QU&rsquo;AS-TU FAIT DES TES FRERES ? Pour d\u00e9couvrir les \u00e9chos qu&rsquo;a suscit\u00e9 le livre \u00e0 sa sortie chez Grasset, ainsi que les principaux articles que la presse lui a consacr\u00e9.. Pour [&hellip;]<\/p>\n","protected":false},"author":2,"featured_media":0,"parent":984,"menu_order":4,"comment_status":"open","ping_status":"open","template":"","meta":{"footnotes":""},"class_list":["post-3377","page","type-page","status-publish","hentry","count-0","even alt","author-claude-arnaud","last"],"post_mailing_queue_ids":[],"_links":{"self":[{"href":"https:\/\/www.claude-arnaud.com\/fr\/wp-json\/wp\/v2\/pages\/3377","targetHints":{"allow":["GET"]}}],"collection":[{"href":"https:\/\/www.claude-arnaud.com\/fr\/wp-json\/wp\/v2\/pages"}],"about":[{"href":"https:\/\/www.claude-arnaud.com\/fr\/wp-json\/wp\/v2\/types\/page"}],"author":[{"embeddable":true,"href":"https:\/\/www.claude-arnaud.com\/fr\/wp-json\/wp\/v2\/users\/2"}],"replies":[{"embeddable":true,"href":"https:\/\/www.claude-arnaud.com\/fr\/wp-json\/wp\/v2\/comments?post=3377"}],"version-history":[{"count":85,"href":"https:\/\/www.claude-arnaud.com\/fr\/wp-json\/wp\/v2\/pages\/3377\/revisions"}],"predecessor-version":[{"id":16502,"href":"https:\/\/www.claude-arnaud.com\/fr\/wp-json\/wp\/v2\/pages\/3377\/revisions\/16502"}],"up":[{"embeddable":true,"href":"https:\/\/www.claude-arnaud.com\/fr\/wp-json\/wp\/v2\/pages\/984"}],"wp:attachment":[{"href":"https:\/\/www.claude-arnaud.com\/fr\/wp-json\/wp\/v2\/media?parent=3377"}],"curies":[{"name":"wp","href":"https:\/\/api.w.org\/{rel}","templated":true}]}}