{"id":29,"date":"2009-05-26T19:02:54","date_gmt":"2009-05-26T17:02:54","guid":{"rendered":"http:\/\/www.claude-arnaud.com\/fr\/?page_id=29"},"modified":"2023-04-05T09:50:22","modified_gmt":"2023-04-05T08:50:22","slug":"chamfort-a-letrangerchamfort-abroad","status":"publish","type":"page","link":"https:\/\/www.claude-arnaud.com\/fr\/biographies\/chamfort\/chamfort-a-letrangerchamfort-abroad","title":{"rendered":"Chamfort : abroad\/ \u00e0 l&rsquo;\u00e9tranger"},"content":{"rendered":"<blockquote>\n<blockquote>\n<table border=\"0\" width=\"100%\">\n<tbody>\n<tr>\n<td colspan=\"2\">\n<h6><strong><a href=\"http:\/\/www.claude-arnaud.com\/fr\/wp-content\/uploads\/2009\/05\/51vFymii5tL._.jpg\"><img loading=\"lazy\" decoding=\"async\" class=\"alignleft size-medium wp-image-4592\" title=\"51vFymii5tL._\" src=\"http:\/\/www.claude-arnaud.com\/fr\/wp-content\/uploads\/2009\/05\/51vFymii5tL._-200x300.jpg\" alt=\"\" width=\"200\" height=\"300\" srcset=\"https:\/\/www.claude-arnaud.com\/fr\/wp-content\/uploads\/2009\/05\/51vFymii5tL._-200x300.jpg 200w, https:\/\/www.claude-arnaud.com\/fr\/wp-content\/uploads\/2009\/05\/51vFymii5tL._.jpg 334w\" sizes=\"auto, (max-width: 200px) 100vw, 200px\" \/><\/a>*FOREIGN RIGHTS<\/strong>\/Responsable des droits pour l&rsquo;\u00e9tranger de ce <strong><em>CHAMFORT<\/em><\/strong>: <span style=\"color: #008000;\"><strong>Benita EDZARD<span style=\"color: #888888;\">, robert laffont publishing<\/span><\/strong><\/span>. <strong>Fax, in Paris: 00331 53671490<\/strong>. <span style=\"color: #008000;\"><strong>Tel : 00331 53671486<\/strong><\/span>. <strong>E-mail<\/strong> : <a title=\"lien droits \u00e9trangers Robert Laffont\" href=\"mailto:bedzard@robert-laffont.fr\">bedzard@robert-laffont.fr<\/a><\/h6>\n<h6>\u00ab <strong>Une passionnante biographie<\/strong>, scrupuleuse dans la recherche, <span style=\"color: #008000;\"><strong>intelligente<\/strong><\/span> dans le commentaire, <strong>\u00e9crite dans un style que ne d\u00e9savouerait pas le sujet<\/strong> \u00bb. <span style=\"color: #008000;\"><strong>Jacques HISLAIRE<\/strong><\/span>, <em>Libre Belgique<\/em>, 25.02.1988.\u00ab Cette r\u00e9surrection d&rsquo;un nihiliste majeur <span style=\"color: #008000;\"><strong>a des bonheurs de style et des accents de conviction qui r\u00e9v\u00e8lent \u00e0 quel point l&rsquo;auteur s&rsquo;y est impliqu\u00e9<\/strong><\/span>. On veut croire que ce <strong>biographe de race<\/strong> ne s&rsquo;en tiendra pas \u00e0 ce premier coup d&rsquo;\u00e9clat \u00bb. <span style=\"color: #008000;\"><strong>Jean TORDEUR<\/strong><\/span>, <em>Le Soir<\/em> (Bruxelles), 17.03.1988.<\/h6>\n<h6><a href=\"http:\/\/www.claude-arnaud.com\/fr\/wp-content\/uploads\/2012\/06\/axho_250x250_3700241428508-L.jpg\"><img loading=\"lazy\" decoding=\"async\" class=\"alignright  wp-image-3114\" title=\"axho_250x250_3700241428508-L\" src=\"http:\/\/www.claude-arnaud.com\/fr\/wp-content\/uploads\/2012\/06\/axho_250x250_3700241428508-L-150x150.jpg\" alt=\"\" width=\"97\" height=\"97\" srcset=\"https:\/\/www.claude-arnaud.com\/fr\/wp-content\/uploads\/2012\/06\/axho_250x250_3700241428508-L-150x150.jpg 150w, https:\/\/www.claude-arnaud.com\/fr\/wp-content\/uploads\/2012\/06\/axho_250x250_3700241428508-L-48x48.jpg 48w, https:\/\/www.claude-arnaud.com\/fr\/wp-content\/uploads\/2012\/06\/axho_250x250_3700241428508-L.jpg 250w\" sizes=\"auto, (max-width: 97px) 100vw, 97px\" \/><\/a><\/h6>\n<h6>\u00a0\u00ab\u00a0<strong>La BIOGRAPHIE de <span style=\"color: #008000;\">claude arnaud<\/span><\/strong>, <strong>elegante et robuste<\/strong>&#8230;\u00a0\u00bb <span style=\"color: #008000;\"><strong>Jean-charles gateau<\/strong><\/span>, CH-Lausanne, 26 mars 1988<\/h6>\n<h6><a href=\"https:\/\/www.claude-arnaud.com\/fr\/wp-content\/uploads\/2016\/01\/drapeau_haiti.jpg\"><img loading=\"lazy\" decoding=\"async\" class=\"alignleft  wp-image-6554\" src=\"https:\/\/www.claude-arnaud.com\/fr\/wp-content\/uploads\/2016\/01\/drapeau_haiti.jpg\" alt=\"\" width=\"120\" height=\"72\" srcset=\"https:\/\/www.claude-arnaud.com\/fr\/wp-content\/uploads\/2016\/01\/drapeau_haiti.jpg 500w, https:\/\/www.claude-arnaud.com\/fr\/wp-content\/uploads\/2016\/01\/drapeau_haiti-300x180.jpg 300w\" sizes=\"auto, (max-width: 120px) 100vw, 120px\" \/><\/a>*En novembre 1996, CLaude ARNAUD est invit\u00e9 pour parler de CHAMFORT par JEAN<a href=\"https:\/\/www.claude-arnaud.com\/fr\/wp-content\/uploads\/2022\/11\/foto_60-e1471270575355-552x381-1.jpg\"><img loading=\"lazy\" decoding=\"async\" class=\"alignright  wp-image-14684\" src=\"https:\/\/www.claude-arnaud.com\/fr\/wp-content\/uploads\/2022\/11\/foto_60-e1471270575355-552x381-1.jpg\" alt=\"\" width=\"126\" height=\"87\" srcset=\"https:\/\/www.claude-arnaud.com\/fr\/wp-content\/uploads\/2022\/11\/foto_60-e1471270575355-552x381-1.jpg 552w, https:\/\/www.claude-arnaud.com\/fr\/wp-content\/uploads\/2022\/11\/foto_60-e1471270575355-552x381-1-300x207.jpg 300w\" sizes=\"auto, (max-width: 126px) 100vw, 126px\" \/><\/a> DOMINIQUE sur Radio Haiti-inter, <a href=\"https:\/\/repository.duke.edu\/dc\/radiohaiti?utf8=%E2%9C%93&amp;search_scope=https%3A%2F%2Frepository.duke.edu%2Fdc%2Fradiohaiti&amp;q=claude+arnaud&amp;search_field=all_fields\" target=\"_blank\" rel=\"noopener\">au cours d&rsquo;une longue \u00e9mission en deux parties <\/a>(c&rsquo;\u00e9tait trois ans avant que Jean DOMINIQUE ne soit assassin\u00e9 )<\/h6>\n<table border=\"0\" width=\"100%\">\n<tbody>\n<tr>\n<td colspan=\"2\">\n<h6><a href=\"http:\/\/www.claude-arnaud.com\/fr\/wp-content\/uploads\/2015\/10\/bandiera-italia.png\"><img loading=\"lazy\" decoding=\"async\" class=\"alignleft  wp-image-6361\" title=\"bandiera-italia\" src=\"http:\/\/www.claude-arnaud.com\/fr\/wp-content\/uploads\/2015\/10\/bandiera-italia.png\" alt=\"\" width=\"76\" height=\"76\" srcset=\"https:\/\/www.claude-arnaud.com\/fr\/wp-content\/uploads\/2015\/10\/bandiera-italia.png 98w, https:\/\/www.claude-arnaud.com\/fr\/wp-content\/uploads\/2015\/10\/bandiera-italia-48x48.png 48w\" sizes=\"auto, (max-width: 76px) 100vw, 76px\" \/><\/a> <strong>Simone CIGLIANA h<\/strong>a tradotto in italiano un\u2019 capitolo dI sto <strong>CHAMFORT<\/strong>, <span style=\"color: #008000;\"><strong><em>Il Cavallo di Troia<\/em><\/strong><\/span>, n\u00b012, aut. 1990.<a href=\"http:\/\/www.claude-arnaud.com\/fr\/wp-content\/uploads\/2009\/05\/dsc83291-199x300.jpg\"><img loading=\"lazy\" decoding=\"async\" title=\"_dsc83291-199x300\" src=\"http:\/\/www.claude-arnaud.com\/fr\/wp-content\/uploads\/2009\/05\/dsc83291-199x300-150x150.jpg\" alt=\"\" width=\"150\" height=\"150\" \/><\/a>(<em>Photo Hannah, agence Opale<\/em>): \u00ab <strong>Chi era veramente quest\u2019uomo che,<\/strong> forse, pi\u00f9 di chiunque altro aveva saputo cogliere l\u2019essenza dell\u2019Antico Regime e <span style=\"color: #008000;\"><strong>si era votato con furore alla sua distruzione<\/strong><\/span> ? Questo individualista feroce, amato da <span style=\"color: #008000;\"><strong>Schopenhauer<\/strong><\/span>, da <strong>Nietzsche<\/strong>, da <span style=\"color: #008000;\"><strong>Cioran<\/strong><\/span>, che credeva nella <strong>sovranit\u00e0 del popolo<\/strong> ? Questo letterato fallito, che nel momento in cui aveva rinunciato a scrivere per gli altri si era dedicato <strong><span style=\"color: #008000;\">a comporre per s\u00e9 solo<\/span> un autentico capolavoro<\/strong> ? A riaffrontare oggi L\u2019ENIGMA\u00a0<strong>CHAMFORT<\/strong>\u00a0\u00bb \u00c8 UN GIOVANE STUDIOSO,\u00a0<strong><span style=\"color: #008000;\">CLAUDE\u00a0<strong>ARNAUD<\/strong><\/span>,\u00a0CON UN LIBRO APPASSIONANTE \u00bb.\u00a0<span style=\"color: #008000;\"><strong>BENEDETTA CRAVERI<\/strong><\/span>,\u00a0<em>LA REPUBBLICA<\/em>, 14.04.1988.<\/strong>(&#8230;)<\/h6>\n<h6>\u00ab <span style=\"color: #008000;\"><strong><a href=\"http:\/\/www.claude-arnaud.com\/fr\/wp-content\/uploads\/2009\/05\/La_Repubblica-logo-E2BC2610AE-seeklogo.com_.gif\"><span style=\"color: #008000;\"><img loading=\"lazy\" decoding=\"async\" title=\"La_Repubblica-logo-E2BC2610AE-seeklogo.com\" src=\"http:\/\/www.claude-arnaud.com\/fr\/wp-content\/uploads\/2009\/05\/La_Repubblica-logo-E2BC2610AE-seeklogo.com_-150x150.gif\" alt=\"\" width=\"150\" height=\"150\" \/><\/span><\/a>\u00a0<\/strong><\/span><\/h6>\n<h6><a href=\"http:\/\/www.claude-arnaud.com\/fr\/wp-content\/uploads\/2013\/11\/255px-Flag_of_France.svg_-150x150.png\"><img loading=\"lazy\" decoding=\"async\" class=\"alignleft  wp-image-8937\" title=\"255px-Flag_of_France.svg_-150x150\" src=\"http:\/\/www.claude-arnaud.com\/fr\/wp-content\/uploads\/2013\/11\/255px-Flag_of_France.svg_-150x150.png\" alt=\"\" width=\"54\" height=\"54\" srcset=\"https:\/\/www.claude-arnaud.com\/fr\/wp-content\/uploads\/2013\/11\/255px-Flag_of_France.svg_-150x150.png 150w, https:\/\/www.claude-arnaud.com\/fr\/wp-content\/uploads\/2013\/11\/255px-Flag_of_France.svg_-150x150-48x48.png 48w\" sizes=\"auto, (max-width: 54px) 100vw, 54px\" \/><\/a>*Un chapitre de <em><strong>CHAMFORT<\/strong><\/em> a \u00e9t\u00e9 traduit en italien par <strong><span style=\"color: #008000;\">Simone CIGLIANA <\/span><\/strong>et publi\u00e9 dans la revue de <strong>Paulo Mauri<\/strong>, <a title=\"wikipedia\" href=\"http:\/\/it.wikipedia.org\/wiki\/Il_cavallo_di_Troia\" target=\"_blank\" rel=\"noopener\">Il Cavallo di Troia<\/a>, n\u00b012.)<\/h6>\n<h6>*\u00a0\u00bb<strong><span style=\"color: #008000;\">qui \u00e9tait VERitAbleMENT cet homme<\/span><\/strong> qui, plus que quiconque peut-\u00eatre, <strong>avait su SAisir L\u2019ESSENce DE l&rsquo;ancien r\u00e9GIME <span style=\"color: #008000;\">Et s&rsquo;<\/span><\/strong><span style=\"color: #008000;\"><strong>etait vou\u00e9 avec FUReuR \u00a0\u00e0 SA DeSTRUctION<\/strong><\/span>\u00a0? cet INDIVIDUALISTe FEROCE, Aim\u00e9 aussi bien par\u00a0<strong><span style=\"color: #008000;\">SCHOPENHAUER<\/span> que par<\/strong>\u00a0<strong><span style=\"color: #008000;\">NIETZSCHE<\/span> ou<\/strong>\u00a0<span style=\"color: #008000;\"><strong>CIORAN<\/strong><\/span>, qui crut dans la Souveraint\u00e9 du Peuple ? cet homme de lettres d\u00e9chu qui, apr\u00e8s avoir renonc\u00e9 \u00a0\u00e9crire pour les autres s&rsquo;\u00e9tait mis \u00e0<strong>\u00a0<span style=\"color: #008000;\">COMPOser Pour lui seul<\/span> UN AUThENTIque chef d&rsquo;oeuvre<\/strong>\u00a0? UN jeune essayiste,\u00a0<span style=\"color: #008000;\"><strong>CLAUDE ARNAUD<\/strong><\/span>, \u00a0s&rsquo;est d\u00e9cid\u00e9 \u00e0 r\u00e9\u00e9xaminer (\u2026)\u00a0\u00ab L\u2019ENIGMe\u00a0<strong>CHAMFORT<\/strong>\u00a0\u00bb dans\u00a0UN LIvre PASSIOnNANT \u00bb.\u00a0<strong>BENEDETTA CRAVERI<\/strong>,\u00a0<em>LA REPUBBLICA<\/em>, 14.04.1988.<\/h6>\n<h6><\/h6>\n<h6><a href=\"http:\/\/www.claude-arnaud.com\/fr\/wp-content\/uploads\/2009\/05\/6a00e54ef6ee1988330133f5ae523a970b-800wi.jpg\"><img loading=\"lazy\" decoding=\"async\" title=\"6a00e54ef6ee1988330133f5ae523a970b-800wi\" src=\"http:\/\/www.claude-arnaud.com\/fr\/wp-content\/uploads\/2009\/05\/6a00e54ef6ee1988330133f5ae523a970b-800wi-300x216.jpg\" alt=\"\" width=\"83\" height=\"60\" \/><\/a>*<strong>E.M.Cioran <span style=\"color: #008000;\">praised that book<\/span><\/strong> (in rumanian) <a title=\"observator cultural\" href=\"http:\/\/www.observatorcultural.ro\/Gramatica-franceza-%28I%29*articleID_16528-articles_details.html\" target=\"_blank\" rel=\"noopener\">to <\/a><a title=\"observator cultural\" href=\"http:\/\/www.observatorcultural.ro\/Gramatica-franceza-%28I%29*articleID_16528-articles_details.html\" target=\"_blank\" rel=\"noopener\">SUSAN SONTAG AND ADAM ZAGAJEWSKI<\/a><a title=\"observator cultural\" href=\"http:\/\/www.observatorcultural.ro\/Gramatica-franceza-%28I%29*articleID_16528-articles_details.html\" target=\"_blank\" rel=\"noopener\">&#8230;<\/a><\/h6>\n<h6><strong><span style=\"color: #008000;\">*CIORAN<\/span> a recommand\u00e9 \u00ab\u00a0avec la plus grande ardeur\u00a0\u00bb le <em>Chamfort<\/em> de <span style=\"color: #008000;\">claude arnaud<\/span>, en roumain, \u00e0 <span style=\"color: #008000;\"><a title=\"observator cultural\" href=\"http:\/\/www.observatorcultural.ro\/Gramatica-franceza-%28I%29*articleID_16528-articles_details.html\" target=\"_blank\" rel=\"noopener\">SUSAN SONTAG et ADAM ZAGAJEWSKI<\/a><\/span><\/strong>&#8230;<\/h6>\n<h6>&#8230;ET <a title=\"elboomeran\" href=\"http:\/\/www.elboomeran.com\/upload\/ficheros\/noticias\/claves_articulo177zagajewski_.pdf\" target=\"_blank\" rel=\"noopener\">AUsSI EN ESPAGNOL<\/a><\/h6>\n<h6><a href=\"http:\/\/www.claude-arnaud.com\/fr\/wp-content\/uploads\/2009\/05\/drapeau-espagne-espagnol.jpg\"><img loading=\"lazy\" decoding=\"async\" title=\"drapeau-espagne-espagnol\" src=\"http:\/\/www.claude-arnaud.com\/fr\/wp-content\/uploads\/2009\/05\/drapeau-espagne-espagnol.jpg\" alt=\"\" width=\"86\" height=\"86\" \/><\/a>*Misma cosa, <a title=\"elboomeran\" href=\"http:\/\/www.elboomeran.com\/upload\/ficheros\/noticias\/claves_articulo177zagajewski_.pdf\" target=\"_blank\" rel=\"noopener\">En spagnolo&#8230;<\/a><\/h6>\n<p>*<\/p>\n<h6><a href=\"http:\/\/www.claude-arnaud.com\/fr\/wp-content\/uploads\/2017\/09\/drapeau-tunisie.jpg\" rel=\"group-3\"><img loading=\"lazy\" decoding=\"async\" title=\"drapeau-tunisie\" src=\"http:\/\/www.claude-arnaud.com\/fr\/wp-content\/uploads\/2017\/09\/drapeau-tunisie-150x150.jpg\" alt=\"\" width=\"82\" height=\"82\" \/><\/a><strong>*pour trouver ce livre en<\/strong> <strong>tunisie<\/strong>, via la <a title=\"al kitab\" href=\"https:\/\/www.alkitab.tn\/listeliv.php?base=&amp;form_recherche_avancee=ok&amp;auteurs=Claude%20Arnaud\" target=\"_blank\" rel=\"noopener\">librairie Al kitab<\/a>\u2026<\/h6>\n<h6><\/h6>\n<\/td>\n<\/tr>\n<\/tbody>\n<\/table>\n<\/td>\n<td><\/td>\n<\/tr>\n<tr>\n<td colspan=\"2\">\n<h2><img loading=\"lazy\" decoding=\"async\" class=\"alignleft  wp-image-10878\" src=\"http:\/\/www.claude-arnaud.com\/fr\/wp-content\/uploads\/2021\/01\/thumbnail.jpg\" alt=\"\" width=\"152\" height=\"221\" \/>*<a title=\"claude-arnaud\" href=\"http:\/\/www.claude-arnaud.com\/fr\/biographies\/chamfort\/chamfort-en-holland-en-neederland\"><strong>CHAMFORT<\/strong> <strong>IN NEDERLAND<\/strong>\/<span style=\"color: #008000;\"><strong>CHAMFORT<\/strong> <\/span><span style=\"color: #008000;\"><strong>EN HOLLANDE<\/strong><\/span><\/a>&#8230;<\/h2>\n<h2><\/h2>\n<h2><a href=\"http:\/\/www.claude-arnaud.com\/fr\/wp-content\/uploads\/2015\/10\/germany-vector-flag_1243.jpg\"><img loading=\"lazy\" decoding=\"async\" class=\"aligncenter  wp-image-6363\" title=\"germany-vector-flag_1243\" src=\"http:\/\/www.claude-arnaud.com\/fr\/wp-content\/uploads\/2015\/10\/germany-vector-flag_1243-150x150.jpg\" alt=\"\" width=\"70\" height=\"70\" srcset=\"https:\/\/www.claude-arnaud.com\/fr\/wp-content\/uploads\/2015\/10\/germany-vector-flag_1243-150x150.jpg 150w, https:\/\/www.claude-arnaud.com\/fr\/wp-content\/uploads\/2015\/10\/germany-vector-flag_1243-300x300.jpg 300w, https:\/\/www.claude-arnaud.com\/fr\/wp-content\/uploads\/2015\/10\/germany-vector-flag_1243-48x48.jpg 48w, https:\/\/www.claude-arnaud.com\/fr\/wp-content\/uploads\/2015\/10\/germany-vector-flag_1243.jpg 660w\" sizes=\"auto, (max-width: 70px) 100vw, 70px\" \/><\/a><\/h2>\n<h2>*<a title=\"claude-arnaud\" href=\"http:\/\/www.claude-arnaud.com\/fr\/biographies\/chamfort\/8870-2\"><span style=\"color: #008000;\"><strong>CHAMFORT IN DEUTSCHLAND<\/strong><\/span>\/ <\/a><strong><a title=\"claude-arnaud\" href=\"http:\/\/www.claude-arnaud.com\/fr\/biographies\/chamfort\/8870-2\">CHAMFORT EN ALLEMAND<\/a>&#8230;<a href=\"http:\/\/www.claude-arnaud.com\/fr\/wp-content\/uploads\/2009\/05\/couverture.jpg\"><img loading=\"lazy\" decoding=\"async\" class=\"alignright  wp-image-8906\" title=\"couverture\" src=\"http:\/\/www.claude-arnaud.com\/fr\/wp-content\/uploads\/2009\/05\/couverture-150x150.jpg\" alt=\"\" width=\"197\" height=\"197\" srcset=\"https:\/\/www.claude-arnaud.com\/fr\/wp-content\/uploads\/2009\/05\/couverture-150x150.jpg 150w, https:\/\/www.claude-arnaud.com\/fr\/wp-content\/uploads\/2009\/05\/couverture-48x48.jpg 48w, https:\/\/www.claude-arnaud.com\/fr\/wp-content\/uploads\/2009\/05\/couverture.jpg 240w\" sizes=\"auto, (max-width: 197px) 100vw, 197px\" \/><\/a><\/strong><\/h2>\n<h6><\/h6>\n<h2><strong>*<a title=\"claude-arnaud\" href=\"http:\/\/www.claude-arnaud.com\/fr\/biographies\/chamfort\/chamfort-dans-les-pays-anglo-saxon-chamfort-in-english\">CHAMFORT IN ENGLISH\/ <span style=\"color: #008000;\">CHAMFORT DANS LES PAYS ANGLO-SAXONS<\/span><\/a><\/strong><strong><a href=\"http:\/\/www.claude-arnaud.com\/fr\/wp-content\/uploads\/2009\/05\/chamfortUS02.jpg\"><img loading=\"lazy\" decoding=\"async\" class=\"alignleft  wp-image-8907\" title=\"chamfortUS02\" src=\"http:\/\/www.claude-arnaud.com\/fr\/wp-content\/uploads\/2009\/05\/chamfortUS02-135x150.jpg\" alt=\"\" width=\"143\" height=\"154\" \/><\/a><\/strong><span style=\"color: #008000;\">.<\/span><span style=\"letter-spacing: -0.03em;\">..<\/span><\/h2>\n<p><a href=\"http:\/\/www.claude-arnaud.com\/fr\/wp-content\/uploads\/2016\/01\/gb_drapeau.gif\"><img loading=\"lazy\" decoding=\"async\" class=\"aligncenter  wp-image-6384\" title=\"gb_drapeau\" src=\"http:\/\/www.claude-arnaud.com\/fr\/wp-content\/uploads\/2016\/01\/gb_drapeau-150x150.gif\" alt=\"\" width=\"64\" height=\"64\" srcset=\"https:\/\/www.claude-arnaud.com\/fr\/wp-content\/uploads\/2016\/01\/gb_drapeau-150x150.gif 150w, https:\/\/www.claude-arnaud.com\/fr\/wp-content\/uploads\/2016\/01\/gb_drapeau-48x48.gif 48w\" sizes=\"auto, (max-width: 64px) 100vw, 64px\" \/><\/a><\/td>\n<td><img loading=\"lazy\" decoding=\"async\" class=\".right { float: right; } alignleft\" style=\"border: 0pt none;\" title=\"images_3.jpeg\" src=\"http:\/\/www.claude-arnaud.com\/wp-content\/img\/images_3.jpeg\" alt=\"images_3.jpeg\" width=\"57\" height=\"39\" align=\"left\" border=\"0\" \/><\/td>\n<\/tr>\n<tr>\n<td colspan=\"2\"><\/td>\n<td><\/td>\n<\/tr>\n<tr>\n<td colspan=\"2\"><\/td>\n<td><\/td>\n<\/tr>\n<tr>\n<td colspan=\"2\" rowspan=\"3\"><\/td>\n<td height=\"145\"><\/td>\n<\/tr>\n<tr>\n<td height=\"146\"><\/td>\n<\/tr>\n<tr>\n<td><\/td>\n<\/tr>\n<\/tbody>\n<\/table>\n<\/blockquote>\n<\/blockquote>\n","protected":false},"excerpt":{"rendered":"<p>*FOREIGN RIGHTS\/Responsable des droits pour l&rsquo;\u00e9tranger de ce CHAMFORT: Benita EDZARD, robert laffont publishing. Fax, in Paris: 00331 53671490. Tel : 00331 53671486. E-mail : bedzard@robert-laffont.fr \u00ab Une passionnante biographie, scrupuleuse dans la recherche, intelligente dans le commentaire, \u00e9crite dans un style que ne d\u00e9savouerait pas le sujet \u00bb. Jacques HISLAIRE, Libre Belgique, 25.02.1988.\u00ab Cette [&hellip;]<\/p>\n","protected":false},"author":1,"featured_media":0,"parent":20,"menu_order":7,"comment_status":"open","ping_status":"open","template":"","meta":{"footnotes":""},"class_list":["post-29","page","type-page","status-publish","hentry","count-0","even alt","author-admin","last"],"post_mailing_queue_ids":[],"_links":{"self":[{"href":"https:\/\/www.claude-arnaud.com\/fr\/wp-json\/wp\/v2\/pages\/29","targetHints":{"allow":["GET"]}}],"collection":[{"href":"https:\/\/www.claude-arnaud.com\/fr\/wp-json\/wp\/v2\/pages"}],"about":[{"href":"https:\/\/www.claude-arnaud.com\/fr\/wp-json\/wp\/v2\/types\/page"}],"author":[{"embeddable":true,"href":"https:\/\/www.claude-arnaud.com\/fr\/wp-json\/wp\/v2\/users\/1"}],"replies":[{"embeddable":true,"href":"https:\/\/www.claude-arnaud.com\/fr\/wp-json\/wp\/v2\/comments?post=29"}],"version-history":[{"count":135,"href":"https:\/\/www.claude-arnaud.com\/fr\/wp-json\/wp\/v2\/pages\/29\/revisions"}],"predecessor-version":[{"id":15263,"href":"https:\/\/www.claude-arnaud.com\/fr\/wp-json\/wp\/v2\/pages\/29\/revisions\/15263"}],"up":[{"embeddable":true,"href":"https:\/\/www.claude-arnaud.com\/fr\/wp-json\/wp\/v2\/pages\/20"}],"wp:attachment":[{"href":"https:\/\/www.claude-arnaud.com\/fr\/wp-json\/wp\/v2\/media?parent=29"}],"curies":[{"name":"wp","href":"https:\/\/api.w.org\/{rel}","templated":true}]}}