{"id":279,"date":"2009-06-01T18:05:10","date_gmt":"2009-06-01T16:05:10","guid":{"rendered":"http:\/\/www.claude-arnaud.com\/fr\/?page_id=279"},"modified":"2021-01-27T20:54:21","modified_gmt":"2021-01-27T19:54:21","slug":"le-vide","status":"publish","type":"page","link":"https:\/\/www.claude-arnaud.com\/fr\/mots-cles\/le-vide","title":{"rendered":"Le Vide"},"content":{"rendered":"<h6><img loading=\"lazy\" decoding=\"async\" class=\"alignleft size-full wp-image-11514\" src=\"http:\/\/www.claude-arnaud.com\/fr\/wp-content\/uploads\/2021\/01\/images-1.jpeg\" alt=\"\" width=\"183\" height=\"275\" \/>C\u2019est l\u2019\u00e9l\u00e9ment<strong> premier<\/strong>, le <span style=\"color: #008000;\"><strong>terreau gazeux<\/strong><\/span>\u00a0d\u2019o\u00f9 surgit, par exc\u00e8s d\u2019absence, <strong>la vie<\/strong>. Gagnant le corps quand il a faim, la conscience quand elle se sent <span style=\"color: #008000;\"><strong>inadapt\u00e9e<\/strong><\/span>, le <strong>VIDE<\/strong> peut y atteindre une telle densit\u00e9 qu\u2019il en vient \u00e0 former un <span style=\"color: #008000;\"><strong>noyau prompt \u00e0 l\u2019explosion<\/strong><\/span> : trop vite combl\u00e9, <strong>l\u2019app\u00e9tit tourne au d\u00e9go\u00fbt<\/strong> ; vaincu \u00e0 force de <span style=\"color: #008000;\"><strong>lectures<\/strong><\/span>, <strong>l\u2019ennui tourne \u00e0 l\u2019angoisse<\/strong>; fatigu\u00e9 de se repa\u00eetre, <span style=\"color: #008000;\"><strong>le narcissisme r\u00e9clame l\u2019amour<\/strong><\/span>. Le trop-plein pouvant seul apaiser la peur du <strong>VIDE<\/strong> \u2013 et r\u00e9ciproquement -, il n\u2019y a pas trop de place, ici, pour la <strong>neutralit\u00e9<\/strong>. L\u2019on d\u00e9sire ou l\u2019on rejette, adore ou ex\u00e8cre. Entre la boulimie et l\u2019anorexie, gu\u00e8re de mi-chemin : <span style=\"color: #008000;\"><strong>un gouffre exige en permanence d\u2019\u00eatre combl\u00e9<\/strong><\/span>.<\/h6>\n<h6>Des troubles psycho-digestifs qui poussent Paul <strong>NIEMANS<\/strong>, l\u2019anti-h\u00e9ros <strong>du <span style=\"color: #008000;\">Cam\u00e9l\u00e9on<\/span><\/strong>, \u00e0 faire une \u00abcure de r\u00e9alit\u00e9\u00bb en Albanie, \u00e0 l\u2019avidit\u00e9 esth\u00e9tique et humaine dont<span style=\"color: #000000;\"> <strong>COCTEAU<\/strong><\/span> aura fait preuve toute sa vie, chacun est l\u2019expression d\u2019un <strong>manque<\/strong> fondateur qui tend \u00e0 faire de lui un \u201caspirateur\u201d du monde : la solitude qui encourage <span style=\"color: #008000;\"><strong>Madame du DEFFAND<\/strong><\/span> \u00e0 s\u2019int\u00e9resser \u00e0 tout, dans <strong>les Salons<\/strong>, na\u00eet de l\u2019effroi qui l\u2019emp\u00eache de croire en rien. Et le narrateur de <span style=\"color: #008000;\"><strong>Qu&rsquo;as-tu fait de tes fr\u00e8res?<\/strong><\/span>, de <strong>Br\u00e8ves saisons au paradis<\/strong>, et de <span style=\"color: #008000;\"><strong>Je ne voulais pas \u00eatre moi\u00a0<\/strong><\/span>accumule les aventures, les amours et les lectures pour lester son <span style=\"color: #008000;\"><strong>\u00eatre volatil<\/strong><\/span>.<\/h6>\n<h6><span style=\"color: #008000;\"><strong>Comme dans l\u2019univers<\/strong><\/span>, il y a en chacun plus de <strong>VIDE<\/strong> que de plein.<\/h6>\n<p>&gt;&gt;<a title=\"lien le vide\" href=\"http:\/\/www.claude-arnaud.com\/fr\/?page_id=107\" target=\"_self\" rel=\"noopener\"> Ic\u00f4nes<\/a><\/p>\n","protected":false},"excerpt":{"rendered":"<p>C\u2019est l\u2019\u00e9l\u00e9ment premier, le terreau gazeux\u00a0d\u2019o\u00f9 surgit, par exc\u00e8s d\u2019absence, la vie. Gagnant le corps quand il a faim, la conscience quand elle se sent inadapt\u00e9e, le VIDE peut y atteindre une telle densit\u00e9 qu\u2019il en vient \u00e0 former un noyau prompt \u00e0 l\u2019explosion : trop vite combl\u00e9, l\u2019app\u00e9tit tourne au d\u00e9go\u00fbt ; vaincu \u00e0 [&hellip;]<\/p>\n","protected":false},"author":1,"featured_media":0,"parent":107,"menu_order":0,"comment_status":"open","ping_status":"open","template":"","meta":{"footnotes":""},"class_list":["post-279","page","type-page","status-publish","hentry","count-0","even alt","author-admin","last"],"post_mailing_queue_ids":[],"_links":{"self":[{"href":"https:\/\/www.claude-arnaud.com\/fr\/wp-json\/wp\/v2\/pages\/279","targetHints":{"allow":["GET"]}}],"collection":[{"href":"https:\/\/www.claude-arnaud.com\/fr\/wp-json\/wp\/v2\/pages"}],"about":[{"href":"https:\/\/www.claude-arnaud.com\/fr\/wp-json\/wp\/v2\/types\/page"}],"author":[{"embeddable":true,"href":"https:\/\/www.claude-arnaud.com\/fr\/wp-json\/wp\/v2\/users\/1"}],"replies":[{"embeddable":true,"href":"https:\/\/www.claude-arnaud.com\/fr\/wp-json\/wp\/v2\/comments?post=279"}],"version-history":[{"count":16,"href":"https:\/\/www.claude-arnaud.com\/fr\/wp-json\/wp\/v2\/pages\/279\/revisions"}],"predecessor-version":[{"id":11516,"href":"https:\/\/www.claude-arnaud.com\/fr\/wp-json\/wp\/v2\/pages\/279\/revisions\/11516"}],"up":[{"embeddable":true,"href":"https:\/\/www.claude-arnaud.com\/fr\/wp-json\/wp\/v2\/pages\/107"}],"wp:attachment":[{"href":"https:\/\/www.claude-arnaud.com\/fr\/wp-json\/wp\/v2\/media?parent=279"}],"curies":[{"name":"wp","href":"https:\/\/api.w.org\/{rel}","templated":true}]}}