{"id":277,"date":"2009-06-01T18:04:02","date_gmt":"2009-06-01T16:04:02","guid":{"rendered":"http:\/\/www.claude-arnaud.com\/fr\/?page_id=277"},"modified":"2021-01-27T20:51:13","modified_gmt":"2021-01-27T19:51:13","slug":"la-realite","status":"publish","type":"page","link":"https:\/\/www.claude-arnaud.com\/fr\/mots-cles\/la-realite","title":{"rendered":"La R\u00e9alit\u00e9"},"content":{"rendered":"<h6><img loading=\"lazy\" decoding=\"async\" class=\"alignleft  wp-image-11512\" src=\"http:\/\/www.claude-arnaud.com\/fr\/wp-content\/uploads\/2021\/01\/images.jpeg\" alt=\"\" width=\"231\" height=\"279\" \/>Si une donn\u00e9e \u00e9chappe \u00e0 tous, ici, c\u2019est bien la <strong>R\u00e9alit\u00e9<\/strong>. Elle leur appara\u00eet tant\u00f4t insaisissable, tant\u00f4t inconstante : ils la traversent sans trop rencontrer de r\u00e9sistance, elle leur file entre les doigts. Mais la <strong>R\u00e9alit\u00e9<\/strong> a aussi le pouvoir de se ramasser brutalement pour leur ass\u00e9ner des coups d\u00e9cisifs. Passant sans transition de <span style=\"color: #008000;\"><strong>l\u2019insignifiance <\/strong><\/span>\u00e0 <span style=\"color: #008000;\"><strong>l\u2019omnipotence<\/strong><\/span>, elle s\u2019impose comme leur reflet exag\u00e9r\u00e9 : le <strong>tout<\/strong> est l\u2019inversion exalt\u00e9e du <strong>rien<\/strong>.<\/h6>\n<h6>Chacun est alors tent\u00e9, soit de nier la <strong>R\u00e9alit\u00e9<\/strong>, <span style=\"color: #008000;\"><strong>avec les risques que cela comporte<\/strong><\/span>, soit de la diviniser, en lui conf\u00e9rant un statut <strong>totalitaire<\/strong> : c\u2019est le docteur <span style=\"color: #008000;\"><strong>Z\u00c4HNER<\/strong><\/span> qui, dans l\u2019Albanie stalinienne <strong>du Cam\u00e9l\u00e9on<\/strong>, finit par \u00e9prouver de l\u2019amour pour son patient, <strong>Enver HODJA<\/strong>, ce dictateur qui contr\u00f4le chaque rouage du pays,\u00a0apr\u00e8s avoir commenc\u00e9 en dandy coup\u00e9 de la <strong>R\u00e9alit\u00e9<\/strong> ; c\u2019est <strong>CHAMFORT<\/strong> qui s\u2019engage corps et \u00e2me dans la <span style=\"color: #008000;\"><strong>R\u00e9volution<\/strong> <\/span>pour \u00e9chapper \u00e0 sa fonci\u00e8re ambigu\u00eft\u00e9, avant de se donner la mort ; c&rsquo;est <span style=\"color: #008000;\"><strong>COCTEAU<\/strong><\/span> qui fuit toute sa vie\u00a0, \u00e0 travers l&rsquo;\u00e9criture et l&rsquo;opium, une <strong>R\u00e9alit\u00e9 <\/strong>\u00e0 laquelle il est incapable de donner corps; ce sont les imposteurs et les transformistes de <em><strong>Qui dit je en nous?<\/strong><\/em>, qui s&rsquo;inventent d&rsquo;autres personnalit\u00e9s faute de voir dans la <strong>R\u00e9alit\u00e9<\/strong> autre chose qu&rsquo;un th\u00e9\u00e2tre d&rsquo;ombres; c&rsquo;est le narrateur de <span style=\"color: #008000;\"><strong>Qu&rsquo;as-tu fait de tes fr\u00e8res,<\/strong><\/span>\u00a0de <strong>Br\u00e8ves saisons au paradis<\/strong>\u00a0et de <span style=\"color: #008000;\"><strong>je ne voulais pas \u00eatre moi\u00a0<\/strong><\/span>qui esp\u00e8re trouver, <strong>dans la r\u00e9volution puis l&rsquo;amour<\/strong>, une alternative stable au monde r\u00e9el.<\/h6>\n<p>&gt;&gt; <a title=\"lien\" href=\"http:\/\/www.claude-arnaud.com\/fr\/?page_id=107\" target=\"_self\" rel=\"noopener\">Ic\u00f4nes<\/a><\/p>\n","protected":false},"excerpt":{"rendered":"<p>Si une donn\u00e9e \u00e9chappe \u00e0 tous, ici, c\u2019est bien la R\u00e9alit\u00e9. Elle leur appara\u00eet tant\u00f4t insaisissable, tant\u00f4t inconstante : ils la traversent sans trop rencontrer de r\u00e9sistance, elle leur file entre les doigts. Mais la R\u00e9alit\u00e9 a aussi le pouvoir de se ramasser brutalement pour leur ass\u00e9ner des coups d\u00e9cisifs. Passant sans transition de l\u2019insignifiance [&hellip;]<\/p>\n","protected":false},"author":1,"featured_media":0,"parent":107,"menu_order":0,"comment_status":"open","ping_status":"open","template":"","meta":{"footnotes":""},"class_list":["post-277","page","type-page","status-publish","hentry","count-0","even alt","author-admin","last"],"post_mailing_queue_ids":[],"_links":{"self":[{"href":"https:\/\/www.claude-arnaud.com\/fr\/wp-json\/wp\/v2\/pages\/277","targetHints":{"allow":["GET"]}}],"collection":[{"href":"https:\/\/www.claude-arnaud.com\/fr\/wp-json\/wp\/v2\/pages"}],"about":[{"href":"https:\/\/www.claude-arnaud.com\/fr\/wp-json\/wp\/v2\/types\/page"}],"author":[{"embeddable":true,"href":"https:\/\/www.claude-arnaud.com\/fr\/wp-json\/wp\/v2\/users\/1"}],"replies":[{"embeddable":true,"href":"https:\/\/www.claude-arnaud.com\/fr\/wp-json\/wp\/v2\/comments?post=277"}],"version-history":[{"count":11,"href":"https:\/\/www.claude-arnaud.com\/fr\/wp-json\/wp\/v2\/pages\/277\/revisions"}],"predecessor-version":[{"id":11513,"href":"https:\/\/www.claude-arnaud.com\/fr\/wp-json\/wp\/v2\/pages\/277\/revisions\/11513"}],"up":[{"embeddable":true,"href":"https:\/\/www.claude-arnaud.com\/fr\/wp-json\/wp\/v2\/pages\/107"}],"wp:attachment":[{"href":"https:\/\/www.claude-arnaud.com\/fr\/wp-json\/wp\/v2\/media?parent=277"}],"curies":[{"name":"wp","href":"https:\/\/api.w.org\/{rel}","templated":true}]}}