{"id":275,"date":"2009-06-01T18:02:55","date_gmt":"2009-06-01T16:02:55","guid":{"rendered":"http:\/\/www.claude-arnaud.com\/fr\/?page_id=275"},"modified":"2021-01-27T20:41:18","modified_gmt":"2021-01-27T19:41:18","slug":"lidentite","status":"publish","type":"page","link":"https:\/\/www.claude-arnaud.com\/fr\/mots-cles\/lidentite","title":{"rendered":"L&rsquo;Identit\u00e9"},"content":{"rendered":"<h6><img loading=\"lazy\" decoding=\"async\" class=\"alignleft size-medium wp-image-6710\" src=\"http:\/\/www.claude-arnaud.com\/fr\/wp-content\/uploads\/2016\/06\/Transfuge-photo-5-217x300.jpg\" alt=\"\" width=\"217\" height=\"300\" srcset=\"https:\/\/www.claude-arnaud.com\/fr\/wp-content\/uploads\/2016\/06\/Transfuge-photo-5-217x300.jpg 217w, https:\/\/www.claude-arnaud.com\/fr\/wp-content\/uploads\/2016\/06\/Transfuge-photo-5.jpg 296w\" sizes=\"auto, (max-width: 217px) 100vw, 217px\" \/>C\u2019est<strong> le<\/strong> sujet par excellence, <span style=\"color: #008000;\"><strong>l\u2019\u00e9nigme<\/strong><\/span> que chacun cherche \u00e0 r\u00e9soudre. Ce figurant qu\u2019on appelle pompeusement <strong>Soi<\/strong>, qu&rsquo;est-il en fin de compte : un <span style=\"color: #008000;\"><strong>acteur<\/strong><\/span> qui finit par se satisfaire d\u2019un seul r\u00f4le, ou un <span style=\"color: #008000;\"><strong>clown-n\u00e9<\/strong><\/span> qui peine \u00e0 se saisir, \u00e0 force de se modifier?<\/h6>\n<h6>C\u2019est la question qui hante <span style=\"color: #008000;\"><strong>Paul<\/strong> <\/span><span style=\"color: #008000;\"><strong>NIEMANS<\/strong><\/span>, dans <strong>le Cam\u00e9l\u00e9on<\/strong>, et qui fait de<strong> STEPHANE<\/strong>, le h\u00e9ros bisexuel du <strong>Jeu des Quatre Coins<\/strong>, le trou noir de la tribu qui l\u2019entoure. C&rsquo;est le myst\u00e8re qui taraude les imposteurs, auto-reconstructeurs et autres transformistes de\u00a0<strong>Qui dit je en nous?<\/strong> C&rsquo;est le fil rouge qui court le long de l&rsquo;auto-roman de formation\u00a0 inaugur\u00e9 avec <span style=\"color: #008000;\"><strong>Qu&rsquo;as-tu fait de tes fr\u00e8res?<\/strong><\/span> et poursuivi avec <strong>Br\u00e8ves saisons au paradis puis\u00a0<span style=\"color: #008000;\">je ne voulais pas \u00eare moi<\/span><\/strong>.<\/h6>\n<h6>Toujours tent\u00e9 de <span style=\"color: #008000;\"><strong>renier ce qui le constituait<\/strong><\/span>, chacun r\u00eave ici d\u2019\u00eatre ais\u00e9ment identifiable, en m\u00eame temps. <strong>Mais comment \u00eatre reconnu, sinon aim\u00e9<\/strong>, quand on ne cesse <span style=\"color: #008000;\"><strong>de diff\u00e9rer de soi<\/strong><\/span> ? Ce fut le dilemme de <strong>CHAMFORT<\/strong> comme celui de <span style=\"color: #008000;\"><strong>COCTEAU<\/strong><\/span>.<\/h6>\n<h6><strong>Il n&rsquo;est pas simple d&rsquo;accepter de devenir simple<\/strong>, de se r\u00e9soudre \u00e0 n&rsquo;\u00eatre qu&rsquo;\u00e9l\u00e9mentaire. <span style=\"color: #008000;\"><strong>Il le faudra bien, pourtant.<\/strong><\/span><\/h6>\n<p>&gt;&gt;<a title=\"lien icone identite\" href=\"http:\/\/www.claude-arnaud.com\/fr\/?page_id=107\" target=\"_self\" rel=\"noopener\"> Ic\u00f4nes<\/a><\/p>\n","protected":false},"excerpt":{"rendered":"<p>C\u2019est le sujet par excellence, l\u2019\u00e9nigme que chacun cherche \u00e0 r\u00e9soudre. Ce figurant qu\u2019on appelle pompeusement Soi, qu&rsquo;est-il en fin de compte : un acteur qui finit par se satisfaire d\u2019un seul r\u00f4le, ou un clown-n\u00e9 qui peine \u00e0 se saisir, \u00e0 force de se modifier? C\u2019est la question qui hante Paul NIEMANS, dans le [&hellip;]<\/p>\n","protected":false},"author":1,"featured_media":0,"parent":107,"menu_order":0,"comment_status":"open","ping_status":"open","template":"","meta":{"footnotes":""},"class_list":["post-275","page","type-page","status-publish","hentry","count-0","even alt","author-admin","last"],"post_mailing_queue_ids":[],"_links":{"self":[{"href":"https:\/\/www.claude-arnaud.com\/fr\/wp-json\/wp\/v2\/pages\/275","targetHints":{"allow":["GET"]}}],"collection":[{"href":"https:\/\/www.claude-arnaud.com\/fr\/wp-json\/wp\/v2\/pages"}],"about":[{"href":"https:\/\/www.claude-arnaud.com\/fr\/wp-json\/wp\/v2\/types\/page"}],"author":[{"embeddable":true,"href":"https:\/\/www.claude-arnaud.com\/fr\/wp-json\/wp\/v2\/users\/1"}],"replies":[{"embeddable":true,"href":"https:\/\/www.claude-arnaud.com\/fr\/wp-json\/wp\/v2\/comments?post=275"}],"version-history":[{"count":12,"href":"https:\/\/www.claude-arnaud.com\/fr\/wp-json\/wp\/v2\/pages\/275\/revisions"}],"predecessor-version":[{"id":11508,"href":"https:\/\/www.claude-arnaud.com\/fr\/wp-json\/wp\/v2\/pages\/275\/revisions\/11508"}],"up":[{"embeddable":true,"href":"https:\/\/www.claude-arnaud.com\/fr\/wp-json\/wp\/v2\/pages\/107"}],"wp:attachment":[{"href":"https:\/\/www.claude-arnaud.com\/fr\/wp-json\/wp\/v2\/media?parent=275"}],"curies":[{"name":"wp","href":"https:\/\/api.w.org\/{rel}","templated":true}]}}