{"id":273,"date":"2009-06-01T18:01:47","date_gmt":"2009-06-01T16:01:47","guid":{"rendered":"http:\/\/www.claude-arnaud.com\/fr\/?page_id=273"},"modified":"2021-01-27T22:15:57","modified_gmt":"2021-01-27T21:15:57","slug":"273-2","status":"publish","type":"page","link":"https:\/\/www.claude-arnaud.com\/fr\/mots-cles\/273-2","title":{"rendered":"L&rsquo;Histoire"},"content":{"rendered":"<h6><img loading=\"lazy\" decoding=\"async\" class=\"alignleft size-medium wp-image-11497\" src=\"http:\/\/www.claude-arnaud.com\/fr\/wp-content\/uploads\/2021\/01\/000_app1999100335201_1999_guerre-russie_tchechenie_1920-189x300.jpg\" alt=\"\" width=\"189\" height=\"300\" srcset=\"https:\/\/www.claude-arnaud.com\/fr\/wp-content\/uploads\/2021\/01\/000_app1999100335201_1999_guerre-russie_tchechenie_1920-189x300.jpg 189w, https:\/\/www.claude-arnaud.com\/fr\/wp-content\/uploads\/2021\/01\/000_app1999100335201_1999_guerre-russie_tchechenie_1920.jpg 254w\" sizes=\"auto, (max-width: 189px) 100vw, 189px\" \/><span style=\"color: #008000;\"><strong>L\u2019HISTOIRE<\/strong><\/span> est une puissance qui ne cesse d\u2019avancer. Elle \u00e9voque <strong>un train dont on tomberait en naissant<\/strong>, qui roulerait sans jamais faiblir <span style=\"color: #008000;\"><strong>et qui roulera encore, longtemps apr\u00e8s notre disparition<\/strong><\/span>.<span style=\"color: #008000;\"><span style=\"color: #000000;\"> Elle est la litanie d\u2019\u00e9v\u00e9nements,<\/span> <strong>atroces ou absurdes<\/strong>, <span style=\"color: #000000;\">qui nous ont pr\u00e9c\u00e9d\u00e9, mais aussi l\u2019ensemble <strong><span style=\"color: #008000;\">des valeurs et d\u2019a-priori qui nous fa\u00e7onnent.<\/span><\/strong><\/span><\/span><\/h6>\n<h6>Elle est donc un constituant majeur de notre <strong>Identit\u00e9<\/strong>.<\/h6>\n<h6>Prise au sens large, <span style=\"color: #008000;\"><strong>elle est \u00e0 m\u00eame de faire de notre vide fondateur un plein<\/strong><\/span>, d\u2019engendrer Des ambitieux et Des rebelles comme <strong>CHAMFORT<\/strong> ou un dictateur comme<strong> Enver HODJA, dans Le Cam\u00e9l\u00e9on<\/strong>. <span style=\"color: #008000;\"><strong>C\u2019est son absence, \u00e0 l\u2019inverse<\/strong><\/span>, qui secr\u00e8te un <strong>Cam\u00e9l\u00e9on<\/strong> comme <span style=\"color: #008000;\"><strong>Paul NIEMANS<\/strong><\/span>, et perp\u00e9tue en <strong>COCTEAU<\/strong> un vide f\u00e9cond, jusqu\u2019\u00e0 son dernier souffle.<\/h6>\n<h6>Faut-il abolir toute trace d\u2019<strong>HISTOIRE<\/strong> en nous, <span style=\"color: #008000;\"><strong>afin de nous r\u00e9server le pouvoir exclusif de nous forger<\/strong><\/span>, ou de nous r\u00e9inventer ? C&rsquo;est la question qui court tout au long de <em><span style=\"color: #008000;\"><strong>Qui dit je en nous?<\/strong> <\/span><\/em>Faut-il \u00e0 l\u2019inverse se nourrir de ce qu&rsquo;elle a de meilleur, en apprenant \u00e0 se tenir \u00e0 l&rsquo;\u00e9cart du pire, pour \u00e9chapper au <span style=\"color: #008000;\"><strong>VIDE<\/strong><\/span> qui gagne notre horizon ? C&rsquo;est l&rsquo;interrogation qui hante l&rsquo;auto-roman de formation commenc\u00e9 par <span style=\"color: #008000;\"><strong><em>Qu&rsquo;as-tu fait de tes fr\u00e8res?<\/em>,<\/strong><\/span> et poursuivi par <em><strong>Br\u00e8ves saisons au paradis <\/strong><\/em>et<em><strong>\u00a0<span style=\"color: #008000;\">Je ne voulais pas \u00eatre moi<\/span><\/strong><\/em>.<\/h6>\n<p><a title=\"lien icones\" href=\"http:\/\/www.claude-arnaud.com\/fr\/?page_id=107\" target=\"_self\" rel=\"noopener\">&gt;&gt; Ic\u00f4nes<\/a><\/p>\n","protected":false},"excerpt":{"rendered":"<p>L\u2019HISTOIRE est une puissance qui ne cesse d\u2019avancer. Elle \u00e9voque un train dont on tomberait en naissant, qui roulerait sans jamais faiblir et qui roulera encore, longtemps apr\u00e8s notre disparition. Elle est la litanie d\u2019\u00e9v\u00e9nements, atroces ou absurdes, qui nous ont pr\u00e9c\u00e9d\u00e9, mais aussi l\u2019ensemble des valeurs et d\u2019a-priori qui nous fa\u00e7onnent. Elle est donc [&hellip;]<\/p>\n","protected":false},"author":1,"featured_media":0,"parent":107,"menu_order":0,"comment_status":"open","ping_status":"open","template":"","meta":{"footnotes":""},"class_list":["post-273","page","type-page","status-publish","hentry","count-0","even alt","author-admin","last"],"post_mailing_queue_ids":[],"_links":{"self":[{"href":"https:\/\/www.claude-arnaud.com\/fr\/wp-json\/wp\/v2\/pages\/273","targetHints":{"allow":["GET"]}}],"collection":[{"href":"https:\/\/www.claude-arnaud.com\/fr\/wp-json\/wp\/v2\/pages"}],"about":[{"href":"https:\/\/www.claude-arnaud.com\/fr\/wp-json\/wp\/v2\/types\/page"}],"author":[{"embeddable":true,"href":"https:\/\/www.claude-arnaud.com\/fr\/wp-json\/wp\/v2\/users\/1"}],"replies":[{"embeddable":true,"href":"https:\/\/www.claude-arnaud.com\/fr\/wp-json\/wp\/v2\/comments?post=273"}],"version-history":[{"count":11,"href":"https:\/\/www.claude-arnaud.com\/fr\/wp-json\/wp\/v2\/pages\/273\/revisions"}],"predecessor-version":[{"id":11517,"href":"https:\/\/www.claude-arnaud.com\/fr\/wp-json\/wp\/v2\/pages\/273\/revisions\/11517"}],"up":[{"embeddable":true,"href":"https:\/\/www.claude-arnaud.com\/fr\/wp-json\/wp\/v2\/pages\/107"}],"wp:attachment":[{"href":"https:\/\/www.claude-arnaud.com\/fr\/wp-json\/wp\/v2\/media?parent=273"}],"curies":[{"name":"wp","href":"https:\/\/api.w.org\/{rel}","templated":true}]}}