{"id":270,"date":"2009-06-01T18:00:35","date_gmt":"2009-06-01T16:00:35","guid":{"rendered":"http:\/\/www.claude-arnaud.com\/fr\/?page_id=270"},"modified":"2021-01-27T20:07:48","modified_gmt":"2021-01-27T19:07:48","slug":"lamour","status":"publish","type":"page","link":"https:\/\/www.claude-arnaud.com\/fr\/mots-cles\/lamour","title":{"rendered":"L&rsquo;Amour"},"content":{"rendered":"<h6><img loading=\"lazy\" decoding=\"async\" class=\"alignleft size-medium wp-image-11494\" src=\"http:\/\/www.claude-arnaud.com\/fr\/wp-content\/uploads\/2021\/01\/1176080192-191x300.jpg\" alt=\"\" width=\"191\" height=\"300\" srcset=\"https:\/\/www.claude-arnaud.com\/fr\/wp-content\/uploads\/2021\/01\/1176080192-191x300.jpg 191w, https:\/\/www.claude-arnaud.com\/fr\/wp-content\/uploads\/2021\/01\/1176080192.jpg 250w\" sizes=\"auto, (max-width: 191px) 100vw, 191px\" \/>C\u2019est le moment\u00a0<strong>magn\u00e9tique<\/strong> o\u00f9 le sujet, se dessaisissant de lui-m\u00eame, se reconfigure sous l\u2019attraction d\u2019autrui.<\/h6>\n<h6>C&rsquo;est moins le lIEU\u00a0\u00a0<span style=\"color: #008000;\"><strong>de la fusion ou de la compl\u00e9mentarit\u00e9<\/strong><\/span> que CELUI\u00a0d\u2019un \u00e9quilibre inesp\u00e9r\u00e9 : <strong>les multiples composants du sujet<\/strong> s&rsquo;y retrouvent enfin r\u00e9unis par les lois de la <span style=\"color: #008000;\"><strong>gravitation<\/strong><\/span>. Mais <strong>l\u2019amour<\/strong>\u00a0n\u2019est pas la fa\u00e7on\u00a0<span style=\"font-size: 15.36px;\">de vivre le plus stable. Pour s\u2019en \u00eatre fait <\/span><span style=\"color: #008000;\"><strong>une religion<\/strong><\/span><span style=\"font-size: 15.36px;\">, et n\u2019avoir trouv\u00e9 qu\u2019un homme d\u00e9cevant pour l\u2019incarner,\u00a0 <\/span><strong style=\"font-size: 15.36px;\"><span style=\"color: #008000;\">Julie de Lespinasse<\/span> <\/strong><span style=\"font-size: 15.36px;\">finit\u00a0par se laisser mourir, dans<\/span><em><strong style=\"font-size: 15.36px;\"> les Salons<\/strong><\/em><span style=\"font-size: 15.36px;\">; trahi par celui dont l\u2019amour l\u2019avait r\u00e9v\u00e9l\u00e9 \u00e0 lui-m\u00eame, <\/span><span style=\"color: #008000;\"><strong>Dominique Orsini<\/strong><\/span><span style=\"font-size: 15.36px;\"> se suicide dans <\/span><em><strong style=\"font-size: 15.36px;\">le Jeu des Quatre Coins<\/strong><\/em><span style=\"font-size: 15.36px;\">. <\/span><span style=\"color: #008000;\"><strong>Cocteau<\/strong><\/span><span style=\"font-size: 15.36px;\"> pense ne pas survivre \u00e0 la disparition de <\/span><strong style=\"font-size: 15.36px;\">Radiguet;<\/strong><span style=\"font-size: 15.36px;\">\u00a0abandonn\u00e9 par son amant le narrateur de <\/span><em><span style=\"color: #008000;\"><strong>Br\u00e8ves Saisons au paradis<\/strong><\/span><\/em><span style=\"font-size: 15.36px;\"> souhaite mourir, et celui de <\/span><em><span style=\"color: #008000;\"><strong>Je ne voulais pas \u00eatre moi <\/strong><\/span><\/em><strong style=\"font-size: 15.36px;\">n&rsquo;\u00e9chappe \u00e0 ce projet qu&rsquo;en partant pour ha\u00efti<\/strong><span style=\"font-size: 15.36px;\">. Comme si la privation affective, <\/span><strong style=\"font-size: 15.36px;\">en renvoyant le sujet \u00e0 son \u00e9nigme<\/strong><span style=\"font-size: 15.36px;\">, <\/span><span style=\"color: #008000;\"><strong>rendait son instabilit\u00e9 explosive<\/strong><\/span><span style=\"font-size: 15.36px;\">.<\/span><\/h6>\n","protected":false},"excerpt":{"rendered":"<p>C\u2019est le moment\u00a0magn\u00e9tique o\u00f9 le sujet, se dessaisissant de lui-m\u00eame, se reconfigure sous l\u2019attraction d\u2019autrui. C&rsquo;est moins le lIEU\u00a0\u00a0de la fusion ou de la compl\u00e9mentarit\u00e9 que CELUI\u00a0d\u2019un \u00e9quilibre inesp\u00e9r\u00e9 : les multiples composants du sujet s&rsquo;y retrouvent enfin r\u00e9unis par les lois de la gravitation. Mais l\u2019amour\u00a0n\u2019est pas la fa\u00e7on\u00a0de vivre le plus stable. Pour [&hellip;]<\/p>\n","protected":false},"author":1,"featured_media":0,"parent":107,"menu_order":0,"comment_status":"open","ping_status":"open","template":"","meta":{"footnotes":""},"class_list":["post-270","page","type-page","status-publish","hentry","count-0","even alt","author-admin","last"],"post_mailing_queue_ids":[],"_links":{"self":[{"href":"https:\/\/www.claude-arnaud.com\/fr\/wp-json\/wp\/v2\/pages\/270","targetHints":{"allow":["GET"]}}],"collection":[{"href":"https:\/\/www.claude-arnaud.com\/fr\/wp-json\/wp\/v2\/pages"}],"about":[{"href":"https:\/\/www.claude-arnaud.com\/fr\/wp-json\/wp\/v2\/types\/page"}],"author":[{"embeddable":true,"href":"https:\/\/www.claude-arnaud.com\/fr\/wp-json\/wp\/v2\/users\/1"}],"replies":[{"embeddable":true,"href":"https:\/\/www.claude-arnaud.com\/fr\/wp-json\/wp\/v2\/comments?post=270"}],"version-history":[{"count":14,"href":"https:\/\/www.claude-arnaud.com\/fr\/wp-json\/wp\/v2\/pages\/270\/revisions"}],"predecessor-version":[{"id":11496,"href":"https:\/\/www.claude-arnaud.com\/fr\/wp-json\/wp\/v2\/pages\/270\/revisions\/11496"}],"up":[{"embeddable":true,"href":"https:\/\/www.claude-arnaud.com\/fr\/wp-json\/wp\/v2\/pages\/107"}],"wp:attachment":[{"href":"https:\/\/www.claude-arnaud.com\/fr\/wp-json\/wp\/v2\/media?parent=270"}],"curies":[{"name":"wp","href":"https:\/\/api.w.org\/{rel}","templated":true}]}}