{"id":24,"date":"2009-05-26T18:57:33","date_gmt":"2009-05-26T16:57:33","guid":{"rendered":"http:\/\/www.claude-arnaud.com\/fr\/?page_id=24"},"modified":"2021-10-19T18:20:48","modified_gmt":"2021-10-19T17:20:48","slug":"chamfort-en-france","status":"publish","type":"page","link":"https:\/\/www.claude-arnaud.com\/fr\/biographies\/chamfort\/chamfort-en-france","title":{"rendered":"Chamfort : en France"},"content":{"rendered":"<h6><span style=\"color: #008000;\"><strong>\u00a0<\/strong><\/span><\/h6>\n<blockquote>\n<h2><span style=\"text-decoration: underline;\"><span style=\"color: #008000;\"><strong><a href=\"http:\/\/www.claude-arnaud.com\/fr\/wp-content\/uploads\/2009\/05\/51vFymii5tL._.jpg\"><img loading=\"lazy\" decoding=\"async\" class=\"alignleft size-full wp-image-4592\" title=\"51vFymii5tL._\" src=\"http:\/\/www.claude-arnaud.com\/fr\/wp-content\/uploads\/2009\/05\/51vFymii5tL._.jpg\" alt=\"\" width=\"334\" height=\"500\" srcset=\"https:\/\/www.claude-arnaud.com\/fr\/wp-content\/uploads\/2009\/05\/51vFymii5tL._.jpg 334w, https:\/\/www.claude-arnaud.com\/fr\/wp-content\/uploads\/2009\/05\/51vFymii5tL._-200x300.jpg 200w\" sizes=\"auto, (max-width: 334px) 100vw, 334px\" \/><\/a>*DANS LA PRESSE<\/strong><\/span><\/span><\/h2>\n<h6>\u00ab <strong>Une biographie \u00e0 l\u2019image de son sujet : \u00e9clatante<\/strong> \u00bb. <strong><span style=\"color: #008000;\">Jean-Paul ENTHOVEN<\/span>, Le Nouvel Observateur, 01.1988<\/strong>.<\/h6>\n<\/blockquote>\n<blockquote>\n<h6>\u00ab Aussi ne peut-on r\u00e9fr\u00e9ner <strong>un acc\u00e8s de gratitude en lisant une biographie<\/strong>\u2026o\u00f9 <span style=\"color: #008000;\"><strong>la r\u00e9flexion est originale<\/strong><\/span>, <strong>le style digne du sujet<\/strong>, <span style=\"color: #008000;\"><strong>la familiarit\u00e9 totale avec la p\u00e9riode<\/strong><\/span> \u00bb. <strong><span style=\"color: #008000;\">Jean-Fran\u00e7ois REVEL<\/span>, Le Point, 1. 02. 1988<\/strong>. Pour lire cet article : <a href=\"https:\/\/www.claude-arnaud.com\/fr\/wp-content\/uploads\/2021\/10\/Le-Point-Revel.jpeg-1.pdf\">page 1<\/a> <a href=\"https:\/\/www.claude-arnaud.com\/fr\/wp-content\/uploads\/2021\/10\/Le-Point-Revel-verso.jpeg.pdf\">page 2&#8230;<\/a><\/h6>\n<\/blockquote>\n<blockquote>\n<h6>\u00ab Un livre <strong>aussi complet que passionnant<\/strong> \u00bb. <strong><span style=\"color: #008000;\">Fran\u00e7ois BOTT<\/span>, Le Monde, 5. 02.1988<\/strong>.<\/h6>\n<\/blockquote>\n<blockquote>\n<h6>\u00ab \u00c0 la lecture du <strong>CHAMFORT<\/strong> de <span style=\"color: #008000;\"><strong>CLAUDE ARNAUD<\/strong><\/span>, on reste sid\u00e9r\u00e9 (\u2026)\u00a0 Le m\u00e9rite de ce biographe ne se r\u00e9duit pas \u00e0 <strong>son remarquable travail d\u2019enqu\u00eate<\/strong>. Il s\u2019\u00e9tablit entre son h\u00e9ros et lui un <span style=\"color: #008000;\"><strong>v\u00e9ritable ph\u00e9nom\u00e8ne d\u2019empathie<\/strong><\/span>, ce qui devient <strong>passionnant<\/strong> au moment o\u00f9 se produisent <strong>les premi\u00e8res convulsions r\u00e9volutionnaires<\/strong>. \u00bb <strong><span style=\"color: #008000;\">Agn\u00e8s VAQUIN<\/span>, La Quinzaine Litt\u00e9raire, 01. 04. 1988<\/strong>. Lire cet article <a href=\"http:\/\/www.claude-arnaud.com\/fr\/wp-content\/uploads\/2021\/02\/506_14_15_vaquin.pdf\">in extenso<\/a>&#8230;<\/h6>\n<h6>\u00ab\u00a0<strong>CETTE BIOGRAPHIE PETARADE<\/strong>, SANS OUBLIER D&rsquo;INFORMER NI D&rsquo;OFFRIR EN CADEAU <span style=\"color: #008000;\"><strong>UNE BRASSEE D&rsquo;INEDITS<\/strong><\/span>; \u00a8POUR LE SUIVRE A LA TRACE, CELUI QUI DISAIT: \u00ab\u00a0<strong>JE N&rsquo;AI A ME REPROCHER QUE D&rsquo;AVOIR TROP VECU<\/strong>\u00a0\u00bb NE POUVAIT <span style=\"color: #008000;\"><strong>ESPERER MIEUX QUE CLAUDE ARNAUD\u00a0\u00bb<\/strong><\/span>. <strong>ERIC NEUHOFF<\/strong>, LE FIGARO MADAME.<\/h6>\n<h6>\u00ab\u00a0<strong>une biographie a la fois brillante et fouillee<\/strong>\u00ab\u00a0. <span style=\"color: #008000;\"><strong>Eric deschodt<\/strong><\/span>, valeurs actuelles, 22 fevrier 1988<\/h6>\n<h6>\u00ab\u00a0<span style=\"color: #008000;\"><strong>CLAUDE ARNAUD<\/strong><\/span> a gagne son marathon. Il a decouvert un <strong>chamfort<\/strong> <strong>encore plus ironique et malheureux que ses maximes<\/strong>. Une sorte de <span style=\"color: #008000;\"><strong>paul leautaud sans cabas<\/strong><\/span>, sans orphelinats de chats et aux bouclettes prometteuses\u00a0\u00bb. <strong>Pierre macaigne<\/strong>, le republicain lorrain, 28 fevrier 1988<\/h6>\n<h6>\u00ab\u00a0<span style=\"color: #008000;\"><strong>magnifique biographie d&rsquo;un personnage fascinant<\/strong><\/span>, mais combien difficile \u00e0 cerner: <strong>arnaud<\/strong> nous l&rsquo;a rendu <strong>limpide<\/strong>\u00ab\u00a0. <span style=\"color: #008000;\"><strong>Daniel yonnet<\/strong><\/span>, ouest-france, 11 avril 1988<\/h6>\n<\/blockquote>\n<blockquote>\n<h2><strong><span style=\"text-decoration: underline;\"><span style=\"color: #008000; text-decoration: underline;\">* EN PRIVE<\/span><\/span><\/strong><\/h2>\n<h6>\u00ab <strong>Les vieux admirateurs de CHAMFORT vous en voudront d\u2019avoir d\u00e9voil\u00e9 tous ses secrets<\/strong> \u00bb. <strong><span style=\"color: #008000;\">E.M. CIORAN<\/span>, lettre \u00e0 l\u2019auteur, 1988<\/strong>.<\/h6>\n<h6><span style=\"color: #008000;\"><strong>Samuel BECKETT<\/strong><\/span> envoie alors \u00e0 l\u2019auteur un exemplaire d\u00e9dicac\u00e9 de ses <strong>Collected Poems in english and in french<\/strong>, o\u00f9 il a traduit en anglais et adapt\u00e9 sur le mode des <strong>limericks<\/strong> huit maximes de <span style=\"color: #008000;\"><strong>CHAMFORT<\/strong><\/span> sous le titre:<strong><em> Long after Chamfort<\/em><\/strong>.<\/h6>\n<\/blockquote>\n<blockquote>\n<h2><span style=\"text-decoration: underline;\"><strong><span style=\"color: #008000; text-decoration: underline;\">* DANS LES JURYS<\/span><\/strong><\/span><\/h2>\n<h6><strong>\u00c9lu 15\u00b0 meilleur livre de l\u2019ann\u00e9e 1988<\/strong> par le magazine <span style=\"color: #008000;\"><strong>LIRE<\/strong><\/span>, cette biographie de CHAMFORT a re\u00e7u <strong>le prix de l\u2019Essai de l\u2019Acad\u00e9mie Fran\u00e7aise<\/strong>, <span style=\"color: #008000;\"><strong>le prix F\u00e9lix F\u00e9n\u00e9on<\/strong><\/span> et <strong>le prix Paul L\u00e9autaud en 1988<\/strong>.<\/h6>\n<h6><a title=\"priceminister\" href=\"http:\/\/www.priceminister.com\/offer\/buy\/655853\/Arnaud-Chamfort-Livre.html#filter=20\" target=\"_blank\" rel=\"noopener\"><span style=\"text-decoration: underline;\"><span style=\"color: #008000;\"><strong>POUR TROUVER CE LIVRE D&rsquo;OCCASION&#8230;<\/strong><\/span><\/span><\/a><\/h6>\n<\/blockquote>\n","protected":false},"excerpt":{"rendered":"<p>\u00a0 *DANS LA PRESSE \u00ab Une biographie \u00e0 l\u2019image de son sujet : \u00e9clatante \u00bb. Jean-Paul ENTHOVEN, Le Nouvel Observateur, 01.1988. \u00ab Aussi ne peut-on r\u00e9fr\u00e9ner un acc\u00e8s de gratitude en lisant une biographie\u2026o\u00f9 la r\u00e9flexion est originale, le style digne du sujet, la familiarit\u00e9 totale avec la p\u00e9riode \u00bb. Jean-Fran\u00e7ois REVEL, Le Point, 1. [&hellip;]<\/p>\n","protected":false},"author":1,"featured_media":0,"parent":20,"menu_order":1,"comment_status":"open","ping_status":"open","template":"","meta":{"footnotes":""},"class_list":["post-24","page","type-page","status-publish","hentry","count-0","even alt","author-admin","last"],"post_mailing_queue_ids":[],"_links":{"self":[{"href":"https:\/\/www.claude-arnaud.com\/fr\/wp-json\/wp\/v2\/pages\/24","targetHints":{"allow":["GET"]}}],"collection":[{"href":"https:\/\/www.claude-arnaud.com\/fr\/wp-json\/wp\/v2\/pages"}],"about":[{"href":"https:\/\/www.claude-arnaud.com\/fr\/wp-json\/wp\/v2\/types\/page"}],"author":[{"embeddable":true,"href":"https:\/\/www.claude-arnaud.com\/fr\/wp-json\/wp\/v2\/users\/1"}],"replies":[{"embeddable":true,"href":"https:\/\/www.claude-arnaud.com\/fr\/wp-json\/wp\/v2\/comments?post=24"}],"version-history":[{"count":34,"href":"https:\/\/www.claude-arnaud.com\/fr\/wp-json\/wp\/v2\/pages\/24\/revisions"}],"predecessor-version":[{"id":13552,"href":"https:\/\/www.claude-arnaud.com\/fr\/wp-json\/wp\/v2\/pages\/24\/revisions\/13552"}],"up":[{"embeddable":true,"href":"https:\/\/www.claude-arnaud.com\/fr\/wp-json\/wp\/v2\/pages\/20"}],"wp:attachment":[{"href":"https:\/\/www.claude-arnaud.com\/fr\/wp-json\/wp\/v2\/media?parent=24"}],"curies":[{"name":"wp","href":"https:\/\/api.w.org\/{rel}","templated":true}]}}