{"id":22,"date":"2009-05-26T18:56:14","date_gmt":"2009-05-26T16:56:14","guid":{"rendered":"http:\/\/www.claude-arnaud.com\/fr\/?page_id=22"},"modified":"2021-04-06T14:35:55","modified_gmt":"2021-04-06T13:35:55","slug":"la-quatrieme-de-couverture","status":"publish","type":"page","link":"https:\/\/www.claude-arnaud.com\/fr\/biographies\/chamfort\/la-quatrieme-de-couverture","title":{"rendered":"Chamfort : la quatri\u00e8me de couverture"},"content":{"rendered":"<h2><span style=\"text-decoration: underline; color: #008000;\"><strong><a href=\"https:\/\/www.claude-arnaud.com\/fr\/wp-content\/uploads\/2009\/05\/chamfort.jpg\"><img loading=\"lazy\" decoding=\"async\" class=\"alignleft size-full wp-image-1425\" src=\"https:\/\/www.claude-arnaud.com\/fr\/wp-content\/uploads\/2009\/05\/chamfort.jpg\" alt=\"\" width=\"170\" height=\"260\" srcset=\"https:\/\/www.claude-arnaud.com\/fr\/wp-content\/uploads\/2009\/05\/chamfort.jpg 170w, https:\/\/www.claude-arnaud.com\/fr\/wp-content\/uploads\/2009\/05\/chamfort-98x150.jpg 98w\" sizes=\"auto, (max-width: 170px) 100vw, 170px\" \/><\/a>LA QUATRIEME DE COUVERTURE<\/strong><\/span><\/h2>\n<h6>On conna\u00eet <strong>ses maximes sur l\u2019amour<\/strong> &#8211; \u201cle contact de deux \u00e9pidermes\u2026\u201d-, mais rien ou presque sur sa vie. <strong>Myst\u00e9rieux, double et tra\u00eetre<\/strong>, <span style=\"color: #008000;\"><strong>Chamfort<\/strong><\/span> est un inconnu illustre, presque un fant\u00f4me, tel <strong>Sade<\/strong> avant sa red\u00e9couverte. Cette <span style=\"color: #008000;\"><strong>premi\u00e8re biographie exhaustive<\/strong> <\/span>r\u00e9v\u00e8le un caract\u00e8re <strong>extraordinairement complexe<\/strong>. B\u00e2tard d\u2019une aristocrate et d\u2019un chanoine, tour \u00e0 tour libertin, po\u00e8te et jacobin, <span style=\"color: #008000;\"><strong>Chamfort<\/strong><\/span> accumule les contradictions. <strong>Sauvage et mondain, misanthrope et id\u00e9aliste, \u00e9crivain et refusant jusqu\u2019\u00e0 l\u2019id\u00e9e d\u2019\u00e9crire<\/strong>, il est un des t\u00e9moins les plus brillants de <strong><span style=\"color: #008000;\">la premi\u00e8re soci\u00e9t\u00e9 du spectacle<\/span><\/strong>, d\u2019une acuit\u00e9 et d\u2019un nihilisme tr\u00e8s actuel. \u201cTout a l\u2019air \u00e9crit la veille\u201d disait <span style=\"color: #008000;\"><strong>Cocteau<\/strong><\/span> \u00e0 la lecture de ses maximes. Seuls les noms et les dates seraient \u00e0 changer dans ce portrait &#8211; <strong>\u00e0 mi-chemin du pastel et du scanner<\/strong> &#8211; d\u2019un si\u00e8cle qui a invent\u00e9 la libert\u00e9 religieuse, sexuelle et politique.<\/h6>\n<blockquote>\n<h6>Ayant c\u00f4toy\u00e9 <strong>Rousseau<\/strong>, <span style=\"color: #008000;\"><strong>Voltaire<\/strong><\/span>, <strong>Diderot<\/strong>, Rivarol et <span style=\"color: #008000;\"><strong>Talleyrand<\/strong><\/span>, aim\u00e9 la <span style=\"color: #008000;\"><strong>Guimard<\/strong><\/span>, <strong>Marthe Buffon<\/strong> et <strong><span style=\"color: #008000;\">Julie Talma<\/span><\/strong>, pr\u00e9par\u00e9 d\u00e8s 1785 la R\u00e9volution avec <strong>Mirabeau<\/strong> dans le giron de l\u2019Ancien R\u00e9gime, <span style=\"color: #008000;\"><strong>Chamfort<\/strong><\/span> pr\u00e9figure les r\u00eaves et les d\u00e9sillusions de l\u2019id\u00e9ologie moderne. Comment soutient-on la mort de <span style=\"color: #008000;\"><strong>Louis XVI<\/strong><\/span> apr\u00e8s l\u2019avoir fait pleurer avec sa trag\u00e9die ? Comment se suicide-t-on sous la Terreur apr\u00e8s avoir <strong>sacrifi\u00e9 son argent, sa sant\u00e9 et sa vie priv\u00e9e \u00e0 la libert\u00e9<\/strong> ? C\u2019est l\u2019\u00e9nigme qui a fascin\u00e9 <span style=\"color: #008000;\"><strong>Chateaubriand<\/strong>, <strong>Stendhal<\/strong>, <strong>Nietzsche<\/strong><\/span> et <span style=\"color: #008000;\"><strong>Cioran<\/strong><\/span> et que <span style=\"color: #008000;\"><strong>Claude Arnaud<\/strong><\/span> tente de r\u00e9soudre. En filigrane appara\u00eet un des premiers r\u00e9publicains de France.<\/h6>\n<\/blockquote>\n<h6><em><a href=\"http:\/\/www.claude-arnaud.com\/fr\/wp-content\/uploads\/2009\/05\/dsc83291-199x300.jpg\"><img loading=\"lazy\" decoding=\"async\" class=\"alignleft size-thumbnail wp-image-1316\" title=\"_dsc83291-199x300\" src=\"http:\/\/www.claude-arnaud.com\/fr\/wp-content\/uploads\/2009\/05\/dsc83291-199x300-150x150.jpg\" alt=\"\" width=\"150\" height=\"150\" srcset=\"https:\/\/www.claude-arnaud.com\/fr\/wp-content\/uploads\/2009\/05\/dsc83291-199x300-150x150.jpg 150w, https:\/\/www.claude-arnaud.com\/fr\/wp-content\/uploads\/2009\/05\/dsc83291-199x300-64x64.jpg 64w\" sizes=\"auto, (max-width: 150px) 100vw, 150px\" \/><\/a><strong>Le volume s\u2019\u00e9ch\u00e8ve sur 70 maximes, anecdotes, mots et dialogues in\u00e9dits ou jamais r\u00e9\u00e9dit\u00e9s.<\/strong><\/em><\/h6>\n<h6><\/h6>\n<h6><\/h6>\n<h6><\/h6>\n<h6><em>(<span style=\"color: #008000;\">Photo Hannah, Agence Opale)<\/span><\/em><\/h6>\n","protected":false},"excerpt":{"rendered":"<p>LA QUATRIEME DE COUVERTURE On conna\u00eet ses maximes sur l\u2019amour &#8211; \u201cle contact de deux \u00e9pidermes\u2026\u201d-, mais rien ou presque sur sa vie. Myst\u00e9rieux, double et tra\u00eetre, Chamfort est un inconnu illustre, presque un fant\u00f4me, tel Sade avant sa red\u00e9couverte. Cette premi\u00e8re biographie exhaustive r\u00e9v\u00e8le un caract\u00e8re extraordinairement complexe. B\u00e2tard d\u2019une aristocrate et d\u2019un chanoine, [&hellip;]<\/p>\n","protected":false},"author":1,"featured_media":0,"parent":20,"menu_order":0,"comment_status":"open","ping_status":"open","template":"","meta":{"footnotes":""},"class_list":["post-22","page","type-page","status-publish","hentry","count-0","even alt","author-admin","last"],"post_mailing_queue_ids":[],"_links":{"self":[{"href":"https:\/\/www.claude-arnaud.com\/fr\/wp-json\/wp\/v2\/pages\/22","targetHints":{"allow":["GET"]}}],"collection":[{"href":"https:\/\/www.claude-arnaud.com\/fr\/wp-json\/wp\/v2\/pages"}],"about":[{"href":"https:\/\/www.claude-arnaud.com\/fr\/wp-json\/wp\/v2\/types\/page"}],"author":[{"embeddable":true,"href":"https:\/\/www.claude-arnaud.com\/fr\/wp-json\/wp\/v2\/users\/1"}],"replies":[{"embeddable":true,"href":"https:\/\/www.claude-arnaud.com\/fr\/wp-json\/wp\/v2\/comments?post=22"}],"version-history":[{"count":25,"href":"https:\/\/www.claude-arnaud.com\/fr\/wp-json\/wp\/v2\/pages\/22\/revisions"}],"predecessor-version":[{"id":13140,"href":"https:\/\/www.claude-arnaud.com\/fr\/wp-json\/wp\/v2\/pages\/22\/revisions\/13140"}],"up":[{"embeddable":true,"href":"https:\/\/www.claude-arnaud.com\/fr\/wp-json\/wp\/v2\/pages\/20"}],"wp:attachment":[{"href":"https:\/\/www.claude-arnaud.com\/fr\/wp-json\/wp\/v2\/media?parent=22"}],"curies":[{"name":"wp","href":"https:\/\/api.w.org\/{rel}","templated":true}]}}