{"id":20,"date":"2009-05-26T18:54:22","date_gmt":"2009-05-26T16:54:22","guid":{"rendered":"http:\/\/www.claude-arnaud.com\/fr\/?page_id=20"},"modified":"2023-04-23T17:53:27","modified_gmt":"2023-04-23T16:53:27","slug":"chamfort","status":"publish","type":"page","link":"https:\/\/www.claude-arnaud.com\/fr\/biographies\/chamfort","title":{"rendered":"Chamfort"},"content":{"rendered":"<h1><span style=\"color: #008000;\"><strong><a href=\"http:\/\/www.claude-arnaud.com\/fr\/wp-content\/uploads\/2009\/05\/51vFymii5tL._.jpg\"><img loading=\"lazy\" decoding=\"async\" class=\"alignleft size-medium wp-image-4592\" title=\"51vFymii5tL._\" src=\"http:\/\/www.claude-arnaud.com\/fr\/wp-content\/uploads\/2009\/05\/51vFymii5tL._-200x300.jpg\" alt=\"\" width=\"200\" height=\"300\" srcset=\"https:\/\/www.claude-arnaud.com\/fr\/wp-content\/uploads\/2009\/05\/51vFymii5tL._-200x300.jpg 200w, https:\/\/www.claude-arnaud.com\/fr\/wp-content\/uploads\/2009\/05\/51vFymii5tL._.jpg 334w\" sizes=\"auto, (max-width: 200px) 100vw, 200px\" \/><\/a>POURQUOI CHAMFORT?<br \/>\n<\/strong><\/span><\/h1>\n<blockquote>\n<h6><strong>\u00ab\u00a0En \u00e9crivant cette premi\u00e8re biographie de <span style=\"color: #008000;\">CHAMFORT<\/span>, je souhaitais explorer les arcanes d\u2019une personnalit\u00e9 fonci\u00e8rement divis\u00e9e, autant que rendre hommage au moraliste qui avait fascin\u00e9 <span style=\"color: #008000;\">Chateaubriand<\/span> et <span style=\"color: #008000;\">Stendhal<\/span>, avant d\u2019inspirer <span style=\"color: #008000;\">Nietzsche<\/span>&#8230;<\/strong><\/h6>\n<\/blockquote>\n<blockquote>\n<h6><strong>Fils b\u00e2tard d\u2018une aristocrate et d\u2019un modeste chanoine,<\/strong> il avait pris la place d\u2019un <span style=\"color: #008000;\"><strong>enfant du peuple mort en bas-\u00e2ge, et v\u00e9cut d\u00e9doubl\u00e9<\/strong> <\/span>&#8211; \u00e0 la fois cet enfant qu\u2019un cousin \u00e9picier du chanoine avait \u00e9lev\u00e9, et le fils de <span style=\"color: #008000;\"><strong>Mme de Vinzelles<\/strong><\/span>, dont la noblesse remontait aux croisades. Sa vie pourrait se r\u00e9sumer \u00e0 <strong>la lutte inlassable que se livr\u00e8rent ces deux hommes<\/strong> : qu\u2019il s\u2019agisse de faire repr\u00e9senter une trag\u00e9die devant <span style=\"color: #008000;\"><strong>Louis XVI<\/strong><\/span>, \u00e0 l\u2019apog\u00e9e de la monarchie, ou de demander la mort pour <span style=\"color: #008000;\"><strong>Marie-Antoinette<\/strong><\/span>, en pleine R\u00e9volution, ils le pouss\u00e8rent toujours dans les directions les plus oppos\u00e9es &#8211; j\u2019avais souvent en t\u00eate l\u2019image des voitures auto-\u00e9cole dot\u00e9s de deux volants. <span style=\"color: #008000;\"><strong>Chamfort<\/strong><\/span> finit \u00ab logiquement \u00bb par se suicider, sous la Terreur : <strong>le pl\u00e9b\u00e9ien<\/strong> qui bataillait en lui avait tout sacrifi\u00e9 \u00e0 la R\u00e9volution, mais celle-ci se souvenait de <span style=\"color: #008000;\"><strong>l\u2019aristocrate<\/strong><\/span> qu\u2019il \u00e9tait aussi\u00a0\u00bb.<strong> <span style=\"color: #008000;\">Claude Arnaud<\/span><\/strong><\/h6>\n<h6>*<a href=\"https:\/\/www.amazon.fr\/CHAMFORT-CLAUDE-ARNAUD\/dp\/2221044134\/ref=sr_1_1?hvadid=9266590291&amp;hvdev=c&amp;hvnetw=s&amp;hvpos=2t1&amp;hvqmt=b&amp;hvrand=16998444511567494600&amp;keywords=claude+arnaud+chamfort&amp;qid=1645530953&amp;s=books&amp;sr=1-1\" target=\"_blank\" rel=\"noopener\">Pour trouver ce livre<\/a>&#8230;<\/h6>\n<\/blockquote>\n<blockquote>\n<h6><strong>CETTE BIOGRAPHIE DE <span style=\"color: #008000;\">CHAMFORT<\/span> est paruE en 1988 chez <span style=\"color: #008000;\">Robert Laffont<\/span> (ISBN 2-221-04413-4), avec <span style=\"color: #008000;\">70 maximes, anecdotes, mots et dialogues in\u00e9dits<\/span>, ou jamais r\u00e9\u00e9dit\u00e9s du moraliste.<\/strong><\/h6>\n<h6><span style=\"color: #008000;\"><strong>Foreign rights\/Droits de vente pour l\u2019\u00e9tranger<\/strong><\/span> : Benita Edzard. fax, in Paris, 0153671490. Tel : 0153671486. E-mail : bedzard@robert-laffont.fr<\/h6>\n<h6><strong>Pour trouver ce livre<\/strong> : <a href=\"https:\/\/www.amazon.fr\/CHAMFORT-CLAUDE-ARNAUD\/dp\/2221044134\/ref=sr_1_1?hvadid=9266590291&amp;hvdev=c&amp;hvnetw=s&amp;hvpos=2t1&amp;hvqmt=b&amp;hvrand=16998444511567494600&amp;keywords=claude+arnaud+chamfort&amp;qid=1645530953&amp;s=books&amp;sr=1-1\" target=\"_blank\" rel=\"noopener\">www.amazon.fr<\/a><\/h6>\n<h6><strong>Un an pr\u00e8s Sa publication<\/strong>, <span style=\"color: #008000;\"><strong>CLAUDE ARNAUD<\/strong><\/span> A participE \u00e0 la publication du <strong><span style=\"color: #008000;\">MONDE DE LA R\u00c9VOLUTION<\/span><\/strong>, 12 num\u00e9ros consacr\u00e9s \u00e0 la c\u00e9l\u00e9bration du bicentenaire de la <strong>R\u00c9VOLUTION FRAN\u00c7AISE<\/strong>. Avec, dans le n\u00b0 1, un portrait de <span style=\"color: #008000;\"><strong>BARNAVE<\/strong><\/span>, le tribuN \u00ab\u00a0retourn\u00e9\u00a0\u00bb par <span style=\"color: #008000;\"><strong>MARIE-ANTOINETTE<\/strong><\/span>, et dans le n\u00b0 2, un portrait de <strong>LACLOS<\/strong>, l&rsquo;officier f\u00e9ministe qui avait immortalis\u00e9, dans <span style=\"color: #008000;\"><strong>LES LIAISONS DANGEREUSES<\/strong><\/span>, les moeurs immorales de l&rsquo;Ancien R\u00e9gime.<\/h6>\n<h6><span style=\"color: #008000;\"><a href=\"https:\/\/fr.shopping.rakuten.com\/s\/le+monde+de+la+revolution+francaise\" target=\"_blank\" rel=\"noopener\">*Pour voir <\/a><strong><span style=\"color: #008000;\"><a href=\"https:\/\/fr.shopping.rakuten.com\/s\/le+monde+de+la+revolution+francaise\" target=\"_blank\" rel=\"noopener\">les sommaires ou acheter les num\u00e9ros<\/a>&#8230;<\/span><\/strong><\/span><\/h6>\n<h3><span style=\"text-decoration: underline;\"><strong><span style=\"color: #008000; text-decoration: underline;\">*EN POCHE<\/span><\/strong><\/span><\/h3>\n<h6><span style=\"color: #008000;\"><strong><img loading=\"lazy\" decoding=\"async\" class=\"alignleft size-medium wp-image-10855\" style=\"display: none !important; visibility: hidden !important; opacity: 0 !important; background-position: 0px 0px;\" src=\"http:\/\/www.claude-arnaud.com\/fr\/wp-content\/uploads\/2021\/01\/2999861896-2-300x300.gif\" alt=\"\" width=\"0\" height=\"0\" \/> <img loading=\"lazy\" decoding=\"async\" class=\"alignleft size-medium wp-image-10853\" style=\"display: none !important; visibility: hidden !important; opacity: 0 !important; background-position: 0px 0px;\" src=\"http:\/\/www.claude-arnaud.com\/fr\/wp-content\/uploads\/2021\/01\/2999861896-300x300.gif\" alt=\"\" width=\"0\" height=\"0\" \/><img loading=\"lazy\" decoding=\"async\" class=\"alignleft size-medium wp-image-10856\" style=\"display: none !important; visibility: hidden !important; opacity: 0 !important; background-position: 0px 0px;\" src=\"http:\/\/www.claude-arnaud.com\/fr\/wp-content\/uploads\/2021\/01\/2999861896-1-1-300x300.gif\" alt=\"\" width=\"0\" height=\"0\" srcset=\"https:\/\/www.claude-arnaud.com\/fr\/wp-content\/uploads\/2021\/01\/2999861896-1-1-300x300.gif 300w, https:\/\/www.claude-arnaud.com\/fr\/wp-content\/uploads\/2021\/01\/2999861896-1-1-150x150.gif 150w\" sizes=\"auto, (max-width: 300px) 100vw, 300px\" \/> <img loading=\"lazy\" decoding=\"async\" class=\"alignleft size-medium wp-image-10854\" style=\"display: none !important; visibility: hidden !important; opacity: 0 !important; background-position: 0px 0px;\" src=\"http:\/\/www.claude-arnaud.com\/fr\/wp-content\/uploads\/2021\/01\/2999861896-1-300x300.gif\" alt=\"\" width=\"0\" height=\"0\" \/><img loading=\"lazy\" decoding=\"async\" class=\"alignleft  wp-image-10873\" src=\"http:\/\/www.claude-arnaud.com\/fr\/wp-content\/uploads\/2021\/01\/563358_15990550-194x300.jpg\" alt=\"\" width=\"153\" height=\"237\" srcset=\"https:\/\/www.claude-arnaud.com\/fr\/wp-content\/uploads\/2021\/01\/563358_15990550-194x300.jpg 194w, https:\/\/www.claude-arnaud.com\/fr\/wp-content\/uploads\/2021\/01\/563358_15990550.jpg 400w\" sizes=\"auto, (max-width: 153px) 100vw, 153px\" \/>*Publi\u00e9e en 1989 dans la collection<\/strong><\/span> <strong>PLURIEL<\/strong>, dirig\u00e9e par <span style=\"color: #008000;\"><strong>Georges LI\u00c9BERT<\/strong><\/span>, l\u2019\u00e9dition de poche de <strong>CHAMFORT<\/strong> contient en annexe un important dossier de presse\u2026 pour <a title=\"bio\" href=\"http:\/\/www.claude-arnaud.com\/fr\/biographies\/chamfort\/chamfort-en-poche\">en savoir plus<\/a>&#8230;<\/h6>\n<h6><span style=\"color: #008000;\"><strong><span style=\"text-decoration: underline;\">Pour trouver cette edition<\/span>:<\/strong><\/span>\u00a0 <a title=\"lien abebooks\" href=\"http:\/\/www.abebooks.fr\/servlet\/SearchResults?tn=Chamfort&amp;sortby=3&amp;sts=t&amp;an=arnaud&amp;y=15&amp;x=49&amp;kn=biographie\" target=\"_blank\" rel=\"noopener\">www.abebooks.fr<\/a>\u00a0 <span style=\"color: #008000;\"><strong>OU BIEN<\/strong><\/span>: <a href=\"http:\/\/www.amazon.fr\/Chamfort-soixante-dix-anecdotes-dialogues-Collection\/dp\/0785939156\" target=\"_blank\" rel=\"noopener\">www.amazon.fr<\/a><\/h6>\n<h6><strong><span style=\"text-decoration: underline;\">En occasion<\/span> :<\/strong> <a href=\"http:\/\/www.chapitre.com\/CHAPITRE\/fr\/BOOK\/arnaud-claude-chamfort-sebastien-roch-nicolas-de\/chamfort-biographie,993104.aspx#used\" target=\"_blank\" rel=\"noopener\">www.chapitre.com<\/a><\/h6>\n<h6><\/h6>\n<h6><span style=\"color: #008000;\">*<\/span><strong><span style=\"color: #008000;\">28 ANS<\/span> APR\u00c8S SA PUBLICATION CHEZ<\/strong>\u00a0<span style=\"color: #008000;\"><strong>ROBERT LAFFONT<\/strong><\/span>, 26 ANS APR\u00c8S SON PREMIER<a href=\"http:\/\/www.claude-arnaud.com\/fr\/wp-content\/uploads\/2009\/05\/COUV_CHAMFORT-300x229.jpg\"><img loading=\"lazy\" decoding=\"async\" class=\"alignright size-full wp-image-9052\" title=\"COUV_CHAMFORT-300x229\" src=\"http:\/\/www.claude-arnaud.com\/fr\/wp-content\/uploads\/2009\/05\/COUV_CHAMFORT-300x229.jpg\" alt=\"\" width=\"300\" height=\"229\" \/><\/a> PASSAGE\u00a0<strong>EN POCHE PLURIEL<\/strong>,\u00a0<span style=\"color: #008000;\"><em><strong>CHAMFORT<\/strong><\/em><\/span>\u00a0\u00a0RESSUSCITE<strong>, EN OCTOBRE 2016<\/strong>,\u00a0<strong>DANS LA COLLECTION DE POCHE <span style=\"color: #008000;\">TEMPUS<\/span><\/strong>, AUX \u00c9DITIONS\u00a0<strong>PERRIN<\/strong>, PR\u00c9C\u00c9D\u00c9 D\u2019UNE NOUVELLE PR\u00c9FACE pAr <strong><span style=\"color: #008000;\">Claude arnaud<\/span><\/strong>.Pour <a href=\"https:\/\/www.decitre.fr\/livres\/chamfort-9782262068110.html\" target=\"_blank\" rel=\"noopener\">trouver ce livre<\/a>\u2026<\/h6>\n<h6><a title=\"bio\" href=\"http:\/\/www.claude-arnaud.com\/fr\/biographies\/chamfort\/en-poche-chez-tempus\">Pour en savoir plus<\/a>&#8230;<\/h6>\n<h6><strong>Droits pour l\u2019\u00e9tranger \/ Foreign rights : Mme Heidi Warneke. Editions Grasset. E-mail : <a href=\"mailto:hwarneke@grasset.fr\" target=\"_blank\" rel=\"noopener\">hwarneke@grasset.fr<\/a><\/strong><\/h6>\n<h6><\/h6>\n<\/blockquote>\n<p><a href=\"http:\/\/www.claude-arnaud.com\/fr\/wp-content\/uploads\/2009\/05\/dsc83291-199x300.jpg\"><img loading=\"lazy\" decoding=\"async\" class=\"aligncenter size-thumbnail wp-image-1316\" title=\"_dsc83291-199x300\" src=\"http:\/\/www.claude-arnaud.com\/fr\/wp-content\/uploads\/2009\/05\/dsc83291-199x300-150x150.jpg\" alt=\"\" width=\"129\" height=\"129\" srcset=\"https:\/\/www.claude-arnaud.com\/fr\/wp-content\/uploads\/2009\/05\/dsc83291-199x300-150x150.jpg 150w, https:\/\/www.claude-arnaud.com\/fr\/wp-content\/uploads\/2009\/05\/dsc83291-199x300-64x64.jpg 64w\" sizes=\"auto, (max-width: 129px) 100vw, 129px\" \/><\/a> (Photo: HANNA, Agence Opale)<\/p>\n","protected":false},"excerpt":{"rendered":"<p>POURQUOI CHAMFORT? \u00ab\u00a0En \u00e9crivant cette premi\u00e8re biographie de CHAMFORT, je souhaitais explorer les arcanes d\u2019une personnalit\u00e9 fonci\u00e8rement divis\u00e9e, autant que rendre hommage au moraliste qui avait fascin\u00e9 Chateaubriand et Stendhal, avant d\u2019inspirer Nietzsche&#8230; Fils b\u00e2tard d\u2018une aristocrate et d\u2019un modeste chanoine, il avait pris la place d\u2019un enfant du peuple mort en bas-\u00e2ge, et v\u00e9cut [&hellip;]<\/p>\n","protected":false},"author":1,"featured_media":0,"parent":10,"menu_order":0,"comment_status":"open","ping_status":"open","template":"","meta":{"footnotes":""},"class_list":["post-20","page","type-page","status-publish","hentry","count-0","even alt","author-admin","last"],"post_mailing_queue_ids":[],"_links":{"self":[{"href":"https:\/\/www.claude-arnaud.com\/fr\/wp-json\/wp\/v2\/pages\/20","targetHints":{"allow":["GET"]}}],"collection":[{"href":"https:\/\/www.claude-arnaud.com\/fr\/wp-json\/wp\/v2\/pages"}],"about":[{"href":"https:\/\/www.claude-arnaud.com\/fr\/wp-json\/wp\/v2\/types\/page"}],"author":[{"embeddable":true,"href":"https:\/\/www.claude-arnaud.com\/fr\/wp-json\/wp\/v2\/users\/1"}],"replies":[{"embeddable":true,"href":"https:\/\/www.claude-arnaud.com\/fr\/wp-json\/wp\/v2\/comments?post=20"}],"version-history":[{"count":40,"href":"https:\/\/www.claude-arnaud.com\/fr\/wp-json\/wp\/v2\/pages\/20\/revisions"}],"predecessor-version":[{"id":15367,"href":"https:\/\/www.claude-arnaud.com\/fr\/wp-json\/wp\/v2\/pages\/20\/revisions\/15367"}],"up":[{"embeddable":true,"href":"https:\/\/www.claude-arnaud.com\/fr\/wp-json\/wp\/v2\/pages\/10"}],"wp:attachment":[{"href":"https:\/\/www.claude-arnaud.com\/fr\/wp-json\/wp\/v2\/media?parent=20"}],"curies":[{"name":"wp","href":"https:\/\/api.w.org\/{rel}","templated":true}]}}