{"id":15445,"date":"2023-05-06T09:35:07","date_gmt":"2023-05-06T08:35:07","guid":{"rendered":"https:\/\/www.claude-arnaud.com\/fr\/?page_id=15445"},"modified":"2023-05-06T09:37:04","modified_gmt":"2023-05-06T08:37:04","slug":"juste-un-corps-en-daisy-audio-en-braille-abrege-et-integral","status":"publish","type":"page","link":"https:\/\/www.claude-arnaud.com\/fr\/romans\/juste-un-corps\/juste-un-corps-en-daisy-audio-en-braille-abrege-et-integral","title":{"rendered":"Juste un corps : en daisy audio, en braille abr\u00e9g\u00e9 et int\u00e9gral"},"content":{"rendered":"<h6><strong><a href=\"http:\/\/www.claude-arnaud.com\/fr\/wp-content\/uploads\/2017\/11\/logo-1.png\"><img loading=\"lazy\" decoding=\"async\" class=\"alignleft size-medium wp-image-8141\" title=\"logo-1\" src=\"http:\/\/www.claude-arnaud.com\/fr\/wp-content\/uploads\/2017\/11\/logo-1-300x257.png\" alt=\"\" width=\"300\" height=\"257\" srcset=\"https:\/\/www.claude-arnaud.com\/fr\/wp-content\/uploads\/2017\/11\/logo-1-300x257.png 300w, https:\/\/www.claude-arnaud.com\/fr\/wp-content\/uploads\/2017\/11\/logo-1.png 357w\" sizes=\"auto, (max-width: 300px) 100vw, 300px\" \/><\/a>*<span style=\"color: #008000;\">La M\u00e9diath\u00e8que VALENTIN HA\u00dcY<\/span><\/strong> met \u00e0 disposition des mal voyants <em><strong>JUSTE UN CORPS<\/strong><\/em> sur son site <strong>EOLE<\/strong>. <span style=\"color: #008000;\">Lus par <strong>MANON<\/strong><\/span>, <strong>en daisy audio (1 h 12 m)<\/strong>. Pour <a href=\"https:\/\/eole.avh.asso.fr\/auteur\/Arnaud,%20Claude\" target=\"_blank\" rel=\"noopener\">t\u00e9l\u00e9charger cette version.<\/a><\/h6>\n<h6><em><strong>*<span style=\"color: #008000;\">JUSTE UN CORPS<\/span> <\/strong><\/em>est aussi accessible <span style=\"color: #008000;\">en <\/span><strong><span style=\"color: #008000;\">braille abr\u00e9g\u00e9<\/span> (table fran\u00e7aise et table am\u00e9ricaine)<\/strong> et <strong>en <span style=\"color: #008000;\">braille int\u00e9gral<\/span> (table fran\u00e7aise et table am\u00e9ricaine). <a href=\"https:\/\/eole.avh.asso.fr\/auteur\/Arnaud,%20Claude\" target=\"_blank\" rel=\"noopener\">Pour t\u00e9l\u00e9charger ces versions&#8230;<\/a><\/strong><\/h6>\n<p><a href=\"https:\/\/www.claude-arnaud.com\/fr\/wp-content\/uploads\/2017\/11\/logo-mediatheque.png\"><img loading=\"lazy\" decoding=\"async\" class=\"alignleft size-full wp-image-8142\" src=\"https:\/\/www.claude-arnaud.com\/fr\/wp-content\/uploads\/2017\/11\/logo-mediatheque.png\" alt=\"\" width=\"225\" height=\"193\" \/><\/a><\/p>\n","protected":false},"excerpt":{"rendered":"<p>*La M\u00e9diath\u00e8que VALENTIN HA\u00dcY met \u00e0 disposition des mal voyants JUSTE UN CORPS sur son site EOLE. Lus par MANON, en daisy audio (1 h 12 m). Pour t\u00e9l\u00e9charger cette version. *JUSTE UN CORPS est aussi accessible en braille abr\u00e9g\u00e9 (table fran\u00e7aise et table am\u00e9ricaine) et en braille int\u00e9gral (table fran\u00e7aise et table am\u00e9ricaine). Pour [&hellip;]<\/p>\n","protected":false},"author":2,"featured_media":0,"parent":13653,"menu_order":4,"comment_status":"closed","ping_status":"closed","template":"","meta":{"footnotes":""},"class_list":["post-15445","page","type-page","status-publish","hentry","count-0","even alt","author-claude-arnaud","last"],"post_mailing_queue_ids":[],"_links":{"self":[{"href":"https:\/\/www.claude-arnaud.com\/fr\/wp-json\/wp\/v2\/pages\/15445","targetHints":{"allow":["GET"]}}],"collection":[{"href":"https:\/\/www.claude-arnaud.com\/fr\/wp-json\/wp\/v2\/pages"}],"about":[{"href":"https:\/\/www.claude-arnaud.com\/fr\/wp-json\/wp\/v2\/types\/page"}],"author":[{"embeddable":true,"href":"https:\/\/www.claude-arnaud.com\/fr\/wp-json\/wp\/v2\/users\/2"}],"replies":[{"embeddable":true,"href":"https:\/\/www.claude-arnaud.com\/fr\/wp-json\/wp\/v2\/comments?post=15445"}],"version-history":[{"count":2,"href":"https:\/\/www.claude-arnaud.com\/fr\/wp-json\/wp\/v2\/pages\/15445\/revisions"}],"predecessor-version":[{"id":15448,"href":"https:\/\/www.claude-arnaud.com\/fr\/wp-json\/wp\/v2\/pages\/15445\/revisions\/15448"}],"up":[{"embeddable":true,"href":"https:\/\/www.claude-arnaud.com\/fr\/wp-json\/wp\/v2\/pages\/13653"}],"wp:attachment":[{"href":"https:\/\/www.claude-arnaud.com\/fr\/wp-json\/wp\/v2\/media?parent=15445"}],"curies":[{"name":"wp","href":"https:\/\/api.w.org\/{rel}","templated":true}]}}