{"id":15121,"date":"2023-03-26T16:25:27","date_gmt":"2023-03-26T15:25:27","guid":{"rendered":"https:\/\/www.claude-arnaud.com\/fr\/?page_id=15121"},"modified":"2025-01-25T23:35:25","modified_gmt":"2025-01-25T22:35:25","slug":"picasso-tout-contre-cocteau-a-letranger-abroad","status":"publish","type":"page","link":"https:\/\/www.claude-arnaud.com\/fr\/essais\/picasso-tout-contre-cocteau\/picasso-tout-contre-cocteau-a-letranger-abroad","title":{"rendered":"Picasso tout contre Cocteau : \u00e0 l&rsquo;\u00e9tranger\/abroad"},"content":{"rendered":"<p><strong>Droits Etrangers\/Foreign rights<\/strong> : <span style=\"color: #008000;\"><strong>Heidi Warneke, Grasset editor<\/strong><\/span>. Ph: <strong>00331 44392212 <\/strong><\/p>\n<p><span style=\"color: #008000;\"><strong>fax: 00331 45449403<\/strong><\/span> <strong>E-mail<\/strong> : <a href=\"mailto:hwarneke@grasset.fr\" target=\"_blank\" rel=\"noopener\">hwarneke@grasset.fr<\/a><\/p>\n<h2>*PRESSE<\/h2>\n<p><a href=\"https:\/\/www.claude-arnaud.com\/fr\/wp-content\/uploads\/2013\/03\/drapeau-suisse-carre\u0301-150x150.png\"><img loading=\"lazy\" decoding=\"async\" class=\"alignleft  wp-image-4151\" src=\"https:\/\/www.claude-arnaud.com\/fr\/wp-content\/uploads\/2013\/03\/drapeau-suisse-carre\u0301-150x150.png\" alt=\"\" width=\"93\" height=\"93\" srcset=\"https:\/\/www.claude-arnaud.com\/fr\/wp-content\/uploads\/2013\/03\/drapeau-suisse-carre\u0301-150x150.png 150w, https:\/\/www.claude-arnaud.com\/fr\/wp-content\/uploads\/2013\/03\/drapeau-suisse-carre\u0301-150x150-48x48.png 48w\" sizes=\"auto, (max-width: 93px) 100vw, 93px\" \/><\/a>Dans <em><strong>BILAN<\/strong><\/em>, le bi-mensuel \u00e9conomique helv\u00e9tique, <span style=\"color: #008000;\"><strong>Etienne DUMONT rend compte avec chaleur du livre, en date du 25 mars 2023<\/strong><\/span>. \u00ab\u00a0<span class=\"HtmlText_root__3vQQX\"><strong>Il est apparemment des sujets in\u00e9puisables.<span style=\"color: #008000;\"> Surtout s\u2019il s\u2019agit de \u00abmonstres sacr\u00e9s\u00bb<\/span>.<\/strong> Ainsi en va-t-il de <span style=\"color: #008000;\"><strong>COCTEAU<\/strong><\/span> (qui inventa du reste l\u2019expression) et de <span style=\"color: #008000;\"><strong>PICASSO<\/strong><\/span>. <strong>Ils se trouvent \u00e0 nouveau r\u00e9unis dans le nouvel ouvrage de <span style=\"color: #008000;\">Claude ARNAUD<\/span>.<\/strong> <strong>Dans sa pr\u00e9face, ce dernier rapproche le livre<\/strong> de son \u00ab<em><strong>Proust contre Cocteau<\/strong><\/em>\u00bb de 2013. Il craignait d\u00e9j\u00e0 de se r\u00e9p\u00e9ter <strong>dix ans apr\u00e8s la sortie de sa biographie \u00e0 rallonges sur COCTEAU de 2003<\/strong>. <span style=\"color: #008000;\"><strong>Elle ne comptait pas moins de 864 pages.<\/strong> <\/span>Tr\u00e8s agr\u00e9ables \u00e0 lire selon moi, d\u2019ailleurs. \u00abJ\u2019avais peur de me r\u00e9p\u00e9ter.\u00bb <strong>Eh bien apparemment pas! (&#8230;) <\/strong><\/span><span class=\"HtmlText_root__3vQQX\"><strong>Le biographe et autobiographe<\/strong> (dont j\u2019avais beaucoup aim\u00e9 en 2010 <span style=\"color: #008000;\"><em><strong>\u00abQu\u2019as-tu fait de ses fr\u00e8res\u00bb<\/strong><\/em><\/span> o\u00f9 <strong>ARNAUD racontait <span style=\"color: #008000;\">avec vivacit\u00e9 ses fugues contestataires<\/span><\/strong>, \u00e0 treize ans, dans le Paris de 1968) remet donc aujourd\u2019hui la compresse. On a d\u00e9j\u00e0 autant \u00e9crit sur <strong>PICASSO<\/strong> que sur <span style=\"color: #008000;\"><strong>COCTEAU<\/strong><\/span> et <strong>PROUST<\/strong> r\u00e9unis. De quoi remplir une biblioth\u00e8que. <span style=\"color: #008000;\"><strong>L\u2019essentiel r\u00e9side donc dans l\u2019art de la narration<\/strong><\/span>\u00ab\u00a0&#8230;. <\/span><\/p>\n<p class=\"ArticleParagraph_root__gWE5H ArticleContainer_content-width__wrYKM link_focus__VbC8t link_externalicon-big__uqzSW link_externalicon__Me6bM\"><span class=\"HtmlText_root__3vQQX\"><a href=\"https:\/\/www.bilan.ch\/story\/claude-arnaud-arbitre-le-duel-cocteau-picasso-865663742534\" target=\"_blank\" rel=\"noopener\">Pour lire in extenso son papier<\/a>&#8230;<a href=\"https:\/\/www.claude-arnaud.com\/fr\/wp-content\/uploads\/2018\/09\/largeportrait_8c470694.jpg\"><img loading=\"lazy\" decoding=\"async\" class=\"alignleft  wp-image-9356\" src=\"https:\/\/www.claude-arnaud.com\/fr\/wp-content\/uploads\/2018\/09\/largeportrait_8c470694.jpg\" alt=\"\" width=\"112\" height=\"112\" srcset=\"https:\/\/www.claude-arnaud.com\/fr\/wp-content\/uploads\/2018\/09\/largeportrait_8c470694.jpg 150w, https:\/\/www.claude-arnaud.com\/fr\/wp-content\/uploads\/2018\/09\/largeportrait_8c470694-48x48.jpg 48w\" sizes=\"auto, (max-width: 112px) 100vw, 112px\" \/><\/a><a href=\"https:\/\/www.claude-arnaud.com\/fr\/wp-content\/uploads\/2023\/03\/0vm_Wn-r4ds9DQ79vQYMO8.webp\"><img loading=\"lazy\" decoding=\"async\" class=\"alignleft  wp-image-15128\" src=\"https:\/\/www.claude-arnaud.com\/fr\/wp-content\/uploads\/2023\/03\/0vm_Wn-r4ds9DQ79vQYMO8-300x300.webp\" alt=\"\" width=\"122\" height=\"122\" srcset=\"https:\/\/www.claude-arnaud.com\/fr\/wp-content\/uploads\/2023\/03\/0vm_Wn-r4ds9DQ79vQYMO8.webp 300w, https:\/\/www.claude-arnaud.com\/fr\/wp-content\/uploads\/2023\/03\/0vm_Wn-r4ds9DQ79vQYMO8-150x150.webp 150w\" sizes=\"auto, (max-width: 122px) 100vw, 122px\" \/><\/a><\/span><\/p>\n<p><strong>Pour trouver ce livre<\/strong> en <a href=\"https:\/\/www.buchhaus.ch\/fr\/detail\/ISBN-9782246830733\/Arnaud-Claude\/Picasso-tout-contre-Cocteau\" target=\"_blank\" rel=\"noopener\">SUISSE<\/a>&#8230;<a href=\"https:\/\/www.claude-arnaud.com\/fr\/wp-content\/uploads\/2013\/03\/drapeau-suisse-carre\u0301-150x150.png\"><img loading=\"lazy\" decoding=\"async\" class=\"alignleft  wp-image-4151\" src=\"https:\/\/www.claude-arnaud.com\/fr\/wp-content\/uploads\/2013\/03\/drapeau-suisse-carre\u0301-150x150.png\" alt=\"\" width=\"61\" height=\"61\" srcset=\"https:\/\/www.claude-arnaud.com\/fr\/wp-content\/uploads\/2013\/03\/drapeau-suisse-carre\u0301-150x150.png 150w, https:\/\/www.claude-arnaud.com\/fr\/wp-content\/uploads\/2013\/03\/drapeau-suisse-carre\u0301-150x150-48x48.png 48w\" sizes=\"auto, (max-width: 61px) 100vw, 61px\" \/><\/a> Ou <a href=\"https:\/\/www.e-readers.ch\/ebook\/9782246805113-proust-contre-cocteau-claude-arnaud\/\" target=\"_blank\" rel=\"noopener\">encore<\/a>&#8230;<\/p>\n<p><a href=\"https:\/\/www.claude-arnaud.com\/fr\/wp-content\/uploads\/2022\/02\/langfr-225px-Flag_of_Belgium.svg_.png\"><img loading=\"lazy\" decoding=\"async\" class=\"alignleft  wp-image-13999\" src=\"https:\/\/www.claude-arnaud.com\/fr\/wp-content\/uploads\/2022\/02\/langfr-225px-Flag_of_Belgium.svg_.png\" alt=\"\" width=\"65\" height=\"56\" \/><\/a><\/p>\n<div class=\"post-content clear-block\">\n<p><strong><a href=\"https:\/\/www.claude-arnaud.com\/fr\/wp-content\/uploads\/2013\/07\/Logo-Libre-Belgique.jpg\"><img loading=\"lazy\" decoding=\"async\" class=\"alignleft size-medium wp-image-3897\" src=\"https:\/\/www.claude-arnaud.com\/fr\/wp-content\/uploads\/2013\/07\/Logo-Libre-Belgique-300x99.jpg\" sizes=\"auto, (max-width: 300px) 100vw, 300px\" srcset=\"https:\/\/www.claude-arnaud.com\/fr\/wp-content\/uploads\/2013\/07\/Logo-Libre-Belgique-300x99.jpg 300w, https:\/\/www.claude-arnaud.com\/fr\/wp-content\/uploads\/2013\/07\/Logo-Libre-Belgique.jpg 389w\" alt=\"\" width=\"300\" height=\"99\" \/><\/a><span style=\"color: #008000;\">Dans \u00ab\u00a0Arts Libre\u00a0\u00bb<\/span><\/strong>, le <span style=\"color: #008000;\"><strong>suppl\u00e9ment artistique<\/strong><\/span> du grand quotidien <em><strong>La Libre Belgique, <\/strong><\/em><strong>en date du 29 mars 2023<\/strong>, <span style=\"color: #008000;\"><strong>JACQUES FRANK<\/strong><\/span> salue en termes \u00e9logieux la sortie de \u00ab\u00a0<strong>Picasso tout contre Cocteau<\/strong>\u00a0\u00bb , parlant \u00ab\u00a0d\u2019un ouvrage qui repose sur <strong><span style=\"color: #008000;\">une fabuleuse e\u0301rudition<\/span> et une formidable compre\u0301hension de la psychologie des deux hommes, <span style=\"color: #008000;\">et qui est en outre remarquablement e\u0301crit.<\/span><\/strong>\u00a0\u00bb Pour lire <a href=\"https:\/\/www.claude-arnaud.com\/fr\/wp-content\/uploads\/2023\/03\/ARTS-LIBRE-29.03.2023.pdf\">in extenso cet article<\/a>\u2026<\/p>\n<\/div>\n<p>*Pour trouver cet essai en <a href=\"https:\/\/www.cultura.com\/p-picasso-tout-contre-cocteau-9782246830733.html\" target=\"_blank\" rel=\"noopener\">BELGIQUE<\/a>&#8230;<\/p>\n<p>*<strong><a href=\"https:\/\/www.claude-arnaud.com\/fr\/wp-content\/uploads\/2023\/08\/langfr-280px-LEcho_logo.svg_.png\"><img loading=\"lazy\" decoding=\"async\" class=\"alignleft  wp-image-15677\" src=\"https:\/\/www.claude-arnaud.com\/fr\/wp-content\/uploads\/2023\/08\/langfr-280px-LEcho_logo.svg_.png\" alt=\"\" width=\"190\" height=\"190\" srcset=\"https:\/\/www.claude-arnaud.com\/fr\/wp-content\/uploads\/2023\/08\/langfr-280px-LEcho_logo.svg_.png 280w, https:\/\/www.claude-arnaud.com\/fr\/wp-content\/uploads\/2023\/08\/langfr-280px-LEcho_logo.svg_-150x150.png 150w\" sizes=\"auto, (max-width: 190px) 100vw, 190px\" \/><\/a>Le vendredi 11 ao\u00fbt 2023, Claude ARNAUD a dialogu\u00e9 avec le critique, traducteur et \u00e9crivain Johan-Frederik HEL GUEDJ, dans le quotidien \u00e9conomique <em>L&rsquo;ECHO<\/em>,\u00a0 au sujet de son <em>PICASSO TOUT CONTRE COCTEAU<\/em>, recemment paru chez Grasset. Pour d\u00e9couvrir cet entretien sur\u00a0<a href=\"https:\/\/www.claude-arnaud.com\/fr\/wp-content\/uploads\/2023\/08\/Journal-digital-LEcho.pdf\">les ressorts de la cr\u00e9ation&#8230;<\/a><\/strong><\/p>\n<p>*<strong>Le 31 d\u00e9cembre 2023, <span style=\"color: #339966;\">Bernard RUIZ PICASSO,<\/span> petit-fils du peintre er cr\u00e9ateur de la fondation portant son nom et celui de son \u00e9pouse, a \u00e9voqu\u00e9, toujours dans L&rsquo;ECHO et face \u00e0 Johan-Fr\u00e9d\u00e9rick HEL GUEDJ, les formes de mim\u00e9tisme qui purent unir<\/strong> <a href=\"https:\/\/www.lecho.be\/culture\/expo\/bernard-picasso-picasso-s-emparait-de-tout-ce-qui-lui-tombait-sous-la-main\/10516057.html\" target=\"_blank\" rel=\"noopener\">PICASSO et COCTEAU<\/a>.<\/p>\n<p><a href=\"https:\/\/www.claude-arnaud.com\/fr\/wp-content\/uploads\/2022\/02\/langfr-225px-Flag_of_Italy.svg_.png\"><img loading=\"lazy\" decoding=\"async\" class=\"alignleft  wp-image-14025\" src=\"https:\/\/www.claude-arnaud.com\/fr\/wp-content\/uploads\/2022\/02\/langfr-225px-Flag_of_Italy.svg_.png\" alt=\"\" width=\"77\" height=\"51\" \/>Pour trouver ce livre<\/a> <a href=\"https:\/\/www.ibs.it\/picasso-tout-contre-cocteau-ebook-inglese-claude-arnaud\/e\/9782246830740\" target=\"_blank\" rel=\"noopener\">en ITALIE\u00a0<\/a> ou <a href=\"https:\/\/www.kobo.com\/it\/it\/ebook\/picasso-tout-contre-cocteau\" target=\"_blank\" rel=\"noopener\">sinon<\/a>&#8230;<\/p>\n<p><a href=\"https:\/\/www.claude-arnaud.com\/fr\/wp-content\/uploads\/2022\/02\/langfr-225px-Flag_of_Canada_Pantone.svg_.png\"><img loading=\"lazy\" decoding=\"async\" class=\"alignleft  wp-image-14001\" src=\"https:\/\/www.claude-arnaud.com\/fr\/wp-content\/uploads\/2022\/02\/langfr-225px-Flag_of_Canada_Pantone.svg_.png\" alt=\"\" width=\"113\" height=\"57\" \/><\/a>&#8230;au <a href=\"https:\/\/www.leslibraires.ca\/livres\/picasso-tout-contre-cocteau-claude-arnaud-9782246830733.html\" target=\"_blank\" rel=\"noopener\">CANADA<\/a>&#8230; Ou <a href=\"https:\/\/www.archambault.ca\/livres\/picasso-tout-contre-cocteau\/claude-arnaud\/9782246830733\/?id=3971725\" target=\"_blank\" rel=\"noopener\">encore<\/a>&#8230; Et <a href=\"https:\/\/qublivre.ca\/collections\/litterature-histoire-et-critique\/products\/picasso-tout-contre-cocteau\" target=\"_blank\" rel=\"noopener\">aussi<\/a>&#8230; Ou <a href=\"https:\/\/www.gallimardmontreal.com\/catalogue\/livre\/picasso-tout-contre-cocteau-arnaud-claude-9782246830733\" target=\"_blank\" rel=\"noopener\">bien<\/a>&#8230; Ou <a href=\"https:\/\/www.librairiemartin.com\/Livres-francophones\/Picasso-tout-contre-Cocteau\/9782246830733\/917693\/Arnaud-Claude-Biographie\" target=\"_blank\" rel=\"noopener\">sinon<\/a>&#8230;Ou <a href=\"https:\/\/www.coopzone.ca\/produit\/1435102-picasso-tout-contre-cocteau\" target=\"_blank\" rel=\"noopener\">enfin<\/a>&#8230;<\/p>\n<p><a href=\"https:\/\/www.claude-arnaud.com\/fr\/wp-content\/uploads\/2022\/02\/langfr-225px-Flag_of_Portugal.svg_.png\"><img loading=\"lazy\" decoding=\"async\" class=\"alignleft  wp-image-14000\" src=\"https:\/\/www.claude-arnaud.com\/fr\/wp-content\/uploads\/2022\/02\/langfr-225px-Flag_of_Portugal.svg_.png\" alt=\"\" width=\"93\" height=\"62\" \/><\/a>Au <a href=\"https:\/\/www.wook.pt\/livro\/picasso-tout-contre-cocteau-claude-arnaud\/28005407\" target=\"_blank\" rel=\"noopener\">PORTUGAL<\/a>&#8230; via <a href=\"https:\/\/www.bertrand.pt\/livro\/picasso-tout-contre-cocteau-claude-arnaud\/28005407\" target=\"_blank\" rel=\"noopener\">Bertrand livreiros<\/a>&#8230;<\/p>\n<p><a href=\"https:\/\/www.claude-arnaud.com\/fr\/wp-content\/uploads\/2013\/11\/drapeau_espagne-300x182.jpg\"><img loading=\"lazy\" decoding=\"async\" class=\"aligncenter  wp-image-8931\" src=\"https:\/\/www.claude-arnaud.com\/fr\/wp-content\/uploads\/2013\/11\/drapeau_espagne-300x182.jpg\" alt=\"\" width=\"96\" height=\"58\" \/><\/a>En <a href=\"https:\/\/www.todostuslibros.com\/libros\/picasso-tout-contre-cocteau_978-2-246-83073-3\" target=\"_blank\" rel=\"noopener\">ESPAGNE<\/a>&#8230;<\/p>\n<p><a href=\"https:\/\/www.claude-arnaud.com\/fr\/wp-content\/uploads\/2012\/06\/code-drapeau-americain-L-1.jpg\"><img loading=\"lazy\" decoding=\"async\" class=\"alignleft  wp-image-3098\" src=\"https:\/\/www.claude-arnaud.com\/fr\/wp-content\/uploads\/2012\/06\/code-drapeau-americain-L-1-300x225.jpg\" alt=\"\" width=\"91\" height=\"68\" srcset=\"https:\/\/www.claude-arnaud.com\/fr\/wp-content\/uploads\/2012\/06\/code-drapeau-americain-L-1-300x225.jpg 300w, https:\/\/www.claude-arnaud.com\/fr\/wp-content\/uploads\/2012\/06\/code-drapeau-americain-L-1.jpg 320w\" sizes=\"auto, (max-width: 91px) 100vw, 91px\" \/><\/a>*In <a href=\"https:\/\/www.vitalsource.com\/products\/picasso-tout-contre-cocteau-claude-arnaud-v9782246830740\" target=\"_blank\" rel=\"noopener\">the U.S&#8230;\u00a0\u00a0<\/a><\/p>\n<p>&#8230;<a href=\"https:\/\/www.barnesandnoble.com\/w\/picasso-tout-contre-cocteau-claude-arnaud\/1143164101\" target=\"_blank\" rel=\"noopener\">as well as<\/a>&#8230; <a href=\"https:\/\/www.biggerbooks.com\/picasso-tout-contre-cocteau-claude-arnaud\/bk\/9782246830733\" target=\"_blank\" rel=\"noopener\">Or<\/a>&#8230;<\/p>\n<p><strong><a href=\"https:\/\/www.claude-arnaud.com\/fr\/wp-content\/uploads\/2021\/01\/carte_postale_de_drapeau_de_la_chine-r51274d3689da4d87bec1fccb460cbad9_vgbaq_8byvr_174.jpg\"><img loading=\"lazy\" decoding=\"async\" class=\"alignleft size-full wp-image-11625\" src=\"https:\/\/www.claude-arnaud.com\/fr\/wp-content\/uploads\/2021\/01\/carte_postale_de_drapeau_de_la_chine-r51274d3689da4d87bec1fccb460cbad9_vgbaq_8byvr_174.jpg\" alt=\"\" width=\"174\" height=\"174\" srcset=\"https:\/\/www.claude-arnaud.com\/fr\/wp-content\/uploads\/2021\/01\/carte_postale_de_drapeau_de_la_chine-r51274d3689da4d87bec1fccb460cbad9_vgbaq_8byvr_174.jpg 174w, https:\/\/www.claude-arnaud.com\/fr\/wp-content\/uploads\/2021\/01\/carte_postale_de_drapeau_de_la_chine-r51274d3689da4d87bec1fccb460cbad9_vgbaq_8byvr_174-150x150.jpg 150w\" sizes=\"auto, (max-width: 174px) 100vw, 174px\" \/><\/a><span style=\"color: #008000;\"><em>*PICASSO TOUT CONTRE COCTEAU<\/em><\/span> est en cours de traduction en CHINE, par la maison d&rsquo;\u00e9dition <span style=\"color: #008000;\">NEO-COGITO qui publie <\/span>des auteurs fran\u00e7ais comme Julien GRACQ, <span style=\"color: #008000;\">H\u00e9l\u00e8ne CIXOUS<\/span>, Claude HAGEGE, <span style=\"color: #008000;\">Luce IRIGARAY<\/span>, Gilles DELEUZE, <span style=\"color: #008000;\">Alain BADIOU,<\/span> Georges POULET, <span style=\"color: #008000;\">Francois JULLIEN<\/span>.<\/strong>..<\/p>\n","protected":false},"excerpt":{"rendered":"<p>Droits Etrangers\/Foreign rights : Heidi Warneke, Grasset editor. Ph: 00331 44392212 fax: 00331 45449403 E-mail : hwarneke@grasset.fr *PRESSE Dans BILAN, le bi-mensuel \u00e9conomique helv\u00e9tique, Etienne DUMONT rend compte avec chaleur du livre, en date du 25 mars 2023. \u00ab\u00a0Il est apparemment des sujets in\u00e9puisables. Surtout s\u2019il s\u2019agit de \u00abmonstres sacr\u00e9s\u00bb. Ainsi en va-t-il de COCTEAU [&hellip;]<\/p>\n","protected":false},"author":2,"featured_media":0,"parent":14986,"menu_order":3,"comment_status":"closed","ping_status":"closed","template":"","meta":{"footnotes":""},"class_list":["post-15121","page","type-page","status-publish","hentry","count-0","even alt","author-claude-arnaud","last"],"post_mailing_queue_ids":[],"_links":{"self":[{"href":"https:\/\/www.claude-arnaud.com\/fr\/wp-json\/wp\/v2\/pages\/15121","targetHints":{"allow":["GET"]}}],"collection":[{"href":"https:\/\/www.claude-arnaud.com\/fr\/wp-json\/wp\/v2\/pages"}],"about":[{"href":"https:\/\/www.claude-arnaud.com\/fr\/wp-json\/wp\/v2\/types\/page"}],"author":[{"embeddable":true,"href":"https:\/\/www.claude-arnaud.com\/fr\/wp-json\/wp\/v2\/users\/2"}],"replies":[{"embeddable":true,"href":"https:\/\/www.claude-arnaud.com\/fr\/wp-json\/wp\/v2\/comments?post=15121"}],"version-history":[{"count":33,"href":"https:\/\/www.claude-arnaud.com\/fr\/wp-json\/wp\/v2\/pages\/15121\/revisions"}],"predecessor-version":[{"id":16560,"href":"https:\/\/www.claude-arnaud.com\/fr\/wp-json\/wp\/v2\/pages\/15121\/revisions\/16560"}],"up":[{"embeddable":true,"href":"https:\/\/www.claude-arnaud.com\/fr\/wp-json\/wp\/v2\/pages\/14986"}],"wp:attachment":[{"href":"https:\/\/www.claude-arnaud.com\/fr\/wp-json\/wp\/v2\/media?parent=15121"}],"curies":[{"name":"wp","href":"https:\/\/api.w.org\/{rel}","templated":true}]}}