{"id":15060,"date":"2023-03-10T00:57:06","date_gmt":"2023-03-09T23:57:06","guid":{"rendered":"https:\/\/www.claude-arnaud.com\/fr\/?page_id=15060"},"modified":"2023-03-10T01:10:37","modified_gmt":"2023-03-10T00:10:37","slug":"picasso-tout-contre-cocteau-la-4eme-de-couverture","status":"publish","type":"page","link":"https:\/\/www.claude-arnaud.com\/fr\/essais\/picasso-tout-contre-cocteau\/picasso-tout-contre-cocteau-la-4eme-de-couverture","title":{"rendered":"Picasso tout contre Cocteau : la quatri\u00e8me de couverture"},"content":{"rendered":"<p><a href=\"https:\/\/www.claude-arnaud.com\/fr\/wp-content\/uploads\/2023\/02\/9782246830733-001-T.jpeg\"><img loading=\"lazy\" decoding=\"async\" class=\"alignleft size-medium wp-image-14991\" src=\"https:\/\/www.claude-arnaud.com\/fr\/wp-content\/uploads\/2023\/02\/9782246830733-001-T-205x300.jpeg\" alt=\"\" width=\"205\" height=\"300\" srcset=\"https:\/\/www.claude-arnaud.com\/fr\/wp-content\/uploads\/2023\/02\/9782246830733-001-T-205x300.jpeg 205w, https:\/\/www.claude-arnaud.com\/fr\/wp-content\/uploads\/2023\/02\/9782246830733-001-T.jpeg 600w\" sizes=\"auto, (max-width: 205px) 100vw, 205px\" \/><\/a>\u00ab\u00a0<strong>Mon premier est espagnol : trapu comme un taureau, peintre pr\u00e9coce et surdou\u00e9, il arrive \u00e0 Paris en 1900<\/strong>. Il y travaille d&rsquo;arrache-pied, invente des formes nouvelles, s\u2019en lasse vite aussi. <span style=\"color: #008000;\"><strong>Charismatique, il s&rsquo;entoure de rapins fascin\u00e9s et de po\u00e8tes qui chantent ses louanges et font de lui le proph\u00e8te du mouvement moderne.<\/strong><\/span> Il n\u2019a en apparence besoin de personne et impressionne tout le monde. <strong>Mon second est fran\u00e7ais : <span style=\"color: #008000;\">silhouette d&rsquo;elfe et talents multiples,<\/span> il \u00e9crit, dessine, coud des costumes <span style=\"color: #008000;\">et fabrique des d\u00e9cors d\u00e8s l&rsquo;enfance.<\/span><\/strong> Lui \u00e9volue plus lentement et fr\u00e9quente les salons pour <strong>trouver les mod\u00e8les qui l&rsquo;aident \u00e0 s\u2019inventer par imitation<\/strong>. Survient la guerre de 14. <strong><span style=\"color: #008000;\">Le cam\u00e9l\u00e9on de 26 ans comprend<\/span> que plus rien ne sera comme avant et fait tout pour approcher l&rsquo;Espagnol de dix ans son a\u00een\u00e9. <span style=\"color: #008000;\">Ainsi Cocteau rencontra Picasso. Ce livre est l&rsquo;histoire de leur longue amiti\u00e9.<\/span><\/strong><\/p>\n<p><strong>De leur premier rendez-vous en 1915 \u00e0 la publication de<\/strong> <em>Picasso de 1916 \u00e0 1961<\/em>, l&rsquo;un des tous derniers livres de l&rsquo;\u00e9crivain, de leur premi\u00e8re dispute qui leur servira de sch\u00e9ma directeur <span style=\"color: #008000;\"><strong>(Picasso blesse un Cocteau incapable de ne pas lui pardonner)<\/strong><\/span> \u00e0 la mort de ce dernier en 1963, et de Paris \u00e0 Vallauris en passant par Rome et la villa Santo-Sospir, <strong><span style=\"color: #008000;\">Claude ARNAUD survole cinquante ans de leurs vies en \u00e9clairant les liens intimes qui les unirent<\/span><\/strong>. Deux cr\u00e9ateurs peuvent-ils \u0153uvrer ensemble en s&rsquo;aimant ? <strong>Comment un \u00eatre aussi laconique et cruel que PICASSO aurait-il gard\u00e9 pr\u00e8s de lui Cocteau s&rsquo;il n&rsquo;avait \u00e9t\u00e9 \u00e9bloui par son intelligence ?<\/strong> En 10 chapitres serr\u00e9s, men\u00e9s tambour battant, <strong><span style=\"color: #008000;\">Claude ARNAUD<\/span><\/strong> <strong>r\u00e9pond avec virtuosit\u00e9, intelligence et affection<\/strong>, <span style=\"color: #008000;\"><strong>et montre comment l\u2019un l\u2019autre se sont soutenus, nourris, aim\u00e9s et d\u00e9test\u00e9s, avec sinc\u00e9rit\u00e9.\u00a0\u00bb<\/strong><\/span><\/p>\n","protected":false},"excerpt":{"rendered":"<p>\u00ab\u00a0Mon premier est espagnol : trapu comme un taureau, peintre pr\u00e9coce et surdou\u00e9, il arrive \u00e0 Paris en 1900. Il y travaille d&rsquo;arrache-pied, invente des formes nouvelles, s\u2019en lasse vite aussi. Charismatique, il s&rsquo;entoure de rapins fascin\u00e9s et de po\u00e8tes qui chantent ses louanges et font de lui le proph\u00e8te du mouvement moderne. Il n\u2019a [&hellip;]<\/p>\n","protected":false},"author":2,"featured_media":0,"parent":14986,"menu_order":1,"comment_status":"closed","ping_status":"closed","template":"","meta":{"footnotes":""},"class_list":["post-15060","page","type-page","status-publish","hentry","count-0","even alt","author-claude-arnaud","last"],"post_mailing_queue_ids":[],"_links":{"self":[{"href":"https:\/\/www.claude-arnaud.com\/fr\/wp-json\/wp\/v2\/pages\/15060","targetHints":{"allow":["GET"]}}],"collection":[{"href":"https:\/\/www.claude-arnaud.com\/fr\/wp-json\/wp\/v2\/pages"}],"about":[{"href":"https:\/\/www.claude-arnaud.com\/fr\/wp-json\/wp\/v2\/types\/page"}],"author":[{"embeddable":true,"href":"https:\/\/www.claude-arnaud.com\/fr\/wp-json\/wp\/v2\/users\/2"}],"replies":[{"embeddable":true,"href":"https:\/\/www.claude-arnaud.com\/fr\/wp-json\/wp\/v2\/comments?post=15060"}],"version-history":[{"count":3,"href":"https:\/\/www.claude-arnaud.com\/fr\/wp-json\/wp\/v2\/pages\/15060\/revisions"}],"predecessor-version":[{"id":15069,"href":"https:\/\/www.claude-arnaud.com\/fr\/wp-json\/wp\/v2\/pages\/15060\/revisions\/15069"}],"up":[{"embeddable":true,"href":"https:\/\/www.claude-arnaud.com\/fr\/wp-json\/wp\/v2\/pages\/14986"}],"wp:attachment":[{"href":"https:\/\/www.claude-arnaud.com\/fr\/wp-json\/wp\/v2\/media?parent=15060"}],"curies":[{"name":"wp","href":"https:\/\/api.w.org\/{rel}","templated":true}]}}