{"id":14986,"date":"2023-03-10T00:52:55","date_gmt":"2023-03-09T23:52:55","guid":{"rendered":"https:\/\/www.claude-arnaud.com\/fr\/?page_id=14986"},"modified":"2023-05-04T11:33:52","modified_gmt":"2023-05-04T10:33:52","slug":"picasso-tout-contre-cocteau","status":"publish","type":"page","link":"https:\/\/www.claude-arnaud.com\/fr\/essais\/picasso-tout-contre-cocteau","title":{"rendered":"Picasso tout contre Cocteau"},"content":{"rendered":"<p><a href=\"https:\/\/www.claude-arnaud.com\/fr\/wp-content\/uploads\/2023\/02\/9782246830733-001-T.jpeg\"><img loading=\"lazy\" decoding=\"async\" class=\"alignleft size-medium wp-image-14991\" src=\"https:\/\/www.claude-arnaud.com\/fr\/wp-content\/uploads\/2023\/02\/9782246830733-001-T-205x300.jpeg\" alt=\"\" width=\"205\" height=\"300\" srcset=\"https:\/\/www.claude-arnaud.com\/fr\/wp-content\/uploads\/2023\/02\/9782246830733-001-T-205x300.jpeg 205w, https:\/\/www.claude-arnaud.com\/fr\/wp-content\/uploads\/2023\/02\/9782246830733-001-T.jpeg 600w\" sizes=\"auto, (max-width: 205px) 100vw, 205px\" \/><\/a><\/p>\n<h2><span style=\"color: #008000;\">PRESENTATION<\/span><\/h2>\n<p>Le 8 mars 2023 est sorti en librairie <span style=\"color: #008000;\"><em><strong>PICASSO TOUT CONTRE COCTEAU<\/strong><\/em><\/span>, publi\u00e9 <strong>par les \u00e9ditions GRASSET<\/strong> sous leur couverture bleue. Dans cet essai, <strong><span style=\"color: #008000;\">Claude ARNAUD<\/span><\/strong> retrace une amiti\u00e9 <strong>de pr\u00e8s d&rsquo;un demi-si\u00e8cle nourrie <span style=\"color: #008000;\">d&rsquo;admiration r\u00e9ciproque<\/span>, d&rsquo;agacements et de rivalit\u00e9 mal dissimul\u00e9s, <span style=\"color: #008000;\">de sadisme et de masochisme assum\u00e9s<\/span><\/strong>. Tout autrement que <em><strong><span style=\"color: #008000;\">PROUST CONTRE COCTEAU<\/span><\/strong><\/em>, il montre les ressorts &#8211; <strong>mim\u00e9tisme, comp\u00e9tition, jalousie<\/strong> &#8211; \u00e0 l&rsquo;oeuvre dans cette relation qui unit deux des <strong>artistes parmi les plus marquants du XX\u00b0 si\u00e8cle<\/strong>. <a href=\"https:\/\/www.grasset.fr\/livres\/picasso-tout-contre-cocteau-9782246830733\" target=\"_blank\" rel=\"noopener\">Pour en savoir plus<\/a>&#8230;<\/p>\n","protected":false},"excerpt":{"rendered":"<p>PRESENTATION Le 8 mars 2023 est sorti en librairie PICASSO TOUT CONTRE COCTEAU, publi\u00e9 par les \u00e9ditions GRASSET sous leur couverture bleue. Dans cet essai, Claude ARNAUD retrace une amiti\u00e9 de pr\u00e8s d&rsquo;un demi-si\u00e8cle nourrie d&rsquo;admiration r\u00e9ciproque, d&rsquo;agacements et de rivalit\u00e9 mal dissimul\u00e9s, de sadisme et de masochisme assum\u00e9s. Tout autrement que PROUST CONTRE COCTEAU, [&hellip;]<\/p>\n","protected":false},"author":2,"featured_media":0,"parent":46,"menu_order":6,"comment_status":"closed","ping_status":"closed","template":"","meta":{"footnotes":""},"class_list":["post-14986","page","type-page","status-publish","hentry","count-0","even alt","author-claude-arnaud","last"],"post_mailing_queue_ids":[],"_links":{"self":[{"href":"https:\/\/www.claude-arnaud.com\/fr\/wp-json\/wp\/v2\/pages\/14986","targetHints":{"allow":["GET"]}}],"collection":[{"href":"https:\/\/www.claude-arnaud.com\/fr\/wp-json\/wp\/v2\/pages"}],"about":[{"href":"https:\/\/www.claude-arnaud.com\/fr\/wp-json\/wp\/v2\/types\/page"}],"author":[{"embeddable":true,"href":"https:\/\/www.claude-arnaud.com\/fr\/wp-json\/wp\/v2\/users\/2"}],"replies":[{"embeddable":true,"href":"https:\/\/www.claude-arnaud.com\/fr\/wp-json\/wp\/v2\/comments?post=14986"}],"version-history":[{"count":15,"href":"https:\/\/www.claude-arnaud.com\/fr\/wp-json\/wp\/v2\/pages\/14986\/revisions"}],"predecessor-version":[{"id":15426,"href":"https:\/\/www.claude-arnaud.com\/fr\/wp-json\/wp\/v2\/pages\/14986\/revisions\/15426"}],"up":[{"embeddable":true,"href":"https:\/\/www.claude-arnaud.com\/fr\/wp-json\/wp\/v2\/pages\/46"}],"wp:attachment":[{"href":"https:\/\/www.claude-arnaud.com\/fr\/wp-json\/wp\/v2\/media?parent=14986"}],"curies":[{"name":"wp","href":"https:\/\/api.w.org\/{rel}","templated":true}]}}