{"id":13653,"date":"2021-12-27T14:00:47","date_gmt":"2021-12-27T13:00:47","guid":{"rendered":"https:\/\/www.claude-arnaud.com\/fr\/?page_id=13653"},"modified":"2022-07-11T09:14:57","modified_gmt":"2022-07-11T08:14:57","slug":"juste-un-corps","status":"publish","type":"page","link":"https:\/\/www.claude-arnaud.com\/fr\/romans\/juste-un-corps","title":{"rendered":"Juste un corps"},"content":{"rendered":"<p><span style=\"color: #008000;\"><strong>Le 6 janvier 2022<\/strong><\/span> para\u00eet dans la collection \u00ab Traits et Portraits \u00bb, dirig\u00e9e par <strong>Colette FELLOUS<\/strong> aux Editions<a href=\"https:\/\/www.claude-arnaud.com\/fr\/wp-content\/uploads\/2021\/12\/D23564.jpg\"><img loading=\"lazy\" decoding=\"async\" class=\"alignright size-medium wp-image-13628\" src=\"https:\/\/www.claude-arnaud.com\/fr\/wp-content\/uploads\/2021\/12\/D23564-205x300.jpg\" sizes=\"auto, (max-width: 205px) 100vw, 205px\" srcset=\"https:\/\/www.claude-arnaud.com\/fr\/wp-content\/uploads\/2021\/12\/D23564-205x300.jpg 205w, https:\/\/www.claude-arnaud.com\/fr\/wp-content\/uploads\/2021\/12\/D23564.jpg 312w\" alt=\"\" width=\"205\" height=\"300\" \/><\/a> du <span style=\"color: #008000;\"><strong>Mercure de France<\/strong><\/span>, <em><strong>JUSTE UN CORPS \u2013<\/strong><\/em><strong> le 30\u00b0 titre de la collection.<\/strong> Dans ce r\u00e9cit plus qu\u2019intime,<span style=\"color: #008000;\"><strong> Claude ARNAUD<\/strong><\/span> donne la parole, non \u00e0 <strong>sa m\u00e9moire<\/strong>, comme dans s<strong>a trilogie autobiographique <em>(<span style=\"color: #008000;\">Qu&rsquo;as-tu fait de tes fr\u00e8res?,<\/span> Br\u00e8ves saisons au paradis, <span style=\"color: #008000;\">Je ne voulais pas \u00eatre moi)<\/span><\/em><\/strong>, mais \u00e0 son <strong>corps<\/strong>.<span style=\"color: #008000;\"><strong> Il raconte les souffrances qu\u2019il lui a longtemps inflig\u00e9es<\/strong>,<\/span> quand il sombra \u00e0 l\u2019adolescence dans l\u2019<strong>anoxerie<\/strong>, puis quand il commen\u00e7a \u00e0 \u00e9crire. <span style=\"color: #008000;\"><strong>Jusqu\u2019\u00e0 ce que ce corps se mutine<\/strong><\/span>,<strong> exige d\u2019\u00eatre trait\u00e9 en \u00e9gal<\/strong> et finisse par prendre en charge <span style=\"color: #008000;\"><strong>le processus litt\u00e9raire<\/strong><\/span>, <strong>de la conception \u00e0 la prof\u00e9ration<\/strong>. <a href=\"https:\/\/www.mercuredefrance.fr\/juste-un-corps\/9782715257115\" target=\"_blank\" rel=\"noopener\">Pour en savoir plus<\/a>\u2026<\/p>\n<p><a href=\"https:\/\/www.mercuredefrance.fr\/Catalogue\/traits-et-portraits\" target=\"_blank\" rel=\"noopener\">Pour d\u00e9couvrir les autres titres de la collection<\/a>\u2026<\/p>\n<p><strong>Pour trouver<\/strong> ce livre \u00e0 travers <a href=\"https:\/\/www.librairiesindependantes.com\/product\/9782715257115\/\" target=\"_blank\" rel=\"noopener\">les librairies ind\u00e9pendantes de France<\/a>&#8230;<\/p>\n","protected":false},"excerpt":{"rendered":"<p>Le 6 janvier 2022 para\u00eet dans la collection \u00ab Traits et Portraits \u00bb, dirig\u00e9e par Colette FELLOUS aux Editions du Mercure de France, JUSTE UN CORPS \u2013 le 30\u00b0 titre de la collection. Dans ce r\u00e9cit plus qu\u2019intime, Claude ARNAUD donne la parole, non \u00e0 sa m\u00e9moire, comme dans sa trilogie autobiographique (Qu&rsquo;as-tu fait de [&hellip;]<\/p>\n","protected":false},"author":2,"featured_media":0,"parent":66,"menu_order":7,"comment_status":"closed","ping_status":"closed","template":"","meta":{"footnotes":""},"class_list":["post-13653","page","type-page","status-publish","hentry","count-0","even alt","author-claude-arnaud","last"],"post_mailing_queue_ids":[],"_links":{"self":[{"href":"https:\/\/www.claude-arnaud.com\/fr\/wp-json\/wp\/v2\/pages\/13653","targetHints":{"allow":["GET"]}}],"collection":[{"href":"https:\/\/www.claude-arnaud.com\/fr\/wp-json\/wp\/v2\/pages"}],"about":[{"href":"https:\/\/www.claude-arnaud.com\/fr\/wp-json\/wp\/v2\/types\/page"}],"author":[{"embeddable":true,"href":"https:\/\/www.claude-arnaud.com\/fr\/wp-json\/wp\/v2\/users\/2"}],"replies":[{"embeddable":true,"href":"https:\/\/www.claude-arnaud.com\/fr\/wp-json\/wp\/v2\/comments?post=13653"}],"version-history":[{"count":6,"href":"https:\/\/www.claude-arnaud.com\/fr\/wp-json\/wp\/v2\/pages\/13653\/revisions"}],"predecessor-version":[{"id":14318,"href":"https:\/\/www.claude-arnaud.com\/fr\/wp-json\/wp\/v2\/pages\/13653\/revisions\/14318"}],"up":[{"embeddable":true,"href":"https:\/\/www.claude-arnaud.com\/fr\/wp-json\/wp\/v2\/pages\/66"}],"wp:attachment":[{"href":"https:\/\/www.claude-arnaud.com\/fr\/wp-json\/wp\/v2\/media?parent=13653"}],"curies":[{"name":"wp","href":"https:\/\/api.w.org\/{rel}","templated":true}]}}