{"id":12319,"date":"2021-02-18T13:20:05","date_gmt":"2021-02-18T12:20:05","guid":{"rendered":"http:\/\/www.claude-arnaud.com\/fr\/?page_id=12319"},"modified":"2022-06-04T19:40:52","modified_gmt":"2022-06-04T18:40:52","slug":"le-mal-des-ruines-en-daisy-audio-et-voix-de-synthese","status":"publish","type":"page","link":"https:\/\/www.claude-arnaud.com\/fr\/romans\/le-mal-des-ruines\/le-mal-des-ruines-en-daisy-audio-et-voix-de-synthese","title":{"rendered":"Le mal des ruines : en daisy audio et voix de synth\u00e8se"},"content":{"rendered":"<p><em><strong><img loading=\"lazy\" decoding=\"async\" class=\"alignleft size-medium wp-image-7337\" src=\"http:\/\/www.claude-arnaud.com\/fr\/wp-content\/uploads\/2017\/02\/BNFA-300x189.jpg\" alt=\"\" width=\"300\" height=\"189\" srcset=\"https:\/\/www.claude-arnaud.com\/fr\/wp-content\/uploads\/2017\/02\/BNFA-300x189.jpg 300w, https:\/\/www.claude-arnaud.com\/fr\/wp-content\/uploads\/2017\/02\/BNFA.jpg 320w\" sizes=\"auto, (max-width: 300px) 100vw, 300px\" \/>Le mal des ruines<\/strong><\/em> est disponible, <span style=\"color: #008000;\"><strong>pour les mal-voyants<\/strong><\/span>, en lectures sur le site de la <span style=\"color: #008000;\"><strong><span style=\"color: #000000;\">BNFA<\/span>, la Biblioth\u00e8que Num\u00e9rique Francophone Accessible<\/strong><\/span>, que ce soit en <strong><span style=\"color: #000000;\">Daisy audio<\/span><\/strong> ou en <span style=\"color: #008000;\"><strong>Daisy voix de synth\u00e8se<\/strong><\/span>. Pour <a href=\"http:\/\/www.bnfa.fr\/livre?biblionumber=69528\" target=\"_blank\" rel=\"noopener\">acc\u00e9der \u00e0 ce site<\/a>&#8230;<\/p>\n","protected":false},"excerpt":{"rendered":"<p>Le mal des ruines est disponible, pour les mal-voyants, en lectures sur le site de la BNFA, la Biblioth\u00e8que Num\u00e9rique Francophone Accessible, que ce soit en Daisy audio ou en Daisy voix de synth\u00e8se. Pour acc\u00e9der \u00e0 ce site&#8230;<\/p>\n","protected":false},"author":2,"featured_media":0,"parent":11320,"menu_order":4,"comment_status":"closed","ping_status":"closed","template":"","meta":{"footnotes":""},"class_list":["post-12319","page","type-page","status-publish","hentry","count-0","even alt","author-claude-arnaud","last"],"post_mailing_queue_ids":[],"_links":{"self":[{"href":"https:\/\/www.claude-arnaud.com\/fr\/wp-json\/wp\/v2\/pages\/12319","targetHints":{"allow":["GET"]}}],"collection":[{"href":"https:\/\/www.claude-arnaud.com\/fr\/wp-json\/wp\/v2\/pages"}],"about":[{"href":"https:\/\/www.claude-arnaud.com\/fr\/wp-json\/wp\/v2\/types\/page"}],"author":[{"embeddable":true,"href":"https:\/\/www.claude-arnaud.com\/fr\/wp-json\/wp\/v2\/users\/2"}],"replies":[{"embeddable":true,"href":"https:\/\/www.claude-arnaud.com\/fr\/wp-json\/wp\/v2\/comments?post=12319"}],"version-history":[{"count":4,"href":"https:\/\/www.claude-arnaud.com\/fr\/wp-json\/wp\/v2\/pages\/12319\/revisions"}],"predecessor-version":[{"id":14292,"href":"https:\/\/www.claude-arnaud.com\/fr\/wp-json\/wp\/v2\/pages\/12319\/revisions\/14292"}],"up":[{"embeddable":true,"href":"https:\/\/www.claude-arnaud.com\/fr\/wp-json\/wp\/v2\/pages\/11320"}],"wp:attachment":[{"href":"https:\/\/www.claude-arnaud.com\/fr\/wp-json\/wp\/v2\/media?parent=12319"}],"curies":[{"name":"wp","href":"https:\/\/api.w.org\/{rel}","templated":true}]}}