{"id":11828,"date":"2021-02-02T16:28:52","date_gmt":"2021-02-02T15:28:52","guid":{"rendered":"http:\/\/www.claude-arnaud.com\/fr\/?page_id=11828"},"modified":"2021-02-02T16:28:52","modified_gmt":"2021-02-02T15:28:52","slug":"cocteau-reaction-dun-lecteur","status":"publish","type":"page","link":"https:\/\/www.claude-arnaud.com\/fr\/biographies\/la-quatrieme-de-couverture\/cocteau-reaction-dun-lecteur","title":{"rendered":"Cocteau : r\u00e9action d&rsquo;un lecteur"},"content":{"rendered":"<p><strong><img loading=\"lazy\" decoding=\"async\" class=\"alignleft size-medium wp-image-11833\" src=\"http:\/\/www.claude-arnaud.com\/fr\/wp-content\/uploads\/2021\/02\/Philippe-with-Cocteau.-300x225.jpg\" alt=\"\" width=\"300\" height=\"225\" srcset=\"https:\/\/www.claude-arnaud.com\/fr\/wp-content\/uploads\/2021\/02\/Philippe-with-Cocteau.-300x225.jpg 300w, https:\/\/www.claude-arnaud.com\/fr\/wp-content\/uploads\/2021\/02\/Philippe-with-Cocteau.-1024x768.jpg 1024w, https:\/\/www.claude-arnaud.com\/fr\/wp-content\/uploads\/2021\/02\/Philippe-with-Cocteau.-768x576.jpg 768w, https:\/\/www.claude-arnaud.com\/fr\/wp-content\/uploads\/2021\/02\/Philippe-with-Cocteau.-1536x1152.jpg 1536w, https:\/\/www.claude-arnaud.com\/fr\/wp-content\/uploads\/2021\/02\/Philippe-with-Cocteau..jpg 1979w\" sizes=\"auto, (max-width: 300px) 100vw, 300px\" \/>Qu\u2019est-ce qui t\u2019int\u00e9resse, dans le travail de Claude Arnaud ?<\/strong><\/p>\n<p>\u201cPour avoir quitt\u00e9 Paris il y a plus de dix ans, j\u2019ai l\u2019impression de rester avec lui en contact avec le meilleur de la culture et de la litt\u00e9rature fran\u00e7aises. Son style est vivant, sa pens\u00e9e concr\u00e8te et jamais th\u00e9orique. Sa grande culture n\u2019intimide pas : elle appara\u00eet comme le r\u00e9sultat d\u2019exp\u00e9riences v\u00e9cues, plus que d\u2019\u00e9tudes.\u201d<\/p>\n<p><strong>Il change souvent de genre : y a-t-il des qualit\u00e9s que tu retrouves dans chacun de ses livres\u2026 ?<\/strong><\/p>\n<p>\u201cUn esprit \u00e0 la fois critique et joyeux, avec un vrai sens de l\u2019humour, beaucoup d\u2019ind\u00e9pendance d\u2019esprit et une volont\u00e9 d\u2019objectivit\u00e9. Qu\u2019il s\u2019agisse d\u2019une pi\u00e8ce de th\u00e9\u00e2tre, d\u2019un roman ou d\u2019une biographie, ses th\u00e8mes de pr\u00e9dilection restent : l\u2019identit\u00e9, l\u2019histoire, l\u2019amour\u2026Quand il est biographe, son empathie pour ses \u00ab sujets \u00bb est si forte qu\u2019il parvient \u00e0 ressusciter aussi le si\u00e8cle qui les a produits ( le XVIII\u00b0 pour <strong>Chamfort<\/strong>, le XX\u00b0 pour <strong>Cocteau<\/strong>) gr\u00e2ce \u00e0 des recherches approfondies (il met souvent quatre ans pour les \u00e9crire). Quand il est romancier, il fait vivre ses caract\u00e8res, interroge leur identit\u00e9, sugg\u00e8re combien l\u2019histoire et la g\u00e9ographie ont pu les forger.\u201d<\/p>\n<p><strong>PHILIPPE CAMU<\/strong><\/p>\n","protected":false},"excerpt":{"rendered":"<p>Qu\u2019est-ce qui t\u2019int\u00e9resse, dans le travail de Claude Arnaud ? \u201cPour avoir quitt\u00e9 Paris il y a plus de dix ans, j\u2019ai l\u2019impression de rester avec lui en contact avec le meilleur de la culture et de la litt\u00e9rature fran\u00e7aises. Son style est vivant, sa pens\u00e9e concr\u00e8te et jamais th\u00e9orique. Sa grande culture n\u2019intimide pas [&hellip;]<\/p>\n","protected":false},"author":2,"featured_media":0,"parent":36,"menu_order":10,"comment_status":"closed","ping_status":"closed","template":"","meta":{"footnotes":""},"class_list":["post-11828","page","type-page","status-publish","hentry","count-0","even alt","author-claude-arnaud","last"],"post_mailing_queue_ids":[],"_links":{"self":[{"href":"https:\/\/www.claude-arnaud.com\/fr\/wp-json\/wp\/v2\/pages\/11828","targetHints":{"allow":["GET"]}}],"collection":[{"href":"https:\/\/www.claude-arnaud.com\/fr\/wp-json\/wp\/v2\/pages"}],"about":[{"href":"https:\/\/www.claude-arnaud.com\/fr\/wp-json\/wp\/v2\/types\/page"}],"author":[{"embeddable":true,"href":"https:\/\/www.claude-arnaud.com\/fr\/wp-json\/wp\/v2\/users\/2"}],"replies":[{"embeddable":true,"href":"https:\/\/www.claude-arnaud.com\/fr\/wp-json\/wp\/v2\/comments?post=11828"}],"version-history":[{"count":1,"href":"https:\/\/www.claude-arnaud.com\/fr\/wp-json\/wp\/v2\/pages\/11828\/revisions"}],"predecessor-version":[{"id":11834,"href":"https:\/\/www.claude-arnaud.com\/fr\/wp-json\/wp\/v2\/pages\/11828\/revisions\/11834"}],"up":[{"embeddable":true,"href":"https:\/\/www.claude-arnaud.com\/fr\/wp-json\/wp\/v2\/pages\/36"}],"wp:attachment":[{"href":"https:\/\/www.claude-arnaud.com\/fr\/wp-json\/wp\/v2\/media?parent=11828"}],"curies":[{"name":"wp","href":"https:\/\/api.w.org\/{rel}","templated":true}]}}